{"id":10,"date":"2026-01-20T02:41:25","date_gmt":"2026-01-20T02:41:25","guid":{"rendered":"http:\/\/drewnonasprzedaz.pl\/?page_id=10"},"modified":"2026-01-24T01:17:24","modified_gmt":"2026-01-24T01:17:24","slug":"zwrot-i-zwrot-pieniedzy","status":"publish","type":"page","link":"https:\/\/drewnonasprzedaz.pl\/pl\/zwrot-i-zwrot-pieniedzy\/","title":{"rendered":"Zwrot i zwrot pieni\u0119dzy"},"content":{"rendered":"<p><\/p>\n\n\n\n<h2 class=\"wp-block-heading\">POLITYKA ZWROT\u00d3W<\/h2>\n\n\n\n<p>Je\u015bli nie jeste\u015b zadowolony z produktu lub artyku\u0142u, kt\u00f3ry otrzyma\u0142e\u015b, mo\u017cesz go oczywi\u015bcie odes\u0142a\u0107 bezp\u0142atnie.<\/p>\n\n\n\n<p>Masz 30 dni od daty otrzymania przesy\u0142ki, aby dokona\u0107 zwrotu. Je\u015bli odes\u0142asz przesy\u0142k\u0119 w ci\u0105gu 30 dni od jej otrzymania, mo\u017cesz wybra\u0107: wymian\u0119, bon towarowy lub zwrot pieni\u0119dzy. W przypadku zwrotu pieni\u0119dzy, dokonamy refundacji w ci\u0105gu 14 dni (licz\u0105c od dnia otrzymania artyku\u0142u przez nas).<\/p>\n\n\n\n<hr class=\"wp-block-separator has-alpha-channel-opacity\"\/>\n\n\n\n<h3 class=\"wp-block-heading\">Warunki akceptacji zwrot\u00f3w<\/h3>\n\n\n\n<p>Zazwyczaj produkty zwracane musz\u0105 by\u0107 w idealnym stanie do ponownej sprzeda\u017cy, z\u0142o\u017cone w oryginalnym opakowaniu i wraz z ewentualnymi akcesoriami.<\/p>\n\n\n\n<h4 class=\"wp-block-heading\">Czy istniej\u0105 wyj\u0105tki?<\/h4>\n\n\n\n<p>Zgodnie z prawem, oczekujemy, \u017ce klienci zwracaj\u0105 artyku\u0142y w stanie umo\u017cliwiaj\u0105cym ich ponown\u0105 sprzeda\u017c.<\/p>\n\n\n\n<hr class=\"wp-block-separator has-alpha-channel-opacity\"\/>\n\n\n\n<h3 class=\"wp-block-heading\">Jak zwr\u00f3ci\u0107 artyku\u0142?<\/h3>\n\n\n\n<p>Je\u015bli po otrzymaniu zam\u00f3wienia oka\u017ce si\u0119, \u017ce nie jeste\u015b zadowolony z jako\u015bci lub otrzyma\u0142e\u015b niew\u0142a\u015bciwy produkt, skontaktuj si\u0119 jak najszybciej z dzia\u0142em obs\u0142ugi klienta DREWNONASPRZEDAZ, mailowo na kontakt@drewnonasprzedaz.pl lub poprzez formularz kontaktowy na stronie \u201eKontakt\u201d klikaj\u0105c\u00a0TUTAJ. Nasz zesp\u00f3\u0142 rozpatrzy Twoj\u0105 pro\u015bb\u0119 i zaproponuje najlepsze rozwi\u0105zanie.<\/p>\n\n\n\n<hr class=\"wp-block-separator has-alpha-channel-opacity\"\/>\n\n\n\n<h3 class=\"wp-block-heading\">Czy zwrot artyku\u0142u jest p\u0142atny?<\/h3>\n\n\n\n<p>Zwrot artyku\u0142u jest ca\u0142kowicie bezp\u0142atny.<\/p>\n\n\n\n<p><strong>Adres do zwrotu:<\/strong>&nbsp;pl. Bankowy 3\/5 00-950 Warszawa Polska<\/p>\n\n\n\n<hr class=\"wp-block-separator has-alpha-channel-opacity\"\/>\n\n\n\n<h3 class=\"wp-block-heading\">POLITYKA REFUNDACJI<\/h3>\n\n\n\n<p>Nasza polityka obowi\u0105zuje przez 30 dni. Je\u015bli od zakupu min\u0119\u0142o 30 dni, niestety nie mo\u017cemy zaoferowa\u0107 zwrotu ani wymiany.<\/p>\n\n\n\n<p>Aby by\u0107 uprawnionym do zwrotu, artyku\u0142 musi by\u0107 nieu\u017cywany i w tym samym stanie, w jakim go otrzyma\u0142e\u015b. Musi r\u00f3wnie\u017c znajdowa\u0107 si\u0119 w oryginalnym opakowaniu.<\/p>\n\n\n\n<p>Po otrzymaniu i sprawdzeniu zwr\u00f3conego artyku\u0142u, wy\u015blemy e-mail potwierdzaj\u0105cy jego odbi\u00f3r. Poinformujemy Ci\u0119 r\u00f3wnie\u017c o decyzji dotycz\u0105cej zatwierdzenia lub odrzucenia Twojej pro\u015bby o zwrot.<\/p>\n\n\n\n<p>Je\u015bli Twoja pro\u015bba zostanie zatwierdzona, refundacja zostanie przetworzona, a \u015brodki zostan\u0105 automatycznie przywr\u00f3cone na Twoj\u0105 kart\u0119 kredytow\u0105 lub pierwotn\u0105 metod\u0119 p\u0142atno\u015bci w okre\u015blonym czasie.<\/p>\n\n\n\n<p>Je\u017celi nie otrzyma\u0142e\u015b jeszcze zwrotu, najpierw sprawd\u017a swoje konto bankowe.<\/p>\n\n\n\n<p>Nast\u0119pnie skontaktuj si\u0119 z wystawc\u0105 karty kredytowej, poniewa\u017c mo\u017ce wyst\u0105pi\u0107 op\u00f3\u017anienie zanim zwrot zostanie oficjalnie zaksi\u0119gowany.<\/p>\n\n\n\n<p>Je\u015bli nadal nie otrzyma\u0142e\u015b zwrotu, skontaktuj si\u0119 ze swoim bankiem \u2013 czasami przetwarzanie zajmuje kilka dni.<\/p>\n\n\n\n<p>Je\u015bli po wykonaniu wszystkich tych krok\u00f3w nadal nie otrzyma\u0142e\u015b zwrotu, skontaktuj si\u0119 z nami poprzez formularz kontaktowy na naszej stronie internetowej.<\/p>\n\n\n\n<p><\/p>\n\n\n\n<p><\/p>\n\n\n\n<p><\/p>\n\n\n\n<p><\/p>\n\n    <div class=\"xs_social_share_widget xs_share_url after_content \t\tmain_content  wslu-style-1 wslu-share-box-shaped wslu-fill-colored wslu-none wslu-share-horizontal wslu-theme-font-no wslu-main_content\">\n\n\t\t\n        <ul>\n\t\t\t        <\/ul>\n    <\/div>","protected":false},"excerpt":{"rendered":"<p>POLITYKA ZWROT\u00d3W Je\u015bli nie jeste\u015b zadowolony z produktu lub artyku\u0142u, kt\u00f3ry otrzyma\u0142e\u015b, mo\u017cesz go oczywi\u015bcie odes\u0142a\u0107 bezp\u0142atnie. Masz 30 dni<\/p>","protected":false},"author":1,"featured_media":0,"parent":0,"menu_order":0,"comment_status":"closed","ping_status":"closed","template":"","meta":{"_uag_custom_page_level_css":"","footnotes":""},"class_list":["post-10","page","type-page","status-publish","hentry"],"aioseo_notices":[],"_hostinger_reach_plugin_has_subscription_block":false,"_hostinger_reach_plugin_is_elementor":false,"uagb_featured_image_src":{"full":false,"thumbnail":false,"medium":false,"medium_large":false,"large":false,"1536x1536":false,"2048x2048":false,"trp-custom-language-flag":false,"woodmart_shop_catalog_x2":false,"woocommerce_thumbnail":false,"woocommerce_single":false,"woocommerce_gallery_thumbnail":false,"variation_swatches_image_size":false,"variation_swatches_tooltip_size":false,"yith-woocompare-image":false},"uagb_author_info":{"display_name":"danwinrodolpho@gmail.com","author_link":"https:\/\/drewnonasprzedaz.pl\/pl\/author\/danwinrodolphogmail-com\/"},"uagb_comment_info":0,"uagb_excerpt":"POLITYKA ZWROT\u00d3W Je\u015bli nie jeste\u015b zadowolony z produktu lub artyku\u0142u, kt\u00f3ry otrzyma\u0142e\u015b, mo\u017cesz go oczywi\u015bcie odes\u0142a\u0107 bezp\u0142atnie. Masz 30 dni","_links":{"self":[{"href":"https:\/\/drewnonasprzedaz.pl\/pl\/wp-json\/wp\/v2\/pages\/10","targetHints":{"allow":["GET"]}}],"collection":[{"href":"https:\/\/drewnonasprzedaz.pl\/pl\/wp-json\/wp\/v2\/pages"}],"about":[{"href":"https:\/\/drewnonasprzedaz.pl\/pl\/wp-json\/wp\/v2\/types\/page"}],"author":[{"embeddable":true,"href":"https:\/\/drewnonasprzedaz.pl\/pl\/wp-json\/wp\/v2\/users\/1"}],"replies":[{"embeddable":true,"href":"https:\/\/drewnonasprzedaz.pl\/pl\/wp-json\/wp\/v2\/comments?post=10"}],"version-history":[{"count":3,"href":"https:\/\/drewnonasprzedaz.pl\/pl\/wp-json\/wp\/v2\/pages\/10\/revisions"}],"predecessor-version":[{"id":8676,"href":"https:\/\/drewnonasprzedaz.pl\/pl\/wp-json\/wp\/v2\/pages\/10\/revisions\/8676"}],"wp:attachment":[{"href":"https:\/\/drewnonasprzedaz.pl\/pl\/wp-json\/wp\/v2\/media?parent=10"}],"curies":[{"name":"wp","href":"https:\/\/api.w.org\/{rel}","templated":true}]}}