{"id":3,"date":"2026-01-15T00:38:07","date_gmt":"2026-01-15T00:38:07","guid":{"rendered":"http:\/\/drewnonasprzedaz.pl\/?page_id=3"},"modified":"2026-01-24T01:03:43","modified_gmt":"2026-01-24T01:03:43","slug":"polityka-prywatnosci","status":"publish","type":"page","link":"https:\/\/drewnonasprzedaz.pl\/pl\/polityka-prywatnosci\/","title":{"rendered":"Polityka Prywatno\u015bci"},"content":{"rendered":"<h2 class=\"wp-block-heading\">W\u0142a\u015bciciel: DREWNONASPRZEDAZ<\/h2>\n\n\n\n<p><strong>Adres:<\/strong>\u00a0pl. Bankowy 3\/5 00-950 Warszawa Polska<br><strong>Kontakt:<\/strong>\u00a0kontakt@drewnonasprzedaz.pl<br><strong>Dzia\u0142alno\u015b\u0107:<\/strong>\u00a0Sprzeda\u017c detaliczna w\u0119gla i paliw \u2013 4778B<\/p>\n\n\n\n<p>Polityka prywatno\u015bci jest integraln\u0105 cz\u0119\u015bci\u0105 warunk\u00f3w og\u00f3lnych dotycz\u0105cych relacji kontraktowej i korzystania z serwisu internetowego mi\u0119dzy DREWNONASPRZEDAZ (https:\/\/drewnonasprzedaz.pl) a partnerem lub klientem. Dost\u0119p do strony, nawigacja po niej lub korzystanie z jej us\u0142ug oznacza akceptacj\u0119 Warunk\u00f3w Og\u00f3lnych, a tym samym Polityki Prywatno\u015bci i Polityki Cookies. Prosimy o uwa\u017cne zapoznanie si\u0119 z nimi.<\/p>\n\n\n\n<p>W niniejszym o\u015bwiadczeniu o prywatno\u015bci informujemy:<\/p>\n\n\n\n<ul class=\"wp-block-list\">\n<li>Kto jest odpowiedzialny za przetwarzanie Twoich danych?<\/li>\n\n\n\n<li>W jakim celu przetwarzamy Twoje dane?<\/li>\n\n\n\n<li>Jak d\u0142ugo przechowujemy Twoje dane?<\/li>\n\n\n\n<li>Jaka jest legalno\u015b\u0107 przetwarzania Twoich danych osobowych?<\/li>\n\n\n\n<li>Czy udost\u0119pniamy Twoje dane osobowe osobom trzecim?<\/li>\n\n\n\n<li>Jakie prawa przys\u0142uguj\u0105 Ci jako klientowi DREWNONASPRZEDAZ?<\/li>\n\n\n\n<li>Sk\u0105d mamy Twoje dane?<\/li>\n<\/ul>\n\n\n\n<hr class=\"wp-block-separator has-alpha-channel-opacity\"\/>\n\n\n\n<h3 class=\"wp-block-heading\">KTO JEST ODPOWIEDZIALNY ZA PRZETWARZANIE TWOICH DANYCH?<\/h3>\n\n\n\n<p>Wszystkie dane dostarczone przez u\u017cytkownik\u00f3w podczas korzystania ze strony, wype\u0142niania formularzy lub podpisywania umowy partnerskiej, zostan\u0105 wprowadzone do naszych rejestr\u00f3w i przetwarzane w spos\u00f3b automatyczny lub manualny, zgodnie z zasadami okre\u015blonymi w europejskim rozporz\u0105dzeniu o ochronie danych osobowych (RODO), a tak\u017ce zgodnie z prawem hiszpa\u0144skim oraz wytycznymi hiszpa\u0144skiego Urz\u0119du Ochrony Danych.<\/p>\n\n\n\n<p>Dane w\u0142a\u015bciciela:\u00a0<strong>Kontakt:<\/strong>\u00a0kontakt@drewnonasprzedaz.pl<\/p>\n\n\n\n<p>Na https:\/\/drewnonasprzedaz.pl przetwarzamy dane niezb\u0119dne do zarz\u0105dzania i optymalizacji naszych us\u0142ug oraz relacji handlowych z partnerami i klientami. Wykorzystujemy r\u00f3wnie\u017c te informacje, aby przesy\u0142a\u0107 Ci odpowiednie reklamy zwi\u0105zane z naszymi produktami, nowo\u015bciami, ofertami i promocjami.<\/p>\n\n\n\n<hr class=\"wp-block-separator has-alpha-channel-opacity\"\/>\n\n\n\n<h3 class=\"wp-block-heading\">CEL PRZETWARZANIA DANYCH<\/h3>\n\n\n\n<p>Dane s\u0105 gromadzone w nast\u0119puj\u0105cych celach:<\/p>\n\n\n\n<ul class=\"wp-block-list\">\n<li>Zarz\u0105dzanie rejestracj\u0105 na stronie.<\/li>\n\n\n\n<li>Zarz\u0105dzanie i przetwarzanie relacji handlowych z klientami.<\/li>\n\n\n\n<li>Wysy\u0142anie komunikacji handlowej (newsletter).<\/li>\n\n\n\n<li>Odpowiadanie na zapytania przes\u0142ane przez klient\u00f3w.<\/li>\n\n\n\n<li>Wype\u0142nianie obowi\u0105zk\u00f3w prawnych.<\/li>\n\n\n\n<li>Analizy statystyczne.<\/li>\n<\/ul>\n\n\n\n<p>Aby oferowa\u0107 produkty i us\u0142ugi dopasowane do Twoich zainteresowa\u0144, tworzymy profile handlowe na podstawie udost\u0119pnionych informacji i dokonanych zakup\u00f3w. \u017badne decyzje automatyczne nie s\u0105 podejmowane w oparciu o te profile.<\/p>\n\n\n\n<p>Dla informacji, \u201enewsletter https:\/\/drewnonasprzedaz.pl\u201d mo\u017ce zawiera\u0107 informacje o nowo\u015bciach, ofertach, promocjach, produktach powi\u0105zanych i innych tre\u015bciach handlowych, kt\u00f3re mog\u0105 zainteresowa\u0107 klienta.<\/p>\n\n\n\n<p>U\u017cytkownik mo\u017ce w ka\u017cdym momencie \u0142atwo i bezp\u0142atnie zrezygnowa\u0107 z subskrypcji, korzystaj\u0105c z linku w e-mailach, w strefie reklamowej w panelu klienta lub kontaktuj\u0105c si\u0119 bezpo\u015brednio na adres: kontakt@drewnonasprzedaz.pl.<\/p>\n\n\n\n<hr class=\"wp-block-separator has-alpha-channel-opacity\"\/>\n\n\n\n<h3 class=\"wp-block-heading\">JAK D\u0141UGO PRZECHOWUJEMY TWOJE DANE?<\/h3>\n\n\n\n<p>Dane osobowe dostarczone przez naszych partner\u00f3w i klient\u00f3w b\u0119d\u0105 przechowywane tylko tak d\u0142ugo, jak jest to niezb\u0119dne do realizacji cel\u00f3w, dla kt\u00f3rych zosta\u0142y zebrane, przy zachowaniu relacji handlowej lub kontraktowej.<\/p>\n\n\n\n<p>Wszyscy klienci mog\u0105 poprosi\u0107 o usuni\u0119cie swoich danych z naszych rejestr\u00f3w, pozostawiaj\u0105c je jedynie w celu wype\u0142nienia obowi\u0105zk\u00f3w prawnych przez okres minimalny okre\u015blony przepisami.<\/p>\n\n\n\n<hr class=\"wp-block-separator has-alpha-channel-opacity\"\/>\n\n\n\n<h3 class=\"wp-block-heading\">PODSTAWA PRAWNA PRZETWARZANIA DANYCH<\/h3>\n\n\n\n<p>Podstaw\u0105 prawn\u0105 przetwarzania danych partner\u00f3w i klient\u00f3w przez https:\/\/drewnonasprzedaz.pl jest wyra\u017ana zgoda osoby zainteresowanej na pocz\u0105tku relacji kontraktowej i\/lub handlowej, zgodnie z warunkami okre\u015blonymi w umowie i na naszej stronie.<\/p>\n\n\n\n<p>Zarz\u0105dzanie realizacj\u0105 um\u00f3w dotycz\u0105cych produkt\u00f3w lub us\u0142ug, p\u0142atno\u015bci, fakturowania, gwarancji i wysy\u0142ki jest uzasadnione wykonaniem samej umowy.<\/p>\n\n\n\n<p>Oferta produkt\u00f3w i us\u0142ug drog\u0105 elektroniczn\u0105 opiera si\u0119, w razie potrzeby, na wyra\u017anej zgodzie partnera lub klienta lub na prawnie uzasadnionym interesie wynikaj\u0105cym z relacji handlowej. Cofni\u0119cie tej zgody nie wp\u0142ywa na realizacj\u0119 umowy ani relacji handlowej z klientem.<\/p>\n\n\n\n<p>Osoby poni\u017cej 16 roku \u017cycia musz\u0105 posiada\u0107 zgod\u0119 rodzic\u00f3w lub opiekun\u00f3w prawnych na przetwarzanie swoich danych osobowych.<\/p>\n\n\n\n<hr class=\"wp-block-separator has-alpha-channel-opacity\"\/>\n\n\n\n<h3 class=\"wp-block-heading\">CZY UDOST\u0118PNIAMY TWOJE DANE OSOBOWE OSOBOM TRZECIM?<\/h3>\n\n\n\n<p>Dane osobowe naszych partner\u00f3w i klient\u00f3w nie b\u0119d\u0105 ujawniane osobom trzecim ani firmom zewn\u0119trznym wobec DREWNONASPRZEDAZ.<\/p>\n\n\n\n<p>Je\u017celi konieczne jest przekazanie danych osobom trzecim w celu \u015bwiadczenia okre\u015blonej us\u0142ugi, u\u017cytkownik zostanie o tym poinformowany i wyrazi ponownie zgod\u0119 na taki transfer.<\/p>\n\n\n\n<p>Je\u017celi zgoda jest wymagana do \u015bwiadczenia danej us\u0142ugi, u\u017cytkownik mo\u017ce odm\u00f3wi\u0107 zawarcia umowy, je\u015bli nie zaakceptuje warunk\u00f3w.<\/p>\n\n\n\n<hr class=\"wp-block-separator has-alpha-channel-opacity\"\/>\n\n\n\n<h3 class=\"wp-block-heading\">JAKIE PRAWA PRZYS\u0141UGUJ\u0104 CI JAKO KLIENTOWI DREWNOSPRZEDAWCA?<\/h3>\n\n\n\n<p>Nowe przepisy rozszerzy\u0142y prawa u\u017cytkownik\u00f3w. Opr\u00f3cz istniej\u0105cych praw wprowadzono nowe, takie jak ograniczenie przetwarzania danych i przenoszalno\u015b\u0107 danych.<\/p>\n\n\n\n<p>Ka\u017cda osoba ma prawo do dost\u0119pu do swoich danych osobowych, prawo do ich poprawiania w przypadku b\u0142\u0119dnych lub nieaktualnych informacji oraz, w stosownych przypadkach, prawo do usuni\u0119cia danych, gdy nie s\u0105 ju\u017c potrzebne w relacji handlowej lub gdy u\u017cytkownik chce wycofa\u0107 si\u0119 z relacji.<\/p>\n\n\n\n<p>W przypadku prawa do usuni\u0119cia danych, sprzeciwu lub ograniczenia przetwarzania, dane klient\u00f3w b\u0119d\u0105 przechowywane wy\u0142\u0105cznie w celu obs\u0142ugi roszcze\u0144 prawnych.<\/p>\n\n\n\n<hr class=\"wp-block-separator has-alpha-channel-opacity\"\/>\n\n\n\n<h3 class=\"wp-block-heading\">SK\u0104D MAMY TWOJE DANE?<\/h3>\n\n\n\n<p>Dane osobowe przetwarzane przez DREWNOSPRZEDAWCA pochodz\u0105 od partner\u00f3w i klient\u00f3w, kt\u00f3rzy dobrowolnie nawi\u0105zali relacje handlowe i\/lub kontraktowe z nasz\u0105 firm\u0105.<\/p>\n\n\n\n<p>Kategorie przetwarzanych danych: imi\u0119, nazwisko, data urodzenia, dokument to\u017csamo\u015bci\/karta pobytu, adres, telefon, e-mail, dane zawodowe.<\/p>\n\n\n\n<p>U\u017cytkownik jest odpowiedzialny za prawdziwo\u015b\u0107 przekazanych danych. DREWNOSPRZEDAWCA zastrzega sobie prawo do wykluczenia z us\u0142ug ka\u017cdego u\u017cytkownika, kt\u00f3ry poda\u0142 fa\u0142szywe dane, bez uszczerbku dla innych dzia\u0142a\u0144 przewidzianych prawem.<\/p>\n\n\n\n<hr class=\"wp-block-separator has-alpha-channel-opacity\"\/>\n\n\n\n<p>Niniejsza polityka ochrony danych obowi\u0105zuje od&nbsp;<strong>23\/05\/2021<\/strong>.<\/p>\n\n    <div class=\"xs_social_share_widget xs_share_url after_content \t\tmain_content  wslu-style-1 wslu-share-box-shaped wslu-fill-colored wslu-none wslu-share-horizontal wslu-theme-font-no wslu-main_content\">\n\n\t\t\n        <ul>\n\t\t\t        <\/ul>\n    <\/div>","protected":false},"excerpt":{"rendered":"<p>W\u0142a\u015bciciel: DREWNONASPRZEDAZ Adres:\u00a0pl. Bankowy 3\/5 00-950 Warszawa PolskaKontakt:\u00a0kontakt@drewnonasprzedaz.plDzia\u0142alno\u015b\u0107:\u00a0Sprzeda\u017c detaliczna w\u0119gla i paliw \u2013 4778B Polityka prywatno\u015bci jest integraln\u0105 cz\u0119\u015bci\u0105 warunk\u00f3w<\/p>","protected":false},"author":1,"featured_media":0,"parent":0,"menu_order":0,"comment_status":"closed","ping_status":"closed","template":"","meta":{"_uag_custom_page_level_css":"","footnotes":""},"class_list":["post-3","page","type-page","status-publish","hentry"],"aioseo_notices":[],"_hostinger_reach_plugin_has_subscription_block":false,"_hostinger_reach_plugin_is_elementor":false,"uagb_featured_image_src":{"full":false,"thumbnail":false,"medium":false,"medium_large":false,"large":false,"1536x1536":false,"2048x2048":false,"trp-custom-language-flag":false,"woodmart_shop_catalog_x2":false,"woocommerce_thumbnail":false,"woocommerce_single":false,"woocommerce_gallery_thumbnail":false,"variation_swatches_image_size":false,"variation_swatches_tooltip_size":false,"yith-woocompare-image":false},"uagb_author_info":{"display_name":"danwinrodolpho@gmail.com","author_link":"https:\/\/drewnonasprzedaz.pl\/pl\/author\/danwinrodolphogmail-com\/"},"uagb_comment_info":0,"uagb_excerpt":"W\u0142a\u015bciciel: DREWNONASPRZEDAZ Adres:\u00a0pl. Bankowy 3\/5 00-950 Warszawa PolskaKontakt:\u00a0kontakt@drewnonasprzedaz.plDzia\u0142alno\u015b\u0107:\u00a0Sprzeda\u017c detaliczna w\u0119gla i paliw \u2013 4778B Polityka prywatno\u015bci jest integraln\u0105 cz\u0119\u015bci\u0105 warunk\u00f3w","_links":{"self":[{"href":"https:\/\/drewnonasprzedaz.pl\/pl\/wp-json\/wp\/v2\/pages\/3","targetHints":{"allow":["GET"]}}],"collection":[{"href":"https:\/\/drewnonasprzedaz.pl\/pl\/wp-json\/wp\/v2\/pages"}],"about":[{"href":"https:\/\/drewnonasprzedaz.pl\/pl\/wp-json\/wp\/v2\/types\/page"}],"author":[{"embeddable":true,"href":"https:\/\/drewnonasprzedaz.pl\/pl\/wp-json\/wp\/v2\/users\/1"}],"replies":[{"embeddable":true,"href":"https:\/\/drewnonasprzedaz.pl\/pl\/wp-json\/wp\/v2\/comments?post=3"}],"version-history":[{"count":2,"href":"https:\/\/drewnonasprzedaz.pl\/pl\/wp-json\/wp\/v2\/pages\/3\/revisions"}],"predecessor-version":[{"id":8673,"href":"https:\/\/drewnonasprzedaz.pl\/pl\/wp-json\/wp\/v2\/pages\/3\/revisions\/8673"}],"wp:attachment":[{"href":"https:\/\/drewnonasprzedaz.pl\/pl\/wp-json\/wp\/v2\/media?parent=3"}],"curies":[{"name":"wp","href":"https:\/\/api.w.org\/{rel}","templated":true}]}}