{"id":5621,"date":"2021-08-26T12:26:53","date_gmt":"2021-08-26T12:26:53","guid":{"rendered":"http:\/\/dummy.xtemos.com\/woodmart2\/elementor\/?page_id=60"},"modified":"2026-01-20T04:06:00","modified_gmt":"2026-01-20T04:06:00","slug":"wishlist","status":"publish","type":"page","link":"https:\/\/drewnonasprzedaz.pl\/pl\/wishlist\/","title":{"rendered":"Wishlist"},"content":{"rendered":"<div class=\"\">\n\t\t\t\t\t\t<div class=\"wd-wishlist-content\">\n\t\t\t\t\t\t\t\t\t<p class=\"wd-empty-wishlist wd-empty-page\">\n\t\t\t\t\t\tWishlist is empty.\t\t\t\t\t<\/p>\n\n\t\t\t\t\t\t\t\t\t\t\t<div class=\"wd-empty-page-text\">\n\t\t\t\t\t\t\tNie masz jeszcze \u017cadnych produkt\u00f3w na li\u015bcie \u017cycze\u0144. <br> Wiele interesuj\u0105cych produkt\u00f3w znajdziesz na naszej stronie \u201eSklep\u201d.\t\t\t\t\t\t<\/div>\n\t\t\t\t\t\n\t\t\t\t\t<p class=\"return-to-shop\">\n\t\t\t\t\t\t<a class=\"button\" href=\"https:\/\/drewnonasprzedaz.pl\/pl\/sklep\/\">\n\t\t\t\t\t\t\tReturn to shop\t\t\t\t\t\t<\/a>\n\t\t\t\t\t<\/p>\n\t\t\t\t\t\t\t<\/div>\n\t\t\t\t<\/div>\n\t\t\n\n    <div class=\"xs_social_share_widget xs_share_url after_content \t\tmain_content  wslu-style-1 wslu-share-box-shaped wslu-fill-colored wslu-none wslu-share-horizontal wslu-theme-font-no wslu-main_content\">\n\n\t\t\n        <ul>\n\t\t\t        <\/ul>\n    <\/div>","protected":false},"excerpt":{"rendered":"","protected":false},"author":1,"featured_media":0,"parent":0,"menu_order":0,"comment_status":"closed","ping_status":"closed","template":"","meta":{"_uag_custom_page_level_css":"","footnotes":""},"class_list":["post-5621","page","type-page","status-publish","hentry"],"aioseo_notices":[],"_hostinger_reach_plugin_has_subscription_block":false,"_hostinger_reach_plugin_is_elementor":false,"uagb_featured_image_src":{"full":false,"thumbnail":false,"medium":false,"medium_large":false,"large":false,"1536x1536":false,"2048x2048":false,"trp-custom-language-flag":false,"woodmart_shop_catalog_x2":false,"woocommerce_thumbnail":false,"woocommerce_single":false,"woocommerce_gallery_thumbnail":false,"variation_swatches_image_size":false,"variation_swatches_tooltip_size":false,"yith-woocompare-image":false},"uagb_author_info":{"display_name":"danwinrodolpho@gmail.com","author_link":"https:\/\/drewnonasprzedaz.pl\/pl\/author\/danwinrodolphogmail-com\/"},"uagb_comment_info":0,"uagb_excerpt":null,"_links":{"self":[{"href":"https:\/\/drewnonasprzedaz.pl\/pl\/wp-json\/wp\/v2\/pages\/5621","targetHints":{"allow":["GET"]}}],"collection":[{"href":"https:\/\/drewnonasprzedaz.pl\/pl\/wp-json\/wp\/v2\/pages"}],"about":[{"href":"https:\/\/drewnonasprzedaz.pl\/pl\/wp-json\/wp\/v2\/types\/page"}],"author":[{"embeddable":true,"href":"https:\/\/drewnonasprzedaz.pl\/pl\/wp-json\/wp\/v2\/users\/1"}],"replies":[{"embeddable":true,"href":"https:\/\/drewnonasprzedaz.pl\/pl\/wp-json\/wp\/v2\/comments?post=5621"}],"version-history":[{"count":1,"href":"https:\/\/drewnonasprzedaz.pl\/pl\/wp-json\/wp\/v2\/pages\/5621\/revisions"}],"predecessor-version":[{"id":8435,"href":"https:\/\/drewnonasprzedaz.pl\/pl\/wp-json\/wp\/v2\/pages\/5621\/revisions\/8435"}],"wp:attachment":[{"href":"https:\/\/drewnonasprzedaz.pl\/pl\/wp-json\/wp\/v2\/media?parent=5621"}],"curies":[{"name":"wp","href":"https:\/\/api.w.org\/{rel}","templated":true}]}}