{"id":8627,"date":"2026-01-24T00:39:45","date_gmt":"2026-01-24T00:39:45","guid":{"rendered":"https:\/\/drewnonasprzedaz.pl\/?page_id=8627"},"modified":"2026-01-24T00:39:45","modified_gmt":"2026-01-24T00:39:45","slug":"informacja-prawna","status":"publish","type":"page","link":"https:\/\/drewnonasprzedaz.pl\/pl\/informacja-prawna\/","title":{"rendered":"Informacja prawna"},"content":{"rendered":"<p>Informacja prawna<\/p>\n\n\n\n<p>Informacje prawne DREWNONASPRZEDAZ<\/p>\n\n\n\n<p>Adres:<\/p>\n\n\n\n<p>Kontakt: kontakt@drewnonasprzedaz.pl<\/p>\n\n\n\n<p>Dzia\u0142alno\u015b\u0107: 4778B \u2013 Handel detaliczny w\u0119glem i paliwami<\/p>\n\n\n\n<p>Numer telefonu:<\/p>\n\n\n\n<h4 class=\"wp-block-heading\">Numery identyfikacyjne<\/h4>\n\n\n\n<p>Numer SYRENY: 850296239<\/p>\n\n\n\n<p>Numer SIRET: 85029622900114<\/p>\n\n\n\n<p>Numer VAT: FR62850296239<\/p>\n\n\n\n<p>Numer RCS: Ajaccio B 850 296 239<\/p>\n\n\n\n<p><\/p>\n\n    <div class=\"xs_social_share_widget xs_share_url after_content \t\tmain_content  wslu-style-1 wslu-share-box-shaped wslu-fill-colored wslu-none wslu-share-horizontal wslu-theme-font-no wslu-main_content\">\n\n\t\t\n        <ul>\n\t\t\t        <\/ul>\n    <\/div>","protected":false},"excerpt":{"rendered":"<p>Informacja prawna Informacje prawne DREWNONASPRZEDAZ Adres: Kontakt: kontakt@drewnonasprzedaz.pl Dzia\u0142alno\u015b\u0107: 4778B \u2013 Handel detaliczny w\u0119glem i paliwami Numer telefonu: Numery identyfikacyjne<\/p>","protected":false},"author":1,"featured_media":0,"parent":0,"menu_order":0,"comment_status":"closed","ping_status":"closed","template":"","meta":{"_uag_custom_page_level_css":"","footnotes":""},"class_list":["post-8627","page","type-page","status-publish","hentry"],"aioseo_notices":[],"_hostinger_reach_plugin_has_subscription_block":false,"_hostinger_reach_plugin_is_elementor":false,"uagb_featured_image_src":{"full":false,"thumbnail":false,"medium":false,"medium_large":false,"large":false,"1536x1536":false,"2048x2048":false,"trp-custom-language-flag":false,"woodmart_shop_catalog_x2":false,"woocommerce_thumbnail":false,"woocommerce_single":false,"woocommerce_gallery_thumbnail":false,"variation_swatches_image_size":false,"variation_swatches_tooltip_size":false,"yith-woocompare-image":false},"uagb_author_info":{"display_name":"danwinrodolpho@gmail.com","author_link":"https:\/\/drewnonasprzedaz.pl\/pl\/author\/danwinrodolphogmail-com\/"},"uagb_comment_info":0,"uagb_excerpt":"Informacja prawna Informacje prawne DREWNONASPRZEDAZ Adres: Kontakt: kontakt@drewnonasprzedaz.pl Dzia\u0142alno\u015b\u0107: 4778B \u2013 Handel detaliczny w\u0119glem i paliwami Numer telefonu: Numery identyfikacyjne","_links":{"self":[{"href":"https:\/\/drewnonasprzedaz.pl\/pl\/wp-json\/wp\/v2\/pages\/8627","targetHints":{"allow":["GET"]}}],"collection":[{"href":"https:\/\/drewnonasprzedaz.pl\/pl\/wp-json\/wp\/v2\/pages"}],"about":[{"href":"https:\/\/drewnonasprzedaz.pl\/pl\/wp-json\/wp\/v2\/types\/page"}],"author":[{"embeddable":true,"href":"https:\/\/drewnonasprzedaz.pl\/pl\/wp-json\/wp\/v2\/users\/1"}],"replies":[{"embeddable":true,"href":"https:\/\/drewnonasprzedaz.pl\/pl\/wp-json\/wp\/v2\/comments?post=8627"}],"version-history":[{"count":1,"href":"https:\/\/drewnonasprzedaz.pl\/pl\/wp-json\/wp\/v2\/pages\/8627\/revisions"}],"predecessor-version":[{"id":8628,"href":"https:\/\/drewnonasprzedaz.pl\/pl\/wp-json\/wp\/v2\/pages\/8627\/revisions\/8628"}],"wp:attachment":[{"href":"https:\/\/drewnonasprzedaz.pl\/pl\/wp-json\/wp\/v2\/media?parent=8627"}],"curies":[{"name":"wp","href":"https:\/\/api.w.org\/{rel}","templated":true}]}}