{"id":8677,"date":"2026-01-24T01:25:33","date_gmt":"2026-01-24T01:25:33","guid":{"rendered":"https:\/\/drewnonasprzedaz.pl\/?page_id=8677"},"modified":"2026-01-24T01:25:33","modified_gmt":"2026-01-24T01:25:33","slug":"dostawa","status":"publish","type":"page","link":"https:\/\/drewnonasprzedaz.pl\/pl\/dostawa\/","title":{"rendered":"Dostawa"},"content":{"rendered":"<h3 class=\"wp-block-heading\">Czas dostawy<\/h3>\n\n\n\n<p>Produkty zakupione na naszej stronie zostan\u0105 wys\u0142ane w ci\u0105gu 2\u20135 dni roboczych od momentu potwierdzenia zam\u00f3wienia. Otrzymasz e-mail z potwierdzeniem wysy\u0142ki, gdy przesy\u0142ka zostanie przekazana kurierowi.<\/p>\n\n\n\n<p>Prosimy pami\u0119ta\u0107, \u017ce czas dostawy mo\u017ce si\u0119 r\u00f3\u017cni\u0107 w zale\u017cno\u015bci od dost\u0119pno\u015bci produkt\u00f3w i miejsca docelowego zam\u00f3wienia. Je\u015bli masz specjalne wymagania dotycz\u0105ce terminu dostawy, skontaktuj si\u0119 z nami przed z\u0142o\u017ceniem zam\u00f3wienia.<\/p>\n\n\n\n<hr class=\"wp-block-separator has-alpha-channel-opacity\"\/>\n\n\n\n<h3 class=\"wp-block-heading\">\u015aledzenie zam\u00f3wienia<\/h3>\n\n\n\n<p>Numer przesy\u0142ki zostanie wys\u0142any e-mailem, gdy zam\u00f3wienie zostanie wys\u0142ane. Dzi\u0119ki temu mo\u017cesz w czasie rzeczywistym \u015bledzi\u0107 status swojej dostawy i zaplanowa\u0107 jej odbi\u00f3r.<\/p>\n\n\n\n<hr class=\"wp-block-separator has-alpha-channel-opacity\"\/>\n\n\n\n<h3 class=\"wp-block-heading\">Miejsce dostawy<\/h3>\n\n\n\n<p>Dostarczamy wy\u0142\u0105cznie na adres podany w zam\u00f3wieniu. Nie mo\u017cemy dostarczy\u0107 przesy\u0142ki na inny adres ni\u017c ten wskazany w zam\u00f3wieniu.<\/p>\n\n\n\n<p>Je\u015bli nie b\u0119dziesz obecny w domu podczas dostawy, kurier pozostawi awizo w skrzynce pocztowej. Nast\u0119pnie mo\u017cesz skontaktowa\u0107 si\u0119 z przewo\u017anikiem, aby um\u00f3wi\u0107 now\u0105 dostaw\u0119.<\/p>\n\n\n\n<hr class=\"wp-block-separator has-alpha-channel-opacity\"\/>\n\n\n\n<h3 class=\"wp-block-heading\">Zwroty i wymiany<\/h3>\n\n\n\n<p>DREWNONASPRZEDAZ oferuje 30-dniowy okres na zwrot od daty otrzymania zam\u00f3wienia. Je\u015bli nie jeste\u015b zadowolony z zakupu, mo\u017cesz zwr\u00f3ci\u0107 produkt w ci\u0105gu 30 dni od otrzymania, aby otrzyma\u0107 pe\u0142ny zwrot pieni\u0119dzy lub wymian\u0119.<\/p>\n\n\n\n<p>Prosimy pami\u0119ta\u0107, \u017ce produkty musz\u0105 by\u0107 zwr\u00f3cone w oryginalnym opakowaniu i w stanie nowym, aby kwalifikowa\u0142y si\u0119 do zwrotu lub wymiany.<\/p>\n\n\n\n<hr class=\"wp-block-separator has-alpha-channel-opacity\"\/>\n\n\n\n<p>Je\u015bli masz pytania lub w\u0105tpliwo\u015bci dotycz\u0105ce naszej polityki dostawy, skontaktuj si\u0119 z naszym dzia\u0142em obs\u0142ugi klienta mailowo na kontakt@drewnonasprzedaz.pl.<\/p>\n\n\n\n<p><\/p>\n\n    <div class=\"xs_social_share_widget xs_share_url after_content \t\tmain_content  wslu-style-1 wslu-share-box-shaped wslu-fill-colored wslu-none wslu-share-horizontal wslu-theme-font-no wslu-main_content\">\n\n\t\t\n        <ul>\n\t\t\t        <\/ul>\n    <\/div>","protected":false},"excerpt":{"rendered":"<p>Czas dostawy Produkty zakupione na naszej stronie zostan\u0105 wys\u0142ane w ci\u0105gu 2\u20135 dni roboczych od momentu potwierdzenia zam\u00f3wienia. Otrzymasz e-mail<\/p>","protected":false},"author":1,"featured_media":0,"parent":0,"menu_order":0,"comment_status":"closed","ping_status":"closed","template":"","meta":{"_uag_custom_page_level_css":"","footnotes":""},"class_list":["post-8677","page","type-page","status-publish","hentry"],"aioseo_notices":[],"_hostinger_reach_plugin_has_subscription_block":false,"_hostinger_reach_plugin_is_elementor":false,"uagb_featured_image_src":{"full":false,"thumbnail":false,"medium":false,"medium_large":false,"large":false,"1536x1536":false,"2048x2048":false,"trp-custom-language-flag":false,"woodmart_shop_catalog_x2":false,"woocommerce_thumbnail":false,"woocommerce_single":false,"woocommerce_gallery_thumbnail":false,"variation_swatches_image_size":false,"variation_swatches_tooltip_size":false,"yith-woocompare-image":false},"uagb_author_info":{"display_name":"danwinrodolpho@gmail.com","author_link":"https:\/\/drewnonasprzedaz.pl\/pl\/author\/danwinrodolphogmail-com\/"},"uagb_comment_info":0,"uagb_excerpt":"Czas dostawy Produkty zakupione na naszej stronie zostan\u0105 wys\u0142ane w ci\u0105gu 2\u20135 dni roboczych od momentu potwierdzenia zam\u00f3wienia. Otrzymasz e-mail","_links":{"self":[{"href":"https:\/\/drewnonasprzedaz.pl\/pl\/wp-json\/wp\/v2\/pages\/8677","targetHints":{"allow":["GET"]}}],"collection":[{"href":"https:\/\/drewnonasprzedaz.pl\/pl\/wp-json\/wp\/v2\/pages"}],"about":[{"href":"https:\/\/drewnonasprzedaz.pl\/pl\/wp-json\/wp\/v2\/types\/page"}],"author":[{"embeddable":true,"href":"https:\/\/drewnonasprzedaz.pl\/pl\/wp-json\/wp\/v2\/users\/1"}],"replies":[{"embeddable":true,"href":"https:\/\/drewnonasprzedaz.pl\/pl\/wp-json\/wp\/v2\/comments?post=8677"}],"version-history":[{"count":1,"href":"https:\/\/drewnonasprzedaz.pl\/pl\/wp-json\/wp\/v2\/pages\/8677\/revisions"}],"predecessor-version":[{"id":8678,"href":"https:\/\/drewnonasprzedaz.pl\/pl\/wp-json\/wp\/v2\/pages\/8677\/revisions\/8678"}],"wp:attachment":[{"href":"https:\/\/drewnonasprzedaz.pl\/pl\/wp-json\/wp\/v2\/media?parent=8677"}],"curies":[{"name":"wp","href":"https:\/\/api.w.org\/{rel}","templated":true}]}}