{"id":8679,"date":"2026-01-24T01:30:36","date_gmt":"2026-01-24T01:30:36","guid":{"rendered":"https:\/\/drewnonasprzedaz.pl\/?page_id=8679"},"modified":"2026-01-24T01:30:36","modified_gmt":"2026-01-24T01:30:36","slug":"metoda-platnosci","status":"publish","type":"page","link":"https:\/\/drewnonasprzedaz.pl\/pl\/metoda-platnosci\/","title":{"rendered":"Metoda P\u0142atno\u015bci"},"content":{"rendered":"<h3 class=\"wp-block-heading\">Bezpieczna metoda p\u0142atno\u015bci<\/h3>\n\n\n\n<p>Cena zam\u00f3wienia jest p\u0142atna natychmiast, w dniu jego z\u0142o\u017cenia. Masz mo\u017cliwo\u015b\u0107 dokonania p\u0142atno\u015bci przelewem bankowym.<\/p>\n\n\n\n<p>Wielu z Was wyrazi\u0142o obawy przed p\u0142aceniem kart\u0105 kredytow\u0105 przez Internet. Dlatego wprowadzili\u015bmy mo\u017cliwo\u015b\u0107 p\u0142atno\u015bci przelewem bankowym.<\/p>\n\n\n\n<p>Korzystaj\u0105c z p\u0142atno\u015bci przelewem, zyskujesz podw\u00f3jn\u0105 ochron\u0119:<\/p>\n\n\n\n<ol class=\"wp-block-list\">\n<li>Nie musisz u\u017cywa\u0107 swojej karty bankowej. Transakcja odbywa si\u0119 bezpo\u015brednio mi\u0119dzy Twoim bankiem a naszym.<\/li>\n\n\n\n<li>W przypadku problem\u00f3w z p\u0142atno\u015bci\u0105 przelewem, mo\u017cemy zwr\u00f3ci\u0107 Ci pieni\u0105dze r\u00f3wnie \u0142atwo, jak przy p\u0142atno\u015bci kart\u0105 bankow\u0105.<\/li>\n<\/ol>\n\n\n\n<p>Ponadto przelew jest r\u00f3wnie szybki jak p\u0142atno\u015b\u0107 kart\u0105 kredytow\u0105. Otrzymujesz produkt natychmiast.<\/p>\n\n\n\n<hr class=\"wp-block-separator has-alpha-channel-opacity\"\/>\n\n\n\n<h3 class=\"wp-block-heading\">Jak zap\u0142aci\u0107 przelewem bankowym?<\/h3>\n\n\n\n<p>Podczas zatwierdzania koszyka domy\u015blnie wybrana jest metoda p\u0142atno\u015bci przelewem bankowym. Po potwierdzeniu zam\u00f3wienia dane naszego konta bankowego pojawi\u0105 si\u0119 automatycznie, a tak\u017ce otrzymasz je szczeg\u00f3\u0142owo mailem, aby szybko zrealizowa\u0107 p\u0142atno\u015b\u0107 za zam\u00f3wienie.<\/p>\n\n\n\n<p>Aby u\u0142atwi\u0107 przetwarzanie, prosimy o podanie numeru zam\u00f3wienia jako tytu\u0142u przelewu.<\/p>\n\n\n\n<p>Twoje zam\u00f3wienie zostanie ostatecznie potwierdzone po zaksi\u0119gowaniu przelewu na naszym koncie bankowym. Otrzymasz w\u00f3wczas e-mail z potwierdzeniem zam\u00f3wienia.<\/p>\n\n\n\n<hr class=\"wp-block-separator has-alpha-channel-opacity\"\/>\n\n\n\n<p>W przypadku pyta\u0144 lub w\u0105tpliwo\u015bci dotycz\u0105cych naszego procesu bezpiecznej p\u0142atno\u015bci, skontaktuj si\u0119 z naszym dzia\u0142em obs\u0142ugi klienta pod mailowo na adres kontakt@drewnonasprzedaz.pl.<\/p>\n\n\n\n<p><\/p>\n\n    <div class=\"xs_social_share_widget xs_share_url after_content \t\tmain_content  wslu-style-1 wslu-share-box-shaped wslu-fill-colored wslu-none wslu-share-horizontal wslu-theme-font-no wslu-main_content\">\n\n\t\t\n        <ul>\n\t\t\t        <\/ul>\n    <\/div>","protected":false},"excerpt":{"rendered":"<p>Bezpieczna metoda p\u0142atno\u015bci Cena zam\u00f3wienia jest p\u0142atna natychmiast, w dniu jego z\u0142o\u017cenia. Masz mo\u017cliwo\u015b\u0107 dokonania p\u0142atno\u015bci przelewem bankowym. Wielu z<\/p>","protected":false},"author":1,"featured_media":0,"parent":0,"menu_order":0,"comment_status":"closed","ping_status":"closed","template":"","meta":{"_uag_custom_page_level_css":"","footnotes":""},"class_list":["post-8679","page","type-page","status-publish","hentry"],"aioseo_notices":[],"_hostinger_reach_plugin_has_subscription_block":false,"_hostinger_reach_plugin_is_elementor":false,"uagb_featured_image_src":{"full":false,"thumbnail":false,"medium":false,"medium_large":false,"large":false,"1536x1536":false,"2048x2048":false,"trp-custom-language-flag":false,"woodmart_shop_catalog_x2":false,"woocommerce_thumbnail":false,"woocommerce_single":false,"woocommerce_gallery_thumbnail":false,"variation_swatches_image_size":false,"variation_swatches_tooltip_size":false,"yith-woocompare-image":false},"uagb_author_info":{"display_name":"danwinrodolpho@gmail.com","author_link":"https:\/\/drewnonasprzedaz.pl\/pl\/author\/danwinrodolphogmail-com\/"},"uagb_comment_info":0,"uagb_excerpt":"Bezpieczna metoda p\u0142atno\u015bci Cena zam\u00f3wienia jest p\u0142atna natychmiast, w dniu jego z\u0142o\u017cenia. Masz mo\u017cliwo\u015b\u0107 dokonania p\u0142atno\u015bci przelewem bankowym. Wielu z","_links":{"self":[{"href":"https:\/\/drewnonasprzedaz.pl\/pl\/wp-json\/wp\/v2\/pages\/8679","targetHints":{"allow":["GET"]}}],"collection":[{"href":"https:\/\/drewnonasprzedaz.pl\/pl\/wp-json\/wp\/v2\/pages"}],"about":[{"href":"https:\/\/drewnonasprzedaz.pl\/pl\/wp-json\/wp\/v2\/types\/page"}],"author":[{"embeddable":true,"href":"https:\/\/drewnonasprzedaz.pl\/pl\/wp-json\/wp\/v2\/users\/1"}],"replies":[{"embeddable":true,"href":"https:\/\/drewnonasprzedaz.pl\/pl\/wp-json\/wp\/v2\/comments?post=8679"}],"version-history":[{"count":2,"href":"https:\/\/drewnonasprzedaz.pl\/pl\/wp-json\/wp\/v2\/pages\/8679\/revisions"}],"predecessor-version":[{"id":8681,"href":"https:\/\/drewnonasprzedaz.pl\/pl\/wp-json\/wp\/v2\/pages\/8679\/revisions\/8681"}],"wp:attachment":[{"href":"https:\/\/drewnonasprzedaz.pl\/pl\/wp-json\/wp\/v2\/media?parent=8679"}],"curies":[{"name":"wp","href":"https:\/\/api.w.org\/{rel}","templated":true}]}}