{"id":8682,"date":"2026-01-24T01:44:15","date_gmt":"2026-01-24T01:44:15","guid":{"rendered":"https:\/\/drewnonasprzedaz.pl\/?page_id=8682"},"modified":"2026-01-24T01:44:15","modified_gmt":"2026-01-24T01:44:15","slug":"stan-sprzedazy","status":"publish","type":"page","link":"https:\/\/drewnonasprzedaz.pl\/pl\/stan-sprzedazy\/","title":{"rendered":"Stan sprzeda\u017cy"},"content":{"rendered":"<p><strong>W\u0142a\u015bciciel:<\/strong>\u00a0DREWNONASPRZEDAZ<\/p>\n\n\n\n<p><strong>Adres:<\/strong>&nbsp;pl. Bankowy 3\/5 00-950 Warszawa Polska<\/p>\n\n\n\n<p><strong>Kontakt:<\/strong>\u00a0kontakt@drewnonasprzedaz.pl<\/p>\n\n\n\n<p><strong>Dzia\u0142alno\u015b\u0107:<\/strong>&nbsp;Detaliczna sprzeda\u017c w\u0119gla i paliw sta\u0142ych (4778B)<\/p>\n\n\n\n<hr class=\"wp-block-separator has-alpha-channel-opacity\"\/>\n\n\n\n<h3 class=\"wp-block-heading\">Wst\u0119p<\/h3>\n\n\n\n<p>W\u0142a\u015bcicielem strony DREWNOSPRZEDAWCA jest firma DREWNONASPRZEDAZ z siedzib\u0105 pod adresem pl. Bankowy 3\/5 00-950 Warszawa Polska.<\/p>\n\n\n\n<hr class=\"wp-block-separator has-alpha-channel-opacity\"\/>\n\n\n\n<h3 class=\"wp-block-heading\">Og\u00f3lne warunki i wa\u017cno\u015b\u0107 regulaminu<\/h3>\n\n\n\n<p>Klient o\u015bwiadcza, \u017ce przed z\u0142o\u017ceniem zam\u00f3wienia zapozna\u0142 si\u0119 z warunkami og\u00f3lnymi sprzeda\u017cy zamieszczonymi na tej stronie i wyra\u017anie je akceptuje bez zastrze\u017ce\u0144. Niniejsze warunki reguluj\u0105 stosunki umowne pomi\u0119dzy DREWNONASPRZEDAZ a jego klientem. Maj\u0105 one pierwsze\u0144stwo przed innymi warunkami zawartymi w jakichkolwiek dokumentach, chyba \u017ce DREWNONASPRZEDAZ wyrazi uprzedni\u0105, wyra\u017an\u0105 i pisemn\u0105 zgod\u0119 na odst\u0119pstwo.<\/p>\n\n\n\n<p>Niniejsze warunki mog\u0105 by\u0107 zmieniane w dowolnym momencie przez DREWNONASPRZEDAZ bez wcze\u015bniejszego powiadomienia. Obowi\u0105zuj\u0105ce warunki to te, kt\u00f3re s\u0105 aktualne na stronie w momencie potwierdzenia zam\u00f3wienia.<\/p>\n\n\n\n<hr class=\"wp-block-separator has-alpha-channel-opacity\"\/>\n\n\n\n<h3 class=\"wp-block-heading\">Klient<\/h3>\n\n\n\n<p>Klient o\u015bwiadcza, \u017ce jest osob\u0105 fizyczn\u0105, pe\u0142noletni\u0105, posiadaj\u0105c\u0105 zdolno\u015b\u0107 prawn\u0105 do akceptacji niniejszych warunk\u00f3w oraz sk\u0142adania zam\u00f3wie\u0144 na stronie. Nie mo\u017cna dokonywa\u0107 zakup\u00f3w w ramach dzia\u0142alno\u015bci gospodarczej ani w celu odsprzeda\u017cy produkt\u00f3w. Zam\u00f3wienia musz\u0105 by\u0107 przeznaczone wy\u0142\u0105cznie do u\u017cytku osobistego.<\/p>\n\n\n\n<hr class=\"wp-block-separator has-alpha-channel-opacity\"\/>\n\n\n\n<h3 class=\"wp-block-heading\">Produkty dost\u0119pne na stronie<\/h3>\n\n\n\n<p>Produkty prezentowane na stronie dost\u0119pne s\u0105 w ramach posiadanych zapas\u00f3w w naszych sklepach lub u dostawc\u00f3w. Mo\u017ce zdarzy\u0107 si\u0119, \u017ce produkt b\u0119dzie czasowo niedost\u0119pny do momentu uzupe\u0142nienia zapas\u00f3w.<\/p>\n\n\n\n<p>Ka\u017cdy produkt jest opatrzony opisem przygotowanym przez DREWNONASPRZEDAZ w spos\u00f3b mo\u017cliwie obiektywny, aby jak najlepiej spe\u0142ni\u0107 potrzeby informacyjne klienta.<\/p>\n\n\n\n<p>Zdj\u0119cia produkt\u00f3w przygotowane s\u0105 w celu jak najwierniejszego odwzorowania rzeczywistych produkt\u00f3w, jednak nie gwarantuj\u0105 dok\u0142adno\u015bci kolor\u00f3w z powodu r\u00f3\u017cnorodnych ustawie\u0144 ekran\u00f3w i przegl\u0105darek u\u017cywanych przez klienta.<\/p>\n\n\n\n<p>Pomimo staranno\u015bci przy tworzeniu opis\u00f3w produkt\u00f3w mog\u0105 wyst\u0105pi\u0107 b\u0142\u0119dy, co klient akceptuje.<\/p>\n\n\n\n<hr class=\"wp-block-separator has-alpha-channel-opacity\"\/>\n\n\n\n<h3 class=\"wp-block-heading\">Gwarancja produktu<\/h3>\n\n\n\n<p>Wszystkie produkty sprzedawane na stronie https:\/\/drewnonasprzedaz.pl obj\u0119te s\u0105 gwarancj\u0105 producenta. Gwarancja nie obejmuje niew\u0142a\u015bciwego u\u017cytkowania lub zaniedba\u0144 ze strony klienta.<\/p>\n\n\n\n<p>DREWNOSPRZEDAWCA nie jest producentem produkt\u00f3w i nie ponosi odpowiedzialno\u015bci za ukryte wady wynikaj\u0105ce z materia\u0142u, wykonania lub produkt\u00f3w wadliwych czyni\u0105cych je nieprzydatnymi do u\u017cycia.<\/p>\n\n\n\n<p>W przypadku otrzymania produktu wadliwego wszelkie reklamacje, wymiana lub zwrot musz\u0105 zosta\u0107 zg\u0142oszone do DREWNONASPRZEDAZ w ci\u0105gu maksymalnie 7 dni od daty dostawy.<\/p>\n\n\n\n<hr class=\"wp-block-separator has-alpha-channel-opacity\"\/>\n\n\n\n<h3 class=\"wp-block-heading\">Ceny produkt\u00f3w<\/h3>\n\n\n\n<p>Ceny wy\u015bwietlane s\u0105 w euro i zawieraj\u0105 obowi\u0105zuj\u0105cy podatek VAT we Francji.<\/p>\n\n\n\n<p>Cena podana w karcie produktu nie obejmuje koszt\u00f3w transportu.<\/p>\n\n\n\n<p>Cena podana w potwierdzeniu zam\u00f3wienia jest cen\u0105 ostateczn\u0105, wyra\u017con\u0105 \u0142\u0105cznie ze wszystkimi podatkami (w tym VAT we Francji). Cena obejmuje warto\u015b\u0107 produkt\u00f3w, koszty obs\u0142ugi, pakowania oraz transportu.<\/p>\n\n\n\n<p>DREWNONASPRZEDAZ zastrzega sobie prawo do zmiany cen bez uprzedzenia. Ceny obowi\u0105zuj\u0105ce w momencie sk\u0142adania zam\u00f3wienia s\u0105 cenami wi\u0105\u017c\u0105cymi, pod warunkiem dost\u0119pno\u015bci produktu.<\/p>\n\n\n\n<hr class=\"wp-block-separator has-alpha-channel-opacity\"\/>\n\n\n\n<h3 class=\"wp-block-heading\">ZAM\u00d3WIENIE<\/h3>\n\n\n\n<p>Przed potwierdzeniem zam\u00f3wienia klient zapozna si\u0119 z podstawowymi cechami produkt\u00f3w i ich cenami. Klient sam ocenia kompatybilno\u015b\u0107 produkt\u00f3w z w\u0142asnymi potrzebami.<\/p>\n\n\n\n<p>Potwierdzenie zam\u00f3wienia stanowi podpis cyfrowy i akceptacj\u0119 transakcji. DREWNONASPRZEDAZ potwierdzi zam\u00f3wienie na podany adres e-mail.<\/p>\n\n\n\n<p>DREWNONASPRZEDAZ zastrzega sobie prawo do anulowania zam\u00f3wienia klienta, z kt\u00f3rym wcze\u015bniej wyst\u0105pi\u0142 sp\u00f3r dotycz\u0105cy p\u0142atno\u015bci, lub w przypadku niezgodno\u015bci danych klienta.<\/p>\n\n\n\n<hr class=\"wp-block-separator has-alpha-channel-opacity\"\/>\n\n\n\n<h3 class=\"wp-block-heading\">Dost\u0119pno\u015b\u0107 produkt\u00f3w<\/h3>\n\n\n\n<p>Zam\u00f3wienia s\u0105 realizowane przez DREWNONASPRZEDAZ po zaksi\u0119gowaniu p\u0142atno\u015bci. W przypadku wyboru p\u0142atno\u015bci przelewem czas realizacji zaczyna si\u0119 po otrzymaniu p\u0142atno\u015bci przez DREWNONASPRZEDAZ.<\/p>\n\n\n\n<p>Terminy dost\u0119pno\u015bci potwierdzane s\u0105 przy sk\u0142adaniu zam\u00f3wienia i mog\u0105 ulec zmianie z inicjatywy dostawcy lub producenta.<\/p>\n\n\n\n<p><strong>Brak dost\u0119pno\u015bci produkt\u00f3w u dostawcy:<\/strong><\/p>\n\n\n\n<ul class=\"wp-block-list\">\n<li><strong>Brak sta\u0142y:<\/strong>\u00a0DREWNONASPRZEDAZ zaoferuje klientowi produkt zamienny lub zwr\u00f3ci brakuj\u0105ce produkty w ci\u0105gu maksymalnie 30 dni.<\/li>\n\n\n\n<li><strong>Brak tymczasowy:<\/strong>\u00a0DREWNONASPRZEDAZ poinformuje klienta o przewidywanej dacie dost\u0119pno\u015bci produktu. Klient mo\u017ce utrzyma\u0107 zam\u00f3wienie lub je anulowa\u0107. W przypadku anulowania zwrot nast\u0105pi w ci\u0105gu maksymalnie 30 dni.<\/li>\n<\/ul>\n\n\n\n<hr class=\"wp-block-separator has-alpha-channel-opacity\"\/>\n\n\n\n<h3 class=\"wp-block-heading\">P\u0142atno\u015bci<\/h3>\n\n\n\n<p>Dostawa realizowana jest tylko po wcze\u015bniejszej p\u0142atno\u015bci. P\u0142atno\u015b\u0107 na faktur\u0119 nie jest akceptowana.<\/p>\n\n\n\n<p>P\u0142atno\u015bci mo\u017cna dokona\u0107 w euro:<\/p>\n\n\n\n<ul class=\"wp-block-list\">\n<li>Przelew bankowy \u2013 chyba \u017ce ustalono inaczej, p\u0142atno\u015b\u0107 powinna nast\u0105pi\u0107 w ci\u0105gu 7 dni od z\u0142o\u017cenia zam\u00f3wienia.<\/li>\n<\/ul>\n\n\n\n<p><strong>Op\u00f3\u017anienie w p\u0142atno\u015bci<\/strong><br>Je\u017celi klient po up\u0142ywie terminu nie dokona p\u0142atno\u015bci, DREWNONASPRZEDAZ mo\u017ce dochodzi\u0107 odszkodowania zgodnie z Kodeksem cywilnym Francji. DREWNOSPRZEDAWCA ma prawo przekaza\u0107 nale\u017cno\u015bci firmom windykacyjnym.<\/p>\n\n\n\n<hr class=\"wp-block-separator has-alpha-channel-opacity\"\/>\n\n\n\n<h3 class=\"wp-block-heading\">Dostawy<\/h3>\n\n\n\n<p>Zam\u00f3wienia dostarczane s\u0105 pod adres podany przez klienta. Klient powinien poda\u0107 dok\u0142adny adres, aby zachowa\u0107 terminy dostawy.<\/p>\n\n\n\n<p>Dostawy realizowane s\u0105 przez nasz zesp\u00f3\u0142 kurierski. Terminy podane na stronie s\u0105 orientacyjne.<\/p>\n\n\n\n<p>W przypadku r\u00f3\u017cnych lokalizacji magazynowych finalny czas dostawy obejmuje czas transportu do g\u0142\u00f3wnego magazynu oraz zwyk\u0142y czas przesy\u0142ki.<\/p>\n\n\n\n<p>DREWNONASPRZEDAZ nie odpowiada za op\u00f3\u017anienia po opuszczeniu magazynu.<\/p>\n\n\n\n<p>Koszt przesy\u0142ki wy\u015bwietlany jest na stronie potwierdzenia zam\u00f3wienia. W przypadku cz\u0119\u015bciowej wysy\u0142ki dodatkowe przesy\u0142ki nie s\u0105 dodatkowo p\u0142atne.<\/p>\n\n\n\n<hr class=\"wp-block-separator has-alpha-channel-opacity\"\/>\n\n\n\n<h3 class=\"wp-block-heading\">Prawo odst\u0105pienia<\/h3>\n\n\n\n<p>Klient mo\u017ce odst\u0105pi\u0107 od zam\u00f3wienia z powod\u00f3w innych ni\u017c okre\u015blone w punkcie 13, pisemnie do DREWNONASPRZEDAZ w ci\u0105gu 3 dni od dostawy. Koszt przesy\u0142ki ponosi klient.<\/p>\n\n\n\n<p>Produkty musz\u0105 by\u0107 nowe, w oryginalnym opakowaniu, nieu\u017cywane, nieprane, nienaruszone i kompletne z akcesoriami i dokumentacj\u0105.<\/p>\n\n\n\n<p>DREWNONASPRZEDAZ zwr\u00f3ci klientowi warto\u015b\u0107 produkt\u00f3w w ci\u0105gu 30 dni od otrzymania zwrotu, potr\u0105caj\u0105c koszt przesy\u0142ki.<\/p>\n\n\n\n<hr class=\"wp-block-separator has-alpha-channel-opacity\"\/>\n\n\n\n<h3 class=\"wp-block-heading\">Spory<\/h3>\n\n\n\n<p>Og\u00f3lne warunki sprzeda\u017cy DREWNONASPRZEDAZ podlegaj\u0105 prawu francuskiemu. DREWNONASPRZEDAZ nie odpowiada za szkody wynik\u0142e z nieprawid\u0142owego u\u017cytkowania produkt\u00f3w.<\/p>\n\n\n\n<p>Odpowiedzialno\u015b\u0107 DREWNONASPRZEDAZ ograniczona jest do warto\u015bci zam\u00f3wienia. W przypadku spor\u00f3w w\u0142a\u015bciwe s\u0105 s\u0105dy francuskie.<\/p>\n\n\n\n<hr class=\"wp-block-separator has-alpha-channel-opacity\"\/>\n\n\n\n<h3 class=\"wp-block-heading\">Jurysdykcja<\/h3>\n\n\n\n<p>Niniejsze warunki oraz umowy nimi obj\u0119te podlegaj\u0105 prawu belgijskiemu. W\u0142a\u015bciwy s\u0105d to wy\u0142\u0105cznie pl. Bankowy 3\/5 00-950 Warszawa Polska lub inny s\u0105d wybrany przez DREWNONASPRZEDAZ.<\/p>\n\n\n\n<hr class=\"wp-block-separator has-alpha-channel-opacity\"\/>\n\n\n\n<h3 class=\"wp-block-heading\">Ochrona danych osobowych<\/h3>\n\n\n\n<p>Dane osobowe klient\u00f3w zbierane przez DREWNONASPRZEDAZ s\u0105 niezb\u0119dne do realizacji zam\u00f3wie\u0144 i wystawienia faktury. Dane nie s\u0105 udost\u0119pniane osobom trzecim.<\/p>\n\n\n\n<p>Klient ma prawo do dost\u0119pu, poprawiania, usuni\u0119cia danych po pisemnym zg\u0142oszeniu.<\/p>\n\n\n\n<hr class=\"wp-block-separator has-alpha-channel-opacity\"\/>\n\n\n\n<h3 class=\"wp-block-heading\">Postanowienia ko\u0144cowe<\/h3>\n\n\n\n<p>Je\u015bli jakiekolwiek postanowienie niniejszych warunk\u00f3w oka\u017ce si\u0119 niewa\u017cne lub cz\u0119\u015bciowo niewa\u017cne, pozosta\u0142e postanowienia pozostaj\u0105 w mocy.<\/p>\n\n    <div class=\"xs_social_share_widget xs_share_url after_content \t\tmain_content  wslu-style-1 wslu-share-box-shaped wslu-fill-colored wslu-none wslu-share-horizontal wslu-theme-font-no wslu-main_content\">\n\n\t\t\n        <ul>\n\t\t\t        <\/ul>\n    <\/div>","protected":false},"excerpt":{"rendered":"<p>W\u0142a\u015bciciel:\u00a0DREWNONASPRZEDAZ Adres:&nbsp;pl. Bankowy 3\/5 00-950 Warszawa Polska Kontakt:\u00a0kontakt@drewnonasprzedaz.pl Dzia\u0142alno\u015b\u0107:&nbsp;Detaliczna sprzeda\u017c w\u0119gla i paliw sta\u0142ych (4778B) Wst\u0119p W\u0142a\u015bcicielem strony DREWNOSPRZEDAWCA jest<\/p>","protected":false},"author":1,"featured_media":0,"parent":0,"menu_order":0,"comment_status":"closed","ping_status":"closed","template":"","meta":{"_uag_custom_page_level_css":"","footnotes":""},"class_list":["post-8682","page","type-page","status-publish","hentry"],"aioseo_notices":[],"_hostinger_reach_plugin_has_subscription_block":false,"_hostinger_reach_plugin_is_elementor":false,"uagb_featured_image_src":{"full":false,"thumbnail":false,"medium":false,"medium_large":false,"large":false,"1536x1536":false,"2048x2048":false,"trp-custom-language-flag":false,"woodmart_shop_catalog_x2":false,"woocommerce_thumbnail":false,"woocommerce_single":false,"woocommerce_gallery_thumbnail":false,"variation_swatches_image_size":false,"variation_swatches_tooltip_size":false,"yith-woocompare-image":false},"uagb_author_info":{"display_name":"danwinrodolpho@gmail.com","author_link":"https:\/\/drewnonasprzedaz.pl\/pl\/author\/danwinrodolphogmail-com\/"},"uagb_comment_info":0,"uagb_excerpt":"W\u0142a\u015bciciel:\u00a0DREWNONASPRZEDAZ Adres:&nbsp;pl. Bankowy 3\/5 00-950 Warszawa Polska Kontakt:\u00a0kontakt@drewnonasprzedaz.pl Dzia\u0142alno\u015b\u0107:&nbsp;Detaliczna sprzeda\u017c w\u0119gla i paliw sta\u0142ych (4778B) Wst\u0119p W\u0142a\u015bcicielem strony DREWNOSPRZEDAWCA jest","_links":{"self":[{"href":"https:\/\/drewnonasprzedaz.pl\/pl\/wp-json\/wp\/v2\/pages\/8682","targetHints":{"allow":["GET"]}}],"collection":[{"href":"https:\/\/drewnonasprzedaz.pl\/pl\/wp-json\/wp\/v2\/pages"}],"about":[{"href":"https:\/\/drewnonasprzedaz.pl\/pl\/wp-json\/wp\/v2\/types\/page"}],"author":[{"embeddable":true,"href":"https:\/\/drewnonasprzedaz.pl\/pl\/wp-json\/wp\/v2\/users\/1"}],"replies":[{"embeddable":true,"href":"https:\/\/drewnonasprzedaz.pl\/pl\/wp-json\/wp\/v2\/comments?post=8682"}],"version-history":[{"count":1,"href":"https:\/\/drewnonasprzedaz.pl\/pl\/wp-json\/wp\/v2\/pages\/8682\/revisions"}],"predecessor-version":[{"id":8683,"href":"https:\/\/drewnonasprzedaz.pl\/pl\/wp-json\/wp\/v2\/pages\/8682\/revisions\/8683"}],"wp:attachment":[{"href":"https:\/\/drewnonasprzedaz.pl\/pl\/wp-json\/wp\/v2\/media?parent=8682"}],"curies":[{"name":"wp","href":"https:\/\/api.w.org\/{rel}","templated":true}]}}