{"id":8445,"date":"2026-01-21T02:35:22","date_gmt":"2026-01-21T02:35:22","guid":{"rendered":"https:\/\/drewnonasprzedaz.pl\/?post_type=product&#038;p=8445"},"modified":"2026-01-21T02:46:21","modified_gmt":"2026-01-21T02:46:21","slug":"granul-natural-energie-paleta-65-workow-po-15-kg","status":"publish","type":"product","link":"https:\/\/drewnonasprzedaz.pl\/pl\/produkt\/granul-natural-energie-paleta-65-workow-po-15-kg\/","title":{"rendered":"GRANUL NATURAL ENERGIE &#8211; PALETA 65 WORK\u00d3W PO 15 KG"},"content":{"rendered":"<p data-start=\"161\" data-end=\"228\"><strong data-start=\"161\" data-end=\"226\">PELLETY DREWNIANE NATURAL ENERGIE \u2013 PALETA 65 WORK\u00d3W PO 15 KG<\/strong><\/p>\n<p data-start=\"230\" data-end=\"264\">Granulaty drewna DIN+ na palecie<\/p>\n<p data-start=\"266\" data-end=\"562\">Pellet drewniany <strong data-start=\"283\" data-end=\"302\">Natural Energie<\/strong> pochodzi w 100% z drewna iglastego, co zapewnia ekonomiczne i wydajne \u017ar\u00f3d\u0142o energii dla Twojego pieca. Dzi\u0119ki warto\u015bci opa\u0142owej powy\u017cej 4,6 kWh\/kg, te pelletki gwarantuj\u0105 sta\u0142e i komfortowe ciep\u0142o, idealne do utrzymania przyjemnej temperatury w Twoim domu.<\/p>\n<p data-start=\"564\" data-end=\"769\">Produkt wyr\u00f3\u017cnia si\u0119 r\u00f3wnie\u017c nisk\u0105 zawarto\u015bci\u0105 popio\u0142u i py\u0142u, co oznacza mniejsze osady i zabrudzenia w piecu. Mo\u017cesz cieszy\u0107 si\u0119 optymaln\u0105 wydajno\u015bci\u0105 energetyczn\u0105, bez cz\u0119stego czyszczenia urz\u0105dzenia.<\/p>\n<p data-start=\"771\" data-end=\"1067\">Opr\u00f3cz doskona\u0142ych w\u0142a\u015bciwo\u015bci spalania, pellet <strong data-start=\"819\" data-end=\"838\">Natural Energie<\/strong> jest produkowany w spos\u00f3b ekologiczny. Firma, kt\u00f3ra je wytwarza, zobowi\u0105zuje si\u0119 do zmniejszenia \u015bladu w\u0119glowego poprzez u\u017cycie work\u00f3w zawieraj\u0105cych 50% plastiku z recyklingu, przyczyniaj\u0105c si\u0119 tym samym do ochrony \u015brodowiska.<\/p>\n<p data-start=\"1069\" data-end=\"1316\">Pelletki s\u0105 tak\u017ce wytwarzane o wysokiej g\u0119sto\u015bci i niskiej zawarto\u015bci wody, co czyni je jeszcze bardziej ekonomicznymi i wydajnymi. Dodatkowo spe\u0142niaj\u0105 one najwy\u017csze normy jako\u015bci, w tym certyfikat <strong data-start=\"1267\" data-end=\"1278\">DINplus<\/strong>, gwarantuj\u0105cy doskona\u0142o\u015b\u0107 spalania.<\/p>\n<p data-start=\"1318\" data-end=\"1659\">Wybieraj\u0105c premium pellet <strong data-start=\"1344\" data-end=\"1363\">Natural Energie<\/strong>, otrzymujesz \u017ar\u00f3d\u0142o energii ekologiczne, ekonomiczne i wydajne. Ka\u017cda paleta zawiera 65 work\u00f3w pelletu, zapewniaj\u0105c niezawodne \u017ar\u00f3d\u0142o ciep\u0142a dla Twojego pieca. Przyczyniasz si\u0119 do ochrony \u015brodowiska, bez szkodliwych dodatk\u00f3w chemicznych. Wybierz <strong data-start=\"1610\" data-end=\"1629\">Natural Energie<\/strong> dla komfortu i dla planety.<\/p>\n<p data-start=\"1661\" data-end=\"1703\"><strong data-start=\"1661\" data-end=\"1676\">Referencja:<\/strong><br data-start=\"1676\" data-end=\"1679\" \/>PALETA_NATURAL_ENERGIE<\/p>\n<p data-start=\"1705\" data-end=\"1734\"><strong data-start=\"1705\" data-end=\"1732\">Specyfikacja techniczna<\/strong><\/p>\n<ul data-start=\"1736\" data-end=\"2147\">\n<li data-start=\"1736\" data-end=\"1766\">\n<p data-start=\"1738\" data-end=\"1766\">Sk\u0142ad: 100% drewno iglaste<\/p>\n<\/li>\n<li data-start=\"1767\" data-end=\"1792\">\n<p data-start=\"1769\" data-end=\"1792\">Certyfikaty: DIN Plus<\/p>\n<\/li>\n<li data-start=\"1793\" data-end=\"1832\">\n<p data-start=\"1795\" data-end=\"1832\">Warto\u015b\u0107 opa\u0142owa: powy\u017cej 4,6 kWh\/kg<\/p>\n<\/li>\n<li data-start=\"1833\" data-end=\"1867\">\n<p data-start=\"1835\" data-end=\"1867\">Zawarto\u015b\u0107 wilgoci: poni\u017cej 10%<\/p>\n<\/li>\n<li data-start=\"1868\" data-end=\"1903\">\n<p data-start=\"1870\" data-end=\"1903\">Zawarto\u015b\u0107 popio\u0142u: poni\u017cej 0,7%<\/p>\n<\/li>\n<li data-start=\"1904\" data-end=\"1934\">\n<p data-start=\"1906\" data-end=\"1934\">Zawarto\u015b\u0107 py\u0142u: poni\u017cej 1%<\/p>\n<\/li>\n<li data-start=\"1935\" data-end=\"1963\">\n<p data-start=\"1937\" data-end=\"1963\">Typ drewna: 100% iglaste<\/p>\n<\/li>\n<li data-start=\"1964\" data-end=\"1992\">\n<p data-start=\"1966\" data-end=\"1992\">\u015arednica granulatu: 6 mm<\/p>\n<\/li>\n<li data-start=\"1993\" data-end=\"2015\">\n<p data-start=\"1995\" data-end=\"2015\">Opakowanie: paleta<\/p>\n<\/li>\n<li data-start=\"2016\" data-end=\"2040\">\n<p data-start=\"2018\" data-end=\"2040\">Pochodzenie: Francja<\/p>\n<\/li>\n<li data-start=\"2041\" data-end=\"2065\">\n<p data-start=\"2043\" data-end=\"2065\">Worki na palecie: 65<\/p>\n<\/li>\n<li data-start=\"2066\" data-end=\"2147\">\n<p data-start=\"2068\" data-end=\"2147\">Przechowywanie: w suchym miejscu, pod zadaszeniem, w wentylowanej przestrzeni<\/p>\n<\/li>\n<\/ul>\n\n    <div class=\"xs_social_share_widget xs_share_url after_content \t\tmain_content  wslu-style-1 wslu-share-box-shaped wslu-fill-colored wslu-none wslu-share-horizontal wslu-theme-font-no wslu-main_content\">\n\n\t\t\n        <ul>\n\t\t\t        <\/ul>\n    <\/div>","protected":false},"excerpt":{"rendered":"<p>Pellet drzewny NATURAL ENERGIE to DIN Plus i produkowany w Polsce w Puy-de-D\u00f4me.<\/p>\n<p>Peletki te wykonane s\u0105 w 100% z trocin \u017cywicznych, pochodz\u0105cych z lokalnych tartak\u00f3w.<\/p>\n<p>Wyprodukowano w Polsce.<\/p>\n<p>&nbsp;<\/p>\n<div class=\"elementor-element elementor-element-2e394c9 elementor-widget elementor-widget-xts_title\" data-id=\"2e394c9\" data-element_type=\"widget\" data-widget_type=\"xts_title.default\">\n<div class=\"elementor-widget-container\">\n<div class=\"xts-section-heading xts-reset-mb-10 xts-reset-last xts-textalign-left\" data-animation-delay=\"\">\n<h4 class=\"xts-section-title title xts-design-default xts-fontsize-xs\"><span class=\"xts-section-title-text\" data-elementor-setting-key=\"title\">Profesjonalna obs\u0142uga klienta:<\/span><\/h4>\n<\/div>\n<\/div>\n<\/div>\n<div class=\"elementor-element elementor-element-4066510 elementor-icon-list--layout-traditional elementor-list-item-link-full_width elementor-widget elementor-widget-icon-list\" data-id=\"4066510\" data-element_type=\"widget\" data-widget_type=\"icon-list.default\">\n<div class=\"elementor-widget-container\">\n<ul class=\"elementor-icon-list-items\">\n<li class=\"elementor-icon-list-item\"><i class=\"fas fa-check\" aria-hidden=\"true\"><\/i><span class=\"elementor-icon-list-text\">Darmowa dostawa<\/span><\/li>\n<li class=\"elementor-icon-list-item\"><i class=\"fas fa-check\" aria-hidden=\"true\"><\/i><span class=\"elementor-icon-list-text\">Depozyt bez op\u0142at importowych i zwroty w ci\u0105gu 15 dni<\/span><\/li>\n<li class=\"elementor-icon-list-item\"><i class=\"fas fa-check\" aria-hidden=\"true\"><\/i><span class=\"elementor-icon-list-text\">Wysy\u0142ka\u00a0(3 DO 5 DNI)<\/span><\/li>\n<\/ul>\n<h5><strong><span class=\"xts-section-title-text\" data-elementor-setting-key=\"title\">Ochrona zakupu:\u00a0<\/span><\/strong><\/h5>\n<\/div>\n<\/div>\n<div class=\"elementor-element elementor-element-e8e4778 elementor-widget elementor-widget-xts_title\" data-id=\"e8e4778\" data-element_type=\"widget\" data-widget_type=\"xts_title.default\">\n<div class=\"elementor-widget-container\">\n<div class=\"xts-section-heading xts-reset-mb-10 xts-reset-last xts-textalign-left\" data-animation-delay=\"\">\n<div class=\"xts-after-add-to-cart\">\n<div class=\"elementor elementor-871\" data-elementor-type=\"wp-post\" data-elementor-id=\"871\">\n<section class=\"elementor-section elementor-top-section elementor-element elementor-element-f46d1d8 elementor-section-boxed elementor-section-height-default elementor-section-height-default xts-section-disabled\" data-id=\"f46d1d8\" data-element_type=\"section\">\n<div class=\"elementor-container elementor-column-gap-default\">\n<div class=\"elementor-column elementor-col-100 elementor-top-column elementor-element elementor-element-38daed2\" data-id=\"38daed2\" data-element_type=\"column\">\n<div class=\"elementor-widget-wrap elementor-element-populated\">\n<div class=\"elementor-element elementor-element-1a02a43 elementor-widget__width-auto elementor-widget elementor-widget-xts_image\" data-id=\"1a02a43\" data-element_type=\"widget\" data-widget_type=\"xts_image.default\">\n<div class=\"elementor-widget-container\">\n<div class=\"xts-image-single xts-textalign-left\">\n<figure class=\"xts-image\">\n<div class=\"xts-image-inner\"><img decoding=\"async\" class=\"attachment-full size-full wp-image-879\" src=\"https:\/\/drewnosprzedawca.pl\/wp-content\/uploads\/2020\/01\/vega-trust.jpg\" sizes=\"(max-width: 400px) 100vw, 400px\" srcset=\"https:\/\/drewnosprzedawca.pl\/wp-content\/uploads\/2020\/01\/vega-trust.jpg 400w, https:\/\/drewnosprzedawca.pl\/wp-content\/uploads\/2020\/01\/vega-trust-300x32.jpg 300w\" alt=\"\" width=\"400\" height=\"42\" \/><\/div>\n<\/figure>\n<\/div>\n<\/div>\n<\/div>\n<\/div>\n<\/div>\n<\/div>\n<\/section>\n<\/div>\n<\/div>\n<\/div>\n<\/div>\n<\/div>","protected":false},"featured_media":8446,"comment_status":"open","ping_status":"closed","template":"","meta":{"_uag_custom_page_level_css":""},"product_brand":[],"product_cat":[75],"product_tag":[],"class_list":{"0":"post-8445","1":"product","2":"type-product","3":"status-publish","4":"has-post-thumbnail","6":"product_cat-tanie-pelety-drzewne-i-pelety","8":"first","9":"instock","10":"sale","11":"shipping-taxable","12":"purchasable","13":"product-type-simple"},"aioseo_notices":[],"uagb_featured_image_src":{"full":["https:\/\/drewnonasprzedaz.pl\/wp-content\/uploads\/2026\/01\/GRANUL-NATURAL-ENERGIE-\u2013-PALETA-65-WORKOW-PO-15-KG.webp",800,800,false],"thumbnail":["https:\/\/drewnonasprzedaz.pl\/wp-content\/uploads\/2026\/01\/GRANUL-NATURAL-ENERGIE-\u2013-PALETA-65-WORKOW-PO-15-KG-150x150.webp",150,150,true],"medium":["https:\/\/drewnonasprzedaz.pl\/wp-content\/uploads\/2026\/01\/GRANUL-NATURAL-ENERGIE-\u2013-PALETA-65-WORKOW-PO-15-KG-300x300.webp",300,300,true],"medium_large":["https:\/\/drewnonasprzedaz.pl\/wp-content\/uploads\/2026\/01\/GRANUL-NATURAL-ENERGIE-\u2013-PALETA-65-WORKOW-PO-15-KG-768x768.webp",768,768,true],"large":["https:\/\/drewnonasprzedaz.pl\/wp-content\/uploads\/2026\/01\/GRANUL-NATURAL-ENERGIE-\u2013-PALETA-65-WORKOW-PO-15-KG.webp",800,800,false],"1536x1536":["https:\/\/drewnonasprzedaz.pl\/wp-content\/uploads\/2026\/01\/GRANUL-NATURAL-ENERGIE-\u2013-PALETA-65-WORKOW-PO-15-KG.webp",800,800,false],"2048x2048":["https:\/\/drewnonasprzedaz.pl\/wp-content\/uploads\/2026\/01\/GRANUL-NATURAL-ENERGIE-\u2013-PALETA-65-WORKOW-PO-15-KG.webp",800,800,false],"trp-custom-language-flag":["https:\/\/drewnonasprzedaz.pl\/wp-content\/uploads\/2026\/01\/GRANUL-NATURAL-ENERGIE-\u2013-PALETA-65-WORKOW-PO-15-KG.webp",12,12,false],"woodmart_shop_catalog_x2":["https:\/\/drewnonasprzedaz.pl\/wp-content\/uploads\/2026\/01\/GRANUL-NATURAL-ENERGIE-\u2013-PALETA-65-WORKOW-PO-15-KG.webp",800,800,false],"woocommerce_thumbnail":["https:\/\/drewnonasprzedaz.pl\/wp-content\/uploads\/2026\/01\/GRANUL-NATURAL-ENERGIE-\u2013-PALETA-65-WORKOW-PO-15-KG-430x430.webp",430,430,true],"woocommerce_single":["https:\/\/drewnonasprzedaz.pl\/wp-content\/uploads\/2026\/01\/GRANUL-NATURAL-ENERGIE-\u2013-PALETA-65-WORKOW-PO-15-KG-700x700.webp",700,700,true],"woocommerce_gallery_thumbnail":["https:\/\/drewnonasprzedaz.pl\/wp-content\/uploads\/2026\/01\/GRANUL-NATURAL-ENERGIE-\u2013-PALETA-65-WORKOW-PO-15-KG-150x150.webp",150,150,true],"variation_swatches_image_size":["https:\/\/drewnonasprzedaz.pl\/wp-content\/uploads\/2026\/01\/GRANUL-NATURAL-ENERGIE-\u2013-PALETA-65-WORKOW-PO-15-KG-50x50.webp",50,50,true],"variation_swatches_tooltip_size":["https:\/\/drewnonasprzedaz.pl\/wp-content\/uploads\/2026\/01\/GRANUL-NATURAL-ENERGIE-\u2013-PALETA-65-WORKOW-PO-15-KG-100x100.webp",100,100,true],"yith-woocompare-image":["https:\/\/drewnonasprzedaz.pl\/wp-content\/uploads\/2026\/01\/GRANUL-NATURAL-ENERGIE-\u2013-PALETA-65-WORKOW-PO-15-KG-220x154.webp",220,154,true]},"uagb_author_info":{"display_name":"danwinrodolpho@gmail.com","author_link":"https:\/\/drewnonasprzedaz.pl\/pl\/author\/"},"uagb_comment_info":0,"uagb_excerpt":"Pellet drzewny NATURAL ENERGIE to DIN Plus i produkowany w Polsce w Puy-de-D\u00f4me. Peletki te wykonane s\u0105 w 100% z trocin \u017cywicznych, pochodz\u0105cych z lokalnych tartak\u00f3w. Wyprodukowano w Polsce. &nbsp; Profesjonalna obs\u0142uga klienta: Darmowa dostawa Depozyt bez op\u0142at importowych i zwroty w ci\u0105gu 15 dni Wysy\u0142ka\u00a0(3 DO 5 DNI) Ochrona zakupu:\u00a0","_links":{"self":[{"href":"https:\/\/drewnonasprzedaz.pl\/pl\/wp-json\/wp\/v2\/product\/8445","targetHints":{"allow":["GET"]}}],"collection":[{"href":"https:\/\/drewnonasprzedaz.pl\/pl\/wp-json\/wp\/v2\/product"}],"about":[{"href":"https:\/\/drewnonasprzedaz.pl\/pl\/wp-json\/wp\/v2\/types\/product"}],"replies":[{"embeddable":true,"href":"https:\/\/drewnonasprzedaz.pl\/pl\/wp-json\/wp\/v2\/comments?post=8445"}],"version-history":[{"count":3,"href":"https:\/\/drewnonasprzedaz.pl\/pl\/wp-json\/wp\/v2\/product\/8445\/revisions"}],"predecessor-version":[{"id":8449,"href":"https:\/\/drewnonasprzedaz.pl\/pl\/wp-json\/wp\/v2\/product\/8445\/revisions\/8449"}],"wp:featuredmedia":[{"embeddable":true,"href":"https:\/\/drewnonasprzedaz.pl\/pl\/wp-json\/wp\/v2\/media\/8446"}],"wp:attachment":[{"href":"https:\/\/drewnonasprzedaz.pl\/pl\/wp-json\/wp\/v2\/media?parent=8445"}],"wp:term":[{"taxonomy":"product_brand","embeddable":true,"href":"https:\/\/drewnonasprzedaz.pl\/pl\/wp-json\/wp\/v2\/product_brand?post=8445"},{"taxonomy":"product_cat","embeddable":true,"href":"https:\/\/drewnonasprzedaz.pl\/pl\/wp-json\/wp\/v2\/product_cat?post=8445"},{"taxonomy":"product_tag","embeddable":true,"href":"https:\/\/drewnonasprzedaz.pl\/pl\/wp-json\/wp\/v2\/product_tag?post=8445"}],"curies":[{"name":"wp","href":"https:\/\/api.w.org\/{rel}","templated":true}]}}