{"id":8451,"date":"2026-01-21T03:05:21","date_gmt":"2026-01-21T03:05:21","guid":{"rendered":"https:\/\/drewnonasprzedaz.pl\/?post_type=product&#038;p=8451"},"modified":"2026-01-21T03:10:40","modified_gmt":"2026-01-21T03:10:40","slug":"pellet-bear-paleta-po-65-workow-po-15-kg","status":"publish","type":"product","link":"https:\/\/drewnonasprzedaz.pl\/pl\/produkt\/pellet-bear-paleta-po-65-workow-po-15-kg\/","title":{"rendered":"PELLET BEAR &#8211; PALETA PO 65 WORK\u00d3W PO 15 KG"},"content":{"rendered":"<p data-start=\"136\" data-end=\"192\"><strong data-start=\"136\" data-end=\"190\">PELLETY DREWNIANE BEAR \u2013 PALETA 65 WORK\u00d3W PO 15 KG<\/strong><\/p>\n<p data-start=\"194\" data-end=\"413\">Pellet drewniany <strong data-start=\"211\" data-end=\"219\">BEAR<\/strong> posiada certyfikat <strong data-start=\"239\" data-end=\"252\">ENplus A1<\/strong>, europejsk\u0105 norm\u0119 potwierdzaj\u0105c\u0105 \u015bcis\u0142e przestrzeganie wymog\u00f3w jako\u015bciowych. Producent podlega regularnym kontrolom, co gwarantuje produkt najwy\u017cszej jako\u015bci.<\/p>\n<p data-start=\"415\" data-end=\"657\">Te granulaty wyr\u00f3\u017cniaj\u0105 si\u0119 wyj\u0105tkow\u0105 jako\u015bci\u0105: 100% naturalne, wydajne i ekologiczne. Stanowi\u0105 idealne rozwi\u0105zanie dla r\u00f3\u017cnych system\u00f3w grzewczych na pellety, takich jak piece, kot\u0142y i wk\u0142ady na pellety, bez ryzyka osadzania si\u0119 zabrudze\u0144.<\/p>\n<p data-start=\"659\" data-end=\"807\">Wytwarzane przez firm\u0119 specjalizuj\u0105c\u0105 si\u0119 w produkcji biopaliw i dbaj\u0105c\u0105 o \u015brodowisko, te granulaty zapewniaj\u0105 wysokowydajne i ekonomiczne paliwo.<\/p>\n<p data-start=\"809\" data-end=\"935\">Decyduj\u0105c si\u0119 na pellet <strong data-start=\"833\" data-end=\"841\">BEAR<\/strong>, wybierasz wysok\u0105 jako\u015b\u0107 w korzystnej cenie, \u0142\u0105cz\u0105c wydajno\u015b\u0107 energetyczn\u0105 z oszcz\u0119dno\u015bci\u0105.<\/p>\n<p data-start=\"937\" data-end=\"1070\">Marka <strong data-start=\"943\" data-end=\"951\">Bear<\/strong> jest uznanym punktem odniesienia w bran\u017cy, a referencja <strong data-start=\"1008\" data-end=\"1031\">PELLET_PALETTE_BEAR<\/strong> \u015bwiadczy o sta\u0142ej jako\u015bci produkt\u00f3w.<\/p>\n<p data-start=\"1072\" data-end=\"1386\">Podsumowuj\u0105c, granulaty <strong data-start=\"1096\" data-end=\"1104\">BEAR<\/strong> z certyfikatem <strong data-start=\"1120\" data-end=\"1133\">ENplus A1<\/strong> to trafny wyb\u00f3r dla tych, kt\u00f3rzy szukaj\u0105 niezawodnego, ekologicznego paliwa grzewczego o doskona\u0142ym stosunku jako\u015bci do ceny. Zaufaj marce <strong data-start=\"1273\" data-end=\"1281\">Bear<\/strong>, aby zapewni\u0107 sobie pellet najwy\u017cszej jako\u015bci do wszystkich potrzeb zwi\u0105zanych z ogrzewaniem pelletem.<\/p>\n<p data-start=\"1388\" data-end=\"1417\"><strong data-start=\"1388\" data-end=\"1415\">Specyfikacja techniczna<\/strong><\/p>\n<ul data-start=\"1419\" data-end=\"1764\">\n<li data-start=\"1419\" data-end=\"1449\">\n<p data-start=\"1421\" data-end=\"1449\">Sk\u0142ad: 100% drewno iglaste<\/p>\n<\/li>\n<li data-start=\"1450\" data-end=\"1477\">\n<p data-start=\"1452\" data-end=\"1477\">Certyfikaty: EN Plus A1<\/p>\n<\/li>\n<li data-start=\"1478\" data-end=\"1517\">\n<p data-start=\"1480\" data-end=\"1517\">Warto\u015b\u0107 opa\u0142owa: powy\u017cej 4,6 kWh\/kg<\/p>\n<\/li>\n<li data-start=\"1518\" data-end=\"1552\">\n<p data-start=\"1520\" data-end=\"1552\">Zawarto\u015b\u0107 wilgoci: poni\u017cej 10%<\/p>\n<\/li>\n<li data-start=\"1553\" data-end=\"1588\">\n<p data-start=\"1555\" data-end=\"1588\">Zawarto\u015b\u0107 popio\u0142u: poni\u017cej 0,7%<\/p>\n<\/li>\n<li data-start=\"1589\" data-end=\"1617\">\n<p data-start=\"1591\" data-end=\"1617\">\u015arednica granulatu: 6 mm<\/p>\n<\/li>\n<li data-start=\"1618\" data-end=\"1640\">\n<p data-start=\"1620\" data-end=\"1640\">Opakowanie: paleta<\/p>\n<\/li>\n<li data-start=\"1641\" data-end=\"1665\">\n<p data-start=\"1643\" data-end=\"1665\">Worki na palecie: 65<\/p>\n<\/li>\n<li data-start=\"1666\" data-end=\"1764\">\n<p data-start=\"1668\" data-end=\"1764\">Przechowywanie: w suchym miejscu, pod zadaszeniem, na podwy\u017cszeniu, w wentylowanej przestrzeni<\/p>\n<\/li>\n<\/ul>\n\n    <div class=\"xs_social_share_widget xs_share_url after_content \t\tmain_content  wslu-style-1 wslu-share-box-shaped wslu-fill-colored wslu-none wslu-share-horizontal wslu-theme-font-no wslu-main_content\">\n\n\t\t\n        <ul>\n\t\t\t        <\/ul>\n    <\/div>","protected":false},"excerpt":{"rendered":"<p>Pellet druwny BEAR posiada certyfikat EN Plus A1, co stanowi najbardziej rozpowszechniony standard jako\u015bci w Europie.<\/p>\n<p>S\u0105 w 100% \u017cwiczne i w 100% naturalne.<\/p>\n<div class=\"elementor-element elementor-element-2e394c9 elementor-widget elementor-widget-xts_title\" data-id=\"2e394c9\" data-element_type=\"widget\" data-widget_type=\"xts_title.default\">\n<div class=\"elementor-widget-container\">\n<div class=\"xts-section-heading xts-reset-mb-10 xts-reset-last xts-textalign-left\" data-animation-delay=\"\">\n<h4 class=\"xts-section-title title xts-design-default xts-fontsize-xs\"><span class=\"xts-section-title-text\" data-elementor-setting-key=\"title\">Profesjonalna obs\u0142uga klienta:<\/span><\/h4>\n<\/div>\n<\/div>\n<\/div>\n<div class=\"elementor-element elementor-element-4066510 elementor-icon-list--layout-traditional elementor-list-item-link-full_width elementor-widget elementor-widget-icon-list\" data-id=\"4066510\" data-element_type=\"widget\" data-widget_type=\"icon-list.default\">\n<div class=\"elementor-widget-container\">\n<ul class=\"elementor-icon-list-items\">\n<li class=\"elementor-icon-list-item\"><i class=\"fas fa-check\" aria-hidden=\"true\"><\/i><span class=\"elementor-icon-list-text\">Darmowa dostawa<\/span><\/li>\n<li class=\"elementor-icon-list-item\"><i class=\"fas fa-check\" aria-hidden=\"true\"><\/i><span class=\"elementor-icon-list-text\">Depozyt bez op\u0142at importowych i zwroty w ci\u0105gu 15 dni<\/span><\/li>\n<li class=\"elementor-icon-list-item\"><i class=\"fas fa-check\" aria-hidden=\"true\"><\/i><span class=\"elementor-icon-list-text\">Wysy\u0142ka\u00a0(3 DO 5 DNI)<\/span><\/li>\n<\/ul>\n<h5><strong><span class=\"xts-section-title-text\" data-elementor-setting-key=\"title\">Ochrona zakupu:\u00a0<\/span><\/strong><\/h5>\n<\/div>\n<\/div>\n<div class=\"elementor-element elementor-element-e8e4778 elementor-widget elementor-widget-xts_title\" data-id=\"e8e4778\" data-element_type=\"widget\" data-widget_type=\"xts_title.default\">\n<div class=\"elementor-widget-container\">\n<div class=\"xts-section-heading xts-reset-mb-10 xts-reset-last xts-textalign-left\" data-animation-delay=\"\">\n<div class=\"xts-after-add-to-cart\">\n<div class=\"elementor elementor-871\" data-elementor-type=\"wp-post\" data-elementor-id=\"871\">\n<section class=\"elementor-section elementor-top-section elementor-element elementor-element-f46d1d8 elementor-section-boxed elementor-section-height-default elementor-section-height-default xts-section-disabled\" data-id=\"f46d1d8\" data-element_type=\"section\">\n<div class=\"elementor-container elementor-column-gap-default\">\n<div class=\"elementor-column elementor-col-100 elementor-top-column elementor-element elementor-element-38daed2\" data-id=\"38daed2\" data-element_type=\"column\">\n<div class=\"elementor-widget-wrap elementor-element-populated\">\n<div class=\"elementor-element elementor-element-1a02a43 elementor-widget__width-auto elementor-widget elementor-widget-xts_image\" data-id=\"1a02a43\" data-element_type=\"widget\" data-widget_type=\"xts_image.default\">\n<div class=\"elementor-widget-container\">\n<div class=\"xts-image-single xts-textalign-left\">\n<figure class=\"xts-image\">\n<div class=\"xts-image-inner\"><img decoding=\"async\" class=\"attachment-full size-full wp-image-879\" src=\"https:\/\/drewnosprzedawca.pl\/wp-content\/uploads\/2020\/01\/vega-trust.jpg\" sizes=\"(max-width: 400px) 100vw, 400px\" srcset=\"https:\/\/drewnosprzedawca.pl\/wp-content\/uploads\/2020\/01\/vega-trust.jpg 400w, https:\/\/drewnosprzedawca.pl\/wp-content\/uploads\/2020\/01\/vega-trust-300x32.jpg 300w\" alt=\"\" width=\"400\" height=\"42\" \/><\/div>\n<\/figure>\n<\/div>\n<\/div>\n<\/div>\n<\/div>\n<\/div>\n<\/div>\n<\/section>\n<\/div>\n<\/div>\n<\/div>\n<\/div>\n<\/div>","protected":false},"featured_media":8467,"comment_status":"open","ping_status":"closed","template":"","meta":{"_uag_custom_page_level_css":""},"product_brand":[],"product_cat":[75],"product_tag":[],"class_list":{"0":"post-8451","1":"product","2":"type-product","3":"status-publish","4":"has-post-thumbnail","6":"product_cat-tanie-pelety-drzewne-i-pelety","8":"first","9":"instock","10":"shipping-taxable","11":"purchasable","12":"product-type-simple"},"aioseo_notices":[],"uagb_featured_image_src":{"full":["https:\/\/drewnonasprzedaz.pl\/wp-content\/uploads\/2026\/01\/PELLET-BEAR-\u2013-PALETA-PO-65-WORKOW-PO-15-KG.webp",800,800,false],"thumbnail":["https:\/\/drewnonasprzedaz.pl\/wp-content\/uploads\/2026\/01\/PELLET-BEAR-\u2013-PALETA-PO-65-WORKOW-PO-15-KG-150x150.webp",150,150,true],"medium":["https:\/\/drewnonasprzedaz.pl\/wp-content\/uploads\/2026\/01\/PELLET-BEAR-\u2013-PALETA-PO-65-WORKOW-PO-15-KG-300x300.webp",300,300,true],"medium_large":["https:\/\/drewnonasprzedaz.pl\/wp-content\/uploads\/2026\/01\/PELLET-BEAR-\u2013-PALETA-PO-65-WORKOW-PO-15-KG-768x768.webp",768,768,true],"large":["https:\/\/drewnonasprzedaz.pl\/wp-content\/uploads\/2026\/01\/PELLET-BEAR-\u2013-PALETA-PO-65-WORKOW-PO-15-KG.webp",800,800,false],"1536x1536":["https:\/\/drewnonasprzedaz.pl\/wp-content\/uploads\/2026\/01\/PELLET-BEAR-\u2013-PALETA-PO-65-WORKOW-PO-15-KG.webp",800,800,false],"2048x2048":["https:\/\/drewnonasprzedaz.pl\/wp-content\/uploads\/2026\/01\/PELLET-BEAR-\u2013-PALETA-PO-65-WORKOW-PO-15-KG.webp",800,800,false],"trp-custom-language-flag":["https:\/\/drewnonasprzedaz.pl\/wp-content\/uploads\/2026\/01\/PELLET-BEAR-\u2013-PALETA-PO-65-WORKOW-PO-15-KG.webp",12,12,false],"woodmart_shop_catalog_x2":["https:\/\/drewnonasprzedaz.pl\/wp-content\/uploads\/2026\/01\/PELLET-BEAR-\u2013-PALETA-PO-65-WORKOW-PO-15-KG.webp",800,800,false],"woocommerce_thumbnail":["https:\/\/drewnonasprzedaz.pl\/wp-content\/uploads\/2026\/01\/PELLET-BEAR-\u2013-PALETA-PO-65-WORKOW-PO-15-KG-430x430.webp",430,430,true],"woocommerce_single":["https:\/\/drewnonasprzedaz.pl\/wp-content\/uploads\/2026\/01\/PELLET-BEAR-\u2013-PALETA-PO-65-WORKOW-PO-15-KG-700x700.webp",700,700,true],"woocommerce_gallery_thumbnail":["https:\/\/drewnonasprzedaz.pl\/wp-content\/uploads\/2026\/01\/PELLET-BEAR-\u2013-PALETA-PO-65-WORKOW-PO-15-KG-150x150.webp",150,150,true],"variation_swatches_image_size":["https:\/\/drewnonasprzedaz.pl\/wp-content\/uploads\/2026\/01\/PELLET-BEAR-\u2013-PALETA-PO-65-WORKOW-PO-15-KG-50x50.webp",50,50,true],"variation_swatches_tooltip_size":["https:\/\/drewnonasprzedaz.pl\/wp-content\/uploads\/2026\/01\/PELLET-BEAR-\u2013-PALETA-PO-65-WORKOW-PO-15-KG-100x100.webp",100,100,true],"yith-woocompare-image":["https:\/\/drewnonasprzedaz.pl\/wp-content\/uploads\/2026\/01\/PELLET-BEAR-\u2013-PALETA-PO-65-WORKOW-PO-15-KG-220x154.webp",220,154,true]},"uagb_author_info":{"display_name":"danwinrodolpho@gmail.com","author_link":"https:\/\/drewnonasprzedaz.pl\/pl\/author\/"},"uagb_comment_info":0,"uagb_excerpt":"Pellet druwny BEAR posiada certyfikat EN Plus A1, co stanowi najbardziej rozpowszechniony standard jako\u015bci w Europie. S\u0105 w 100% \u017cwiczne i w 100% naturalne. Profesjonalna obs\u0142uga klienta: Darmowa dostawa Depozyt bez op\u0142at importowych i zwroty w ci\u0105gu 15 dni Wysy\u0142ka\u00a0(3 DO 5 DNI) Ochrona zakupu:\u00a0","_links":{"self":[{"href":"https:\/\/drewnonasprzedaz.pl\/pl\/wp-json\/wp\/v2\/product\/8451","targetHints":{"allow":["GET"]}}],"collection":[{"href":"https:\/\/drewnonasprzedaz.pl\/pl\/wp-json\/wp\/v2\/product"}],"about":[{"href":"https:\/\/drewnonasprzedaz.pl\/pl\/wp-json\/wp\/v2\/types\/product"}],"replies":[{"embeddable":true,"href":"https:\/\/drewnonasprzedaz.pl\/pl\/wp-json\/wp\/v2\/comments?post=8451"}],"version-history":[{"count":1,"href":"https:\/\/drewnonasprzedaz.pl\/pl\/wp-json\/wp\/v2\/product\/8451\/revisions"}],"predecessor-version":[{"id":8466,"href":"https:\/\/drewnonasprzedaz.pl\/pl\/wp-json\/wp\/v2\/product\/8451\/revisions\/8466"}],"wp:featuredmedia":[{"embeddable":true,"href":"https:\/\/drewnonasprzedaz.pl\/pl\/wp-json\/wp\/v2\/media\/8467"}],"wp:attachment":[{"href":"https:\/\/drewnonasprzedaz.pl\/pl\/wp-json\/wp\/v2\/media?parent=8451"}],"wp:term":[{"taxonomy":"product_brand","embeddable":true,"href":"https:\/\/drewnonasprzedaz.pl\/pl\/wp-json\/wp\/v2\/product_brand?post=8451"},{"taxonomy":"product_cat","embeddable":true,"href":"https:\/\/drewnonasprzedaz.pl\/pl\/wp-json\/wp\/v2\/product_cat?post=8451"},{"taxonomy":"product_tag","embeddable":true,"href":"https:\/\/drewnonasprzedaz.pl\/pl\/wp-json\/wp\/v2\/product_tag?post=8451"}],"curies":[{"name":"wp","href":"https:\/\/api.w.org\/{rel}","templated":true}]}}