{"id":8452,"date":"2026-01-21T03:19:00","date_gmt":"2026-01-21T03:19:00","guid":{"rendered":"https:\/\/drewnonasprzedaz.pl\/?post_type=product&#038;p=8452"},"modified":"2026-01-21T03:19:00","modified_gmt":"2026-01-21T03:19:00","slug":"pellet-drzewny-vanroje-paleta-65-workow-po-15-kg","status":"publish","type":"product","link":"https:\/\/drewnonasprzedaz.pl\/pl\/produkt\/pellet-drzewny-vanroje-paleta-65-workow-po-15-kg\/","title":{"rendered":"PELLET DRZEWNY VANROJE &#8211; PALETA 65 WORK\u00d3W PO 15 KG"},"content":{"rendered":"<p data-start=\"167\" data-end=\"212\"><strong data-start=\"167\" data-end=\"210\">PELLET DRZEWNY VANROJE \u2013 PELLET PREMIUM<\/strong><\/p>\n<p data-start=\"214\" data-end=\"275\">Pellet\u00a0<strong data-start=\"221\" data-end=\"232\">VanRoje<\/strong>\u00a0to nasz najwy\u017cszej klasy pellet drzewny.<\/p>\n<p data-start=\"277\" data-end=\"485\">Pellet drzewny\u00a0<strong data-start=\"292\" data-end=\"303\">VANROJE<\/strong>\u00a0wyr\u00f3\u017cnia si\u0119 tym, \u017ce\u00a0<strong data-start=\"325\" data-end=\"376\">przewy\u017csza wymagania norm DIN Plus oraz EN Plus<\/strong>, a dodatkowo posiada certyfikat\u00a0<strong data-start=\"409\" data-end=\"417\">PEFC<\/strong>, kt\u00f3ry gwarantuje zr\u00f3wnowa\u017con\u0105 i odpowiedzialn\u0105 gospodark\u0119 le\u015bn\u0105.<\/p>\n<p data-start=\"487\" data-end=\"774\">Dzi\u0119ki warto\u015bci opa\u0142owej wy\u017cszej o\u00a0<strong data-start=\"522\" data-end=\"559\">7% w por\u00f3wnaniu do normy DIN Plus<\/strong>, pellet ten zapewnia wyj\u0105tkow\u0105 wydajno\u015b\u0107 energetyczn\u0105. Jednocze\u015bnie znacz\u0105co ogranicza ilo\u015b\u0107 pozosta\u0142o\u015bci po spalaniu \u2013 a\u017c\u00a0<strong data-start=\"683\" data-end=\"706\">o 44% mniej popio\u0142u<\/strong>\u00a0oraz\u00a0<strong data-start=\"712\" data-end=\"732\">o 77% mniej py\u0142u<\/strong>\u00a0w por\u00f3wnaniu do standardowych pellet\u00f3w.<\/p>\n<p data-start=\"776\" data-end=\"1109\">Wykonany w\u00a0<strong data-start=\"787\" data-end=\"814\">100% z drewna iglastego<\/strong>, bez dodatk\u00f3w chemicznych i\u00a0<strong data-start=\"843\" data-end=\"880\">neutralny pod wzgl\u0119dem emisji CO\u2082<\/strong>, pellet\u00a0<strong data-start=\"889\" data-end=\"900\">VANROJE<\/strong>\u00a0stanowi idealny wyb\u00f3r do zasilania piec\u00f3w oraz kot\u0142\u00f3w na pellet. Jego zdolno\u015b\u0107 do szybkiego nagrzewania oraz utrzymywania sta\u0142ej temperatury pozwala na mniejsze zu\u017cycie paliwa w por\u00f3wnaniu z innymi markami.<\/p>\n<p data-start=\"1111\" data-end=\"1340\">Wybieraj\u0105c ten pellet, decydujesz si\u0119 na\u00a0<strong data-start=\"1152\" data-end=\"1189\">niemieck\u0105 jako\u015b\u0107 najwy\u017cszej klasy<\/strong>. Certyfikat\u00a0<strong data-start=\"1202\" data-end=\"1210\">PEFC<\/strong>\u00a0dodatkowo podkre\u015bla ekologiczny charakter tego paliwa, \u015bwiadcz\u0105c o zaanga\u017cowaniu w odpowiedzialne zarz\u0105dzanie zasobami le\u015bnymi.<\/p>\n<p data-start=\"1342\" data-end=\"1534\">Je\u015bli zdecydowa\u0142e\u015b si\u0119 na instalacj\u0119 systemu ogrzewania na pellet, dokona\u0142e\u015b rozs\u0105dnego wyboru. Jest to nie tylko \u017ar\u00f3d\u0142o energii odnawialnej, ale r\u00f3wnie\u017c rozwi\u0105zanie ekonomiczne i efektywne.<\/p>\n<p data-start=\"1536\" data-end=\"1832\">Z pelletem drzewnym\u00a0<strong data-start=\"1556\" data-end=\"1567\">VANROJE<\/strong>\u00a0zyskujesz szybkie nagrzewanie pomieszcze\u0144 oraz wyj\u0105tkow\u0105 czysto\u015b\u0107 spalania dzi\u0119ki niskiej zawarto\u015bci py\u0142u i popio\u0142u. Ciesz si\u0119 komfortowym ciep\u0142em bez konieczno\u015bci cz\u0119stego czyszczenia urz\u0105dzenia. Wybierz\u00a0<strong data-start=\"1773\" data-end=\"1806\">komfort, wydajno\u015b\u0107 i trwa\u0142o\u015b\u0107<\/strong>\u00a0z pelletem\u00a0<strong data-start=\"1818\" data-end=\"1829\">VANROJE<\/strong>.<\/p>\n\n    <div class=\"xs_social_share_widget xs_share_url after_content \t\tmain_content  wslu-style-1 wslu-share-box-shaped wslu-fill-colored wslu-none wslu-share-horizontal wslu-theme-font-no wslu-main_content\">\n\n\t\t\n        <ul>\n\t\t\t        <\/ul>\n    <\/div>","protected":false},"excerpt":{"rendered":"<p>Pellet drzewny VANROJE jest produkowany w ekologicznym tartaku w Niemczech.<\/p>\n<p>Nasz pellet premium charakteryzuje si\u0119 wysok\u0105 warto\u015bci\u0105 opa\u0142ow\u0105 oraz bardzo nisk\u0105 zawarto\u015bci\u0105 popio\u0142u, py\u0142u i wilgoci.<\/p>\n<p>Pelet ten jest nasz\u0105 dum\u0105 i rado\u015bci\u0105 od ponad 10 lat! Jego jako\u015b\u0107 znacznie przewy\u017csza normy DIN Plus i EN Plus A1. Drewno pochodzi z las\u00f3w zarz\u0105dzanych w spos\u00f3b zr\u00f3wnowa\u017cony i posiada certyfikat PEFC.<\/p>\n<div class=\"elementor-element elementor-element-2e394c9 elementor-widget elementor-widget-xts_title\" data-id=\"2e394c9\" data-element_type=\"widget\" data-widget_type=\"xts_title.default\">\n<div class=\"elementor-widget-container\">\n<div class=\"xts-section-heading xts-reset-mb-10 xts-reset-last xts-textalign-left\" data-animation-delay=\"\">\n<h4 class=\"xts-section-title title xts-design-default xts-fontsize-xs\"><span class=\"xts-section-title-text\" data-elementor-setting-key=\"title\">Profesjonalna obs\u0142uga klienta:<\/span><\/h4>\n<\/div>\n<\/div>\n<\/div>\n<div class=\"elementor-element elementor-element-4066510 elementor-icon-list--layout-traditional elementor-list-item-link-full_width elementor-widget elementor-widget-icon-list\" data-id=\"4066510\" data-element_type=\"widget\" data-widget_type=\"icon-list.default\">\n<div class=\"elementor-widget-container\">\n<ul class=\"elementor-icon-list-items\">\n<li class=\"elementor-icon-list-item\"><i class=\"fas fa-check\" aria-hidden=\"true\"><\/i><span class=\"elementor-icon-list-text\">Darmowa dostawa<\/span><\/li>\n<li class=\"elementor-icon-list-item\"><i class=\"fas fa-check\" aria-hidden=\"true\"><\/i><span class=\"elementor-icon-list-text\">Depozyt bez op\u0142at importowych i zwroty w ci\u0105gu 15 dni<\/span><\/li>\n<li class=\"elementor-icon-list-item\"><i class=\"fas fa-check\" aria-hidden=\"true\"><\/i><span class=\"elementor-icon-list-text\">Wysy\u0142ka\u00a0(3 DO 5 DNI)<\/span><\/li>\n<\/ul>\n<h5><strong><span class=\"xts-section-title-text\" data-elementor-setting-key=\"title\">Ochrona zakupu:\u00a0<\/span><\/strong><\/h5>\n<\/div>\n<\/div>\n<div class=\"elementor-element elementor-element-e8e4778 elementor-widget elementor-widget-xts_title\" data-id=\"e8e4778\" data-element_type=\"widget\" data-widget_type=\"xts_title.default\">\n<div class=\"elementor-widget-container\">\n<div class=\"xts-section-heading xts-reset-mb-10 xts-reset-last xts-textalign-left\" data-animation-delay=\"\">\n<div class=\"xts-after-add-to-cart\">\n<div class=\"elementor elementor-871\" data-elementor-type=\"wp-post\" data-elementor-id=\"871\">\n<section class=\"elementor-section elementor-top-section elementor-element elementor-element-f46d1d8 elementor-section-boxed elementor-section-height-default elementor-section-height-default xts-section-disabled\" data-id=\"f46d1d8\" data-element_type=\"section\">\n<div class=\"elementor-container elementor-column-gap-default\">\n<div class=\"elementor-column elementor-col-100 elementor-top-column elementor-element elementor-element-38daed2\" data-id=\"38daed2\" data-element_type=\"column\">\n<div class=\"elementor-widget-wrap elementor-element-populated\">\n<div class=\"elementor-element elementor-element-1a02a43 elementor-widget__width-auto elementor-widget elementor-widget-xts_image\" data-id=\"1a02a43\" data-element_type=\"widget\" data-widget_type=\"xts_image.default\">\n<div class=\"elementor-widget-container\">\n<div class=\"xts-image-single xts-textalign-left\">\n<figure class=\"xts-image\">\n<div class=\"xts-image-inner\"><img decoding=\"async\" class=\"attachment-full size-full wp-image-879\" src=\"https:\/\/drewnosprzedawca.pl\/wp-content\/uploads\/2020\/01\/vega-trust.jpg\" sizes=\"(max-width: 400px) 100vw, 400px\" srcset=\"https:\/\/drewnosprzedawca.pl\/wp-content\/uploads\/2020\/01\/vega-trust.jpg 400w, https:\/\/drewnosprzedawca.pl\/wp-content\/uploads\/2020\/01\/vega-trust-300x32.jpg 300w\" alt=\"\" width=\"400\" height=\"42\" \/><\/div>\n<\/figure>\n<\/div>\n<\/div>\n<\/div>\n<\/div>\n<\/div>\n<\/div>\n<\/section>\n<\/div>\n<\/div>\n<\/div>\n<\/div>\n<\/div>","protected":false},"featured_media":8468,"comment_status":"open","ping_status":"closed","template":"","meta":{"_uag_custom_page_level_css":""},"product_brand":[],"product_cat":[75],"product_tag":[],"class_list":{"0":"post-8452","1":"product","2":"type-product","3":"status-publish","4":"has-post-thumbnail","6":"product_cat-tanie-pelety-drzewne-i-pelety","8":"first","9":"instock","10":"shipping-taxable","11":"purchasable","12":"product-type-simple"},"aioseo_notices":[],"uagb_featured_image_src":{"full":["https:\/\/drewnonasprzedaz.pl\/wp-content\/uploads\/2026\/01\/PELLET-DRZEWNY-VANROJE-PALETA-65-WORKOW-PO-15-KG.webp",800,800,false],"thumbnail":["https:\/\/drewnonasprzedaz.pl\/wp-content\/uploads\/2026\/01\/PELLET-DRZEWNY-VANROJE-PALETA-65-WORKOW-PO-15-KG-150x150.webp",150,150,true],"medium":["https:\/\/drewnonasprzedaz.pl\/wp-content\/uploads\/2026\/01\/PELLET-DRZEWNY-VANROJE-PALETA-65-WORKOW-PO-15-KG-300x300.webp",300,300,true],"medium_large":["https:\/\/drewnonasprzedaz.pl\/wp-content\/uploads\/2026\/01\/PELLET-DRZEWNY-VANROJE-PALETA-65-WORKOW-PO-15-KG-768x768.webp",768,768,true],"large":["https:\/\/drewnonasprzedaz.pl\/wp-content\/uploads\/2026\/01\/PELLET-DRZEWNY-VANROJE-PALETA-65-WORKOW-PO-15-KG.webp",800,800,false],"1536x1536":["https:\/\/drewnonasprzedaz.pl\/wp-content\/uploads\/2026\/01\/PELLET-DRZEWNY-VANROJE-PALETA-65-WORKOW-PO-15-KG.webp",800,800,false],"2048x2048":["https:\/\/drewnonasprzedaz.pl\/wp-content\/uploads\/2026\/01\/PELLET-DRZEWNY-VANROJE-PALETA-65-WORKOW-PO-15-KG.webp",800,800,false],"trp-custom-language-flag":["https:\/\/drewnonasprzedaz.pl\/wp-content\/uploads\/2026\/01\/PELLET-DRZEWNY-VANROJE-PALETA-65-WORKOW-PO-15-KG.webp",12,12,false],"woodmart_shop_catalog_x2":["https:\/\/drewnonasprzedaz.pl\/wp-content\/uploads\/2026\/01\/PELLET-DRZEWNY-VANROJE-PALETA-65-WORKOW-PO-15-KG.webp",800,800,false],"woocommerce_thumbnail":["https:\/\/drewnonasprzedaz.pl\/wp-content\/uploads\/2026\/01\/PELLET-DRZEWNY-VANROJE-PALETA-65-WORKOW-PO-15-KG-430x430.webp",430,430,true],"woocommerce_single":["https:\/\/drewnonasprzedaz.pl\/wp-content\/uploads\/2026\/01\/PELLET-DRZEWNY-VANROJE-PALETA-65-WORKOW-PO-15-KG-700x700.webp",700,700,true],"woocommerce_gallery_thumbnail":["https:\/\/drewnonasprzedaz.pl\/wp-content\/uploads\/2026\/01\/PELLET-DRZEWNY-VANROJE-PALETA-65-WORKOW-PO-15-KG-150x150.webp",150,150,true],"variation_swatches_image_size":["https:\/\/drewnonasprzedaz.pl\/wp-content\/uploads\/2026\/01\/PELLET-DRZEWNY-VANROJE-PALETA-65-WORKOW-PO-15-KG-50x50.webp",50,50,true],"variation_swatches_tooltip_size":["https:\/\/drewnonasprzedaz.pl\/wp-content\/uploads\/2026\/01\/PELLET-DRZEWNY-VANROJE-PALETA-65-WORKOW-PO-15-KG-100x100.webp",100,100,true],"yith-woocompare-image":["https:\/\/drewnonasprzedaz.pl\/wp-content\/uploads\/2026\/01\/PELLET-DRZEWNY-VANROJE-PALETA-65-WORKOW-PO-15-KG-220x154.webp",220,154,true]},"uagb_author_info":{"display_name":"danwinrodolpho@gmail.com","author_link":"https:\/\/drewnonasprzedaz.pl\/pl\/author\/"},"uagb_comment_info":0,"uagb_excerpt":"Pellet drzewny VANROJE jest produkowany w ekologicznym tartaku w Niemczech. Nasz pellet premium charakteryzuje si\u0119 wysok\u0105 warto\u015bci\u0105 opa\u0142ow\u0105 oraz bardzo nisk\u0105 zawarto\u015bci\u0105 popio\u0142u, py\u0142u i wilgoci. Pelet ten jest nasz\u0105 dum\u0105 i rado\u015bci\u0105 od ponad 10 lat! Jego jako\u015b\u0107 znacznie przewy\u017csza normy DIN Plus i EN Plus A1. Drewno pochodzi z las\u00f3w zarz\u0105dzanych w spos\u00f3b&hellip;","_links":{"self":[{"href":"https:\/\/drewnonasprzedaz.pl\/pl\/wp-json\/wp\/v2\/product\/8452","targetHints":{"allow":["GET"]}}],"collection":[{"href":"https:\/\/drewnonasprzedaz.pl\/pl\/wp-json\/wp\/v2\/product"}],"about":[{"href":"https:\/\/drewnonasprzedaz.pl\/pl\/wp-json\/wp\/v2\/types\/product"}],"replies":[{"embeddable":true,"href":"https:\/\/drewnonasprzedaz.pl\/pl\/wp-json\/wp\/v2\/comments?post=8452"}],"version-history":[{"count":1,"href":"https:\/\/drewnonasprzedaz.pl\/pl\/wp-json\/wp\/v2\/product\/8452\/revisions"}],"predecessor-version":[{"id":8469,"href":"https:\/\/drewnonasprzedaz.pl\/pl\/wp-json\/wp\/v2\/product\/8452\/revisions\/8469"}],"wp:featuredmedia":[{"embeddable":true,"href":"https:\/\/drewnonasprzedaz.pl\/pl\/wp-json\/wp\/v2\/media\/8468"}],"wp:attachment":[{"href":"https:\/\/drewnonasprzedaz.pl\/pl\/wp-json\/wp\/v2\/media?parent=8452"}],"wp:term":[{"taxonomy":"product_brand","embeddable":true,"href":"https:\/\/drewnonasprzedaz.pl\/pl\/wp-json\/wp\/v2\/product_brand?post=8452"},{"taxonomy":"product_cat","embeddable":true,"href":"https:\/\/drewnonasprzedaz.pl\/pl\/wp-json\/wp\/v2\/product_cat?post=8452"},{"taxonomy":"product_tag","embeddable":true,"href":"https:\/\/drewnonasprzedaz.pl\/pl\/wp-json\/wp\/v2\/product_tag?post=8452"}],"curies":[{"name":"wp","href":"https:\/\/api.w.org\/{rel}","templated":true}]}}