{"id":8455,"date":"2026-01-21T03:42:04","date_gmt":"2026-01-21T03:42:04","guid":{"rendered":"https:\/\/drewnonasprzedaz.pl\/?post_type=product&#038;p=8455"},"modified":"2026-01-21T03:42:04","modified_gmt":"2026-01-21T03:42:04","slug":"zielony-pellet-energetyczny-paleta-65-workow-po-15-kg","status":"publish","type":"product","link":"https:\/\/drewnonasprzedaz.pl\/pl\/produkt\/zielony-pellet-energetyczny-paleta-65-workow-po-15-kg\/","title":{"rendered":"ZIELONY PELLET ENERGETYCZNY \u2013 PALETA 65 WORK\u00d3W PO 15 KG"},"content":{"rendered":"<p data-start=\"184\" data-end=\"248\"><strong data-start=\"184\" data-end=\"246\">PELLETY DREWNIANE GREEN ENERGY \u2013 PALETA 65 WORK\u00d3W PO 15 KG<\/strong><\/p>\n<p data-start=\"250\" data-end=\"575\">Wyb\u00f3r pelletu\u00a0<strong data-start=\"264\" data-end=\"280\">Green Energy<\/strong>\u00a0to trafna decyzja dla os\u00f3b poszukuj\u0105cych\u00a0<strong data-start=\"322\" data-end=\"350\">ekonomicznego ogrzewania<\/strong>, przy jednoczesnym wykorzystaniu\u00a0<strong data-start=\"384\" data-end=\"417\">zr\u00f3wnowa\u017conego \u017ar\u00f3d\u0142a energii<\/strong>. Pellet ten, produkowany w krajach Beneluksu, posiada\u00a0<strong data-start=\"472\" data-end=\"519\">podw\u00f3jn\u0105 certyfikacj\u0119 DIN Plus oraz EN Plus<\/strong>, gwarantuj\u0105c\u0105 wysokie standardy jako\u015bci i wydajno\u015bci.<\/p>\n<p data-start=\"577\" data-end=\"933\">Pellet\u00a0<strong data-start=\"584\" data-end=\"600\">Green Energy<\/strong>, zgodny z normami DIN Plus i EN Plus, wyr\u00f3\u017cnia si\u0119 unikalnym sk\u0142adem:\u00a0<strong data-start=\"671\" data-end=\"723\">70% drewna iglastego oraz 30% drewna li\u015bciastego<\/strong>. Produkcja tych granulat\u00f3w odbywa si\u0119 w dw\u00f3ch zak\u0142adach \u2013 w\u00a0<strong data-start=\"784\" data-end=\"805\">Holandii i Belgii<\/strong>\u00a0\u2013 co pozwala zaoferowa\u0107 rozwi\u0105zanie grzewcze dobrej jako\u015bci w atrakcyjnej cenie, idealne dla bardziej ograniczonych bud\u017cet\u00f3w.<\/p>\n<p data-start=\"935\" data-end=\"1238\">Specjalna mieszanka drewna iglastego i li\u015bciastego zapewnia efektywne spalanie oraz sta\u0142e oddawanie ciep\u0142a. Proces produkcji prowadzony w certyfikowanych zak\u0142adach w Holandii i Belgii gwarantuje pe\u0142n\u0105 identyfikowalno\u015b\u0107 oraz \u015bcis\u0142\u0105 kontrol\u0119 jako\u015bci, co przek\u0142ada si\u0119 na wysok\u0105 satysfakcj\u0119 u\u017cytkownik\u00f3w.<\/p>\n<p data-start=\"1240\" data-end=\"1531\">Parametry jako\u015bciowe pelletu\u00a0<strong data-start=\"1269\" data-end=\"1285\">Green Energy<\/strong>\u00a0s\u0105 zgodne z normami rynkowymi, z zawarto\u015bci\u0105 popio\u0142u na poziomie jedynie\u00a0<strong data-start=\"1359\" data-end=\"1367\">0,7%<\/strong>\u00a0oraz py\u0142u\u00a0<strong data-start=\"1378\" data-end=\"1386\">0,5%<\/strong>. Warto\u015bci te \u015bwiadcz\u0105 o czystym i wydajnym spalaniu, ograniczaj\u0105c potrzeb\u0119 cz\u0119stego czyszczenia oraz wyd\u0142u\u017caj\u0105c \u017cywotno\u015b\u0107 urz\u0105dze\u0144 grzewczych.<\/p>\n<p data-start=\"1533\" data-end=\"1846\">Podsumowuj\u0105c, pellet\u00a0<strong data-start=\"1554\" data-end=\"1570\">Green Energy<\/strong>\u00a0stanowi\u00a0<strong data-start=\"1579\" data-end=\"1623\">ekonomiczne, ekologiczne i certyfikowane<\/strong>\u00a0rozwi\u0105zanie grzewcze, spe\u0142niaj\u0105ce oczekiwania u\u017cytkownik\u00f3w dbaj\u0105cych o jako\u015b\u0107 i wydajno\u015b\u0107 \u017ar\u00f3d\u0142a ciep\u0142a. Wybierz\u00a0<strong data-start=\"1737\" data-end=\"1761\">Pellets Green Energy<\/strong>, aby cieszy\u0107 si\u0119 skutecznym ogrzewaniem przy jednoczesnym poszanowaniu \u015brodowiska.<\/p>\n\n    <div class=\"xs_social_share_widget xs_share_url after_content \t\tmain_content  wslu-style-1 wslu-share-box-shaped wslu-fill-colored wslu-none wslu-share-horizontal wslu-theme-font-no wslu-main_content\">\n\n\t\t\n        <ul>\n\t\t\t        <\/ul>\n    <\/div>","protected":false},"excerpt":{"rendered":"<p>Te pelety, spe\u0142niaj\u0105ce normy DIN Plus i EN Plus, s\u0105 wykonane w 70% z drewna iglastego i w 30% z drewna li\u015bciastego. Produkowane s\u0105 w dw\u00f3ch fabrykach: jednej w Holandii i jednej w Belgii. Idealny pelety dla os\u00f3b z ograniczonym bud\u017cetem!<\/p>\n<div class=\"elementor-element elementor-element-2e394c9 elementor-widget elementor-widget-xts_title\" data-id=\"2e394c9\" data-element_type=\"widget\" data-widget_type=\"xts_title.default\">\n<div class=\"elementor-widget-container\">\n<div class=\"xts-section-heading xts-reset-mb-10 xts-reset-last xts-textalign-left\" data-animation-delay=\"\">\n<h4 class=\"xts-section-title title xts-design-default xts-fontsize-xs\"><span class=\"xts-section-title-text\" data-elementor-setting-key=\"title\">Profesjonalna obs\u0142uga klienta:<\/span><\/h4>\n<\/div>\n<\/div>\n<\/div>\n<div class=\"elementor-element elementor-element-4066510 elementor-icon-list--layout-traditional elementor-list-item-link-full_width elementor-widget elementor-widget-icon-list\" data-id=\"4066510\" data-element_type=\"widget\" data-widget_type=\"icon-list.default\">\n<div class=\"elementor-widget-container\">\n<ul class=\"elementor-icon-list-items\">\n<li class=\"elementor-icon-list-item\"><i class=\"fas fa-check\" aria-hidden=\"true\"><\/i><span class=\"elementor-icon-list-text\">Darmowa dostawa<\/span><\/li>\n<li class=\"elementor-icon-list-item\"><i class=\"fas fa-check\" aria-hidden=\"true\"><\/i><span class=\"elementor-icon-list-text\">Depozyt bez op\u0142at importowych i zwroty w ci\u0105gu 15 dni<\/span><\/li>\n<li class=\"elementor-icon-list-item\"><i class=\"fas fa-check\" aria-hidden=\"true\"><\/i><span class=\"elementor-icon-list-text\">Wysy\u0142ka\u00a0(3 DO 5 DNI)<\/span><\/li>\n<\/ul>\n<h5><strong><span class=\"xts-section-title-text\" data-elementor-setting-key=\"title\">Ochrona zakupu:\u00a0<\/span><\/strong><\/h5>\n<\/div>\n<\/div>\n<div class=\"elementor-element elementor-element-e8e4778 elementor-widget elementor-widget-xts_title\" data-id=\"e8e4778\" data-element_type=\"widget\" data-widget_type=\"xts_title.default\">\n<div class=\"elementor-widget-container\">\n<div class=\"xts-section-heading xts-reset-mb-10 xts-reset-last xts-textalign-left\" data-animation-delay=\"\">\n<div class=\"xts-after-add-to-cart\">\n<div class=\"elementor elementor-871\" data-elementor-type=\"wp-post\" data-elementor-id=\"871\">\n<section class=\"elementor-section elementor-top-section elementor-element elementor-element-f46d1d8 elementor-section-boxed elementor-section-height-default elementor-section-height-default xts-section-disabled\" data-id=\"f46d1d8\" data-element_type=\"section\">\n<div class=\"elementor-container elementor-column-gap-default\">\n<div class=\"elementor-column elementor-col-100 elementor-top-column elementor-element elementor-element-38daed2\" data-id=\"38daed2\" data-element_type=\"column\">\n<div class=\"elementor-widget-wrap elementor-element-populated\">\n<div class=\"elementor-element elementor-element-1a02a43 elementor-widget__width-auto elementor-widget elementor-widget-xts_image\" data-id=\"1a02a43\" data-element_type=\"widget\" data-widget_type=\"xts_image.default\">\n<div class=\"elementor-widget-container\">\n<div class=\"xts-image-single xts-textalign-left\">\n<figure class=\"xts-image\">\n<div class=\"xts-image-inner\"><img decoding=\"async\" class=\"attachment-full size-full wp-image-879\" src=\"https:\/\/drewnosprzedawca.pl\/wp-content\/uploads\/2020\/01\/vega-trust.jpg\" sizes=\"(max-width: 400px) 100vw, 400px\" srcset=\"https:\/\/drewnosprzedawca.pl\/wp-content\/uploads\/2020\/01\/vega-trust.jpg 400w, https:\/\/drewnosprzedawca.pl\/wp-content\/uploads\/2020\/01\/vega-trust-300x32.jpg 300w\" alt=\"\" width=\"400\" height=\"42\" \/><\/div>\n<\/figure>\n<\/div>\n<\/div>\n<\/div>\n<\/div>\n<\/div>\n<\/div>\n<\/section>\n<\/div>\n<\/div>\n<\/div>\n<\/div>\n<\/div>","protected":false},"featured_media":8474,"comment_status":"open","ping_status":"closed","template":"","meta":{"_uag_custom_page_level_css":""},"product_brand":[],"product_cat":[75],"product_tag":[],"class_list":{"0":"post-8455","1":"product","2":"type-product","3":"status-publish","4":"has-post-thumbnail","6":"product_cat-tanie-pelety-drzewne-i-pelety","8":"first","9":"instock","10":"shipping-taxable","11":"purchasable","12":"product-type-simple"},"aioseo_notices":[],"uagb_featured_image_src":{"full":["https:\/\/drewnonasprzedaz.pl\/wp-content\/uploads\/2026\/01\/ZIELONY-PELLET-ENERGETYCZNY-\u2013-PALETA-65-WORKOW-PO-15-KG.webp",800,800,false],"thumbnail":["https:\/\/drewnonasprzedaz.pl\/wp-content\/uploads\/2026\/01\/ZIELONY-PELLET-ENERGETYCZNY-\u2013-PALETA-65-WORKOW-PO-15-KG-150x150.webp",150,150,true],"medium":["https:\/\/drewnonasprzedaz.pl\/wp-content\/uploads\/2026\/01\/ZIELONY-PELLET-ENERGETYCZNY-\u2013-PALETA-65-WORKOW-PO-15-KG-300x300.webp",300,300,true],"medium_large":["https:\/\/drewnonasprzedaz.pl\/wp-content\/uploads\/2026\/01\/ZIELONY-PELLET-ENERGETYCZNY-\u2013-PALETA-65-WORKOW-PO-15-KG-768x768.webp",768,768,true],"large":["https:\/\/drewnonasprzedaz.pl\/wp-content\/uploads\/2026\/01\/ZIELONY-PELLET-ENERGETYCZNY-\u2013-PALETA-65-WORKOW-PO-15-KG.webp",800,800,false],"1536x1536":["https:\/\/drewnonasprzedaz.pl\/wp-content\/uploads\/2026\/01\/ZIELONY-PELLET-ENERGETYCZNY-\u2013-PALETA-65-WORKOW-PO-15-KG.webp",800,800,false],"2048x2048":["https:\/\/drewnonasprzedaz.pl\/wp-content\/uploads\/2026\/01\/ZIELONY-PELLET-ENERGETYCZNY-\u2013-PALETA-65-WORKOW-PO-15-KG.webp",800,800,false],"trp-custom-language-flag":["https:\/\/drewnonasprzedaz.pl\/wp-content\/uploads\/2026\/01\/ZIELONY-PELLET-ENERGETYCZNY-\u2013-PALETA-65-WORKOW-PO-15-KG.webp",12,12,false],"woodmart_shop_catalog_x2":["https:\/\/drewnonasprzedaz.pl\/wp-content\/uploads\/2026\/01\/ZIELONY-PELLET-ENERGETYCZNY-\u2013-PALETA-65-WORKOW-PO-15-KG.webp",800,800,false],"woocommerce_thumbnail":["https:\/\/drewnonasprzedaz.pl\/wp-content\/uploads\/2026\/01\/ZIELONY-PELLET-ENERGETYCZNY-\u2013-PALETA-65-WORKOW-PO-15-KG-430x430.webp",430,430,true],"woocommerce_single":["https:\/\/drewnonasprzedaz.pl\/wp-content\/uploads\/2026\/01\/ZIELONY-PELLET-ENERGETYCZNY-\u2013-PALETA-65-WORKOW-PO-15-KG-700x700.webp",700,700,true],"woocommerce_gallery_thumbnail":["https:\/\/drewnonasprzedaz.pl\/wp-content\/uploads\/2026\/01\/ZIELONY-PELLET-ENERGETYCZNY-\u2013-PALETA-65-WORKOW-PO-15-KG-150x150.webp",150,150,true],"variation_swatches_image_size":["https:\/\/drewnonasprzedaz.pl\/wp-content\/uploads\/2026\/01\/ZIELONY-PELLET-ENERGETYCZNY-\u2013-PALETA-65-WORKOW-PO-15-KG-50x50.webp",50,50,true],"variation_swatches_tooltip_size":["https:\/\/drewnonasprzedaz.pl\/wp-content\/uploads\/2026\/01\/ZIELONY-PELLET-ENERGETYCZNY-\u2013-PALETA-65-WORKOW-PO-15-KG-100x100.webp",100,100,true],"yith-woocompare-image":["https:\/\/drewnonasprzedaz.pl\/wp-content\/uploads\/2026\/01\/ZIELONY-PELLET-ENERGETYCZNY-\u2013-PALETA-65-WORKOW-PO-15-KG-220x154.webp",220,154,true]},"uagb_author_info":{"display_name":"danwinrodolpho@gmail.com","author_link":"https:\/\/drewnonasprzedaz.pl\/pl\/author\/"},"uagb_comment_info":0,"uagb_excerpt":"Te pelety, spe\u0142niaj\u0105ce normy DIN Plus i EN Plus, s\u0105 wykonane w 70% z drewna iglastego i w 30% z drewna li\u015bciastego. Produkowane s\u0105 w dw\u00f3ch fabrykach: jednej w Holandii i jednej w Belgii. Idealny pelety dla os\u00f3b z ograniczonym bud\u017cetem! Profesjonalna obs\u0142uga klienta: Darmowa dostawa Depozyt bez op\u0142at importowych i zwroty w ci\u0105gu 15&hellip;","_links":{"self":[{"href":"https:\/\/drewnonasprzedaz.pl\/pl\/wp-json\/wp\/v2\/product\/8455","targetHints":{"allow":["GET"]}}],"collection":[{"href":"https:\/\/drewnonasprzedaz.pl\/pl\/wp-json\/wp\/v2\/product"}],"about":[{"href":"https:\/\/drewnonasprzedaz.pl\/pl\/wp-json\/wp\/v2\/types\/product"}],"replies":[{"embeddable":true,"href":"https:\/\/drewnonasprzedaz.pl\/pl\/wp-json\/wp\/v2\/comments?post=8455"}],"version-history":[{"count":1,"href":"https:\/\/drewnonasprzedaz.pl\/pl\/wp-json\/wp\/v2\/product\/8455\/revisions"}],"predecessor-version":[{"id":8475,"href":"https:\/\/drewnonasprzedaz.pl\/pl\/wp-json\/wp\/v2\/product\/8455\/revisions\/8475"}],"wp:featuredmedia":[{"embeddable":true,"href":"https:\/\/drewnonasprzedaz.pl\/pl\/wp-json\/wp\/v2\/media\/8474"}],"wp:attachment":[{"href":"https:\/\/drewnonasprzedaz.pl\/pl\/wp-json\/wp\/v2\/media?parent=8455"}],"wp:term":[{"taxonomy":"product_brand","embeddable":true,"href":"https:\/\/drewnonasprzedaz.pl\/pl\/wp-json\/wp\/v2\/product_brand?post=8455"},{"taxonomy":"product_cat","embeddable":true,"href":"https:\/\/drewnonasprzedaz.pl\/pl\/wp-json\/wp\/v2\/product_cat?post=8455"},{"taxonomy":"product_tag","embeddable":true,"href":"https:\/\/drewnonasprzedaz.pl\/pl\/wp-json\/wp\/v2\/product_tag?post=8455"}],"curies":[{"name":"wp","href":"https:\/\/api.w.org\/{rel}","templated":true}]}}