{"id":8456,"date":"2026-01-21T03:46:57","date_gmt":"2026-01-21T03:46:57","guid":{"rendered":"https:\/\/drewnonasprzedaz.pl\/?post_type=product&#038;p=8456"},"modified":"2026-01-21T03:46:57","modified_gmt":"2026-01-21T03:46:57","slug":"doskonale-peletki-paleta-65-workow-po-15-kg","status":"publish","type":"product","link":"https:\/\/drewnonasprzedaz.pl\/pl\/produkt\/doskonale-peletki-paleta-65-workow-po-15-kg\/","title":{"rendered":"Doskona\u0142e peletki \u2013 paleta 65 work\u00f3w po 15 kg"},"content":{"rendered":"<h3 data-start=\"179\" data-end=\"250\"><strong data-start=\"183\" data-end=\"250\">PELLETY DREWNIANE EXCELLENT PELLETS \u2013 PALETA 65 WORK\u00d3W PO 15 KG<\/strong><\/h3>\n<p data-start=\"252\" data-end=\"537\">Pellet\u00a0<strong data-start=\"259\" data-end=\"280\">EXCELLENT PELLETS<\/strong>\u00a0powstaje w du\u017cym zak\u0142adzie tartacznym, gdzie trociny s\u0105\u00a0<strong data-start=\"337\" data-end=\"377\">przetwarzane bezpo\u015brednio na miejscu<\/strong>, co pozwala zachowa\u0107 ich\u00a0<strong data-start=\"403\" data-end=\"426\">maksymaln\u0105 \u015bwie\u017co\u015b\u0107<\/strong>. Wykorzystanie surowc\u00f3w w kr\u00f3tkim obiegu produkcyjnym gwarantuje wysok\u0105 jako\u015b\u0107 oraz sta\u0142e parametry granulatu.<\/p>\n<p data-start=\"539\" data-end=\"837\">Surowce poddawane s\u0105 nast\u0119pnie\u00a0<strong data-start=\"570\" data-end=\"605\">suszeniu w niskiej temperaturze<\/strong>\u00a0przy u\u017cyciu suszarni ta\u015bmowej. Precyzyjna kontrola procesu produkcji umo\u017cliwia uzyskanie\u00a0<strong data-start=\"695\" data-end=\"732\">bardzo niskiej zawarto\u015bci popio\u0142u<\/strong>\u00a0oraz\u00a0<strong data-start=\"738\" data-end=\"780\">wysokiej temperatury topnienia popio\u0142u<\/strong>, co skutecznie zapobiega powstawaniu spiek\u00f3w (machefer).<\/p>\n<p data-start=\"839\" data-end=\"1123\">Wyj\u0105tkowa wytrzyma\u0142o\u015b\u0107 ka\u017cdego granulatu osi\u0105gana jest dzi\u0119ki\u00a0<strong data-start=\"901\" data-end=\"935\">prasowaniu o wysokiej g\u0119sto\u015bci<\/strong>, w po\u0142\u0105czeniu z\u00a0<strong data-start=\"952\" data-end=\"974\">nisk\u0105 wilgotno\u015bci\u0105<\/strong>. Dodatkowo, przed pakowaniem ka\u017cdy worek przechodzi\u00a0<strong data-start=\"1027\" data-end=\"1052\">dok\u0142adne przesiewanie<\/strong>, co zapewnia\u00a0<strong data-start=\"1066\" data-end=\"1097\">niezwykle niski poziom py\u0142u<\/strong>\u00a0ju\u017c na wyj\u015bciu z fabryki.<\/p>\n<p data-start=\"1125\" data-end=\"1397\">Pellet\u00a0<strong data-start=\"1132\" data-end=\"1153\">EXCELLENT PELLETS<\/strong>\u00a0znacznie\u00a0<strong data-start=\"1163\" data-end=\"1217\">przewy\u017csza najbardziej rygorystyczne normy jako\u015bci<\/strong>, takie jak DIN Plus czy EN Plus. Jego doskona\u0142e parametry sprawiaj\u0105, \u017ce jest idealnym wyborem do wszystkich system\u00f3w ogrzewania pelletem \u2013 piec\u00f3w, wk\u0142ad\u00f3w kominkowych oraz kot\u0142\u00f3w.<\/p>\n<p data-start=\"1399\" data-end=\"1771\">Wybieraj\u0105c pellet\u00a0<strong data-start=\"1417\" data-end=\"1438\">EXCELLENT PELLETS<\/strong>, zyskujesz nie tylko\u00a0<strong data-start=\"1460\" data-end=\"1498\">wydajne i niezawodne \u017ar\u00f3d\u0142o ciep\u0142a<\/strong>, ale tak\u017ce produkt spe\u0142niaj\u0105cy\u00a0<strong data-start=\"1530\" data-end=\"1565\">najwy\u017csze standardy ekologiczne<\/strong>. Lokalna produkcja oraz starannie kontrolowany proces wytwarzania gwarantuj\u0105 sta\u0142\u0105 jako\u015b\u0107 i \u015bwie\u017co\u015b\u0107 surowc\u00f3w. Postaw na\u00a0<strong data-start=\"1687\" data-end=\"1702\">doskona\u0142o\u015b\u0107<\/strong>, aby cieszy\u0107 si\u0119 efektywnym i przyjaznym dla \u015brodowiska ogrzewaniem.<\/p>\n<hr data-start=\"1773\" data-end=\"1776\" \/>\n<h3 data-start=\"1778\" data-end=\"1809\"><strong data-start=\"1782\" data-end=\"1809\">Specyfikacja techniczna<\/strong><\/h3>\n<ul data-start=\"1811\" data-end=\"2240\">\n<li data-start=\"1811\" data-end=\"1841\">\n<p data-start=\"1813\" data-end=\"1841\">Sk\u0142ad: 100% drewno iglaste<\/p>\n<\/li>\n<li data-start=\"1842\" data-end=\"1879\">\n<p data-start=\"1844\" data-end=\"1879\">Certyfikaty: DIN Plus, EN Plus A1<\/p>\n<\/li>\n<li data-start=\"1880\" data-end=\"1919\">\n<p data-start=\"1882\" data-end=\"1919\">Warto\u015b\u0107 opa\u0142owa: poni\u017cej 4,9 kWh\/kg<\/p>\n<\/li>\n<li data-start=\"1920\" data-end=\"1947\">\n<p data-start=\"1922\" data-end=\"1947\">Wilgotno\u015b\u0107: poni\u017cej 8 %<\/p>\n<\/li>\n<li data-start=\"1948\" data-end=\"1984\">\n<p data-start=\"1950\" data-end=\"1984\">Zawarto\u015b\u0107 popio\u0142u: poni\u017cej 0,5 %<\/p>\n<\/li>\n<li data-start=\"1985\" data-end=\"2019\">\n<p data-start=\"1987\" data-end=\"2019\">Zawarto\u015b\u0107 py\u0142u: poni\u017cej 0,21 %<\/p>\n<\/li>\n<li data-start=\"2020\" data-end=\"2051\">\n<p data-start=\"2022\" data-end=\"2051\">Rodzaj drewna: 100% iglaste<\/p>\n<\/li>\n<li data-start=\"2052\" data-end=\"2070\">\n<p data-start=\"2054\" data-end=\"2070\">\u015arednica: 6 mm<\/p>\n<\/li>\n<li data-start=\"2071\" data-end=\"2093\">\n<p data-start=\"2073\" data-end=\"2093\">Opakowanie: paleta<\/p>\n<\/li>\n<li data-start=\"2094\" data-end=\"2126\">\n<p data-start=\"2096\" data-end=\"2126\">Liczba work\u00f3w na palecie: 65<\/p>\n<\/li>\n<li data-start=\"2127\" data-end=\"2240\">\n<p data-start=\"2129\" data-end=\"2240\">Przechowywanie: chroni\u0107 przed wilgoci\u0105, przechowywa\u0107 pod zadaszeniem, na podwy\u017cszeniu, w wentylowanym miejscu<\/p>\n<\/li>\n<\/ul>\n\n    <div class=\"xs_social_share_widget xs_share_url after_content \t\tmain_content  wslu-style-1 wslu-share-box-shaped wslu-fill-colored wslu-none wslu-share-horizontal wslu-theme-font-no wslu-main_content\">\n\n\t\t\n        <ul>\n\t\t\t        <\/ul>\n    <\/div>","protected":false},"excerpt":{"rendered":"<p>Pellet drzewny EXCELLENT PELLETS z certyfikatami DIN Plus i EN Plus A1. Wyprodukowany w Belgii, produkt lokalny, w 100% z drewna iglastego, naturalny.<\/p>\n<div class=\"elementor-element elementor-element-2e394c9 elementor-widget elementor-widget-xts_title\" data-id=\"2e394c9\" data-element_type=\"widget\" data-widget_type=\"xts_title.default\">\n<div class=\"elementor-widget-container\">\n<div class=\"xts-section-heading xts-reset-mb-10 xts-reset-last xts-textalign-left\" data-animation-delay=\"\">\n<h4 class=\"xts-section-title title xts-design-default xts-fontsize-xs\"><span class=\"xts-section-title-text\" data-elementor-setting-key=\"title\">Profesjonalna obs\u0142uga klienta:<\/span><\/h4>\n<\/div>\n<\/div>\n<\/div>\n<div class=\"elementor-element elementor-element-4066510 elementor-icon-list--layout-traditional elementor-list-item-link-full_width elementor-widget elementor-widget-icon-list\" data-id=\"4066510\" data-element_type=\"widget\" data-widget_type=\"icon-list.default\">\n<div class=\"elementor-widget-container\">\n<ul class=\"elementor-icon-list-items\">\n<li class=\"elementor-icon-list-item\"><i class=\"fas fa-check\" aria-hidden=\"true\"><\/i><span class=\"elementor-icon-list-text\">Darmowa dostawa<\/span><\/li>\n<li class=\"elementor-icon-list-item\"><i class=\"fas fa-check\" aria-hidden=\"true\"><\/i><span class=\"elementor-icon-list-text\">Depozyt bez op\u0142at importowych i zwroty w ci\u0105gu 15 dni<\/span><\/li>\n<li class=\"elementor-icon-list-item\"><i class=\"fas fa-check\" aria-hidden=\"true\"><\/i><span class=\"elementor-icon-list-text\">Wysy\u0142ka\u00a0(3 DO 5 DNI)<\/span><\/li>\n<\/ul>\n<h5><strong><span class=\"xts-section-title-text\" data-elementor-setting-key=\"title\">Ochrona zakupu:\u00a0<\/span><\/strong><\/h5>\n<\/div>\n<\/div>\n<div class=\"elementor-element elementor-element-e8e4778 elementor-widget elementor-widget-xts_title\" data-id=\"e8e4778\" data-element_type=\"widget\" data-widget_type=\"xts_title.default\">\n<div class=\"elementor-widget-container\">\n<div class=\"xts-section-heading xts-reset-mb-10 xts-reset-last xts-textalign-left\" data-animation-delay=\"\">\n<div class=\"xts-after-add-to-cart\">\n<div class=\"elementor elementor-871\" data-elementor-type=\"wp-post\" data-elementor-id=\"871\">\n<section class=\"elementor-section elementor-top-section elementor-element elementor-element-f46d1d8 elementor-section-boxed elementor-section-height-default elementor-section-height-default xts-section-disabled\" data-id=\"f46d1d8\" data-element_type=\"section\">\n<div class=\"elementor-container elementor-column-gap-default\">\n<div class=\"elementor-column elementor-col-100 elementor-top-column elementor-element elementor-element-38daed2\" data-id=\"38daed2\" data-element_type=\"column\">\n<div class=\"elementor-widget-wrap elementor-element-populated\">\n<div class=\"elementor-element elementor-element-1a02a43 elementor-widget__width-auto elementor-widget elementor-widget-xts_image\" data-id=\"1a02a43\" data-element_type=\"widget\" data-widget_type=\"xts_image.default\">\n<div class=\"elementor-widget-container\">\n<div class=\"xts-image-single xts-textalign-left\">\n<figure class=\"xts-image\">\n<div class=\"xts-image-inner\"><img decoding=\"async\" class=\"attachment-full size-full wp-image-879\" src=\"https:\/\/drewnosprzedawca.pl\/wp-content\/uploads\/2020\/01\/vega-trust.jpg\" sizes=\"(max-width: 400px) 100vw, 400px\" srcset=\"https:\/\/drewnosprzedawca.pl\/wp-content\/uploads\/2020\/01\/vega-trust.jpg 400w, https:\/\/drewnosprzedawca.pl\/wp-content\/uploads\/2020\/01\/vega-trust-300x32.jpg 300w\" alt=\"\" width=\"400\" height=\"42\" \/><\/div>\n<\/figure>\n<\/div>\n<\/div>\n<\/div>\n<\/div>\n<\/div>\n<\/div>\n<\/section>\n<\/div>\n<\/div>\n<\/div>\n<\/div>\n<\/div>","protected":false},"featured_media":8476,"comment_status":"open","ping_status":"closed","template":"","meta":{"_uag_custom_page_level_css":""},"product_brand":[],"product_cat":[75],"product_tag":[],"class_list":{"0":"post-8456","1":"product","2":"type-product","3":"status-publish","4":"has-post-thumbnail","6":"product_cat-tanie-pelety-drzewne-i-pelety","8":"first","9":"instock","10":"shipping-taxable","11":"purchasable","12":"product-type-simple"},"aioseo_notices":[],"uagb_featured_image_src":{"full":["https:\/\/drewnonasprzedaz.pl\/wp-content\/uploads\/2026\/01\/Doskonale-peletki-\u2013-paleta-65-workow-po-15-kg.webp",800,800,false],"thumbnail":["https:\/\/drewnonasprzedaz.pl\/wp-content\/uploads\/2026\/01\/Doskonale-peletki-\u2013-paleta-65-workow-po-15-kg-150x150.webp",150,150,true],"medium":["https:\/\/drewnonasprzedaz.pl\/wp-content\/uploads\/2026\/01\/Doskonale-peletki-\u2013-paleta-65-workow-po-15-kg-300x300.webp",300,300,true],"medium_large":["https:\/\/drewnonasprzedaz.pl\/wp-content\/uploads\/2026\/01\/Doskonale-peletki-\u2013-paleta-65-workow-po-15-kg-768x768.webp",768,768,true],"large":["https:\/\/drewnonasprzedaz.pl\/wp-content\/uploads\/2026\/01\/Doskonale-peletki-\u2013-paleta-65-workow-po-15-kg.webp",800,800,false],"1536x1536":["https:\/\/drewnonasprzedaz.pl\/wp-content\/uploads\/2026\/01\/Doskonale-peletki-\u2013-paleta-65-workow-po-15-kg.webp",800,800,false],"2048x2048":["https:\/\/drewnonasprzedaz.pl\/wp-content\/uploads\/2026\/01\/Doskonale-peletki-\u2013-paleta-65-workow-po-15-kg.webp",800,800,false],"trp-custom-language-flag":["https:\/\/drewnonasprzedaz.pl\/wp-content\/uploads\/2026\/01\/Doskonale-peletki-\u2013-paleta-65-workow-po-15-kg.webp",12,12,false],"woodmart_shop_catalog_x2":["https:\/\/drewnonasprzedaz.pl\/wp-content\/uploads\/2026\/01\/Doskonale-peletki-\u2013-paleta-65-workow-po-15-kg.webp",800,800,false],"woocommerce_thumbnail":["https:\/\/drewnonasprzedaz.pl\/wp-content\/uploads\/2026\/01\/Doskonale-peletki-\u2013-paleta-65-workow-po-15-kg-430x430.webp",430,430,true],"woocommerce_single":["https:\/\/drewnonasprzedaz.pl\/wp-content\/uploads\/2026\/01\/Doskonale-peletki-\u2013-paleta-65-workow-po-15-kg-700x700.webp",700,700,true],"woocommerce_gallery_thumbnail":["https:\/\/drewnonasprzedaz.pl\/wp-content\/uploads\/2026\/01\/Doskonale-peletki-\u2013-paleta-65-workow-po-15-kg-150x150.webp",150,150,true],"variation_swatches_image_size":["https:\/\/drewnonasprzedaz.pl\/wp-content\/uploads\/2026\/01\/Doskonale-peletki-\u2013-paleta-65-workow-po-15-kg-50x50.webp",50,50,true],"variation_swatches_tooltip_size":["https:\/\/drewnonasprzedaz.pl\/wp-content\/uploads\/2026\/01\/Doskonale-peletki-\u2013-paleta-65-workow-po-15-kg-100x100.webp",100,100,true],"yith-woocompare-image":["https:\/\/drewnonasprzedaz.pl\/wp-content\/uploads\/2026\/01\/Doskonale-peletki-\u2013-paleta-65-workow-po-15-kg-220x154.webp",220,154,true]},"uagb_author_info":{"display_name":"danwinrodolpho@gmail.com","author_link":"https:\/\/drewnonasprzedaz.pl\/pl\/author\/"},"uagb_comment_info":0,"uagb_excerpt":"Pellet drzewny EXCELLENT PELLETS z certyfikatami DIN Plus i EN Plus A1. Wyprodukowany w Belgii, produkt lokalny, w 100% z drewna iglastego, naturalny. Profesjonalna obs\u0142uga klienta: Darmowa dostawa Depozyt bez op\u0142at importowych i zwroty w ci\u0105gu 15 dni Wysy\u0142ka\u00a0(3 DO 5 DNI) Ochrona zakupu:\u00a0","_links":{"self":[{"href":"https:\/\/drewnonasprzedaz.pl\/pl\/wp-json\/wp\/v2\/product\/8456","targetHints":{"allow":["GET"]}}],"collection":[{"href":"https:\/\/drewnonasprzedaz.pl\/pl\/wp-json\/wp\/v2\/product"}],"about":[{"href":"https:\/\/drewnonasprzedaz.pl\/pl\/wp-json\/wp\/v2\/types\/product"}],"replies":[{"embeddable":true,"href":"https:\/\/drewnonasprzedaz.pl\/pl\/wp-json\/wp\/v2\/comments?post=8456"}],"version-history":[{"count":1,"href":"https:\/\/drewnonasprzedaz.pl\/pl\/wp-json\/wp\/v2\/product\/8456\/revisions"}],"predecessor-version":[{"id":8477,"href":"https:\/\/drewnonasprzedaz.pl\/pl\/wp-json\/wp\/v2\/product\/8456\/revisions\/8477"}],"wp:featuredmedia":[{"embeddable":true,"href":"https:\/\/drewnonasprzedaz.pl\/pl\/wp-json\/wp\/v2\/media\/8476"}],"wp:attachment":[{"href":"https:\/\/drewnonasprzedaz.pl\/pl\/wp-json\/wp\/v2\/media?parent=8456"}],"wp:term":[{"taxonomy":"product_brand","embeddable":true,"href":"https:\/\/drewnonasprzedaz.pl\/pl\/wp-json\/wp\/v2\/product_brand?post=8456"},{"taxonomy":"product_cat","embeddable":true,"href":"https:\/\/drewnonasprzedaz.pl\/pl\/wp-json\/wp\/v2\/product_cat?post=8456"},{"taxonomy":"product_tag","embeddable":true,"href":"https:\/\/drewnonasprzedaz.pl\/pl\/wp-json\/wp\/v2\/product_tag?post=8456"}],"curies":[{"name":"wp","href":"https:\/\/api.w.org\/{rel}","templated":true}]}}