{"id":8457,"date":"2026-01-21T03:51:15","date_gmt":"2026-01-21T03:51:15","guid":{"rendered":"https:\/\/drewnonasprzedaz.pl\/?post_type=product&#038;p=8457"},"modified":"2026-01-21T03:51:15","modified_gmt":"2026-01-21T03:51:15","slug":"pellet-din-paleta-65-workow-po-15-kg","status":"publish","type":"product","link":"https:\/\/drewnonasprzedaz.pl\/pl\/produkt\/pellet-din-paleta-65-workow-po-15-kg\/","title":{"rendered":"PELLET DIN \u2013 PALETA 65 WORK\u00d3W PO 15 KG"},"content":{"rendered":"<h3 data-start=\"164\" data-end=\"242\"><strong data-start=\"168\" data-end=\"242\">PELLETY DREWNIANE DIN PALLET | DIN PELLETS \u2013 PALETA 65 WORK\u00d3W PO 15 KG<\/strong><\/h3>\n<p data-start=\"244\" data-end=\"589\">Pellet\u00a0<strong data-start=\"251\" data-end=\"266\">DIN Pellets<\/strong>\u00a0jest starannie produkowany\u00a0<strong data-start=\"294\" data-end=\"317\">w p\u00f3\u0142nocnej Francji<\/strong>, co gwarantuje wysokiej jako\u015bci \u017ar\u00f3d\u0142o ciep\u0142a dla u\u017cytkownik\u00f3w. Granulaty powstaj\u0105 wy\u0142\u0105cznie z\u00a0<strong data-start=\"413\" data-end=\"480\">trocin drzewnych wytwarzanych we w\u0142asnym zak\u0142adzie produkcyjnym<\/strong>, bez dodatku klej\u00f3w, substancji chemicznych czy innych dodatk\u00f3w, co zapewnia\u00a0<strong data-start=\"558\" data-end=\"588\">czysty i ekologiczny sk\u0142ad<\/strong>.<\/p>\n<p data-start=\"591\" data-end=\"979\">Pellet ten posiada certyfikat\u00a0<strong data-start=\"621\" data-end=\"633\">DIN Plus<\/strong>, niemieck\u0105 norm\u0119 jako\u015bci potwierdzaj\u0105c\u0105 spe\u0142nienie rygorystycznych wymaga\u0144 produkcyjnych. Jako\u015b\u0107 tych granulat\u00f3w klasyfikowana jest w\u00a0<strong data-start=\"768\" data-end=\"790\">segmencie standard<\/strong>, dzi\u0119ki czemu doskonale nadaj\u0105 si\u0119 do bezpiecznego u\u017cytkowania we wszystkich typach\u00a0<strong data-start=\"875\" data-end=\"928\">piec\u00f3w, wk\u0142ad\u00f3w kominkowych oraz kot\u0142\u00f3w na pellet<\/strong>, bez ryzyka nadmiernego zanieczyszczenia urz\u0105dze\u0144.<\/p>\n<p data-start=\"981\" data-end=\"1237\">Specjalny proces produkcji zapewnia\u00a0<strong data-start=\"1017\" data-end=\"1052\">bardzo niski poziom wilgotno\u015bci<\/strong>, co sprzyja\u00a0<strong data-start=\"1065\" data-end=\"1089\">optymalnemu spalaniu<\/strong>\u00a0i sta\u0142emu wydzielaniu ciep\u0142a. Przek\u0142ada si\u0119 to na wysok\u0105 efektywno\u015b\u0107 energetyczn\u0105 oraz maksymalny komfort cieplny przy zmniejszonym zu\u017cyciu paliwa.<\/p>\n<p data-start=\"1239\" data-end=\"1504\">Istotnym atutem ekologicznym jest fakt, \u017ce pellet\u00a0<strong data-start=\"1289\" data-end=\"1337\">DIN Pellets jest w 100% produktem francuskim<\/strong>, wspieraj\u0105cym lokaln\u0105 gospodark\u0119 oraz ograniczaj\u0105cym \u015blad w\u0119glowy. Wyb\u00f3r tego pelletu to odpowiedzialna decyzja na rzecz\u00a0<strong data-start=\"1459\" data-end=\"1503\">ekologicznego i ekonomicznego ogrzewania<\/strong>.<\/p>\n<p data-start=\"1506\" data-end=\"1800\">Podsumowuj\u0105c, pellet\u00a0<strong data-start=\"1527\" data-end=\"1542\">DIN Pellets<\/strong>\u00a0stanowi\u00a0<strong data-start=\"1551\" data-end=\"1596\">niezawodne i wydajne rozwi\u0105zanie grzewcze<\/strong>, spe\u0142niaj\u0105ce najwy\u017csze standardy jako\u015bci. Postaw na\u00a0<strong data-start=\"1649\" data-end=\"1687\">niezawodno\u015b\u0107, wydajno\u015b\u0107 i trwa\u0142o\u015b\u0107<\/strong>, wybieraj\u0105c pellet certyfikowany DIN Plus, i ciesz si\u0119 komfortem cieplnym przy jednoczesnej trosce o \u015brodowisko.<\/p>\n<hr data-start=\"1802\" data-end=\"1805\" \/>\n<h3 data-start=\"1807\" data-end=\"1838\"><strong data-start=\"1811\" data-end=\"1838\">Specyfikacja techniczna<\/strong><\/h3>\n<ul data-start=\"1840\" data-end=\"2123\">\n<li data-start=\"1840\" data-end=\"1870\">\n<p data-start=\"1842\" data-end=\"1870\">Sk\u0142ad: 100% drewno iglaste<\/p>\n<\/li>\n<li data-start=\"1871\" data-end=\"1896\">\n<p data-start=\"1873\" data-end=\"1896\">Certyfikaty: DIN Plus<\/p>\n<\/li>\n<li data-start=\"1897\" data-end=\"1936\">\n<p data-start=\"1899\" data-end=\"1936\">Warto\u015b\u0107 opa\u0142owa: powy\u017cej 4,8 kWh\/kg<\/p>\n<\/li>\n<li data-start=\"1937\" data-end=\"1965\">\n<p data-start=\"1939\" data-end=\"1965\">Wilgotno\u015b\u0107: poni\u017cej 10 %<\/p>\n<\/li>\n<li data-start=\"1966\" data-end=\"2002\">\n<p data-start=\"1968\" data-end=\"2002\">Zawarto\u015b\u0107 popio\u0142u: poni\u017cej 0,5 %<\/p>\n<\/li>\n<li data-start=\"2003\" data-end=\"2034\">\n<p data-start=\"2005\" data-end=\"2034\">Zawarto\u015b\u0107 py\u0142u: poni\u017cej 1 %<\/p>\n<\/li>\n<li data-start=\"2035\" data-end=\"2056\">\n<p data-start=\"2037\" data-end=\"2056\">D\u0142ugo\u015b\u0107: 20\u201345 mm<\/p>\n<\/li>\n<li data-start=\"2057\" data-end=\"2075\">\n<p data-start=\"2059\" data-end=\"2075\">\u015arednica: 6 mm<\/p>\n<\/li>\n<li data-start=\"2076\" data-end=\"2098\">\n<p data-start=\"2078\" data-end=\"2098\">Opakowanie: paleta<\/p>\n<\/li>\n<li data-start=\"2099\" data-end=\"2123\">\n<p data-start=\"2101\" data-end=\"2123\">Pochodzenie: Francja<\/p>\n<\/li>\n<\/ul>\n\n    <div class=\"xs_social_share_widget xs_share_url after_content \t\tmain_content  wslu-style-1 wslu-share-box-shaped wslu-fill-colored wslu-none wslu-share-horizontal wslu-theme-font-no wslu-main_content\">\n\n\t\t\n        <ul>\n\t\t\t        <\/ul>\n    <\/div>","protected":false},"excerpt":{"rendered":"<p>Pellet drzewny DIN PELLETS z certyfikatem DIN Plus, w 100% z drewna iglastego.<\/p>\n<p>Wyprodukowano w p\u00f3\u0142nocnej Francji, aby zapewni\u0107 prawdziwie lokalny, wysokiej jako\u015bci produkt.<\/p>\n<div class=\"elementor-element elementor-element-2e394c9 elementor-widget elementor-widget-xts_title\" data-id=\"2e394c9\" data-element_type=\"widget\" data-widget_type=\"xts_title.default\">\n<div class=\"elementor-widget-container\">\n<div class=\"xts-section-heading xts-reset-mb-10 xts-reset-last xts-textalign-left\" data-animation-delay=\"\">\n<h4 class=\"xts-section-title title xts-design-default xts-fontsize-xs\"><span class=\"xts-section-title-text\" data-elementor-setting-key=\"title\">Profesjonalna obs\u0142uga klienta:<\/span><\/h4>\n<\/div>\n<\/div>\n<\/div>\n<div class=\"elementor-element elementor-element-4066510 elementor-icon-list--layout-traditional elementor-list-item-link-full_width elementor-widget elementor-widget-icon-list\" data-id=\"4066510\" data-element_type=\"widget\" data-widget_type=\"icon-list.default\">\n<div class=\"elementor-widget-container\">\n<ul class=\"elementor-icon-list-items\">\n<li class=\"elementor-icon-list-item\"><i class=\"fas fa-check\" aria-hidden=\"true\"><\/i><span class=\"elementor-icon-list-text\">Darmowa dostawa<\/span><\/li>\n<li class=\"elementor-icon-list-item\"><i class=\"fas fa-check\" aria-hidden=\"true\"><\/i><span class=\"elementor-icon-list-text\">Depozyt bez op\u0142at importowych i zwroty w ci\u0105gu 15 dni<\/span><\/li>\n<li class=\"elementor-icon-list-item\"><i class=\"fas fa-check\" aria-hidden=\"true\"><\/i><span class=\"elementor-icon-list-text\">Wysy\u0142ka\u00a0(3 DO 5 DNI)<\/span><\/li>\n<\/ul>\n<h5><strong><span class=\"xts-section-title-text\" data-elementor-setting-key=\"title\">Ochrona zakupu:\u00a0<\/span><\/strong><\/h5>\n<\/div>\n<\/div>\n<div class=\"elementor-element elementor-element-e8e4778 elementor-widget elementor-widget-xts_title\" data-id=\"e8e4778\" data-element_type=\"widget\" data-widget_type=\"xts_title.default\">\n<div class=\"elementor-widget-container\">\n<div class=\"xts-section-heading xts-reset-mb-10 xts-reset-last xts-textalign-left\" data-animation-delay=\"\">\n<div class=\"xts-after-add-to-cart\">\n<div class=\"elementor elementor-871\" data-elementor-type=\"wp-post\" data-elementor-id=\"871\">\n<section class=\"elementor-section elementor-top-section elementor-element elementor-element-f46d1d8 elementor-section-boxed elementor-section-height-default elementor-section-height-default xts-section-disabled\" data-id=\"f46d1d8\" data-element_type=\"section\">\n<div class=\"elementor-container elementor-column-gap-default\">\n<div class=\"elementor-column elementor-col-100 elementor-top-column elementor-element elementor-element-38daed2\" data-id=\"38daed2\" data-element_type=\"column\">\n<div class=\"elementor-widget-wrap elementor-element-populated\">\n<div class=\"elementor-element elementor-element-1a02a43 elementor-widget__width-auto elementor-widget elementor-widget-xts_image\" data-id=\"1a02a43\" data-element_type=\"widget\" data-widget_type=\"xts_image.default\">\n<div class=\"elementor-widget-container\">\n<div class=\"xts-image-single xts-textalign-left\">\n<figure class=\"xts-image\">\n<div class=\"xts-image-inner\"><img decoding=\"async\" class=\"attachment-full size-full wp-image-879\" src=\"https:\/\/drewnosprzedawca.pl\/wp-content\/uploads\/2020\/01\/vega-trust.jpg\" sizes=\"(max-width: 400px) 100vw, 400px\" srcset=\"https:\/\/drewnosprzedawca.pl\/wp-content\/uploads\/2020\/01\/vega-trust.jpg 400w, https:\/\/drewnosprzedawca.pl\/wp-content\/uploads\/2020\/01\/vega-trust-300x32.jpg 300w\" alt=\"\" width=\"400\" height=\"42\" \/><\/div>\n<\/figure>\n<\/div>\n<\/div>\n<\/div>\n<\/div>\n<\/div>\n<\/div>\n<\/section>\n<\/div>\n<\/div>\n<\/div>\n<\/div>\n<\/div>","protected":false},"featured_media":8478,"comment_status":"open","ping_status":"closed","template":"","meta":{"_uag_custom_page_level_css":""},"product_brand":[],"product_cat":[75],"product_tag":[],"class_list":{"0":"post-8457","1":"product","2":"type-product","3":"status-publish","4":"has-post-thumbnail","6":"product_cat-tanie-pelety-drzewne-i-pelety","8":"first","9":"instock","10":"sale","11":"shipping-taxable","12":"purchasable","13":"product-type-simple"},"aioseo_notices":[],"uagb_featured_image_src":{"full":["https:\/\/drewnonasprzedaz.pl\/wp-content\/uploads\/2026\/01\/PELLET-DIN-\u2013-PALETA-65-WORKOW-PO-15-KG.webp",800,800,false],"thumbnail":["https:\/\/drewnonasprzedaz.pl\/wp-content\/uploads\/2026\/01\/PELLET-DIN-\u2013-PALETA-65-WORKOW-PO-15-KG-150x150.webp",150,150,true],"medium":["https:\/\/drewnonasprzedaz.pl\/wp-content\/uploads\/2026\/01\/PELLET-DIN-\u2013-PALETA-65-WORKOW-PO-15-KG-300x300.webp",300,300,true],"medium_large":["https:\/\/drewnonasprzedaz.pl\/wp-content\/uploads\/2026\/01\/PELLET-DIN-\u2013-PALETA-65-WORKOW-PO-15-KG-768x768.webp",768,768,true],"large":["https:\/\/drewnonasprzedaz.pl\/wp-content\/uploads\/2026\/01\/PELLET-DIN-\u2013-PALETA-65-WORKOW-PO-15-KG.webp",800,800,false],"1536x1536":["https:\/\/drewnonasprzedaz.pl\/wp-content\/uploads\/2026\/01\/PELLET-DIN-\u2013-PALETA-65-WORKOW-PO-15-KG.webp",800,800,false],"2048x2048":["https:\/\/drewnonasprzedaz.pl\/wp-content\/uploads\/2026\/01\/PELLET-DIN-\u2013-PALETA-65-WORKOW-PO-15-KG.webp",800,800,false],"trp-custom-language-flag":["https:\/\/drewnonasprzedaz.pl\/wp-content\/uploads\/2026\/01\/PELLET-DIN-\u2013-PALETA-65-WORKOW-PO-15-KG.webp",12,12,false],"woodmart_shop_catalog_x2":["https:\/\/drewnonasprzedaz.pl\/wp-content\/uploads\/2026\/01\/PELLET-DIN-\u2013-PALETA-65-WORKOW-PO-15-KG.webp",800,800,false],"woocommerce_thumbnail":["https:\/\/drewnonasprzedaz.pl\/wp-content\/uploads\/2026\/01\/PELLET-DIN-\u2013-PALETA-65-WORKOW-PO-15-KG-430x430.webp",430,430,true],"woocommerce_single":["https:\/\/drewnonasprzedaz.pl\/wp-content\/uploads\/2026\/01\/PELLET-DIN-\u2013-PALETA-65-WORKOW-PO-15-KG-700x700.webp",700,700,true],"woocommerce_gallery_thumbnail":["https:\/\/drewnonasprzedaz.pl\/wp-content\/uploads\/2026\/01\/PELLET-DIN-\u2013-PALETA-65-WORKOW-PO-15-KG-150x150.webp",150,150,true],"variation_swatches_image_size":["https:\/\/drewnonasprzedaz.pl\/wp-content\/uploads\/2026\/01\/PELLET-DIN-\u2013-PALETA-65-WORKOW-PO-15-KG-50x50.webp",50,50,true],"variation_swatches_tooltip_size":["https:\/\/drewnonasprzedaz.pl\/wp-content\/uploads\/2026\/01\/PELLET-DIN-\u2013-PALETA-65-WORKOW-PO-15-KG-100x100.webp",100,100,true],"yith-woocompare-image":["https:\/\/drewnonasprzedaz.pl\/wp-content\/uploads\/2026\/01\/PELLET-DIN-\u2013-PALETA-65-WORKOW-PO-15-KG-220x154.webp",220,154,true]},"uagb_author_info":{"display_name":"danwinrodolpho@gmail.com","author_link":"https:\/\/drewnonasprzedaz.pl\/pl\/author\/"},"uagb_comment_info":0,"uagb_excerpt":"Pellet drzewny DIN PELLETS z certyfikatem DIN Plus, w 100% z drewna iglastego. Wyprodukowano w p\u00f3\u0142nocnej Francji, aby zapewni\u0107 prawdziwie lokalny, wysokiej jako\u015bci produkt. Profesjonalna obs\u0142uga klienta: Darmowa dostawa Depozyt bez op\u0142at importowych i zwroty w ci\u0105gu 15 dni Wysy\u0142ka\u00a0(3 DO 5 DNI) Ochrona zakupu:\u00a0","_links":{"self":[{"href":"https:\/\/drewnonasprzedaz.pl\/pl\/wp-json\/wp\/v2\/product\/8457","targetHints":{"allow":["GET"]}}],"collection":[{"href":"https:\/\/drewnonasprzedaz.pl\/pl\/wp-json\/wp\/v2\/product"}],"about":[{"href":"https:\/\/drewnonasprzedaz.pl\/pl\/wp-json\/wp\/v2\/types\/product"}],"replies":[{"embeddable":true,"href":"https:\/\/drewnonasprzedaz.pl\/pl\/wp-json\/wp\/v2\/comments?post=8457"}],"version-history":[{"count":1,"href":"https:\/\/drewnonasprzedaz.pl\/pl\/wp-json\/wp\/v2\/product\/8457\/revisions"}],"predecessor-version":[{"id":8479,"href":"https:\/\/drewnonasprzedaz.pl\/pl\/wp-json\/wp\/v2\/product\/8457\/revisions\/8479"}],"wp:featuredmedia":[{"embeddable":true,"href":"https:\/\/drewnonasprzedaz.pl\/pl\/wp-json\/wp\/v2\/media\/8478"}],"wp:attachment":[{"href":"https:\/\/drewnonasprzedaz.pl\/pl\/wp-json\/wp\/v2\/media?parent=8457"}],"wp:term":[{"taxonomy":"product_brand","embeddable":true,"href":"https:\/\/drewnonasprzedaz.pl\/pl\/wp-json\/wp\/v2\/product_brand?post=8457"},{"taxonomy":"product_cat","embeddable":true,"href":"https:\/\/drewnonasprzedaz.pl\/pl\/wp-json\/wp\/v2\/product_cat?post=8457"},{"taxonomy":"product_tag","embeddable":true,"href":"https:\/\/drewnonasprzedaz.pl\/pl\/wp-json\/wp\/v2\/product_tag?post=8457"}],"curies":[{"name":"wp","href":"https:\/\/api.w.org\/{rel}","templated":true}]}}