{"id":8458,"date":"2026-01-21T04:02:47","date_gmt":"2026-01-21T04:02:47","guid":{"rendered":"https:\/\/drewnonasprzedaz.pl\/?post_type=product&#038;p=8458"},"modified":"2026-01-21T04:07:13","modified_gmt":"2026-01-21T04:07:13","slug":"pellet-ardenforest-paleta-70-workow-po-15-kg","status":"publish","type":"product","link":"https:\/\/drewnonasprzedaz.pl\/pl\/produkt\/pellet-ardenforest-paleta-70-workow-po-15-kg\/","title":{"rendered":"Pellet Ardenforest \u2013 Paleta 70 work\u00f3w po 15 kg"},"content":{"rendered":"<p>Pellet drzewny Ardenforest \u2013 Paleta 70 work\u00f3w x 15 kg<\/p>\n<p>Pelet drzewny Ardenforest wyr\u00f3\u017cnia si\u0119 certyfikatem DIN Plus i produkcj\u0105 w regionie Szampanii-Arden\u00f3w. Charakteryzuje si\u0119 starannie dobran\u0105 mieszank\u0105 drewna iglastego i li\u015bciastego, zapewniaj\u0105c\u0105 optymaln\u0105 moc ciepln\u0105.<\/p>\n<p>Zgodnie ze swoj\u0105 reputacj\u0105 wysokiej jako\u015bci, pelet ten idealnie nadaje si\u0119 do wszystkich system\u00f3w ogrzewania na pelet, zar\u00f3wno piec\u00f3w, wk\u0142ad\u00f3w kominkowych, jak i kot\u0142\u00f3w. Mieszanka drewna iglastego i li\u015bciastego stanowi atrakcyjn\u0105 alternatyw\u0119, udowadniaj\u0105c, \u017ce 100% drewna iglastego nie jest konieczno\u015bci\u0105. Wypr\u00f3buj t\u0119 mieszank\u0119, kt\u00f3ra nie tylko zapobiegnie zapychaniu si\u0119 systemu grzewczego, ale tak\u017ce zagwarantuje sta\u0142e ciep\u0142o i szybkie nagrzewanie.<\/p>\n<p>Mo\u017cliwo\u015b\u0107 ogrzewania peletem, kt\u00f3ry nie sk\u0142ada si\u0119 wy\u0142\u0105cznie z drewna iglastego, jest cz\u0119sto pomijana. Mieszanka drewna li\u015bciastego i iglastego tworzy naturalne wi\u0105zanie w pelecie, zapobiegaj\u0105c p\u0119kaniu podczas kompresji i transportu do podajnika.<\/p>\n<p>Pochodzenie drewna ma kluczowe znaczenie dla \u015brodowiska. Wyb\u00f3r peletu Ardenforest, produkowanego lokalnie w regionie Szampanii-Arden\u00f3w, pomaga zmniejszy\u0107 \u015blad w\u0119glowy, a tym samym ograniczy\u0107 emisj\u0119 CO2 zwi\u0105zan\u0105 z transportem.<\/p>\n<p>Kluczowe kryteria definiuj\u0105ce dobry pelet to wilgotno\u015b\u0107 poni\u017cej 10%, zawarto\u015b\u0107 popio\u0142u poni\u017cej 0,7%, zawarto\u015b\u0107 py\u0142u poni\u017cej 0,5% oraz warto\u015b\u0107 opa\u0142owa powy\u017cej 4,6 kWh\/kg. Pelet drzewny Ardenforest spe\u0142nia te normy, zapewniaj\u0105c optymaln\u0105 jako\u015b\u0107 i maksymaln\u0105 efektywno\u015b\u0107 energetyczn\u0105.<\/p>\n<p>Podsumowuj\u0105c, wyb\u00f3r peletu drzewnego Ardenforest oznacza wyb\u00f3r jako\u015bci, zr\u00f3wnowa\u017conego rozwoju i wydajno\u015bci. Ciesz si\u0119 niezawodnym \u017ar\u00f3d\u0142em ciep\u0142a, przyczyniaj\u0105c si\u0119 jednocze\u015bnie do ochrony \u015brodowiska. Dzi\u0119ki przemy\u015blanemu po\u0142\u0105czeniu drewna iglastego i li\u015bciastego, pelety te stanowi\u0105 ekologiczne i wydajne rozwi\u0105zanie dla Twoich potrzeb grzewczych.<\/p>\n\n    <div class=\"xs_social_share_widget xs_share_url after_content \t\tmain_content  wslu-style-1 wslu-share-box-shaped wslu-fill-colored wslu-none wslu-share-horizontal wslu-theme-font-no wslu-main_content\">\n\n\t\t\n        <ul>\n\t\t\t        <\/ul>\n    <\/div>","protected":false},"excerpt":{"rendered":"<p>Pellet drzewny ARDENFOREST posiada certyfikat DIN Plus i jest produkowany w regionie Szampania-Ardeny we Francji.<\/p>\n<p>Pelet ten sk\u0142ada si\u0119 w 70% z drewna iglastego i w 30% z drewna li\u015bciastego, co zapewnia r\u00f3wnomierne ciep\u0142o i efektywne spalanie.<\/p>\n<div class=\"elementor-element elementor-element-2e394c9 elementor-widget elementor-widget-xts_title\" data-id=\"2e394c9\" data-element_type=\"widget\" data-widget_type=\"xts_title.default\">\n<div class=\"elementor-widget-container\">\n<div class=\"xts-section-heading xts-reset-mb-10 xts-reset-last xts-textalign-left\" data-animation-delay=\"\">\n<h4 class=\"xts-section-title title xts-design-default xts-fontsize-xs\"><span class=\"xts-section-title-text\" data-elementor-setting-key=\"title\">Profesjonalna obs\u0142uga klienta:<\/span><\/h4>\n<\/div>\n<\/div>\n<\/div>\n<div class=\"elementor-element elementor-element-4066510 elementor-icon-list--layout-traditional elementor-list-item-link-full_width elementor-widget elementor-widget-icon-list\" data-id=\"4066510\" data-element_type=\"widget\" data-widget_type=\"icon-list.default\">\n<div class=\"elementor-widget-container\">\n<ul class=\"elementor-icon-list-items\">\n<li class=\"elementor-icon-list-item\"><i class=\"fas fa-check\" aria-hidden=\"true\"><\/i><span class=\"elementor-icon-list-text\">Darmowa dostawa<\/span><\/li>\n<li class=\"elementor-icon-list-item\"><i class=\"fas fa-check\" aria-hidden=\"true\"><\/i><span class=\"elementor-icon-list-text\">Depozyt bez op\u0142at importowych i zwroty w ci\u0105gu 15 dni<\/span><\/li>\n<li class=\"elementor-icon-list-item\"><i class=\"fas fa-check\" aria-hidden=\"true\"><\/i><span class=\"elementor-icon-list-text\">Wysy\u0142ka\u00a0(3 DO 5 DNI)<\/span><\/li>\n<\/ul>\n<h5><strong><span class=\"xts-section-title-text\" data-elementor-setting-key=\"title\">Ochrona zakupu:\u00a0<\/span><\/strong><\/h5>\n<\/div>\n<\/div>\n<div class=\"elementor-element elementor-element-e8e4778 elementor-widget elementor-widget-xts_title\" data-id=\"e8e4778\" data-element_type=\"widget\" data-widget_type=\"xts_title.default\">\n<div class=\"elementor-widget-container\">\n<div class=\"xts-section-heading xts-reset-mb-10 xts-reset-last xts-textalign-left\" data-animation-delay=\"\">\n<div class=\"xts-after-add-to-cart\">\n<div class=\"elementor elementor-871\" data-elementor-type=\"wp-post\" data-elementor-id=\"871\">\n<section class=\"elementor-section elementor-top-section elementor-element elementor-element-f46d1d8 elementor-section-boxed elementor-section-height-default elementor-section-height-default xts-section-disabled\" data-id=\"f46d1d8\" data-element_type=\"section\">\n<div class=\"elementor-container elementor-column-gap-default\">\n<div class=\"elementor-column elementor-col-100 elementor-top-column elementor-element elementor-element-38daed2\" data-id=\"38daed2\" data-element_type=\"column\">\n<div class=\"elementor-widget-wrap elementor-element-populated\">\n<div class=\"elementor-element elementor-element-1a02a43 elementor-widget__width-auto elementor-widget elementor-widget-xts_image\" data-id=\"1a02a43\" data-element_type=\"widget\" data-widget_type=\"xts_image.default\">\n<div class=\"elementor-widget-container\">\n<div class=\"xts-image-single xts-textalign-left\">\n<figure class=\"xts-image\">\n<div class=\"xts-image-inner\"><img decoding=\"async\" class=\"attachment-full size-full wp-image-879\" src=\"https:\/\/drewnosprzedawca.pl\/wp-content\/uploads\/2020\/01\/vega-trust.jpg\" sizes=\"(max-width: 400px) 100vw, 400px\" srcset=\"https:\/\/drewnosprzedawca.pl\/wp-content\/uploads\/2020\/01\/vega-trust.jpg 400w, https:\/\/drewnosprzedawca.pl\/wp-content\/uploads\/2020\/01\/vega-trust-300x32.jpg 300w\" alt=\"\" width=\"400\" height=\"42\" \/><\/div>\n<\/figure>\n<\/div>\n<\/div>\n<\/div>\n<\/div>\n<\/div>\n<\/div>\n<\/section>\n<\/div>\n<\/div>\n<\/div>\n<\/div>\n<\/div>","protected":false},"featured_media":8485,"comment_status":"open","ping_status":"closed","template":"","meta":{"_uag_custom_page_level_css":""},"product_brand":[],"product_cat":[75],"product_tag":[],"class_list":{"0":"post-8458","1":"product","2":"type-product","3":"status-publish","4":"has-post-thumbnail","6":"product_cat-tanie-pelety-drzewne-i-pelety","8":"first","9":"instock","10":"shipping-taxable","11":"purchasable","12":"product-type-simple"},"aioseo_notices":[],"uagb_featured_image_src":{"full":["https:\/\/drewnonasprzedaz.pl\/wp-content\/uploads\/2026\/01\/Pellet-Ardenforest-\u2013-Paleta-70-workow-po-15-kg.webp",800,800,false],"thumbnail":["https:\/\/drewnonasprzedaz.pl\/wp-content\/uploads\/2026\/01\/Pellet-Ardenforest-\u2013-Paleta-70-workow-po-15-kg-150x150.webp",150,150,true],"medium":["https:\/\/drewnonasprzedaz.pl\/wp-content\/uploads\/2026\/01\/Pellet-Ardenforest-\u2013-Paleta-70-workow-po-15-kg-300x300.webp",300,300,true],"medium_large":["https:\/\/drewnonasprzedaz.pl\/wp-content\/uploads\/2026\/01\/Pellet-Ardenforest-\u2013-Paleta-70-workow-po-15-kg-768x768.webp",768,768,true],"large":["https:\/\/drewnonasprzedaz.pl\/wp-content\/uploads\/2026\/01\/Pellet-Ardenforest-\u2013-Paleta-70-workow-po-15-kg.webp",800,800,false],"1536x1536":["https:\/\/drewnonasprzedaz.pl\/wp-content\/uploads\/2026\/01\/Pellet-Ardenforest-\u2013-Paleta-70-workow-po-15-kg.webp",800,800,false],"2048x2048":["https:\/\/drewnonasprzedaz.pl\/wp-content\/uploads\/2026\/01\/Pellet-Ardenforest-\u2013-Paleta-70-workow-po-15-kg.webp",800,800,false],"trp-custom-language-flag":["https:\/\/drewnonasprzedaz.pl\/wp-content\/uploads\/2026\/01\/Pellet-Ardenforest-\u2013-Paleta-70-workow-po-15-kg.webp",12,12,false],"woodmart_shop_catalog_x2":["https:\/\/drewnonasprzedaz.pl\/wp-content\/uploads\/2026\/01\/Pellet-Ardenforest-\u2013-Paleta-70-workow-po-15-kg.webp",800,800,false],"woocommerce_thumbnail":["https:\/\/drewnonasprzedaz.pl\/wp-content\/uploads\/2026\/01\/Pellet-Ardenforest-\u2013-Paleta-70-workow-po-15-kg-430x430.webp",430,430,true],"woocommerce_single":["https:\/\/drewnonasprzedaz.pl\/wp-content\/uploads\/2026\/01\/Pellet-Ardenforest-\u2013-Paleta-70-workow-po-15-kg-700x700.webp",700,700,true],"woocommerce_gallery_thumbnail":["https:\/\/drewnonasprzedaz.pl\/wp-content\/uploads\/2026\/01\/Pellet-Ardenforest-\u2013-Paleta-70-workow-po-15-kg-150x150.webp",150,150,true],"variation_swatches_image_size":["https:\/\/drewnonasprzedaz.pl\/wp-content\/uploads\/2026\/01\/Pellet-Ardenforest-\u2013-Paleta-70-workow-po-15-kg-50x50.webp",50,50,true],"variation_swatches_tooltip_size":["https:\/\/drewnonasprzedaz.pl\/wp-content\/uploads\/2026\/01\/Pellet-Ardenforest-\u2013-Paleta-70-workow-po-15-kg-100x100.webp",100,100,true],"yith-woocompare-image":["https:\/\/drewnonasprzedaz.pl\/wp-content\/uploads\/2026\/01\/Pellet-Ardenforest-\u2013-Paleta-70-workow-po-15-kg-220x154.webp",220,154,true]},"uagb_author_info":{"display_name":"danwinrodolpho@gmail.com","author_link":"https:\/\/drewnonasprzedaz.pl\/pl\/author\/"},"uagb_comment_info":0,"uagb_excerpt":"Pellet drzewny ARDENFOREST posiada certyfikat DIN Plus i jest produkowany w regionie Szampania-Ardeny we Francji. Pelet ten sk\u0142ada si\u0119 w 70% z drewna iglastego i w 30% z drewna li\u015bciastego, co zapewnia r\u00f3wnomierne ciep\u0142o i efektywne spalanie. Profesjonalna obs\u0142uga klienta: Darmowa dostawa Depozyt bez op\u0142at importowych i zwroty w ci\u0105gu 15 dni Wysy\u0142ka\u00a0(3 DO 5&hellip;","_links":{"self":[{"href":"https:\/\/drewnonasprzedaz.pl\/pl\/wp-json\/wp\/v2\/product\/8458","targetHints":{"allow":["GET"]}}],"collection":[{"href":"https:\/\/drewnonasprzedaz.pl\/pl\/wp-json\/wp\/v2\/product"}],"about":[{"href":"https:\/\/drewnonasprzedaz.pl\/pl\/wp-json\/wp\/v2\/types\/product"}],"replies":[{"embeddable":true,"href":"https:\/\/drewnonasprzedaz.pl\/pl\/wp-json\/wp\/v2\/comments?post=8458"}],"version-history":[{"count":3,"href":"https:\/\/drewnonasprzedaz.pl\/pl\/wp-json\/wp\/v2\/product\/8458\/revisions"}],"predecessor-version":[{"id":8486,"href":"https:\/\/drewnonasprzedaz.pl\/pl\/wp-json\/wp\/v2\/product\/8458\/revisions\/8486"}],"wp:featuredmedia":[{"embeddable":true,"href":"https:\/\/drewnonasprzedaz.pl\/pl\/wp-json\/wp\/v2\/media\/8485"}],"wp:attachment":[{"href":"https:\/\/drewnonasprzedaz.pl\/pl\/wp-json\/wp\/v2\/media?parent=8458"}],"wp:term":[{"taxonomy":"product_brand","embeddable":true,"href":"https:\/\/drewnonasprzedaz.pl\/pl\/wp-json\/wp\/v2\/product_brand?post=8458"},{"taxonomy":"product_cat","embeddable":true,"href":"https:\/\/drewnonasprzedaz.pl\/pl\/wp-json\/wp\/v2\/product_cat?post=8458"},{"taxonomy":"product_tag","embeddable":true,"href":"https:\/\/drewnonasprzedaz.pl\/pl\/wp-json\/wp\/v2\/product_tag?post=8458"}],"curies":[{"name":"wp","href":"https:\/\/api.w.org\/{rel}","templated":true}]}}