{"id":8459,"date":"2026-01-21T04:04:03","date_gmt":"2026-01-21T04:04:03","guid":{"rendered":"https:\/\/drewnonasprzedaz.pl\/?post_type=product&#038;p=8459"},"modified":"2026-01-21T04:04:03","modified_gmt":"2026-01-21T04:04:03","slug":"pellet-badger-paleta-65-workow-po-15-kg","status":"publish","type":"product","link":"https:\/\/drewnonasprzedaz.pl\/pl\/produkt\/pellet-badger-paleta-65-workow-po-15-kg\/","title":{"rendered":"PELLET BADGER \u2013 PALETA 65 WORK\u00d3W PO 15 KG"},"content":{"rendered":"<p>PELLET BADGER \u2013 PALETA 65 WORK\u00d3W PO 15 KG \u2013 WYSOKIEJ JAKO\u015aCI PALETY BADGER<\/p>\n<p>Wysokiej jako\u015bci pellet Badger, pochodz\u0105cy z Belgii, uciele\u015bnia niezmiennie wysok\u0105 jako\u015b\u0107 w dziedzinie pelletu drzewnego. Wyprodukowany z drewna iglastego pochodz\u0105cego z las\u00f3w zarz\u0105dzanych w spos\u00f3b zr\u00f3wnowa\u017cony, pellet ten odzwierciedla nasze g\u0142\u0119bokie zaanga\u017cowanie w ochron\u0119 \u015brodowiska.<\/p>\n<p>W pe\u0142ni naturalny sk\u0142ad pelletu Badger, bez dodatku kleju i innych dodatk\u00f3w, spe\u0142nia rygorystyczne normy DIN Plus i EN Plus. Stale dbamy o jako\u015b\u0107 w ca\u0142ym procesie produkcyjnym, od pozyskiwania surowc\u00f3w po produkcj\u0119 pelletu, gwarantuj\u0105c w ten spos\u00f3b paliwo o wyj\u0105tkowej jako\u015bci.<\/p>\n<p>Wybieraj\u0105c pellet Badger, wybieraj\u0105 Pa\u0144stwo niezawodne i wydajne paliwo, specjalnie zaprojektowane tak, aby dostosowa\u0107 si\u0119 do Pa\u0144stwa systemu grzewczego bez ryzyka zatkania. Niezawodno\u015b\u0107 naszych pellet\u00f3w jest poparta regularn\u0105 kontrol\u0105 jako\u015bci, zapewniaj\u0105c\u0105 sta\u0142\u0105 jako\u015b\u0107 i wydajno\u015b\u0107 ka\u017cdej partii.<\/p>\n<p>Nasze zaanga\u017cowanie w ochron\u0119 \u015brodowiska znajduje r\u00f3wnie\u017c odzwierciedlenie w naszych opakowaniach pelletu. U\u017cywane worki wykonane s\u0105 z papieru pochodz\u0105cego z recyklingu, a ich konstrukcja sprzyja \u0142atwemu recyklingowi, dzi\u0119ki czemu mo\u017cna je z \u0142atwo\u015bci\u0105 wyrzuci\u0107 do pojemnika na papier.<\/p>\n<p>Wybieraj\u0105c pellet Badger, decydujesz si\u0119 na produkt premium, kt\u00f3ry sprawdza si\u0119 na rynku od ponad 10 lat. Nasza d\u0142ugoletnia obecno\u015b\u0107 na rynku \u015bwiadczy o zaufaniu i zadowoleniu naszych klient\u00f3w, potwierdzaj\u0105c niezr\u00f3wnan\u0105 jako\u015b\u0107 naszego pelletu drzewnego.<\/p>\n<p>Podsumowuj\u0105c, wysokiej jako\u015bci pellet Badger to nie tylko wyb\u00f3r paliwa, ale tak\u017ce deklaracja doskona\u0142o\u015bci, zr\u00f3wnowa\u017conego rozwoju i poszanowania \u015brodowiska. Wybierz niezawodne i przyjazne dla \u015brodowiska ogrzewanie z naszym pelletem Badger, kt\u00f3ry od ponad dekady jest wyznacznikiem jako\u015bci w bran\u017cy pelletu drzewnego.<\/p>\n<p>Dane techniczne<br \/>\nSk\u0142ad: 100% drewno iglaste<br \/>\nCertyfikaty: DIN Plus, EN Plus A1<br \/>\nWarto\u015b\u0107 opa\u0142owa: powy\u017cej 4,6 kWh\/kg<br \/>\nZawarto\u015b\u0107 wilgoci: poni\u017cej 10%<br \/>\nZawarto\u015b\u0107 popio\u0142u: poni\u017cej 0,7%<br \/>\nZawarto\u015b\u0107 py\u0142u: poni\u017cej 0,5%<br \/>\n\u015arednica: 6 mm<br \/>\nOpakowanie: Paleta<br \/>\nPochodzenie: Belgia<\/p>\n\n    <div class=\"xs_social_share_widget xs_share_url after_content \t\tmain_content  wslu-style-1 wslu-share-box-shaped wslu-fill-colored wslu-none wslu-share-horizontal wslu-theme-font-no wslu-main_content\">\n\n\t\t\n        <ul>\n\t\t\t        <\/ul>\n    <\/div>","protected":false},"excerpt":{"rendered":"<p>Pellet drzewny BADGER z certyfikatem DIN Plus, w 100% z drewna iglastego.<\/p>\n<p>Wygodne worki wykonane s\u0105 z papieru pochodz\u0105cego z recyklingu.<\/p>\n<p>Pelet drzewny BADGER cieszy si\u0119 ugruntowan\u0105 reputacj\u0105 i jest znany na rynku od wielu lat.<\/p>\n<div class=\"elementor-element elementor-element-2e394c9 elementor-widget elementor-widget-xts_title\" data-id=\"2e394c9\" data-element_type=\"widget\" data-widget_type=\"xts_title.default\">\n<div class=\"elementor-widget-container\">\n<div class=\"xts-section-heading xts-reset-mb-10 xts-reset-last xts-textalign-left\" data-animation-delay=\"\">\n<h4 class=\"xts-section-title title xts-design-default xts-fontsize-xs\"><span class=\"xts-section-title-text\" data-elementor-setting-key=\"title\">Profesjonalna obs\u0142uga klienta:<\/span><\/h4>\n<\/div>\n<\/div>\n<\/div>\n<div class=\"elementor-element elementor-element-4066510 elementor-icon-list--layout-traditional elementor-list-item-link-full_width elementor-widget elementor-widget-icon-list\" data-id=\"4066510\" data-element_type=\"widget\" data-widget_type=\"icon-list.default\">\n<div class=\"elementor-widget-container\">\n<ul class=\"elementor-icon-list-items\">\n<li class=\"elementor-icon-list-item\"><i class=\"fas fa-check\" aria-hidden=\"true\"><\/i><span class=\"elementor-icon-list-text\">Darmowa dostawa<\/span><\/li>\n<li class=\"elementor-icon-list-item\"><i class=\"fas fa-check\" aria-hidden=\"true\"><\/i><span class=\"elementor-icon-list-text\">Depozyt bez op\u0142at importowych i zwroty w ci\u0105gu 15 dni<\/span><\/li>\n<li class=\"elementor-icon-list-item\"><i class=\"fas fa-check\" aria-hidden=\"true\"><\/i><span class=\"elementor-icon-list-text\">Wysy\u0142ka\u00a0(3 DO 5 DNI)<\/span><\/li>\n<\/ul>\n<h5><strong><span class=\"xts-section-title-text\" data-elementor-setting-key=\"title\">Ochrona zakupu:\u00a0<\/span><\/strong><\/h5>\n<\/div>\n<\/div>\n<div class=\"elementor-element elementor-element-e8e4778 elementor-widget elementor-widget-xts_title\" data-id=\"e8e4778\" data-element_type=\"widget\" data-widget_type=\"xts_title.default\">\n<div class=\"elementor-widget-container\">\n<div class=\"xts-section-heading xts-reset-mb-10 xts-reset-last xts-textalign-left\" data-animation-delay=\"\">\n<div class=\"xts-after-add-to-cart\">\n<div class=\"elementor elementor-871\" data-elementor-type=\"wp-post\" data-elementor-id=\"871\">\n<section class=\"elementor-section elementor-top-section elementor-element elementor-element-f46d1d8 elementor-section-boxed elementor-section-height-default elementor-section-height-default xts-section-disabled\" data-id=\"f46d1d8\" data-element_type=\"section\">\n<div class=\"elementor-container elementor-column-gap-default\">\n<div class=\"elementor-column elementor-col-100 elementor-top-column elementor-element elementor-element-38daed2\" data-id=\"38daed2\" data-element_type=\"column\">\n<div class=\"elementor-widget-wrap elementor-element-populated\">\n<div class=\"elementor-element elementor-element-1a02a43 elementor-widget__width-auto elementor-widget elementor-widget-xts_image\" data-id=\"1a02a43\" data-element_type=\"widget\" data-widget_type=\"xts_image.default\">\n<div class=\"elementor-widget-container\">\n<div class=\"xts-image-single xts-textalign-left\">\n<figure class=\"xts-image\">\n<div class=\"xts-image-inner\"><img decoding=\"async\" class=\"attachment-full size-full wp-image-879\" src=\"https:\/\/drewnosprzedawca.pl\/wp-content\/uploads\/2020\/01\/vega-trust.jpg\" sizes=\"(max-width: 400px) 100vw, 400px\" srcset=\"https:\/\/drewnosprzedawca.pl\/wp-content\/uploads\/2020\/01\/vega-trust.jpg 400w, https:\/\/drewnosprzedawca.pl\/wp-content\/uploads\/2020\/01\/vega-trust-300x32.jpg 300w\" alt=\"\" width=\"400\" height=\"42\" \/><\/div>\n<\/figure>\n<\/div>\n<\/div>\n<\/div>\n<\/div>\n<\/div>\n<\/div>\n<\/section>\n<\/div>\n<\/div>\n<\/div>\n<\/div>\n<\/div>","protected":false},"featured_media":8480,"comment_status":"open","ping_status":"closed","template":"","meta":{"_uag_custom_page_level_css":""},"product_brand":[],"product_cat":[75],"product_tag":[],"class_list":{"0":"post-8459","1":"product","2":"type-product","3":"status-publish","4":"has-post-thumbnail","6":"product_cat-tanie-pelety-drzewne-i-pelety","8":"first","9":"instock","10":"sale","11":"shipping-taxable","12":"purchasable","13":"product-type-simple"},"aioseo_notices":[],"uagb_featured_image_src":{"full":["https:\/\/drewnonasprzedaz.pl\/wp-content\/uploads\/2026\/01\/PELLET-BADGER-\u2013-PALETA-65-WORKOW-PO-15-KG.webp",800,800,false],"thumbnail":["https:\/\/drewnonasprzedaz.pl\/wp-content\/uploads\/2026\/01\/PELLET-BADGER-\u2013-PALETA-65-WORKOW-PO-15-KG-150x150.webp",150,150,true],"medium":["https:\/\/drewnonasprzedaz.pl\/wp-content\/uploads\/2026\/01\/PELLET-BADGER-\u2013-PALETA-65-WORKOW-PO-15-KG-300x300.webp",300,300,true],"medium_large":["https:\/\/drewnonasprzedaz.pl\/wp-content\/uploads\/2026\/01\/PELLET-BADGER-\u2013-PALETA-65-WORKOW-PO-15-KG-768x768.webp",768,768,true],"large":["https:\/\/drewnonasprzedaz.pl\/wp-content\/uploads\/2026\/01\/PELLET-BADGER-\u2013-PALETA-65-WORKOW-PO-15-KG.webp",800,800,false],"1536x1536":["https:\/\/drewnonasprzedaz.pl\/wp-content\/uploads\/2026\/01\/PELLET-BADGER-\u2013-PALETA-65-WORKOW-PO-15-KG.webp",800,800,false],"2048x2048":["https:\/\/drewnonasprzedaz.pl\/wp-content\/uploads\/2026\/01\/PELLET-BADGER-\u2013-PALETA-65-WORKOW-PO-15-KG.webp",800,800,false],"trp-custom-language-flag":["https:\/\/drewnonasprzedaz.pl\/wp-content\/uploads\/2026\/01\/PELLET-BADGER-\u2013-PALETA-65-WORKOW-PO-15-KG.webp",12,12,false],"woodmart_shop_catalog_x2":["https:\/\/drewnonasprzedaz.pl\/wp-content\/uploads\/2026\/01\/PELLET-BADGER-\u2013-PALETA-65-WORKOW-PO-15-KG.webp",800,800,false],"woocommerce_thumbnail":["https:\/\/drewnonasprzedaz.pl\/wp-content\/uploads\/2026\/01\/PELLET-BADGER-\u2013-PALETA-65-WORKOW-PO-15-KG-430x430.webp",430,430,true],"woocommerce_single":["https:\/\/drewnonasprzedaz.pl\/wp-content\/uploads\/2026\/01\/PELLET-BADGER-\u2013-PALETA-65-WORKOW-PO-15-KG-700x700.webp",700,700,true],"woocommerce_gallery_thumbnail":["https:\/\/drewnonasprzedaz.pl\/wp-content\/uploads\/2026\/01\/PELLET-BADGER-\u2013-PALETA-65-WORKOW-PO-15-KG-150x150.webp",150,150,true],"variation_swatches_image_size":["https:\/\/drewnonasprzedaz.pl\/wp-content\/uploads\/2026\/01\/PELLET-BADGER-\u2013-PALETA-65-WORKOW-PO-15-KG-50x50.webp",50,50,true],"variation_swatches_tooltip_size":["https:\/\/drewnonasprzedaz.pl\/wp-content\/uploads\/2026\/01\/PELLET-BADGER-\u2013-PALETA-65-WORKOW-PO-15-KG-100x100.webp",100,100,true],"yith-woocompare-image":["https:\/\/drewnonasprzedaz.pl\/wp-content\/uploads\/2026\/01\/PELLET-BADGER-\u2013-PALETA-65-WORKOW-PO-15-KG-220x154.webp",220,154,true]},"uagb_author_info":{"display_name":"danwinrodolpho@gmail.com","author_link":"https:\/\/drewnonasprzedaz.pl\/pl\/author\/"},"uagb_comment_info":0,"uagb_excerpt":"Pellet drzewny BADGER z certyfikatem DIN Plus, w 100% z drewna iglastego. Wygodne worki wykonane s\u0105 z papieru pochodz\u0105cego z recyklingu. Pelet drzewny BADGER cieszy si\u0119 ugruntowan\u0105 reputacj\u0105 i jest znany na rynku od wielu lat. Profesjonalna obs\u0142uga klienta: Darmowa dostawa Depozyt bez op\u0142at importowych i zwroty w ci\u0105gu 15 dni Wysy\u0142ka\u00a0(3 DO 5 DNI)&hellip;","_links":{"self":[{"href":"https:\/\/drewnonasprzedaz.pl\/pl\/wp-json\/wp\/v2\/product\/8459","targetHints":{"allow":["GET"]}}],"collection":[{"href":"https:\/\/drewnonasprzedaz.pl\/pl\/wp-json\/wp\/v2\/product"}],"about":[{"href":"https:\/\/drewnonasprzedaz.pl\/pl\/wp-json\/wp\/v2\/types\/product"}],"replies":[{"embeddable":true,"href":"https:\/\/drewnonasprzedaz.pl\/pl\/wp-json\/wp\/v2\/comments?post=8459"}],"version-history":[{"count":1,"href":"https:\/\/drewnonasprzedaz.pl\/pl\/wp-json\/wp\/v2\/product\/8459\/revisions"}],"predecessor-version":[{"id":8484,"href":"https:\/\/drewnonasprzedaz.pl\/pl\/wp-json\/wp\/v2\/product\/8459\/revisions\/8484"}],"wp:featuredmedia":[{"embeddable":true,"href":"https:\/\/drewnonasprzedaz.pl\/pl\/wp-json\/wp\/v2\/media\/8480"}],"wp:attachment":[{"href":"https:\/\/drewnonasprzedaz.pl\/pl\/wp-json\/wp\/v2\/media?parent=8459"}],"wp:term":[{"taxonomy":"product_brand","embeddable":true,"href":"https:\/\/drewnonasprzedaz.pl\/pl\/wp-json\/wp\/v2\/product_brand?post=8459"},{"taxonomy":"product_cat","embeddable":true,"href":"https:\/\/drewnonasprzedaz.pl\/pl\/wp-json\/wp\/v2\/product_cat?post=8459"},{"taxonomy":"product_tag","embeddable":true,"href":"https:\/\/drewnonasprzedaz.pl\/pl\/wp-json\/wp\/v2\/product_tag?post=8459"}],"curies":[{"name":"wp","href":"https:\/\/api.w.org\/{rel}","templated":true}]}}