{"id":8491,"date":"2026-01-21T18:49:29","date_gmt":"2026-01-21T18:49:29","guid":{"rendered":"https:\/\/drewnonasprzedaz.pl\/?post_type=product&#038;p=8491"},"modified":"2026-01-22T02:12:34","modified_gmt":"2026-01-22T02:12:34","slug":"defro-orti-kominek-piec-piecyk-na-drewno-9kw-czarny-eko","status":"publish","type":"product","link":"https:\/\/drewnonasprzedaz.pl\/pl\/produkt\/defro-orti-kominek-piec-piecyk-na-drewno-9kw-czarny-eko\/","title":{"rendered":"Defro Orti kominek piec piecyk na drewno 9kW czarny EKO"},"content":{"rendered":"<table>\n<tbody>\n<tr>\n<td colspan=\"2\"><strong>Dane techniczne:<\/strong><\/td>\n<\/tr>\n<tr>\n<td>Moc nominalna:<\/td>\n<td><strong>9 kW<\/strong><\/td>\n<\/tr>\n<tr>\n<td>Zakres mocy:<\/td>\n<td><strong>3,6 \u2013 10,8 kW<\/strong><\/td>\n<\/tr>\n<tr>\n<td>Klasa efektywno\u015bci energetycznej:<\/td>\n<td><strong>A<\/strong><\/td>\n<\/tr>\n<tr>\n<td>\u015arednica czopucha:<\/td>\n<td><strong>148 mm<\/strong><\/td>\n<\/tr>\n<tr>\n<td>Sprawno\u015b\u0107:<\/td>\n<td><strong>75,5%<\/strong><\/td>\n<\/tr>\n<tr>\n<td>Emisja CO\u00a0przy 13% O2:<\/td>\n<td><strong>0,09%<\/strong><\/td>\n<\/tr>\n<tr>\n<td>Temperatura spalin:<\/td>\n<td><strong>310\u00b0C<\/strong><\/td>\n<\/tr>\n<tr>\n<td>Ci\u0105g kominowy:<\/td>\n<td><strong>12\u00b12 Pa<\/strong><\/td>\n<\/tr>\n<tr>\n<td>Maksymalna d\u0142ugo\u015b\u0107 polan:<\/td>\n<td><strong>400 mm<\/strong><\/td>\n<\/tr>\n<tr>\n<td>\u015arednica dolotu powietrza:<\/td>\n<td><strong>125 mm<\/strong><\/td>\n<\/tr>\n<tr>\n<td>Gwarancja:<\/td>\n<td><strong>5 lat<\/strong><\/td>\n<\/tr>\n<tr>\n<td>Waga:<\/td>\n<td><strong>170 kg<\/strong><\/td>\n<\/tr>\n<\/tbody>\n<\/table>\n<p>&nbsp;<\/p>\n<h1>Defro Orti kominek piec piecyk na drewno 9kW czarny EKO<\/h1>\n<p>&nbsp;<\/p>\n<p><strong>Kominek na drewno 9kW od Defro home.\u00a0<\/strong>Defro home to jeden z wi\u0119kszych producent\u00f3w urz\u0105dze\u0144 grzewczych w Europie. Firma oferuje kot\u0142y c.o. na biomas\u0119, wk\u0142ady kominkowe i piecyki pelletowe. Dynamiczny rozw\u00f3j przedsi\u0119biorstwa pozwoli\u0142 na rozbudowanie oferty o kolejne projekty. Firma oferuje r\u00f3wnie\u017c asortyment armatury instalacyjnej.<\/p>\n<p>Firma\u00a0<b>Defro<\/b>\u00a0zajmuje si\u0119 produkcj\u0105 piec\u00f3w w ca\u0142o\u015bci w Polsce. Ich\u00a0<b>ponad 20 letnie do\u015bwiadczenie<\/b>\u00a0pozwoli\u0142o stworzy\u0107 gam\u0119 urz\u0105dze\u0144 idealnie odpowiadaj\u0105c\u0105 na potrzeby klient\u00f3w.<img fetchpriority=\"high\" decoding=\"async\" class=\"wp-image-20178 size-large aligncenter lazyautosizes lazyloaded\" src=\"https:\/\/epiecyki.pl\/wp-content\/uploads\/2023\/04\/Piec-Kominek-wolnostojacy-na-drewno-DEFRO-HOME-ORTI-9-kW-1024x576.jpg.webp\" sizes=\"800px\" srcset=\"https:\/\/epiecyki.pl\/wp-content\/uploads\/2023\/04\/Piec-Kominek-wolnostojacy-na-drewno-DEFRO-HOME-ORTI-9-kW-1024x576.jpg.webp 1024w, https:\/\/epiecyki.pl\/wp-content\/uploads\/2023\/04\/Piec-Kominek-wolnostojacy-na-drewno-DEFRO-HOME-ORTI-9-kW-300x169.jpg.webp 300w, https:\/\/epiecyki.pl\/wp-content\/uploads\/2023\/04\/Piec-Kominek-wolnostojacy-na-drewno-DEFRO-HOME-ORTI-9-kW-768x432.jpg.webp 768w, https:\/\/epiecyki.pl\/wp-content\/uploads\/2023\/04\/Piec-Kominek-wolnostojacy-na-drewno-DEFRO-HOME-ORTI-9-kW-1536x864.jpg.webp 1536w, https:\/\/epiecyki.pl\/wp-content\/uploads\/2023\/04\/Piec-Kominek-wolnostojacy-na-drewno-DEFRO-HOME-ORTI-9-kW-600x338.jpg.webp 600w, https:\/\/epiecyki.pl\/wp-content\/uploads\/2023\/04\/Piec-Kominek-wolnostojacy-na-drewno-DEFRO-HOME-ORTI-9-kW.jpg.webp 1600w\" alt=\"Piec Kominek wolnostoj\u0105cy na drewno DEFRO HOME ORTI 9 kW\" width=\"800\" height=\"450\" data-src=\"https:\/\/epiecyki.pl\/wp-content\/uploads\/2023\/04\/Piec-Kominek-wolnostojacy-na-drewno-DEFRO-HOME-ORTI-9-kW-1024x576.jpg.webp\" data-srcset=\"https:\/\/epiecyki.pl\/wp-content\/uploads\/2023\/04\/Piec-Kominek-wolnostojacy-na-drewno-DEFRO-HOME-ORTI-9-kW-1024x576.jpg.webp 1024w, https:\/\/epiecyki.pl\/wp-content\/uploads\/2023\/04\/Piec-Kominek-wolnostojacy-na-drewno-DEFRO-HOME-ORTI-9-kW-300x169.jpg.webp 300w, https:\/\/epiecyki.pl\/wp-content\/uploads\/2023\/04\/Piec-Kominek-wolnostojacy-na-drewno-DEFRO-HOME-ORTI-9-kW-768x432.jpg.webp 768w, https:\/\/epiecyki.pl\/wp-content\/uploads\/2023\/04\/Piec-Kominek-wolnostojacy-na-drewno-DEFRO-HOME-ORTI-9-kW-1536x864.jpg.webp 1536w, https:\/\/epiecyki.pl\/wp-content\/uploads\/2023\/04\/Piec-Kominek-wolnostojacy-na-drewno-DEFRO-HOME-ORTI-9-kW-600x338.jpg.webp 600w, https:\/\/epiecyki.pl\/wp-content\/uploads\/2023\/04\/Piec-Kominek-wolnostojacy-na-drewno-DEFRO-HOME-ORTI-9-kW.jpg.webp 1600w\" data-sizes=\"auto\" data-eio-rwidth=\"1024\" data-eio-rheight=\"576\" \/><\/p>\n<h2><strong>Kominek na drewno o mocy 9kW Defro Home Orti<\/strong><\/h2>\n<p><strong>Kominek na drewno Defro Home Orti<\/strong>\u00a0nowocze\u015bnie wygl\u0105daj\u0105cy piecyk z nowej kolekcji. Wertykalnie po\u0142o\u017cona szyba drzwi pozwala wydoby\u0107 pi\u0119kn\u0105 wizj\u0119 ognia.\u00a0<strong>Efektowne<\/strong>\u00a0zagi\u0119cia na froncie piecyka tworz\u0105 ram\u0119 wok\u00f3\u0142 widocznego paleniska, daj\u0105ce ca\u0142o\u015bci ciep\u0142ego wra\u017cenia. Nowoczesna i zwarta obudowa podkre\u015bla pi\u0119kno i funkcjonalno\u015b\u0107 tego modelu.<\/p>\n<p>&nbsp;<\/p>\n<p><img decoding=\"async\" class=\"wp-image-20155 size-full aligncenter lazyautosizes ls-is-cached lazyloaded\" src=\"https:\/\/epiecyki.pl\/wp-content\/uploads\/2023\/04\/Defro-gwarancja-5-lat.jpg.webp\" sizes=\"600px\" srcset=\"https:\/\/epiecyki.pl\/wp-content\/uploads\/2023\/04\/Defro-gwarancja-5-lat.jpg.webp 600w, https:\/\/epiecyki.pl\/wp-content\/uploads\/2023\/04\/Defro-gwarancja-5-lat-300x36.jpg.webp 300w\" alt=\"Defro, gwarancja 5 lat\" width=\"600\" height=\"71\" data-src=\"https:\/\/epiecyki.pl\/wp-content\/uploads\/2023\/04\/Defro-gwarancja-5-lat.jpg.webp\" data-srcset=\"https:\/\/epiecyki.pl\/wp-content\/uploads\/2023\/04\/Defro-gwarancja-5-lat.jpg.webp 600w, https:\/\/epiecyki.pl\/wp-content\/uploads\/2023\/04\/Defro-gwarancja-5-lat-300x36.jpg.webp 300w\" data-sizes=\"auto\" data-eio-rwidth=\"600\" data-eio-rheight=\"71\" \/><\/p>\n<p><img decoding=\"async\" class=\"wp-image-20154 size-full aligncenter lazyautosizes ls-is-cached lazyloaded\" src=\"https:\/\/epiecyki.pl\/wp-content\/uploads\/2023\/04\/Defro-zalety.jpg.webp\" sizes=\"500px\" srcset=\"https:\/\/epiecyki.pl\/wp-content\/uploads\/2023\/04\/Defro-zalety.jpg.webp 500w, https:\/\/epiecyki.pl\/wp-content\/uploads\/2023\/04\/Defro-zalety-300x54.jpg.webp 300w\" alt=\"Defro zalety\" width=\"500\" height=\"90\" data-src=\"https:\/\/epiecyki.pl\/wp-content\/uploads\/2023\/04\/Defro-zalety.jpg.webp\" data-srcset=\"https:\/\/epiecyki.pl\/wp-content\/uploads\/2023\/04\/Defro-zalety.jpg.webp 500w, https:\/\/epiecyki.pl\/wp-content\/uploads\/2023\/04\/Defro-zalety-300x54.jpg.webp 300w\" data-sizes=\"auto\" data-eio-rwidth=\"500\" data-eio-rheight=\"90\" \/><\/p>\n<p>&nbsp;<\/p>\n<h4><strong>Co to jest rekuperacja powietrza ?<\/strong><\/h4>\n<p><strong>Rekuperacja powietrza<\/strong>\u00a0to proces odzyskiwania ciep\u0142a z wywiewanego powietrza i przekazywanie go do \u015bwie\u017cego powietrza wprowadzanego do pomieszczenia. W przypadku piec\u00f3w, rekuperacja powietrza polega na odzyskiwaniu ciep\u0142a z powietrza wyprowadzanego z pomieszczenia przez wentylacj\u0119 mechaniczn\u0105 i wykorzystaniu go do podgrzewania powietrza nawiewanego z zewn\u0105trz. Dzi\u0119ki temu mo\u017cna obni\u017cy\u0107 koszty ogrzewania, poprawi\u0107 jako\u015b\u0107 powietrza w pomieszczeniu oraz zmniejszy\u0107 emisj\u0119 gaz\u00f3w cieplarnianych. To znaczy, \u017ce w piecach mo\u017cna stosowa\u0107 rekuperatory powietrza, kt\u00f3re pozwalaj\u0105 na odzyskiwanie ciep\u0142a z powietrza wyprowadzanego z pomieszczenia i wykorzystanie go do ogrzewania powietrza wprowadzanego do pomieszczenia.<\/p>\n<p><a href=\"https:\/\/en.wikipedia.org\/wiki\/European_Ecodesign_Directive\"><img loading=\"lazy\" decoding=\"async\" class=\"aligncenter wp-image-19315 size-full ls-is-cached lazyloaded\" src=\"https:\/\/epiecyki.pl\/wp-content\/uploads\/2023\/03\/Zrzut-ekranu-2023-03-27-121609.jpg.webp\" alt=\"\" width=\"209\" height=\"202\" data-src=\"https:\/\/epiecyki.pl\/wp-content\/uploads\/2023\/03\/Zrzut-ekranu-2023-03-27-121609.jpg.webp\" data-eio-rwidth=\"209\" data-eio-rheight=\"202\" \/><\/a><\/p>\n<h2>Co to jest ecodesign (ekoprojekt)?<\/h2>\n<p><b>Ecodesign<\/b>\u00a0\u2013 kluczowy aspekt dla ekologicznych piecyk\u00f3w wolnostoj\u0105cych.\u00a0<b>Ecodesign<\/b>\u00a0to nowatorskie podej\u015bcie projektowe, kt\u00f3rego celem jest minimalizacja wp\u0142ywu produkt\u00f3w na \u015brodowisko. W przypadku piecyk\u00f3w wolnostoj\u0105cych, ten standard ma kluczowe znaczenie.<b>\u00a0Dlaczego?<\/b>\u00a0Poniewa\u017c promuje produkcj\u0119 energooszcz\u0119dnych urz\u0105dze\u0144, redukuje emisj\u0119 szkodliwych substancji i stawia wysokie wymagania dotycz\u0105ce efektywno\u015bci energetycznej. Wszystko to przek\u0142ada si\u0119 na oszcz\u0119dno\u015bci energii i zmniejszenie koszt\u00f3w u\u017cytkowania. Warto r\u00f3wnie\u017c podkre\u015bli\u0107, \u017ce ekologiczne piecyki wp\u0142ywaj\u0105 pozytywnie na jako\u015b\u0107 powietrza oraz zdrowie publiczne. Wybieraj\u0105c\u00a0<b>ekoprojekt<\/b>, przyczyniasz si\u0119 do ochrony \u015brodowiska i cieszysz si\u0119 komfortem oraz korzy\u015bciami ekonomicznymi.<\/p>\n\n    <div class=\"xs_social_share_widget xs_share_url after_content \t\tmain_content  wslu-style-1 wslu-share-box-shaped wslu-fill-colored wslu-none wslu-share-horizontal wslu-theme-font-no wslu-main_content\">\n\n\t\t\n        <ul>\n\t\t\t        <\/ul>\n    <\/div>","protected":false},"excerpt":{"rendered":"<div class=\"elementor-element elementor-element-2e394c9 elementor-widget elementor-widget-xts_title\" data-id=\"2e394c9\" data-element_type=\"widget\" data-widget_type=\"xts_title.default\">\n<div class=\"elementor-widget-container\">\n<div class=\"xts-section-heading xts-reset-mb-10 xts-reset-last xts-textalign-left\" data-animation-delay=\"\">\n<h4 class=\"xts-section-title title xts-design-default xts-fontsize-xs\"><span class=\"xts-section-title-text\" data-elementor-setting-key=\"title\">Profesjonalna obs\u0142uga klienta:<\/span><\/h4>\n<\/div>\n<\/div>\n<\/div>\n<div class=\"elementor-element elementor-element-4066510 elementor-icon-list--layout-traditional elementor-list-item-link-full_width elementor-widget elementor-widget-icon-list\" data-id=\"4066510\" data-element_type=\"widget\" data-widget_type=\"icon-list.default\">\n<div class=\"elementor-widget-container\">\n<ul class=\"elementor-icon-list-items\">\n<li class=\"elementor-icon-list-item\"><i class=\"fas fa-check\" aria-hidden=\"true\"><\/i><span class=\"elementor-icon-list-text\">Darmowa dostawa<\/span><\/li>\n<li class=\"elementor-icon-list-item\"><i class=\"fas fa-check\" aria-hidden=\"true\"><\/i><span class=\"elementor-icon-list-text\">Depozyt bez op\u0142at importowych i zwroty w ci\u0105gu 15 dni<\/span><\/li>\n<li class=\"elementor-icon-list-item\"><i class=\"fas fa-check\" aria-hidden=\"true\"><\/i><span class=\"elementor-icon-list-text\">Wysy\u0142ka\u00a0(3 DO 5 DNI)<\/span><\/li>\n<\/ul>\n<h5><strong><span class=\"xts-section-title-text\" data-elementor-setting-key=\"title\">Ochrona zakupu:\u00a0<\/span><\/strong><\/h5>\n<\/div>\n<\/div>\n<div class=\"elementor-element elementor-element-e8e4778 elementor-widget elementor-widget-xts_title\" data-id=\"e8e4778\" data-element_type=\"widget\" data-widget_type=\"xts_title.default\">\n<div class=\"elementor-widget-container\">\n<div class=\"xts-section-heading xts-reset-mb-10 xts-reset-last xts-textalign-left\" data-animation-delay=\"\">\n<div class=\"xts-after-add-to-cart\">\n<div class=\"elementor elementor-871\" data-elementor-type=\"wp-post\" data-elementor-id=\"871\">\n<section class=\"elementor-section elementor-top-section elementor-element elementor-element-f46d1d8 elementor-section-boxed elementor-section-height-default elementor-section-height-default xts-section-disabled\" data-id=\"f46d1d8\" data-element_type=\"section\">\n<div class=\"elementor-container elementor-column-gap-default\">\n<div class=\"elementor-column elementor-col-100 elementor-top-column elementor-element elementor-element-38daed2\" data-id=\"38daed2\" data-element_type=\"column\">\n<div class=\"elementor-widget-wrap elementor-element-populated\">\n<div class=\"elementor-element elementor-element-1a02a43 elementor-widget__width-auto elementor-widget elementor-widget-xts_image\" data-id=\"1a02a43\" data-element_type=\"widget\" data-widget_type=\"xts_image.default\">\n<div class=\"elementor-widget-container\">\n<div class=\"xts-image-single xts-textalign-left\">\n<figure class=\"xts-image\">\n<div class=\"xts-image-inner\"><img loading=\"lazy\" decoding=\"async\" class=\"attachment-full size-full wp-image-879\" src=\"https:\/\/drewnosprzedawca.pl\/wp-content\/uploads\/2020\/01\/vega-trust.jpg\" sizes=\"(max-width: 400px) 100vw, 400px\" srcset=\"https:\/\/drewnosprzedawca.pl\/wp-content\/uploads\/2020\/01\/vega-trust.jpg 400w, https:\/\/drewnosprzedawca.pl\/wp-content\/uploads\/2020\/01\/vega-trust-300x32.jpg 300w\" alt=\"\" width=\"400\" height=\"42\" \/><\/div>\n<\/figure>\n<\/div>\n<\/div>\n<\/div>\n<\/div>\n<\/div>\n<\/div>\n<\/section>\n<\/div>\n<\/div>\n<\/div>\n<\/div>\n<\/div>","protected":false},"featured_media":8496,"comment_status":"open","ping_status":"closed","template":"","meta":{"_uag_custom_page_level_css":""},"product_brand":[],"product_cat":[76],"product_tag":[],"class_list":{"0":"post-8491","1":"product","2":"type-product","3":"status-publish","4":"has-post-thumbnail","6":"product_cat-piec-na-drewno-i-wegiel","8":"first","9":"instock","10":"sale","11":"shipping-taxable","12":"purchasable","13":"product-type-simple"},"aioseo_notices":[],"uagb_featured_image_src":{"full":["https:\/\/drewnonasprzedaz.pl\/wp-content\/uploads\/2026\/01\/Defro-Orti-kominek-piec-piecyk-na-drewno-9kW-czarny-EKO.webp",1600,900,false],"thumbnail":["https:\/\/drewnonasprzedaz.pl\/wp-content\/uploads\/2026\/01\/Defro-Orti-kominek-piec-piecyk-na-drewno-9kW-czarny-EKO-150x150.webp",150,150,true],"medium":["https:\/\/drewnonasprzedaz.pl\/wp-content\/uploads\/2026\/01\/Defro-Orti-kominek-piec-piecyk-na-drewno-9kW-czarny-EKO-400x225.webp",400,225,true],"medium_large":["https:\/\/drewnonasprzedaz.pl\/wp-content\/uploads\/2026\/01\/Defro-Orti-kominek-piec-piecyk-na-drewno-9kW-czarny-EKO-768x432.webp",768,432,true],"large":["https:\/\/drewnonasprzedaz.pl\/wp-content\/uploads\/2026\/01\/Defro-Orti-kominek-piec-piecyk-na-drewno-9kW-czarny-EKO-1300x731.webp",1300,731,true],"1536x1536":["https:\/\/drewnonasprzedaz.pl\/wp-content\/uploads\/2026\/01\/Defro-Orti-kominek-piec-piecyk-na-drewno-9kW-czarny-EKO-1536x864.webp",1536,864,true],"2048x2048":["https:\/\/drewnonasprzedaz.pl\/wp-content\/uploads\/2026\/01\/Defro-Orti-kominek-piec-piecyk-na-drewno-9kW-czarny-EKO.webp",1600,900,false],"trp-custom-language-flag":["https:\/\/drewnonasprzedaz.pl\/wp-content\/uploads\/2026\/01\/Defro-Orti-kominek-piec-piecyk-na-drewno-9kW-czarny-EKO.webp",18,10,false],"woodmart_shop_catalog_x2":["https:\/\/drewnonasprzedaz.pl\/wp-content\/uploads\/2026\/01\/Defro-Orti-kominek-piec-piecyk-na-drewno-9kW-czarny-EKO-860x484.webp",860,484,true],"woocommerce_thumbnail":["https:\/\/drewnonasprzedaz.pl\/wp-content\/uploads\/2026\/01\/Defro-Orti-kominek-piec-piecyk-na-drewno-9kW-czarny-EKO-430x242.webp",430,242,true],"woocommerce_single":["https:\/\/drewnonasprzedaz.pl\/wp-content\/uploads\/2026\/01\/Defro-Orti-kominek-piec-piecyk-na-drewno-9kW-czarny-EKO-700x394.webp",700,394,true],"woocommerce_gallery_thumbnail":["https:\/\/drewnonasprzedaz.pl\/wp-content\/uploads\/2026\/01\/Defro-Orti-kominek-piec-piecyk-na-drewno-9kW-czarny-EKO-150x84.webp",150,84,true],"variation_swatches_image_size":["https:\/\/drewnonasprzedaz.pl\/wp-content\/uploads\/2026\/01\/Defro-Orti-kominek-piec-piecyk-na-drewno-9kW-czarny-EKO-50x50.webp",50,50,true],"variation_swatches_tooltip_size":["https:\/\/drewnonasprzedaz.pl\/wp-content\/uploads\/2026\/01\/Defro-Orti-kominek-piec-piecyk-na-drewno-9kW-czarny-EKO-100x100.webp",100,100,true],"yith-woocompare-image":["https:\/\/drewnonasprzedaz.pl\/wp-content\/uploads\/2026\/01\/Defro-Orti-kominek-piec-piecyk-na-drewno-9kW-czarny-EKO-220x154.webp",220,154,true]},"uagb_author_info":{"display_name":"danwinrodolpho@gmail.com","author_link":"https:\/\/drewnonasprzedaz.pl\/pl\/author\/"},"uagb_comment_info":0,"uagb_excerpt":"Profesjonalna obs\u0142uga klienta: Darmowa dostawa Depozyt bez op\u0142at importowych i zwroty w ci\u0105gu 15 dni Wysy\u0142ka\u00a0(3 DO 5 DNI) Ochrona zakupu:\u00a0","_links":{"self":[{"href":"https:\/\/drewnonasprzedaz.pl\/pl\/wp-json\/wp\/v2\/product\/8491","targetHints":{"allow":["GET"]}}],"collection":[{"href":"https:\/\/drewnonasprzedaz.pl\/pl\/wp-json\/wp\/v2\/product"}],"about":[{"href":"https:\/\/drewnonasprzedaz.pl\/pl\/wp-json\/wp\/v2\/types\/product"}],"replies":[{"embeddable":true,"href":"https:\/\/drewnonasprzedaz.pl\/pl\/wp-json\/wp\/v2\/comments?post=8491"}],"version-history":[{"count":2,"href":"https:\/\/drewnonasprzedaz.pl\/pl\/wp-json\/wp\/v2\/product\/8491\/revisions"}],"predecessor-version":[{"id":8498,"href":"https:\/\/drewnonasprzedaz.pl\/pl\/wp-json\/wp\/v2\/product\/8491\/revisions\/8498"}],"wp:featuredmedia":[{"embeddable":true,"href":"https:\/\/drewnonasprzedaz.pl\/pl\/wp-json\/wp\/v2\/media\/8496"}],"wp:attachment":[{"href":"https:\/\/drewnonasprzedaz.pl\/pl\/wp-json\/wp\/v2\/media?parent=8491"}],"wp:term":[{"taxonomy":"product_brand","embeddable":true,"href":"https:\/\/drewnonasprzedaz.pl\/pl\/wp-json\/wp\/v2\/product_brand?post=8491"},{"taxonomy":"product_cat","embeddable":true,"href":"https:\/\/drewnonasprzedaz.pl\/pl\/wp-json\/wp\/v2\/product_cat?post=8491"},{"taxonomy":"product_tag","embeddable":true,"href":"https:\/\/drewnonasprzedaz.pl\/pl\/wp-json\/wp\/v2\/product_tag?post=8491"}],"curies":[{"name":"wp","href":"https:\/\/api.w.org\/{rel}","templated":true}]}}