{"id":8500,"date":"2026-01-22T02:13:16","date_gmt":"2026-01-22T02:13:16","guid":{"rendered":"https:\/\/drewnonasprzedaz.pl\/?post_type=product&#038;p=8500"},"modified":"2026-01-22T02:13:16","modified_gmt":"2026-01-22T02:13:16","slug":"piec-wolnostojacy-romotop-tala-n01-stalowy","status":"publish","type":"product","link":"https:\/\/drewnonasprzedaz.pl\/pl\/produkt\/piec-wolnostojacy-romotop-tala-n01-stalowy\/","title":{"rendered":"Piec wolnostoj\u0105cy ROMOTOP TALA N01 stalowy"},"content":{"rendered":"<div id=\"box_description\" class=\"box tab\">\n<div class=\"innerbox\">\n<div class=\"resetcss\">\n<p><strong>PIEC WOLNOSTOJ\u0104CY ROMOTOP<\/strong><\/p>\n<p><strong>TALA N01\u00a0STALOWY<\/strong><\/p>\n<p><strong>Dominuj\u0105cym elementem pieca kominkowego TALA N s\u0105 du\u017ce drzwiczki z niezaburzon\u0105 wizj\u0105 ognia. G\u0142\u00f3wnym materia\u0142em u\u017cytym do wykonania korpusu jest stal, kt\u00f3ra nadaje nowoczesn\u0105 estetyk\u0119 piecowi.<\/strong><\/p>\n<p><strong>NAPISZ LUB ZADZWO\u0143! DORADZIMY TECHNICZNE I NA PEWNO OSI\u0104GNIEMY KOMPROMIS CENOWY<\/strong><\/p>\n<p><span lang=\"pl\" xml:lang=\"pl\">Piec kominkowy odpowiedni do wszystkich typ\u00f3w wn\u0119trz. Konstrukcja pieca umo\u017cliwia pod\u0142\u0105czenie g\u00f3rnego i tylnego wyj\u015bcia spalin.\u00a0<\/span><span lang=\"pl\" xml:lang=\"pl\">Dzi\u0119ki dop\u0142ywowi powietrza wt\u00f3rnego, kt\u00f3re op\u0142ywa szyb\u0119 drzwiczek, nie dochodzi do osadzania zabrudze\u0144.\u00a0<\/span><span lang=\"pl\" xml:lang=\"pl\">Komora spalania wy\u0142o\u017cona szamotem. Regulacja dop\u0142ywu powietrza pierwotnego i wt\u00f3rnego za pomoc\u0105 jednego elementu sterujacego. W dolnej cz\u0119\u015bci pieca mo\u017cna przechowywa\u0107 mniejsze zapasy drewna<\/span><\/p>\n<div>\n<div>\n<p>&nbsp;<\/p>\n<\/div>\n<\/div>\n<p><strong>PARAMETRY TECHNICZNE:<\/strong><\/p>\n<ul>\n<li>Wysoko\u015b\u0107: 1064 mm<\/li>\n<li>Szeroko\u015b\u0107: 480 mm<\/li>\n<li>G\u0142\u0119boko\u015b\u0107: 433 mm<\/li>\n<li>Waga:\u00a0113 kg<\/li>\n<li>Moc regulowana:\u00a03,0 &#8211; 7,7 kW<\/li>\n<li>\u015arednica wylotu spalin:\u00a0150 mm<\/li>\n<li>Wysoko\u015b\u0107 osi tylnego wylotu spalin: 960 mm<\/li>\n<li>Wydajno\u015b\u0107: 78 %<\/li>\n<li>Spalanie drewna (kg\/godz.): 1,8 kg\/h<\/li>\n<\/ul>\n<p>&nbsp;<\/p>\n<p>Piece kominkowe ROMOTOP s\u0105 przyk\u0142adem najlepszego designu, najwy\u017cszej jako\u015bci wykonania i zastosowanych materia\u0142\u00f3w. Szeroka paleta modeli oraz wariant\u00f3w wykonania ok\u0142adzin nie ogranicza Pa\u0144stwa oczekiwa\u0144 ani fantazji w doborze tego jedynego w swoim rodzaju optymalnego rozwi\u0105zania. Wysoka sprawno\u015b\u0107 i czysto\u015b\u0107 spalania w palenisku jest gwarantowane 25 latami do\u015bwiadcze\u0144 oraz silnym naciskiem Romotop na innowacyjno\u015b\u0107 w stosowanych rozwi\u0105zaniach technicznych.<\/p>\n<div class=\"col-sm-12 col-md-7 col-pad-rt\">\n<p>&nbsp;<\/p>\n<\/div>\n<\/div>\n<\/div>\n<\/div>\n<div id=\"box_productdata\" class=\"box tab\" tabindex=\"-1\">\n<div class=\"boxhead tab-head\">\n<h3>Dane techniczne<\/h3>\n<\/div>\n<div class=\"innerbox tab-content product-attributes zebra\">\n<table class=\"table\">\n<tbody>\n<tr class=\"r--l-flex r--l-flex-wrap\">\n<td class=\"name r--l-box-5 r--l-md-box-10 r--l-xs-box-10\">Rodzaj<\/td>\n<td class=\"value r--l-box-5 r--l-md-box-10 r--l-xs-box-10\">Powietrzne<\/td>\n<\/tr>\n<tr class=\"r--l-flex r--l-flex-wrap\">\n<td class=\"name r--l-box-5 r--l-md-box-10 r--l-xs-box-10\">Materia\u0142<\/td>\n<td class=\"value r--l-box-5 r--l-md-box-10 r--l-xs-box-10\">Stal z szamotem<\/td>\n<\/tr>\n<tr class=\"r--l-flex r--l-flex-wrap\">\n<td class=\"name r--l-box-5 r--l-md-box-10 r--l-xs-box-10\">Kszta\u0142t szyby<\/td>\n<td class=\"value r--l-box-5 r--l-md-box-10 r--l-xs-box-10\">P\u00f3\u0142okr\u0105g\u0142a<\/td>\n<\/tr>\n<tr class=\"r--l-flex r--l-flex-wrap\">\n<td class=\"name r--l-box-5 r--l-md-box-10 r--l-xs-box-10\">Spos\u00f3b otwierania drzwiczek<\/td>\n<td class=\"value r--l-box-5 r--l-md-box-10 r--l-xs-box-10\">Na bok<\/td>\n<\/tr>\n<tr class=\"r--l-flex r--l-flex-wrap\">\n<td class=\"name r--l-box-5 r--l-md-box-10 r--l-xs-box-10\">Powietrze z zewn\u0105trz<\/td>\n<td class=\"value r--l-box-5 r--l-md-box-10 r--l-xs-box-10\">Nie<\/td>\n<\/tr>\n<tr class=\"r--l-flex r--l-flex-wrap\">\n<td class=\"name r--l-box-5 r--l-md-box-10 r--l-xs-box-10\">Uk\u0142ad sch\u0142adzaj\u0105cy<\/td>\n<td class=\"value r--l-box-5 r--l-md-box-10 r--l-xs-box-10\">Nie<\/td>\n<\/tr>\n<tr class=\"r--l-flex r--l-flex-wrap\">\n<td class=\"name r--l-box-5 r--l-md-box-10 r--l-xs-box-10\">Kominek do rekuperacji<\/td>\n<td class=\"value r--l-box-5 r--l-md-box-10 r--l-xs-box-10\">Tak<\/td>\n<\/tr>\n<tr class=\"r--l-flex r--l-flex-wrap\">\n<td class=\"name r--l-box-5 r--l-md-box-10 r--l-xs-box-10\">Wylot spalin<\/td>\n<td class=\"value r--l-box-5 r--l-md-box-10 r--l-xs-box-10\">G\u00f3ra i ty\u0142<\/td>\n<\/tr>\n<tr class=\"r--l-flex r--l-flex-wrap\">\n<td class=\"name r--l-box-5 r--l-md-box-10 r--l-xs-box-10\">Materia\u0142 opa\u0142owy<\/td>\n<td class=\"value r--l-box-5 r--l-md-box-10 r--l-xs-box-10\">Drewno<\/td>\n<\/tr>\n<\/tbody>\n<\/table>\n<\/div>\n<\/div>\n\n    <div class=\"xs_social_share_widget xs_share_url after_content \t\tmain_content  wslu-style-1 wslu-share-box-shaped wslu-fill-colored wslu-none wslu-share-horizontal wslu-theme-font-no wslu-main_content\">\n\n\t\t\n        <ul>\n\t\t\t        <\/ul>\n    <\/div>","protected":false},"excerpt":{"rendered":"<div class=\"elementor-element elementor-element-2e394c9 elementor-widget elementor-widget-xts_title\" data-id=\"2e394c9\" data-element_type=\"widget\" data-widget_type=\"xts_title.default\">\n<div class=\"elementor-widget-container\">\n<div class=\"xts-section-heading xts-reset-mb-10 xts-reset-last xts-textalign-left\" data-animation-delay=\"\">\n<h4 class=\"xts-section-title title xts-design-default xts-fontsize-xs\"><span class=\"xts-section-title-text\" data-elementor-setting-key=\"title\">Profesjonalna obs\u0142uga klienta:<\/span><\/h4>\n<\/div>\n<\/div>\n<\/div>\n<div class=\"elementor-element elementor-element-4066510 elementor-icon-list--layout-traditional elementor-list-item-link-full_width elementor-widget elementor-widget-icon-list\" data-id=\"4066510\" data-element_type=\"widget\" data-widget_type=\"icon-list.default\">\n<div class=\"elementor-widget-container\">\n<ul class=\"elementor-icon-list-items\">\n<li class=\"elementor-icon-list-item\"><i class=\"fas fa-check\" aria-hidden=\"true\"><\/i><span class=\"elementor-icon-list-text\">Darmowa dostawa<\/span><\/li>\n<li class=\"elementor-icon-list-item\"><i class=\"fas fa-check\" aria-hidden=\"true\"><\/i><span class=\"elementor-icon-list-text\">Depozyt bez op\u0142at importowych i zwroty w ci\u0105gu 15 dni<\/span><\/li>\n<li class=\"elementor-icon-list-item\"><i class=\"fas fa-check\" aria-hidden=\"true\"><\/i><span class=\"elementor-icon-list-text\">Wysy\u0142ka\u00a0(3 DO 5 DNI)<\/span><\/li>\n<\/ul>\n<h5><strong><span class=\"xts-section-title-text\" data-elementor-setting-key=\"title\">Ochrona zakupu:\u00a0<\/span><\/strong><\/h5>\n<\/div>\n<\/div>\n<div class=\"elementor-element elementor-element-e8e4778 elementor-widget elementor-widget-xts_title\" data-id=\"e8e4778\" data-element_type=\"widget\" data-widget_type=\"xts_title.default\">\n<div class=\"elementor-widget-container\">\n<div class=\"xts-section-heading xts-reset-mb-10 xts-reset-last xts-textalign-left\" data-animation-delay=\"\">\n<div class=\"xts-after-add-to-cart\">\n<div class=\"elementor elementor-871\" data-elementor-type=\"wp-post\" data-elementor-id=\"871\">\n<section class=\"elementor-section elementor-top-section elementor-element elementor-element-f46d1d8 elementor-section-boxed elementor-section-height-default elementor-section-height-default xts-section-disabled\" data-id=\"f46d1d8\" data-element_type=\"section\">\n<div class=\"elementor-container elementor-column-gap-default\">\n<div class=\"elementor-column elementor-col-100 elementor-top-column elementor-element elementor-element-38daed2\" data-id=\"38daed2\" data-element_type=\"column\">\n<div class=\"elementor-widget-wrap elementor-element-populated\">\n<div class=\"elementor-element elementor-element-1a02a43 elementor-widget__width-auto elementor-widget elementor-widget-xts_image\" data-id=\"1a02a43\" data-element_type=\"widget\" data-widget_type=\"xts_image.default\">\n<div class=\"elementor-widget-container\">\n<div class=\"xts-image-single xts-textalign-left\">\n<figure class=\"xts-image\">\n<div class=\"xts-image-inner\"><img decoding=\"async\" class=\"attachment-full size-full wp-image-879\" src=\"https:\/\/drewnosprzedawca.pl\/wp-content\/uploads\/2020\/01\/vega-trust.jpg\" sizes=\"(max-width: 400px) 100vw, 400px\" srcset=\"https:\/\/drewnosprzedawca.pl\/wp-content\/uploads\/2020\/01\/vega-trust.jpg 400w, https:\/\/drewnosprzedawca.pl\/wp-content\/uploads\/2020\/01\/vega-trust-300x32.jpg 300w\" alt=\"\" width=\"400\" height=\"42\" \/><\/div>\n<\/figure>\n<\/div>\n<\/div>\n<\/div>\n<\/div>\n<\/div>\n<\/div>\n<\/section>\n<\/div>\n<\/div>\n<\/div>\n<\/div>\n<\/div>","protected":false},"featured_media":8509,"comment_status":"open","ping_status":"closed","template":"","meta":{"_uag_custom_page_level_css":""},"product_brand":[],"product_cat":[76],"product_tag":[],"class_list":{"0":"post-8500","1":"product","2":"type-product","3":"status-publish","4":"has-post-thumbnail","6":"product_cat-piec-na-drewno-i-wegiel","8":"first","9":"instock","10":"sale","11":"shipping-taxable","12":"purchasable","13":"product-type-simple"},"aioseo_notices":[],"uagb_featured_image_src":{"full":["https:\/\/drewnonasprzedaz.pl\/wp-content\/uploads\/2026\/01\/Piec-wolnostojacy-ROMOTOP-TALA-N01-stalowy.jpg",800,1200,false],"thumbnail":["https:\/\/drewnonasprzedaz.pl\/wp-content\/uploads\/2026\/01\/Piec-wolnostojacy-ROMOTOP-TALA-N01-stalowy-150x150.jpg",150,150,true],"medium":["https:\/\/drewnonasprzedaz.pl\/wp-content\/uploads\/2026\/01\/Piec-wolnostojacy-ROMOTOP-TALA-N01-stalowy-200x300.jpg",200,300,true],"medium_large":["https:\/\/drewnonasprzedaz.pl\/wp-content\/uploads\/2026\/01\/Piec-wolnostojacy-ROMOTOP-TALA-N01-stalowy-768x1152.jpg",768,1152,true],"large":["https:\/\/drewnonasprzedaz.pl\/wp-content\/uploads\/2026\/01\/Piec-wolnostojacy-ROMOTOP-TALA-N01-stalowy-533x800.jpg",533,800,true],"1536x1536":["https:\/\/drewnonasprzedaz.pl\/wp-content\/uploads\/2026\/01\/Piec-wolnostojacy-ROMOTOP-TALA-N01-stalowy.jpg",800,1200,false],"2048x2048":["https:\/\/drewnonasprzedaz.pl\/wp-content\/uploads\/2026\/01\/Piec-wolnostojacy-ROMOTOP-TALA-N01-stalowy.jpg",800,1200,false],"trp-custom-language-flag":["https:\/\/drewnonasprzedaz.pl\/wp-content\/uploads\/2026\/01\/Piec-wolnostojacy-ROMOTOP-TALA-N01-stalowy.jpg",8,12,false],"woodmart_shop_catalog_x2":["https:\/\/drewnonasprzedaz.pl\/wp-content\/uploads\/2026\/01\/Piec-wolnostojacy-ROMOTOP-TALA-N01-stalowy.jpg",800,1200,false],"woocommerce_thumbnail":["https:\/\/drewnonasprzedaz.pl\/wp-content\/uploads\/2026\/01\/Piec-wolnostojacy-ROMOTOP-TALA-N01-stalowy-430x645.jpg",430,645,true],"woocommerce_single":["https:\/\/drewnonasprzedaz.pl\/wp-content\/uploads\/2026\/01\/Piec-wolnostojacy-ROMOTOP-TALA-N01-stalowy-700x1050.jpg",700,1050,true],"woocommerce_gallery_thumbnail":["https:\/\/drewnonasprzedaz.pl\/wp-content\/uploads\/2026\/01\/Piec-wolnostojacy-ROMOTOP-TALA-N01-stalowy-150x225.jpg",150,225,true],"variation_swatches_image_size":["https:\/\/drewnonasprzedaz.pl\/wp-content\/uploads\/2026\/01\/Piec-wolnostojacy-ROMOTOP-TALA-N01-stalowy-50x50.jpg",50,50,true],"variation_swatches_tooltip_size":["https:\/\/drewnonasprzedaz.pl\/wp-content\/uploads\/2026\/01\/Piec-wolnostojacy-ROMOTOP-TALA-N01-stalowy-100x100.jpg",100,100,true],"yith-woocompare-image":["https:\/\/drewnonasprzedaz.pl\/wp-content\/uploads\/2026\/01\/Piec-wolnostojacy-ROMOTOP-TALA-N01-stalowy-220x154.jpg",220,154,true]},"uagb_author_info":{"display_name":"danwinrodolpho@gmail.com","author_link":"https:\/\/drewnonasprzedaz.pl\/pl\/author\/"},"uagb_comment_info":0,"uagb_excerpt":"Profesjonalna obs\u0142uga klienta: Darmowa dostawa Depozyt bez op\u0142at importowych i zwroty w ci\u0105gu 15 dni Wysy\u0142ka\u00a0(3 DO 5 DNI) Ochrona zakupu:\u00a0","_links":{"self":[{"href":"https:\/\/drewnonasprzedaz.pl\/pl\/wp-json\/wp\/v2\/product\/8500","targetHints":{"allow":["GET"]}}],"collection":[{"href":"https:\/\/drewnonasprzedaz.pl\/pl\/wp-json\/wp\/v2\/product"}],"about":[{"href":"https:\/\/drewnonasprzedaz.pl\/pl\/wp-json\/wp\/v2\/types\/product"}],"replies":[{"embeddable":true,"href":"https:\/\/drewnonasprzedaz.pl\/pl\/wp-json\/wp\/v2\/comments?post=8500"}],"version-history":[{"count":1,"href":"https:\/\/drewnonasprzedaz.pl\/pl\/wp-json\/wp\/v2\/product\/8500\/revisions"}],"predecessor-version":[{"id":8510,"href":"https:\/\/drewnonasprzedaz.pl\/pl\/wp-json\/wp\/v2\/product\/8500\/revisions\/8510"}],"wp:featuredmedia":[{"embeddable":true,"href":"https:\/\/drewnonasprzedaz.pl\/pl\/wp-json\/wp\/v2\/media\/8509"}],"wp:attachment":[{"href":"https:\/\/drewnonasprzedaz.pl\/pl\/wp-json\/wp\/v2\/media?parent=8500"}],"wp:term":[{"taxonomy":"product_brand","embeddable":true,"href":"https:\/\/drewnonasprzedaz.pl\/pl\/wp-json\/wp\/v2\/product_brand?post=8500"},{"taxonomy":"product_cat","embeddable":true,"href":"https:\/\/drewnonasprzedaz.pl\/pl\/wp-json\/wp\/v2\/product_cat?post=8500"},{"taxonomy":"product_tag","embeddable":true,"href":"https:\/\/drewnonasprzedaz.pl\/pl\/wp-json\/wp\/v2\/product_tag?post=8500"}],"curies":[{"name":"wp","href":"https:\/\/api.w.org\/{rel}","templated":true}]}}