{"id":8501,"date":"2026-01-22T02:21:40","date_gmt":"2026-01-22T02:21:40","guid":{"rendered":"https:\/\/drewnonasprzedaz.pl\/?post_type=product&#038;p=8501"},"modified":"2026-01-22T02:21:40","modified_gmt":"2026-01-22T02:21:40","slug":"piec-stalowy-rollo-7-kw-wysoki-fi-150-mm","status":"publish","type":"product","link":"https:\/\/drewnonasprzedaz.pl\/pl\/produkt\/piec-stalowy-rollo-7-kw-wysoki-fi-150-mm\/","title":{"rendered":"Piec stalowy Rollo 7 kW Wysoki fi 150 mm"},"content":{"rendered":"<div class=\"module\" data-module-name=\"0000d1eb-535c-21f0-9d02-47338e7a5e89\" data-module-id=\"192\" data-module-instance=\"4443\">\n<div class=\"wce-tabs-lite-container\">\n<div class=\"wce-tabs-content-wrap\">\n<div class=\"wce-tabs-content-wrap-inner\">\n<div id=\"wce-tab-content-1\" class=\"wce-tab-content wce-tab-active\" tabindex=\"0\" role=\"tabpanel\" data-tab-id=\"1\" aria-labelledby=\"wce-tab-trigger-1\">\n<div class=\"wce-tab-content-padding\">\n<div class=\"resetcss\">\n<h6>Koza Rollo Wysoki to ekologiczny piec o cylindrycznym kszta\u0142cie, kt\u00f3ry \u0142\u0105czy w sobie tradycyjny design i nowoczesn\u0105 technologi\u0119 wykonania. Posiada stalowy korpus, zapewniaj\u0105cy wytrzyma\u0142o\u015b\u0107 oraz d\u0142ugotrwa\u0142e utrzymywanie ciep\u0142a. To produkt, kt\u00f3ry nie tylko jest estetyczny, ale tak\u017ce przyjazny dla \u015brodowiska i skutecznie ogrzewa pomieszczenia.\u00a0<strong>Komora spalania oraz korpus pieca ROLLO wykonane s\u0105 ze stali przeznaczonej do pracy w podwy\u017cszonych temperaturach. Podwy\u017cszony korpus kryje w sobie \u017celiwne kr\u0105\u017cki akumulacyjne, kt\u00f3re zwi\u0119kszaj\u0105 odzysk ciep\u0142a do 30%.<\/strong><\/h6>\n<p>Koza\u00a0Rollo zbudowana jest ze stali. Urz\u0105dzenie mo\u017cna spe\u0142nia normy\u00a0<strong>EkoProjekt<\/strong><\/p>\n<p><img decoding=\"async\" src=\"https:\/\/extrakominki.pl\/userdata\/public\/assets\/kratki\/eco_1.png\" alt=\"Rollo Ekoprojekt\" width=\"100\" height=\"100\" \/>\u00a0<img decoding=\"async\" src=\"https:\/\/extrakominki.pl\/userdata\/public\/assets\/kratki\/ikona-flamme-verte-7g.png\" alt=\"Certyfikat Rollo\" width=\"100\" height=\"100\" \/>\u00a0<img decoding=\"async\" src=\"https:\/\/extrakominki.pl\/userdata\/public\/assets\/kratki\/ikona-5-lat-gwarancji.png\" alt=\"5 lat gwarancji\" width=\"100\" height=\"100\" \/>\u00a0<img loading=\"lazy\" decoding=\"async\" src=\"https:\/\/extrakominki.pl\/userdata\/public\/assets\/kratki\/blimschV-2_1.png\" alt=\"Norma Bimschv2\" width=\"100\" height=\"100\" \/>\u00a0<img loading=\"lazy\" decoding=\"async\" src=\"https:\/\/extrakominki.pl\/userdata\/public\/assets\/kratki\/ikona-rekuperacja.png\" alt=\"Rollo do rekuperacji\" width=\"100\" height=\"100\" \/><\/p>\n<p>&nbsp;<\/p>\n<p>Opcjonalne kr\u0105\u017cki akumulacyjne w Kozie Rollo Wysokiej:<\/p>\n<p><img decoding=\"async\" src=\"https:\/\/extrakominki.pl\/userdata\/public\/gfx\/37770.png\" alt=\"Koza Rollo Akumulacja\" width=\"1000\" \/><\/p>\n<h2><strong>Koza na drewno ROLLO Wysoki\u00a0o mocy\u00a07 kW<\/strong>\u00a0to tak\u017ce:<\/h2>\n<ul>\n<li>Uwydatnione pi\u0119kno ognia dzi\u0119ki zaokr\u0105glonej szybie.<\/li>\n<li>Dopalanie cz\u0105stek opa\u0142u dzi\u0119ki dw\u00f3m deflektorom, kt\u00f3re wyd\u0142u\u017caj\u0105 drog\u0119 spalin.<\/li>\n<li>Potr\u00f3jny system dopowietrzenia komory spalania: powietrze pierwotne &#8211; doprowadzone pod ruszt; powietrze wt\u00f3rne dostarczane jest otworami w tylnej \u015bcianie. Dodatkowo we wk\u0142adzie zastosowany jest system czystej szyby &#8211; kurtyna powietrza.<\/li>\n<li>Efektywne spalanie i d\u0142u\u017csze utrzymywanie temperatury, dzi\u0119ki wy\u0142o\u017ceniu komory spalania TERMOTEC &#8211; materia\u0142em akumuluj\u0105cym ciep\u0142o, kt\u00f3ry podwy\u017csza temperatur\u0119 w komorze.<\/li>\n<li>Wbudowany dolot powietrza z zewn\u0105trz fi 100, kt\u00f3ry zapewnia doprowadzenie \u015bwie\u017cego powietrza do paleniska z zewn\u0105trz budynku, co wp\u0142ywa na lepsze spalanie i wi\u0119kszy komfort u\u017cytkowania.<\/li>\n<li>Wyci\u0105gany popielnik bez konieczno\u015bci wyjmowania rusztu. Ruszt wykonany jest z \u017celiwa.<\/li>\n<li>Front wk\u0142adu wyposa\u017cony w ceramik\u0119 \u017caroodporn\u0105 wytrzymuj\u0105c\u0105 temperatur\u0119 do 660\u00b0C.<\/li>\n<li>Perforowana konstrukcja klamki powoduje jej naturalne sch\u0142adzanie si\u0119. Doskona\u0142a jako\u015b\u0107 materia\u0142u i specjalna konstrukcja klamki zapewniaj\u0105 wygodne u\u017cytkowanie kominka.<\/li>\n<\/ul>\n<div class=\"video-container\"><\/div>\n<h2><strong>Dane techniczne piecyka Rollo Wysoki:<\/strong><\/h2>\n<ul>\n<li>Moc nominalna (kW)\u00a07<\/li>\n<li>Zakres mocy grzewczej (kW)\u00a04 &#8211; 10<\/li>\n<li>Materia\u0142 wykonania stalowy<\/li>\n<li>Sprawno\u015b\u0107 cieplna (%) 80<\/li>\n<li>Rodzaj paliwa sezonowane drewno li\u015bciaste (wilgotno\u015b\u0107 \u226420%)<\/li>\n<li>Temperatura spalin (oC) 280<\/li>\n<li>Max d\u0142ugo\u015b\u0107 polan (cm) 25<\/li>\n<li>Rodzaj przeszklenia p\u00f3\u0142okr\u0105g\u0142e<\/li>\n<li>Otwieranie drzwi w lewo<\/li>\n<\/ul>\n<p><strong>Parametry fizyczne kozy Rollo:<\/strong><\/p>\n<ul>\n<li>Waga (kg) 133 kg + (betonowe: 31,32kg; \u017celiwne: 69,07kg; nasada wodna: 15kg)<\/li>\n<li>\u015arednica wylotu spalin (mm) 150<\/li>\n<li>Szeroko\u015b\u0107 (cm) 52.6<\/li>\n<li>Wysoko\u015b\u0107 (cm) 131.7<\/li>\n<li>G\u0142\u0119boko\u015b\u0107 (cm) 40.2<\/li>\n<\/ul>\n<p><strong>Warianty\u00a0opcjonalne:<\/strong><\/p>\n<ul>\n<li>Akumulacja betonowa: 6 kr\u0105\u017ck\u00f3w, 3 warstwy: 31,32kg<\/li>\n<li>Akumulacja \u017celiwna: 3 kr\u0105\u017cki: 69,07kg<\/li>\n<li>Wymiennik wodny 10l: 1,5kW: 15kg<\/li>\n<\/ul>\n<p><em>Rysunek szczeg\u00f3\u0142owy Rollo Wysoki, wymiary:<\/em><\/p>\n<p><img loading=\"lazy\" decoding=\"async\" src=\"https:\/\/extrakominki.pl\/userdata\/public\/gfx\/37771.png\" alt=\"\" width=\"978\" height=\"799\" \/><\/p>\n<p>&nbsp;<\/p>\n<p><strong>Efektywno\u015b\u0107 Energetyczna:<\/strong><\/p>\n<ul>\n<li>Klasa Energetyczna A<\/li>\n<li>Wsp\u00f3\u0142czynnik EEI 106<\/li>\n<\/ul>\n<p><strong>Wyposa\u017cenie:<\/strong><\/p>\n<ul>\n<li>Dolot powietrza<\/li>\n<li>Wy\u0142o\u017cenie komory spalania<\/li>\n<li>Popielnik<\/li>\n<li>Kr\u0105\u017cki akumulacyjne (opcjonalne)<\/li>\n<\/ul>\n<p><strong>Certyfikaty\/Zgodno\u015b\u0107:<\/strong><\/p>\n<p>&#8211; Spe\u0142nia kryteria EKOPROJEKTU, BImSchv<\/p>\n<\/div>\n<\/div>\n<\/div>\n<\/div>\n<\/div>\n<\/div>\n<\/div>\n<div class=\"module\" data-module-name=\"product_attributes\" data-module-id=\"28\" data-module-instance=\"4352\">\n<div class=\"module__header-title                             module__header-title_highlight\"><span class=\"module__header-content                                 module__header_highlight\">Cechy produktu<\/span><\/div>\n<div class=\"grid__row grid__row_xs-hcenter\">\n<div class=\"grid__col grid__col_xs-12 grid__col_md-10\">\n<div class=\"product-attributes__groups\">\n<div class=\"product-attributes__group\">\n<ul class=\"product-attributes__attributes\">\n<li class=\"product-attributes__attribute\"><span class=\"product-attributes__attribute-name\">Materia\u0142<\/span><span class=\"product-attributes__attribute-value\">Urz\u0105dzenie stalowe<\/span><\/li>\n<li class=\"product-attributes__attribute\"><span class=\"product-attributes__attribute-name\">Paliwo, opa\u0142<\/span><span class=\"product-attributes__attribute-value\">Drewno<\/span><\/li>\n<li class=\"product-attributes__attribute\"><span class=\"product-attributes__attribute-name\">Przeszklenie<\/span><span class=\"product-attributes__attribute-value\">P\u00f3\u0142okr\u0105g\u0142e<\/span><\/li>\n<li class=\"product-attributes__attribute\"><span class=\"product-attributes__attribute-name\">Otwieranie drzwi<\/span><span class=\"product-attributes__attribute-value\">Na bok<\/span><\/li>\n<li class=\"product-attributes__attribute\"><span class=\"product-attributes__attribute-name\">Dolot powietrza<\/span><span class=\"product-attributes__attribute-value\">Tak<\/span><\/li>\n<li class=\"product-attributes__attribute\"><span class=\"product-attributes__attribute-name\">Dom z rekuperacj\u0105<\/span><span class=\"product-attributes__attribute-value\">Tak<\/span><\/li>\n<li class=\"product-attributes__attribute\"><span class=\"product-attributes__attribute-name\">Szeroko\u015b\u0107<\/span><span class=\"product-attributes__attribute-value\">51-60 cm<\/span><\/li>\n<li class=\"product-attributes__attribute\"><span class=\"product-attributes__attribute-name\">Moc nominalna<\/span><span class=\"product-attributes__attribute-value\">7 kW (do 70 m\u00b2)<\/span><\/li>\n<li class=\"product-attributes__attribute\"><span class=\"product-attributes__attribute-name\">Producent<\/span><span class=\"product-attributes__attribute-value\">Kratki \/ Kratki Pro<\/span><\/li>\n<\/ul>\n<\/div>\n<\/div>\n<\/div>\n<\/div>\n<\/div>\n\n    <div class=\"xs_social_share_widget xs_share_url after_content \t\tmain_content  wslu-style-1 wslu-share-box-shaped wslu-fill-colored wslu-none wslu-share-horizontal wslu-theme-font-no wslu-main_content\">\n\n\t\t\n        <ul>\n\t\t\t        <\/ul>\n    <\/div>","protected":false},"excerpt":{"rendered":"<div class=\"elementor-element elementor-element-2e394c9 elementor-widget elementor-widget-xts_title\" data-id=\"2e394c9\" data-element_type=\"widget\" data-widget_type=\"xts_title.default\">\n<div class=\"elementor-widget-container\">\n<div class=\"xts-section-heading xts-reset-mb-10 xts-reset-last xts-textalign-left\" data-animation-delay=\"\">\n<h4 class=\"xts-section-title title xts-design-default xts-fontsize-xs\"><span class=\"xts-section-title-text\" data-elementor-setting-key=\"title\">Profesjonalna obs\u0142uga klienta:<\/span><\/h4>\n<\/div>\n<\/div>\n<\/div>\n<div class=\"elementor-element elementor-element-4066510 elementor-icon-list--layout-traditional elementor-list-item-link-full_width elementor-widget elementor-widget-icon-list\" data-id=\"4066510\" data-element_type=\"widget\" data-widget_type=\"icon-list.default\">\n<div class=\"elementor-widget-container\">\n<ul class=\"elementor-icon-list-items\">\n<li class=\"elementor-icon-list-item\"><i class=\"fas fa-check\" aria-hidden=\"true\"><\/i><span class=\"elementor-icon-list-text\">Darmowa dostawa<\/span><\/li>\n<li class=\"elementor-icon-list-item\"><i class=\"fas fa-check\" aria-hidden=\"true\"><\/i><span class=\"elementor-icon-list-text\">Depozyt bez op\u0142at importowych i zwroty w ci\u0105gu 15 dni<\/span><\/li>\n<li class=\"elementor-icon-list-item\"><i class=\"fas fa-check\" aria-hidden=\"true\"><\/i><span class=\"elementor-icon-list-text\">Wysy\u0142ka\u00a0(3 DO 5 DNI)<\/span><\/li>\n<\/ul>\n<h5><strong><span class=\"xts-section-title-text\" data-elementor-setting-key=\"title\">Ochrona zakupu:\u00a0<\/span><\/strong><\/h5>\n<\/div>\n<\/div>\n<div class=\"elementor-element elementor-element-e8e4778 elementor-widget elementor-widget-xts_title\" data-id=\"e8e4778\" data-element_type=\"widget\" data-widget_type=\"xts_title.default\">\n<div class=\"elementor-widget-container\">\n<div class=\"xts-section-heading xts-reset-mb-10 xts-reset-last xts-textalign-left\" data-animation-delay=\"\">\n<div class=\"xts-after-add-to-cart\">\n<div class=\"elementor elementor-871\" data-elementor-type=\"wp-post\" data-elementor-id=\"871\">\n<section class=\"elementor-section elementor-top-section elementor-element elementor-element-f46d1d8 elementor-section-boxed elementor-section-height-default elementor-section-height-default xts-section-disabled\" data-id=\"f46d1d8\" data-element_type=\"section\">\n<div class=\"elementor-container elementor-column-gap-default\">\n<div class=\"elementor-column elementor-col-100 elementor-top-column elementor-element elementor-element-38daed2\" data-id=\"38daed2\" data-element_type=\"column\">\n<div class=\"elementor-widget-wrap elementor-element-populated\">\n<div class=\"elementor-element elementor-element-1a02a43 elementor-widget__width-auto elementor-widget elementor-widget-xts_image\" data-id=\"1a02a43\" data-element_type=\"widget\" data-widget_type=\"xts_image.default\">\n<div class=\"elementor-widget-container\">\n<div class=\"xts-image-single xts-textalign-left\">\n<figure class=\"xts-image\">\n<div class=\"xts-image-inner\"><img loading=\"lazy\" decoding=\"async\" class=\"attachment-full size-full wp-image-879\" src=\"https:\/\/drewnosprzedawca.pl\/wp-content\/uploads\/2020\/01\/vega-trust.jpg\" sizes=\"(max-width: 400px) 100vw, 400px\" srcset=\"https:\/\/drewnosprzedawca.pl\/wp-content\/uploads\/2020\/01\/vega-trust.jpg 400w, https:\/\/drewnosprzedawca.pl\/wp-content\/uploads\/2020\/01\/vega-trust-300x32.jpg 300w\" alt=\"\" width=\"400\" height=\"42\" \/><\/div>\n<\/figure>\n<\/div>\n<\/div>\n<\/div>\n<\/div>\n<\/div>\n<\/div>\n<\/section>\n<\/div>\n<\/div>\n<\/div>\n<\/div>\n<\/div>","protected":false},"featured_media":8513,"comment_status":"open","ping_status":"closed","template":"","meta":{"_uag_custom_page_level_css":""},"product_brand":[],"product_cat":[76],"product_tag":[],"class_list":{"0":"post-8501","1":"product","2":"type-product","3":"status-publish","4":"has-post-thumbnail","6":"product_cat-piec-na-drewno-i-wegiel","8":"first","9":"instock","10":"sale","11":"shipping-taxable","12":"purchasable","13":"product-type-simple"},"aioseo_notices":[],"uagb_featured_image_src":{"full":["https:\/\/drewnonasprzedaz.pl\/wp-content\/uploads\/2026\/01\/Piec-stalowy-Rollo-7-kW-Wysoki-fi-150-mm.png",750,750,false],"thumbnail":["https:\/\/drewnonasprzedaz.pl\/wp-content\/uploads\/2026\/01\/Piec-stalowy-Rollo-7-kW-Wysoki-fi-150-mm-150x150.png",150,150,true],"medium":["https:\/\/drewnonasprzedaz.pl\/wp-content\/uploads\/2026\/01\/Piec-stalowy-Rollo-7-kW-Wysoki-fi-150-mm-300x300.png",300,300,true],"medium_large":["https:\/\/drewnonasprzedaz.pl\/wp-content\/uploads\/2026\/01\/Piec-stalowy-Rollo-7-kW-Wysoki-fi-150-mm.png",750,750,false],"large":["https:\/\/drewnonasprzedaz.pl\/wp-content\/uploads\/2026\/01\/Piec-stalowy-Rollo-7-kW-Wysoki-fi-150-mm.png",750,750,false],"1536x1536":["https:\/\/drewnonasprzedaz.pl\/wp-content\/uploads\/2026\/01\/Piec-stalowy-Rollo-7-kW-Wysoki-fi-150-mm.png",750,750,false],"2048x2048":["https:\/\/drewnonasprzedaz.pl\/wp-content\/uploads\/2026\/01\/Piec-stalowy-Rollo-7-kW-Wysoki-fi-150-mm.png",750,750,false],"trp-custom-language-flag":["https:\/\/drewnonasprzedaz.pl\/wp-content\/uploads\/2026\/01\/Piec-stalowy-Rollo-7-kW-Wysoki-fi-150-mm.png",12,12,false],"woodmart_shop_catalog_x2":["https:\/\/drewnonasprzedaz.pl\/wp-content\/uploads\/2026\/01\/Piec-stalowy-Rollo-7-kW-Wysoki-fi-150-mm.png",750,750,false],"woocommerce_thumbnail":["https:\/\/drewnonasprzedaz.pl\/wp-content\/uploads\/2026\/01\/Piec-stalowy-Rollo-7-kW-Wysoki-fi-150-mm-430x430.png",430,430,true],"woocommerce_single":["https:\/\/drewnonasprzedaz.pl\/wp-content\/uploads\/2026\/01\/Piec-stalowy-Rollo-7-kW-Wysoki-fi-150-mm-700x700.png",700,700,true],"woocommerce_gallery_thumbnail":["https:\/\/drewnonasprzedaz.pl\/wp-content\/uploads\/2026\/01\/Piec-stalowy-Rollo-7-kW-Wysoki-fi-150-mm-150x150.png",150,150,true],"variation_swatches_image_size":["https:\/\/drewnonasprzedaz.pl\/wp-content\/uploads\/2026\/01\/Piec-stalowy-Rollo-7-kW-Wysoki-fi-150-mm-50x50.png",50,50,true],"variation_swatches_tooltip_size":["https:\/\/drewnonasprzedaz.pl\/wp-content\/uploads\/2026\/01\/Piec-stalowy-Rollo-7-kW-Wysoki-fi-150-mm-100x100.png",100,100,true],"yith-woocompare-image":["https:\/\/drewnonasprzedaz.pl\/wp-content\/uploads\/2026\/01\/Piec-stalowy-Rollo-7-kW-Wysoki-fi-150-mm-220x154.png",220,154,true]},"uagb_author_info":{"display_name":"danwinrodolpho@gmail.com","author_link":"https:\/\/drewnonasprzedaz.pl\/pl\/author\/"},"uagb_comment_info":0,"uagb_excerpt":"Profesjonalna obs\u0142uga klienta: Darmowa dostawa Depozyt bez op\u0142at importowych i zwroty w ci\u0105gu 15 dni Wysy\u0142ka\u00a0(3 DO 5 DNI) Ochrona zakupu:\u00a0","_links":{"self":[{"href":"https:\/\/drewnonasprzedaz.pl\/pl\/wp-json\/wp\/v2\/product\/8501","targetHints":{"allow":["GET"]}}],"collection":[{"href":"https:\/\/drewnonasprzedaz.pl\/pl\/wp-json\/wp\/v2\/product"}],"about":[{"href":"https:\/\/drewnonasprzedaz.pl\/pl\/wp-json\/wp\/v2\/types\/product"}],"replies":[{"embeddable":true,"href":"https:\/\/drewnonasprzedaz.pl\/pl\/wp-json\/wp\/v2\/comments?post=8501"}],"version-history":[{"count":1,"href":"https:\/\/drewnonasprzedaz.pl\/pl\/wp-json\/wp\/v2\/product\/8501\/revisions"}],"predecessor-version":[{"id":8514,"href":"https:\/\/drewnonasprzedaz.pl\/pl\/wp-json\/wp\/v2\/product\/8501\/revisions\/8514"}],"wp:featuredmedia":[{"embeddable":true,"href":"https:\/\/drewnonasprzedaz.pl\/pl\/wp-json\/wp\/v2\/media\/8513"}],"wp:attachment":[{"href":"https:\/\/drewnonasprzedaz.pl\/pl\/wp-json\/wp\/v2\/media?parent=8501"}],"wp:term":[{"taxonomy":"product_brand","embeddable":true,"href":"https:\/\/drewnonasprzedaz.pl\/pl\/wp-json\/wp\/v2\/product_brand?post=8501"},{"taxonomy":"product_cat","embeddable":true,"href":"https:\/\/drewnonasprzedaz.pl\/pl\/wp-json\/wp\/v2\/product_cat?post=8501"},{"taxonomy":"product_tag","embeddable":true,"href":"https:\/\/drewnonasprzedaz.pl\/pl\/wp-json\/wp\/v2\/product_tag?post=8501"}],"curies":[{"name":"wp","href":"https:\/\/api.w.org\/{rel}","templated":true}]}}