{"id":8506,"date":"2026-01-22T01:59:26","date_gmt":"2026-01-22T01:59:26","guid":{"rendered":"https:\/\/drewnonasprzedaz.pl\/?post_type=product&#038;p=8506"},"modified":"2026-01-22T01:59:26","modified_gmt":"2026-01-22T01:59:26","slug":"piec-grzewczy-i-kuchenny-koza-pov-100-v-vertical","status":"publish","type":"product","link":"https:\/\/drewnonasprzedaz.pl\/pl\/produkt\/piec-grzewczy-i-kuchenny-koza-pov-100-v-vertical\/","title":{"rendered":"Piec grzewczy i kuchenny koza POV-100 V Vertical"},"content":{"rendered":"<p><strong>PIEC GRZEWCZY TYPU KOZA<\/strong><br \/>\n<strong>MODEL: POV-100 V Vertical<br \/>\nProducent:<\/strong>\u00a0Novaslav<\/p>\n<p><strong>Zalecany rozmiar pomieszczenia:\u00a0<\/strong>\u00a0do 100 m\u00b3<br \/>\n<strong>Wymiary pieca (szeroko\u015b\u0107 x d\u0142ugo\u015b\u0107 x wysoko\u015b\u0107 mm):\u00a0<\/strong>\u00a0398 x 502 x 878<br \/>\n<strong>Waga:<\/strong>\u00a064 kg<br \/>\n<strong>\u015arednica wyci\u0105gu dymowego mm:\u00a0<\/strong>115<strong><br \/>\nMoc kW:\u00a0<\/strong>10<\/p>\n<p>Drzwi kozy wyposa\u017cone s\u0105 w\u00a0<strong>szk\u0142o \u017caroodporne \u201eSCHOTT ROBAX\u201d<\/strong>\u00a0o wymiarach 210\u00d7310 mm<\/p>\n<p><strong>Informacje og\u00f3lne:<\/strong><\/p>\n<p><strong>Koza<\/strong>\u00a0wyr\u00f3\u017cnia si\u0119 stylowym wygl\u0105dem, szklanymi drzwiami, powierzchni\u0105 do gotowania z \u017celiwnym palnikiem i efektywnymi w\u0142a\u015bciwo\u015bciami konwekcyjnymi. Piec \u201eVertical\u201d<strong>\u00a0przeznaczony jest do ogrzewania ma\u0142ych pomieszcze\u0144 przemys\u0142owych i mieszkalnych o kubaturze do 100 m\u00b3<\/strong>, posiada szereg zalet: trwa\u0142o\u015b\u0107, \u0142atwo\u015b\u0107 obs\u0142ugi oraz kompaktowe wymiary pieca, kt\u00f3re pozwalaj\u0105 na umieszczenie go nawet w k\u0105cie ma\u0142ego pomieszczenia. Taka konstrukcja pieca pozwala znacz\u0105co zaoszcz\u0119dzi\u0107 miejsce i uzyska\u0107 wi\u0119ksz\u0105 przestrze\u0144 u\u017cytkow\u0105 w pomieszczeniu.<\/p>\n<p>Chcieliby\u015bmy zaznaczy\u0107, \u017ce konstrukcja pieca \u201eVertical\u201d pozwala na u\u017cytkowanie go w trybie d\u0142ugiego palenia nawet do 8 godzin. Drewno opa\u0142owe w piecu nie pali si\u0119, lecz tli si\u0119, \u201erozk\u0142ada si\u0119\u201d z wydzielaniem gazu; ta metoda jest bardzo skuteczna i pozwala osi\u0105gn\u0105\u0107 najwy\u017csz\u0105 mo\u017cliw\u0105 sprawno\u015b\u0107.<\/p>\n<p>Obudowa konwekcyjna zapewnia skuteczn\u0105 konwekcj\u0119 powietrza, intensywnie usuwaj\u0105c ciep\u0142o z p\u0142on\u0105cego pieca. Piec \u201eVertical\u201d pozwala na kontrol\u0119 intensywno\u015bci spalania oraz dost\u0119pu powietrza do ognia. Rol\u0119 t\u0119 spe\u0142niaj\u0105 \u017celiwny ruszt i popielnik pieca. Popielnik piecowy s\u0142u\u017cy r\u00f3wnie\u017c do szybkiego i ostro\u017cnego usuwania popio\u0142u bez przerywania procesu spalania.<\/p>\n<p>Palenisko oraz g\u00f3rna p\u0142yta pieca wykonane s\u0105 z wysokiej jako\u015bci stali konstrukcyjnej\u00a0<strong>o grubo\u015bci 4 mm<\/strong>. \u201eVertical\u201d wyposa\u017cony jest w p\u0142yt\u0119 grzewcz\u0105 z palnikiem \u017celiwnym do podgrzewania i gotowania potraw. R\u00f3wnie\u017c dla wygody u\u017cytkowania, piec posiada drzwiczki ze szk\u0142em o wymiarach 210\u00d7310 mm, przez kt\u00f3re mo\u017cna obserwowa\u0107 proces spalania, kontempluj\u0105c p\u0142omie\u0144 \u017cywego ognia.<\/p>\n<p>&nbsp;<\/p>\n\n    <div class=\"xs_social_share_widget xs_share_url after_content \t\tmain_content  wslu-style-1 wslu-share-box-shaped wslu-fill-colored wslu-none wslu-share-horizontal wslu-theme-font-no wslu-main_content\">\n\n\t\t\n        <ul>\n\t\t\t        <\/ul>\n    <\/div>","protected":false},"excerpt":{"rendered":"<div class=\"elementor-element elementor-element-2e394c9 elementor-widget elementor-widget-xts_title\" data-id=\"2e394c9\" data-element_type=\"widget\" data-widget_type=\"xts_title.default\">\n<div class=\"elementor-widget-container\">\n<div class=\"xts-section-heading xts-reset-mb-10 xts-reset-last xts-textalign-left\" data-animation-delay=\"\">\n<h4 class=\"xts-section-title title xts-design-default xts-fontsize-xs\"><span class=\"xts-section-title-text\" data-elementor-setting-key=\"title\">Profesjonalna obs\u0142uga klienta:<\/span><\/h4>\n<\/div>\n<\/div>\n<\/div>\n<div class=\"elementor-element elementor-element-4066510 elementor-icon-list--layout-traditional elementor-list-item-link-full_width elementor-widget elementor-widget-icon-list\" data-id=\"4066510\" data-element_type=\"widget\" data-widget_type=\"icon-list.default\">\n<div class=\"elementor-widget-container\">\n<ul class=\"elementor-icon-list-items\">\n<li class=\"elementor-icon-list-item\"><i class=\"fas fa-check\" aria-hidden=\"true\"><\/i><span class=\"elementor-icon-list-text\">Darmowa dostawa<\/span><\/li>\n<li class=\"elementor-icon-list-item\"><i class=\"fas fa-check\" aria-hidden=\"true\"><\/i><span class=\"elementor-icon-list-text\">Depozyt bez op\u0142at importowych i zwroty w ci\u0105gu 15 dni<\/span><\/li>\n<li class=\"elementor-icon-list-item\"><i class=\"fas fa-check\" aria-hidden=\"true\"><\/i><span class=\"elementor-icon-list-text\">Wysy\u0142ka\u00a0(3 DO 5 DNI)<\/span><\/li>\n<\/ul>\n<h5><strong><span class=\"xts-section-title-text\" data-elementor-setting-key=\"title\">Ochrona zakupu:\u00a0<\/span><\/strong><\/h5>\n<\/div>\n<\/div>\n<div class=\"elementor-element elementor-element-e8e4778 elementor-widget elementor-widget-xts_title\" data-id=\"e8e4778\" data-element_type=\"widget\" data-widget_type=\"xts_title.default\">\n<div class=\"elementor-widget-container\">\n<div class=\"xts-section-heading xts-reset-mb-10 xts-reset-last xts-textalign-left\" data-animation-delay=\"\">\n<div class=\"xts-after-add-to-cart\">\n<div class=\"elementor elementor-871\" data-elementor-type=\"wp-post\" data-elementor-id=\"871\">\n<section class=\"elementor-section elementor-top-section elementor-element elementor-element-f46d1d8 elementor-section-boxed elementor-section-height-default elementor-section-height-default xts-section-disabled\" data-id=\"f46d1d8\" data-element_type=\"section\">\n<div class=\"elementor-container elementor-column-gap-default\">\n<div class=\"elementor-column elementor-col-100 elementor-top-column elementor-element elementor-element-38daed2\" data-id=\"38daed2\" data-element_type=\"column\">\n<div class=\"elementor-widget-wrap elementor-element-populated\">\n<div class=\"elementor-element elementor-element-1a02a43 elementor-widget__width-auto elementor-widget elementor-widget-xts_image\" data-id=\"1a02a43\" data-element_type=\"widget\" data-widget_type=\"xts_image.default\">\n<div class=\"elementor-widget-container\">\n<div class=\"xts-image-single xts-textalign-left\">\n<figure class=\"xts-image\">\n<div class=\"xts-image-inner\"><img decoding=\"async\" class=\"attachment-full size-full wp-image-879\" src=\"https:\/\/drewnosprzedawca.pl\/wp-content\/uploads\/2020\/01\/vega-trust.jpg\" sizes=\"(max-width: 400px) 100vw, 400px\" srcset=\"https:\/\/drewnosprzedawca.pl\/wp-content\/uploads\/2020\/01\/vega-trust.jpg 400w, https:\/\/drewnosprzedawca.pl\/wp-content\/uploads\/2020\/01\/vega-trust-300x32.jpg 300w\" alt=\"\" width=\"400\" height=\"42\" \/><\/div>\n<\/figure>\n<\/div>\n<\/div>\n<\/div>\n<\/div>\n<\/div>\n<\/div>\n<\/section>\n<\/div>\n<\/div>\n<\/div>\n<\/div>\n<\/div>","protected":false},"featured_media":8504,"comment_status":"open","ping_status":"closed","template":"","meta":{"_uag_custom_page_level_css":""},"product_brand":[],"product_cat":[76],"product_tag":[],"class_list":{"0":"post-8506","1":"product","2":"type-product","3":"status-publish","4":"has-post-thumbnail","6":"product_cat-piec-na-drewno-i-wegiel","8":"first","9":"instock","10":"shipping-taxable","11":"purchasable","12":"product-type-simple"},"aioseo_notices":[],"uagb_featured_image_src":{"full":["https:\/\/drewnonasprzedaz.pl\/wp-content\/uploads\/2026\/01\/Piec-grzewczy-i-kuchenny-koza-POV-100-V-Vertical.jpg",2560,1700,false],"thumbnail":["https:\/\/drewnonasprzedaz.pl\/wp-content\/uploads\/2026\/01\/Piec-grzewczy-i-kuchenny-koza-POV-100-V-Vertical-150x150.jpg",150,150,true],"medium":["https:\/\/drewnonasprzedaz.pl\/wp-content\/uploads\/2026\/01\/Piec-grzewczy-i-kuchenny-koza-POV-100-V-Vertical-400x266.jpg",400,266,true],"medium_large":["https:\/\/drewnonasprzedaz.pl\/wp-content\/uploads\/2026\/01\/Piec-grzewczy-i-kuchenny-koza-POV-100-V-Vertical-768x510.jpg",768,510,true],"large":["https:\/\/drewnonasprzedaz.pl\/wp-content\/uploads\/2026\/01\/Piec-grzewczy-i-kuchenny-koza-POV-100-V-Vertical-1205x800.jpg",1205,800,true],"1536x1536":["https:\/\/drewnonasprzedaz.pl\/wp-content\/uploads\/2026\/01\/Piec-grzewczy-i-kuchenny-koza-POV-100-V-Vertical-1536x1020.jpg",1536,1020,true],"2048x2048":["https:\/\/drewnonasprzedaz.pl\/wp-content\/uploads\/2026\/01\/Piec-grzewczy-i-kuchenny-koza-POV-100-V-Vertical-2048x1360.jpg",2048,1360,true],"trp-custom-language-flag":["https:\/\/drewnonasprzedaz.pl\/wp-content\/uploads\/2026\/01\/Piec-grzewczy-i-kuchenny-koza-POV-100-V-Vertical.jpg",18,12,false],"woodmart_shop_catalog_x2":["https:\/\/drewnonasprzedaz.pl\/wp-content\/uploads\/2026\/01\/Piec-grzewczy-i-kuchenny-koza-POV-100-V-Vertical-860x571.jpg",860,571,true],"woocommerce_thumbnail":["https:\/\/drewnonasprzedaz.pl\/wp-content\/uploads\/2026\/01\/Piec-grzewczy-i-kuchenny-koza-POV-100-V-Vertical-430x286.jpg",430,286,true],"woocommerce_single":["https:\/\/drewnonasprzedaz.pl\/wp-content\/uploads\/2026\/01\/Piec-grzewczy-i-kuchenny-koza-POV-100-V-Vertical-700x465.jpg",700,465,true],"woocommerce_gallery_thumbnail":["https:\/\/drewnonasprzedaz.pl\/wp-content\/uploads\/2026\/01\/Piec-grzewczy-i-kuchenny-koza-POV-100-V-Vertical-150x100.jpg",150,100,true],"variation_swatches_image_size":["https:\/\/drewnonasprzedaz.pl\/wp-content\/uploads\/2026\/01\/Piec-grzewczy-i-kuchenny-koza-POV-100-V-Vertical-50x50.jpg",50,50,true],"variation_swatches_tooltip_size":["https:\/\/drewnonasprzedaz.pl\/wp-content\/uploads\/2026\/01\/Piec-grzewczy-i-kuchenny-koza-POV-100-V-Vertical-100x100.jpg",100,100,true],"yith-woocompare-image":["https:\/\/drewnonasprzedaz.pl\/wp-content\/uploads\/2026\/01\/Piec-grzewczy-i-kuchenny-koza-POV-100-V-Vertical-220x154.jpg",220,154,true]},"uagb_author_info":{"display_name":"danwinrodolpho@gmail.com","author_link":"https:\/\/drewnonasprzedaz.pl\/pl\/author\/"},"uagb_comment_info":0,"uagb_excerpt":"Profesjonalna obs\u0142uga klienta: Darmowa dostawa Depozyt bez op\u0142at importowych i zwroty w ci\u0105gu 15 dni Wysy\u0142ka\u00a0(3 DO 5 DNI) Ochrona zakupu:\u00a0","_links":{"self":[{"href":"https:\/\/drewnonasprzedaz.pl\/pl\/wp-json\/wp\/v2\/product\/8506","targetHints":{"allow":["GET"]}}],"collection":[{"href":"https:\/\/drewnonasprzedaz.pl\/pl\/wp-json\/wp\/v2\/product"}],"about":[{"href":"https:\/\/drewnonasprzedaz.pl\/pl\/wp-json\/wp\/v2\/types\/product"}],"replies":[{"embeddable":true,"href":"https:\/\/drewnonasprzedaz.pl\/pl\/wp-json\/wp\/v2\/comments?post=8506"}],"version-history":[{"count":1,"href":"https:\/\/drewnonasprzedaz.pl\/pl\/wp-json\/wp\/v2\/product\/8506\/revisions"}],"predecessor-version":[{"id":8507,"href":"https:\/\/drewnonasprzedaz.pl\/pl\/wp-json\/wp\/v2\/product\/8506\/revisions\/8507"}],"wp:featuredmedia":[{"embeddable":true,"href":"https:\/\/drewnonasprzedaz.pl\/pl\/wp-json\/wp\/v2\/media\/8504"}],"wp:attachment":[{"href":"https:\/\/drewnonasprzedaz.pl\/pl\/wp-json\/wp\/v2\/media?parent=8506"}],"wp:term":[{"taxonomy":"product_brand","embeddable":true,"href":"https:\/\/drewnonasprzedaz.pl\/pl\/wp-json\/wp\/v2\/product_brand?post=8506"},{"taxonomy":"product_cat","embeddable":true,"href":"https:\/\/drewnonasprzedaz.pl\/pl\/wp-json\/wp\/v2\/product_cat?post=8506"},{"taxonomy":"product_tag","embeddable":true,"href":"https:\/\/drewnonasprzedaz.pl\/pl\/wp-json\/wp\/v2\/product_tag?post=8506"}],"curies":[{"name":"wp","href":"https:\/\/api.w.org\/{rel}","templated":true}]}}