{"id":8521,"date":"2026-01-22T03:27:01","date_gmt":"2026-01-22T03:27:01","guid":{"rendered":"https:\/\/drewnonasprzedaz.pl\/?post_type=product&#038;p=8521"},"modified":"2026-01-22T03:30:32","modified_gmt":"2026-01-22T03:30:32","slug":"warmtec-porto-max-wklad-dimplex-28-xhd-optiflame-dab","status":"publish","type":"product","link":"https:\/\/drewnonasprzedaz.pl\/pl\/produkt\/warmtec-porto-max-wklad-dimplex-28-xhd-optiflame-dab\/","title":{"rendered":"Warmtec Porto Max wk\u0142ad Dimplex 28&#8243; XHD Optiflame &#8211; d\u0105b"},"content":{"rendered":"<p><span class=\"long__description__template__headline\">Ciep\u0142o ognia w Twoim domu \u2013 bez popio\u0142u i dymu<\/span><\/p>\n<div class=\"long__description__sectionfirst\">\n<div class=\"long__description__sectionfirst__text\">\n<p>Kominek\u00a0<strong>Warmtec Porto<\/strong>\u00a0inspirowany tradycyjnymi kominkami zosta\u0142 wyko\u0144czony p\u0142yt\u0105 meblow\u0105 w dekorze drewna oraz p\u0142ytkami gipsowymi odwzorowuj\u0105cymi bia\u0142y kamie\u0144. Ca\u0142o\u015b\u0107 prezentuje si\u0119 niezwykle szlachetnie i z \u0142atwo\u015bci\u0105 wpasuje si\u0119 we wn\u0119trze.<\/p>\n<p>Sercem kominka jest energooszcz\u0119dny wk\u0142ad Dimplex XHD, kt\u00f3ry s\u0142ynie z niezwykle realistycznego odwzorowania p\u0142omieni. Ogie\u0144 wygl\u0105da naturalnie, a jego intensywno\u015b\u0107 mo\u017cna regulowa\u0107 zgodnie z w\u0142asnym nastrojem. Poczuj si\u0119 jak przy prawdziwym palenisku \u2013\u00a0<strong>bez opa\u0142u, bez popio\u0142u i bez czyszczenia<\/strong>.<\/p>\n<p>Obs\u0142uga kominka jest wyj\u0105tkowo prosta \u2013 wszystkie funkcje dost\u0119pne s\u0105 za pomoc\u0105 panelu sterowania lub pilota. Mo\u017cesz w\u0142\u0105czy\u0107 sam efekt p\u0142omienia lub po\u0142\u0105czy\u0107 go z funkcj\u0105 grzewcz\u0105, w zale\u017cno\u015bci od potrzeb.<\/p>\n<\/div>\n<p><img decoding=\"async\" class=\"long__description__sectionfirst__photo\" src=\"https:\/\/emultimax.pl\/data\/include\/cms\/redesign-2022\/opis-dlugi\/kominki-elektryczne\/z-obudowa\/porto\/kominek-warmtec-porto-28xhd-w02-nowyopis.png\" alt=\"Kominek elektryczny Porto d\u0105b we wn\u0119trzu\" border=\"0\" \/><\/p>\n<\/div>\n<p>&nbsp;<\/p>\n<div class=\"long__description__sectionsecond\">\n<p><img decoding=\"async\" class=\"long__description__sectionsecond__photo\" src=\"https:\/\/emultimax.pl\/data\/include\/cms\/redesign-2022\/opis-dlugi\/kominki-elektryczne\/z-obudowa\/porto\/obudowa-kominka-warmtec-porto-w02.png\" alt=\"Wysokiej jako\u015bci p\u0142yta meblowa w kominku elektrycznym Porto\" border=\"0\" \/><\/p>\n<div class=\"long__description__sectionsecond__text\">\n<div class=\"long__description__advantages\">\n<div class=\"long__description__advantages__headline\">Obudowa, kt\u00f3ra \u0142\u0105czy design z jako\u015bci\u0105<\/div>\n<div class=\"long__description__advantages__wrapper\">\n<ul>\n<li style=\"list-style-type: none;\">\n<ul>\n<li class=\"--desc\">Obudowa inspirowana klasycznym kominkiem, zaprojektowana w Polsce<\/li>\n<\/ul>\n<\/li>\n<\/ul>\n<p>Bry\u0142a stworzona, by przyci\u0105ga\u0107 wzrok i podkre\u015bla\u0107 wyj\u0105tkowo\u015b\u0107 wn\u0119trza.<\/p>\n<ul>\n<li style=\"list-style-type: none;\">\n<ul>\n<li class=\"--desc\">Wykonana z p\u0142yty MDF laminowanej o grubo\u015bci 18 mm<\/li>\n<\/ul>\n<\/li>\n<\/ul>\n<p>Wytrzyma\u0142y materia\u0142, kt\u00f3ry doskonale sprawdza si\u0119 w codziennym u\u017cytkowaniu.<\/p>\n<ul>\n<li style=\"list-style-type: none;\">\n<ul>\n<li class=\"--desc\">Kominek dostarczamy w ca\u0142o\u015bci zmontowany<\/li>\n<\/ul>\n<\/li>\n<\/ul>\n<p>Wystarczy ustawi\u0107 w wybranym miejscu i pod\u0142\u0105czy\u0107 do pr\u0105du.<\/p>\n<\/div>\n<\/div>\n<\/div>\n<\/div>\n<div class=\"long__description__sectionfirst\">\n<div class=\"long__description__sectionfirst__text\">\n<div class=\"long__description__advantages\">\n<div class=\"long__description__advantages__headline\">Poznaj wk\u0142ad kominkowy Dimplex XHD<\/div>\n<div class=\"long__description__advantages__wrapper\">\n<ul>\n<li style=\"list-style-type: none;\">\n<ul>\n<li class=\"--desc\">Energooszcz\u0119dna technologia o\u015bwietlenia LED<\/li>\n<\/ul>\n<\/li>\n<\/ul>\n<p>Bez w\u0142\u0105czonej funkcji grzewczej to tylko 7 W.<\/p>\n<ul>\n<li style=\"list-style-type: none;\">\n<ul>\n<li class=\"--desc\">Regulacja efektu p\u0142omienia<\/li>\n<\/ul>\n<\/li>\n<\/ul>\n<p>Sam decydujesz o pr\u0119dko\u015bci, jaskrawo\u015bci oraz kolorach p\u0142omienia.<\/p>\n<ul>\n<li style=\"list-style-type: none;\">\n<ul>\n<li class=\"--desc\">Moc grzewcza 1400 W<\/li>\n<\/ul>\n<\/li>\n<\/ul>\n<p>Wystarczy, by dogrza\u0107 pomieszczenia do ok. 14 m\u00b2, takie jak sypialnia czy ma\u0142y salon.<\/p>\n<ul>\n<li style=\"list-style-type: none;\">\n<ul>\n<li class=\"--desc\">Elektroniczny termostat z regulacj\u0105 od 17\u00b0C do 27\u00b0C<\/li>\n<\/ul>\n<\/li>\n<\/ul>\n<p>Ustaw idealn\u0105 temperatur\u0119 i pozw\u00f3l, aby kominek sam j\u0105 utrzymywa\u0142.<\/p>\n<\/div>\n<\/div>\n<\/div>\n<p><img decoding=\"async\" class=\"long__description__sectionfirst__photo\" src=\"https:\/\/emultimax.pl\/data\/include\/cms\/redesign-2022\/opis-dlugi\/kominki-elektryczne\/z-obudowa\/wklad-xhd-376x312-1.png\" alt=\"Wk\u0142ad kominkowy Dimplex XHD\" border=\"0\" \/><\/p>\n<\/div>\n<p>&nbsp;<\/p>\n<div class=\"long__description__sectionsecond\">\n<p><img decoding=\"async\" class=\"long__description__sectionsecond__photo\" src=\"https:\/\/emultimax.pl\/data\/include\/cms\/redesign-2022\/opis-dlugi\/kominki-elektryczne\/z-obudowa\/wklad-xhd-376x312-2.png\" alt=\"Dodatkowe funkcje wk\u0142adu kominkowego Dimplex XHD\" border=\"0\" \/><\/p>\n<div class=\"long__description__sectionsecond__text\">\n<div class=\"long__description__advantages\">\n<div class=\"long__description__advantages__headline\">Dodatkowe funkcje dla Twojej wygody<\/div>\n<div class=\"long__description__advantages__wrapper\">\n<ul>\n<li style=\"list-style-type: none;\">\n<ul>\n<li class=\"--desc\">Funkcja grzewcza z wentylatorem<\/li>\n<\/ul>\n<\/li>\n<\/ul>\n<p>Szybciej rozprowadza ciep\u0142o po pomieszczeniu, dzi\u0119ki czemu od razu robi si\u0119 przytulniej.<\/p>\n<ul>\n<li style=\"list-style-type: none;\">\n<ul>\n<li class=\"--desc\">Wy\u0142\u0105cznik czasowy (0,5-8h)<\/li>\n<\/ul>\n<\/li>\n<\/ul>\n<p>Ustaw timer a kominek sam si\u0119 wy\u0142\u0105czy, np. po za\u015bni\u0119ciu.<\/p>\n<ul>\n<li style=\"list-style-type: none;\">\n<ul>\n<li class=\"--desc\">Pilot zdalnego sterowania<\/li>\n<\/ul>\n<\/li>\n<\/ul>\n<p>Pe\u0142na kontrola bez wstawania z kanapy.<\/p>\n<ul>\n<li style=\"list-style-type: none;\">\n<ul>\n<li class=\"--desc\">Emulator d\u017awi\u0119ku &#8211; opcjonalny dodatek<\/li>\n<\/ul>\n<\/li>\n<\/ul>\n<p>W\u0142\u0105cz jeden z trzech dost\u0119pnych odg\u0142os\u00f3w pal\u0105cego si\u0119 drewna, by jeszcze bardziej poczu\u0107 klimat prawdziwego kominka.<\/p>\n<\/div>\n<\/div>\n<\/div>\n<\/div>\n\n    <div class=\"xs_social_share_widget xs_share_url after_content \t\tmain_content  wslu-style-1 wslu-share-box-shaped wslu-fill-colored wslu-none wslu-share-horizontal wslu-theme-font-no wslu-main_content\">\n\n\t\t\n        <ul>\n\t\t\t        <\/ul>\n    <\/div>","protected":false},"excerpt":{"rendered":"<div class=\"elementor-element elementor-element-2e394c9 elementor-widget elementor-widget-xts_title\" data-id=\"2e394c9\" data-element_type=\"widget\" data-widget_type=\"xts_title.default\">\n<div class=\"elementor-widget-container\">\n<div class=\"xts-section-heading xts-reset-mb-10 xts-reset-last xts-textalign-left\" data-animation-delay=\"\">\n<h4 class=\"xts-section-title title xts-design-default xts-fontsize-xs\"><span class=\"xts-section-title-text\" data-elementor-setting-key=\"title\">Profesjonalna obs\u0142uga klienta:<\/span><\/h4>\n<\/div>\n<\/div>\n<\/div>\n<div class=\"elementor-element elementor-element-4066510 elementor-icon-list--layout-traditional elementor-list-item-link-full_width elementor-widget elementor-widget-icon-list\" data-id=\"4066510\" data-element_type=\"widget\" data-widget_type=\"icon-list.default\">\n<div class=\"elementor-widget-container\">\n<ul class=\"elementor-icon-list-items\">\n<li class=\"elementor-icon-list-item\"><i class=\"fas fa-check\" aria-hidden=\"true\"><\/i><span class=\"elementor-icon-list-text\">Darmowa dostawa<\/span><\/li>\n<li class=\"elementor-icon-list-item\"><i class=\"fas fa-check\" aria-hidden=\"true\"><\/i><span class=\"elementor-icon-list-text\">Depozyt bez op\u0142at importowych i zwroty w ci\u0105gu 15 dni<\/span><\/li>\n<li class=\"elementor-icon-list-item\"><i class=\"fas fa-check\" aria-hidden=\"true\"><\/i><span class=\"elementor-icon-list-text\">Wysy\u0142ka\u00a0(3 DO 5 DNI)<\/span><\/li>\n<\/ul>\n<h5><strong><span class=\"xts-section-title-text\" data-elementor-setting-key=\"title\">Ochrona zakupu:\u00a0<\/span><\/strong><\/h5>\n<\/div>\n<\/div>\n<div class=\"elementor-element elementor-element-e8e4778 elementor-widget elementor-widget-xts_title\" data-id=\"e8e4778\" data-element_type=\"widget\" data-widget_type=\"xts_title.default\">\n<div class=\"elementor-widget-container\">\n<div class=\"xts-section-heading xts-reset-mb-10 xts-reset-last xts-textalign-left\" data-animation-delay=\"\">\n<div class=\"xts-after-add-to-cart\">\n<div class=\"elementor elementor-871\" data-elementor-type=\"wp-post\" data-elementor-id=\"871\">\n<section class=\"elementor-section elementor-top-section elementor-element elementor-element-f46d1d8 elementor-section-boxed elementor-section-height-default elementor-section-height-default xts-section-disabled\" data-id=\"f46d1d8\" data-element_type=\"section\">\n<div class=\"elementor-container elementor-column-gap-default\">\n<div class=\"elementor-column elementor-col-100 elementor-top-column elementor-element elementor-element-38daed2\" data-id=\"38daed2\" data-element_type=\"column\">\n<div class=\"elementor-widget-wrap elementor-element-populated\">\n<div class=\"elementor-element elementor-element-1a02a43 elementor-widget__width-auto elementor-widget elementor-widget-xts_image\" data-id=\"1a02a43\" data-element_type=\"widget\" data-widget_type=\"xts_image.default\">\n<div class=\"elementor-widget-container\">\n<div class=\"xts-image-single xts-textalign-left\">\n<figure class=\"xts-image\">\n<div class=\"xts-image-inner\"><img decoding=\"async\" class=\"attachment-full size-full wp-image-879\" src=\"https:\/\/drewnosprzedawca.pl\/wp-content\/uploads\/2020\/01\/vega-trust.jpg\" sizes=\"(max-width: 400px) 100vw, 400px\" srcset=\"https:\/\/drewnosprzedawca.pl\/wp-content\/uploads\/2020\/01\/vega-trust.jpg 400w, https:\/\/drewnosprzedawca.pl\/wp-content\/uploads\/2020\/01\/vega-trust-300x32.jpg 300w\" alt=\"\" width=\"400\" height=\"42\" \/><\/div>\n<\/figure>\n<\/div>\n<\/div>\n<\/div>\n<\/div>\n<\/div>\n<\/div>\n<\/section>\n<\/div>\n<\/div>\n<\/div>\n<\/div>\n<\/div>","protected":false},"featured_media":8544,"comment_status":"open","ping_status":"closed","template":"","meta":{"_uag_custom_page_level_css":""},"product_brand":[],"product_cat":[77,76],"product_tag":[],"class_list":{"0":"post-8521","1":"product","2":"type-product","3":"status-publish","4":"has-post-thumbnail","6":"product_cat-piec-kaflowy","7":"product_cat-piec-na-drewno-i-wegiel","9":"first","10":"instock","11":"shipping-taxable","12":"purchasable","13":"product-type-simple"},"aioseo_notices":[],"uagb_featured_image_src":{"full":["https:\/\/drewnonasprzedaz.pl\/wp-content\/uploads\/2026\/01\/Warmtec-Porto-Max-wklad-Dimplex-28-XHD-Optiflame-dab-3.webp",450,450,false],"thumbnail":["https:\/\/drewnonasprzedaz.pl\/wp-content\/uploads\/2026\/01\/Warmtec-Porto-Max-wklad-Dimplex-28-XHD-Optiflame-dab-3-150x150.webp",150,150,true],"medium":["https:\/\/drewnonasprzedaz.pl\/wp-content\/uploads\/2026\/01\/Warmtec-Porto-Max-wklad-Dimplex-28-XHD-Optiflame-dab-3-300x300.webp",300,300,true],"medium_large":["https:\/\/drewnonasprzedaz.pl\/wp-content\/uploads\/2026\/01\/Warmtec-Porto-Max-wklad-Dimplex-28-XHD-Optiflame-dab-3.webp",450,450,false],"large":["https:\/\/drewnonasprzedaz.pl\/wp-content\/uploads\/2026\/01\/Warmtec-Porto-Max-wklad-Dimplex-28-XHD-Optiflame-dab-3.webp",450,450,false],"1536x1536":["https:\/\/drewnonasprzedaz.pl\/wp-content\/uploads\/2026\/01\/Warmtec-Porto-Max-wklad-Dimplex-28-XHD-Optiflame-dab-3.webp",450,450,false],"2048x2048":["https:\/\/drewnonasprzedaz.pl\/wp-content\/uploads\/2026\/01\/Warmtec-Porto-Max-wklad-Dimplex-28-XHD-Optiflame-dab-3.webp",450,450,false],"trp-custom-language-flag":["https:\/\/drewnonasprzedaz.pl\/wp-content\/uploads\/2026\/01\/Warmtec-Porto-Max-wklad-Dimplex-28-XHD-Optiflame-dab-3.webp",12,12,false],"woodmart_shop_catalog_x2":["https:\/\/drewnonasprzedaz.pl\/wp-content\/uploads\/2026\/01\/Warmtec-Porto-Max-wklad-Dimplex-28-XHD-Optiflame-dab-3.webp",450,450,false],"woocommerce_thumbnail":["https:\/\/drewnonasprzedaz.pl\/wp-content\/uploads\/2026\/01\/Warmtec-Porto-Max-wklad-Dimplex-28-XHD-Optiflame-dab-3-430x430.webp",430,430,true],"woocommerce_single":["https:\/\/drewnonasprzedaz.pl\/wp-content\/uploads\/2026\/01\/Warmtec-Porto-Max-wklad-Dimplex-28-XHD-Optiflame-dab-3.webp",450,450,false],"woocommerce_gallery_thumbnail":["https:\/\/drewnonasprzedaz.pl\/wp-content\/uploads\/2026\/01\/Warmtec-Porto-Max-wklad-Dimplex-28-XHD-Optiflame-dab-3-150x150.webp",150,150,true],"variation_swatches_image_size":["https:\/\/drewnonasprzedaz.pl\/wp-content\/uploads\/2026\/01\/Warmtec-Porto-Max-wklad-Dimplex-28-XHD-Optiflame-dab-3-50x50.webp",50,50,true],"variation_swatches_tooltip_size":["https:\/\/drewnonasprzedaz.pl\/wp-content\/uploads\/2026\/01\/Warmtec-Porto-Max-wklad-Dimplex-28-XHD-Optiflame-dab-3-100x100.webp",100,100,true],"yith-woocompare-image":["https:\/\/drewnonasprzedaz.pl\/wp-content\/uploads\/2026\/01\/Warmtec-Porto-Max-wklad-Dimplex-28-XHD-Optiflame-dab-3-220x154.webp",220,154,true]},"uagb_author_info":{"display_name":"danwinrodolpho@gmail.com","author_link":"https:\/\/drewnonasprzedaz.pl\/pl\/author\/"},"uagb_comment_info":0,"uagb_excerpt":"Profesjonalna obs\u0142uga klienta: Darmowa dostawa Depozyt bez op\u0142at importowych i zwroty w ci\u0105gu 15 dni Wysy\u0142ka\u00a0(3 DO 5 DNI) Ochrona zakupu:\u00a0","_links":{"self":[{"href":"https:\/\/drewnonasprzedaz.pl\/pl\/wp-json\/wp\/v2\/product\/8521","targetHints":{"allow":["GET"]}}],"collection":[{"href":"https:\/\/drewnonasprzedaz.pl\/pl\/wp-json\/wp\/v2\/product"}],"about":[{"href":"https:\/\/drewnonasprzedaz.pl\/pl\/wp-json\/wp\/v2\/types\/product"}],"replies":[{"embeddable":true,"href":"https:\/\/drewnonasprzedaz.pl\/pl\/wp-json\/wp\/v2\/comments?post=8521"}],"version-history":[{"count":2,"href":"https:\/\/drewnonasprzedaz.pl\/pl\/wp-json\/wp\/v2\/product\/8521\/revisions"}],"predecessor-version":[{"id":8546,"href":"https:\/\/drewnonasprzedaz.pl\/pl\/wp-json\/wp\/v2\/product\/8521\/revisions\/8546"}],"wp:featuredmedia":[{"embeddable":true,"href":"https:\/\/drewnonasprzedaz.pl\/pl\/wp-json\/wp\/v2\/media\/8544"}],"wp:attachment":[{"href":"https:\/\/drewnonasprzedaz.pl\/pl\/wp-json\/wp\/v2\/media?parent=8521"}],"wp:term":[{"taxonomy":"product_brand","embeddable":true,"href":"https:\/\/drewnonasprzedaz.pl\/pl\/wp-json\/wp\/v2\/product_brand?post=8521"},{"taxonomy":"product_cat","embeddable":true,"href":"https:\/\/drewnonasprzedaz.pl\/pl\/wp-json\/wp\/v2\/product_cat?post=8521"},{"taxonomy":"product_tag","embeddable":true,"href":"https:\/\/drewnonasprzedaz.pl\/pl\/wp-json\/wp\/v2\/product_tag?post=8521"}],"curies":[{"name":"wp","href":"https:\/\/api.w.org\/{rel}","templated":true}]}}