{"id":8537,"date":"2026-01-22T03:35:02","date_gmt":"2026-01-22T03:35:02","guid":{"rendered":"https:\/\/drewnonasprzedaz.pl\/?post_type=product&#038;p=8537"},"modified":"2026-01-22T03:35:02","modified_gmt":"2026-01-22T03:35:02","slug":"piec-kominek-kaflowy-stalowy-ceramiczny-ivalo-z-plaszczem-wodnym-kociol-co","status":"publish","type":"product","link":"https:\/\/drewnonasprzedaz.pl\/pl\/produkt\/piec-kominek-kaflowy-stalowy-ceramiczny-ivalo-z-plaszczem-wodnym-kociol-co\/","title":{"rendered":"Piec kominek kaflowy stalowy ceramiczny IVALO z p\u0142aszczem wodnym kocio\u0142 CO"},"content":{"rendered":"<div class=\"mpof_ki myre_zn myre_8v_l m389_6m_l\">\n<div class=\"mp4t_16_s mryx_16_s mr3m_1 mli2_1 mh85_56 mh85_0_l\">\n<div class=\"mgn2_16 _0d3bd_am0a-\">\n<h2><strong>DANE TECHNICZNE<\/strong><\/h2>\n<ul>\n<li>nazwa pieca \/ kominka:\u00a0<strong>IVALO z wk\u0142adem PADOVA E wyposa\u017cony w p\u0142aszcz wodny \/\u00a0<\/strong><strong>BLIST\u00ae\ufe0f<\/strong><\/li>\n<li>producent:\u00a0<strong>HIGHER\u00ae\ufe0f<\/strong><\/li>\n<li>kolor:<strong>\u00a0be\u017cowy \/ inne kolory na zapytanie<\/strong><\/li>\n<li>moc nominalna:<strong>\u00a019 kW<\/strong><\/li>\n<li>nominalna moc pieca:\u00a0<strong>6 kW<\/strong><\/li>\n<li>nominalna moc p\u0142aszcza wodnego:\u00a0<strong>13 kW<\/strong><\/li>\n<li>pojemno\u015b\u0107 p\u0142aszcza wodnego:<strong>\u00a019 L<\/strong><\/li>\n<li>materia\u0142 wykonania:<strong>\u00a0stal + kafle ceramiczne<\/strong><\/li>\n<li>pow\u0142oka \/ malowanie:<strong>\u00a0farba \u017caroodporna<\/strong><\/li>\n<li>orientacyjna powierzchnia grzewcza:\u00a0<strong>do 190 m<\/strong><strong>\u00b2<\/strong><\/li>\n<li>klasa efektywno\u015bci energetycznej:\u00a0<strong>A<\/strong><\/li>\n<li>waga:<strong>\u00a0160 kg<\/strong><\/li>\n<li>zalecane akcesoria do pod\u0142\u0105czenia:<strong>\u00a0produkty \u017caroodporne o grubo\u015bci 2 mm<\/strong><\/li>\n<li>wylot spalin:\u00a0<strong>g\u00f3rny<\/strong><\/li>\n<li>\u015brednica wylotu spalin:<strong>\u00a0\u00d8 120 mm<\/strong><\/li>\n<li>efektywno\u015b\u0107 energetyczna:<strong>\u00a074,7 %\u00a0<\/strong><\/li>\n<li>temperatura spalin dla drewna opa\u0142owego:\u00a0<strong>290\u00b0C<\/strong><\/li>\n<li>emisja cz\u0105stek sta\u0142ych (PM):<strong>\u00a0&lt;40 mg\/m<\/strong><strong>\u00b3<\/strong><strong>\u00a0przy 13% O2<\/strong><\/li>\n<li>emisja organicznych zwi\u0105zk\u00f3w gazowych (OGC):<strong>\u00a0&lt;120 mgC\/m<\/strong><strong>\u00b3<\/strong><strong>\u00a0przy 13% O2<\/strong><\/li>\n<li>emisja tlenku w\u0119gla (CO):\u00a0<strong>&lt;1500 mg\/m<\/strong><strong>\u00b3<\/strong><strong>\u00a0przy 13% O2<\/strong><\/li>\n<li>emisja tlenk\u00f3w azotu (NOx):<strong>\u00a0&lt;300 mg\/m<\/strong><strong>\u00b3<\/strong><strong>\u00a0NO2 przy 13% O2<\/strong><\/li>\n<li>wymagany ci\u0105g kominowy:\u00a0<strong>12 Pa<\/strong><\/li>\n<li>zu\u017cycie paliwa:\u00a0<strong>1,5 kg\/h<\/strong><\/li>\n<li>d\u0142ugo\u015b\u0107 polan:<strong>\u00a0do 40 cm<\/strong><\/li>\n<li>palenisko:\u00a0<strong>\u015bciany paleniska stalowe jednocze\u015bnie \u015bciany p\u0142aszcza wodnego<\/strong><\/li>\n<li>rodzaj paliwa:\u00a0<strong>drewno, brykiety, niskokaloryczny w\u0119giel<\/strong><\/li>\n<\/ul>\n<\/div>\n<\/div>\n<\/div>\n<div class=\"mpof_ki myre_zn myre_8v_l m389_6m_l\">\n<div class=\"mp4t_16_s mryx_16_s mr3m_1 mli2_1 mh85_56 mh85_0_l\">\n<div class=\"mgn2_16 _0d3bd_am0a-\">\n<h1><\/h1>\n<h2>BEZPIECZE\u0143STWO<\/h2>\n<ul>\n<li>znak CE:\u00a0<strong>TAK\u00a0<\/strong><\/li>\n<li>norma EN 13240:2008 (CE):<strong>\u00a0TAK\u00a0<\/strong><\/li>\n<li>zgodno\u015b\u0107 z ECO Design 2022 (EKOPROJEKT):\u00a0<strong>TAK<\/strong><\/li>\n<li>znak BlmSchV:\u00a0<strong>TAK<\/strong><\/li>\n<\/ul>\n<\/div>\n<\/div>\n<\/div>\n<div class=\"mpof_ki myre_zn myre_8v_l m389_6m_l\">\n<div class=\"mp4t_16_s mryx_16_s mr3m_1 mli2_1 mh85_56 mh85_0_l\">\n<div class=\"mgn2_16 _0d3bd_am0a-\">\n<h2><\/h2>\n<h2>FUNKCJONALNO\u015a\u0106<\/h2>\n<ul>\n<li>system czysta szyba:\u00a0<strong>TAK<\/strong><\/li>\n<li>deflektor spalin:\u00a0<strong>TAK<\/strong><\/li>\n<li>regulacja szybko\u015bci spalania:\u00a0<strong>TAK<\/strong><\/li>\n<li>regulowany szyber:\u00a0<strong>TAK<\/strong><\/li>\n<li>wizja ognia:\u00a0<strong>TAK<\/strong>\u00a0<strong>(SZYBA MARKI\u00a0<\/strong><strong>SCHOTT ROBAX\u00ae<\/strong><strong>)<\/strong><\/li>\n<li>ruszt:\u00a0<strong>\u017celiwny &#8211; wymienny<\/strong><\/li>\n<li>wyjmowany popielnik:\u00a0<strong>TAK<\/strong><\/li>\n<li>p\u00f3\u0142ka na drewno pod paleniskiem:\u00a0<strong>TAK<\/strong><\/li>\n<li>g\u00f3rna p\u0142yta grzewcza:\u00a0<strong>NIE<\/strong><\/li>\n<li>zdejmowana fajerka:<strong>\u00a0NIE<\/strong><\/li>\n<li>mo\u017cliwo\u015b\u0107 gotowania potraw:\u00a0<strong>NIE<\/strong><\/li>\n<li>mo\u017cliwo\u015b\u0107 podgrzewania potraw:\u00a0<strong>NIE<\/strong><\/li>\n<\/ul>\n<\/div>\n<\/div>\n<\/div>\n<div class=\"mpof_ki myre_zn myre_8v_l m389_6m_l\">\n<div class=\"mp4t_16_s mryx_16_s mr3m_1 mli2_1 mh85_56 mh85_0_l\">\n<div class=\"mgn2_16 _0d3bd_am0a-\">\n<h2><\/h2>\n<h2>WYMIARY<\/h2>\n<ul>\n<li>wysoko\u015b\u0107 kominka (wymiar A1):\u00a0<strong>132,0 cm<\/strong><\/li>\n<li>g\u0142\u0119boko\u015b\u0107 kominka (wymiar A2):\u00a0<strong>50,0 cm<\/strong><\/li>\n<li>szeroko\u015b\u0107 kominka (wymiar A3):\u00a0<strong>87,0 cm<\/strong><\/li>\n<li>wysoko\u015b\u0107 paleniska (wymiar B1):\u00a0<strong>50,0 cm<\/strong><\/li>\n<li>szeroko\u015b\u0107 paleniska (wymiar B2):\u00a0<strong>40,0 cm<\/strong><\/li>\n<li>g\u0142\u0119boko\u015b\u0107 paleniska (wymiar B3):\u00a0<strong>36,0 cm<\/strong><\/li>\n<li>wysoko\u015b\u0107 szyby (wymiar C1):\u00a0<strong>180 mm<\/strong><\/li>\n<li>szeroko\u015b\u0107 szyby (wymiar C2):\u00a0<strong>215 mm<\/strong><\/li>\n<li>wysoko\u015b\u0107 p\u00f3\u0142ki na drewno (wymiar E1):\u00a0<strong>14,0 cm<\/strong><\/li>\n<li>szeroko\u015b\u0107 p\u00f3\u0142ki na drewno (wymiar E2):\u00a0<strong>37,5 cm<\/strong><\/li>\n<li>g\u0142\u0119boko\u015b\u0107 p\u00f3\u0142ki na drewno (wymiar E3):\u00a0<strong>40,0 cm<\/strong><\/li>\n<li>\u015brednica wylotu spalin:\u00a0<strong>\u00d8 120 mm<\/strong><\/li>\n<li>polana drewna: max.\u00a0<strong>40 cm<\/strong><\/li>\n<li>popielnik stalowy:\u00a0<strong>szeroko\u015b\u0107 &#8211; 325 mm x d\u0142ugo\u015b\u0107 &#8211; 240 mm<\/strong><\/li>\n<li>drzwiczki za\u0142adunkowe:\u00a0<strong>szeroko\u015b\u0107 &#8211; 300 mm x wysoko\u015b\u0107 &#8211; 280 mm<\/strong><\/li>\n<\/ul>\n<p><strong><img decoding=\"async\" src=\"https:\/\/sklep.drabiny.info\/userdata\/public\/gfx\/20549.jpg\" alt=\"Piec kominek kaflowy IVALO\" width=\"100%\" height=\"NaN\" \/><\/strong><\/p>\n<h2>CHARAKTERYSTYKA<\/h2>\n<ul>\n<li>stalowy i bardzo wytrzyma\u0142y\u00a0<strong>szkielet kominka wykonany z konstrukcji spawanej<\/strong><\/li>\n<li><strong>pi\u0119kny obudowa\u00a0<\/strong>kominka wykonana z oryginalnych kafli ceramicznych<\/li>\n<li><strong>du\u017ca ceramiczna szyba \u017caroodporna<\/strong>\u00a0daj\u0105ca pi\u0119kn\u0105 wizj\u0119 ognia<\/li>\n<li>specjalna wyd\u0142u\u017cona konstrukcja dostosowana\u00a0<strong>do d\u0142ugich polan drewna a\u017c 40 cm<\/strong><\/li>\n<li>niezwykle pi\u0119kne i trwa\u0142e\u00a0<strong>kolory kafli\u00a0<\/strong>wykonane specjaln\u0105 metod\u0105 barwienia i wypalania w wysokiej temperaturze<\/li>\n<li><strong>wysoka wydajno\u015b\u0107<\/strong>\u00a0i efektywno\u015b\u0107 energetyczna<\/li>\n<li>spe\u0142nianie norm EKOPROJEKT \/\u00a0<strong>EKODESIGN 2022, znak CE + znak\u00a0<\/strong><strong>BlmSchV<\/strong><\/li>\n<li><strong>pe\u0142na mo\u017cliwo\u015b\u0107 regulacji mocy kominka<\/strong>, szybko\u015bci spalania<\/li>\n<li><strong>\u0142atwe czyszczenie<\/strong>\u00a0dzi\u0119ki wyjmowanemu popielnikowi<\/li>\n<li><strong>dopalanie spalin<\/strong>\u00a0dzi\u0119ki zastosowaniu deflektora oraz systemom regulacji dop\u0142yw\u00f3w powietrza<\/li>\n<li><strong>palenisko wy\u0142o\u017cone wymiennymi ceg\u0142ami szamotowymi\u00a0<\/strong>oraz wymienny \u017celiwny ruszt<\/li>\n<li><strong>standardowo dost\u0119pny w kolorze be\u017cowym<\/strong>\u00a0\/ inne kolory na zapytanie<\/li>\n<li><strong>pi\u0119kny i oryginalny wygl\u0105d<\/strong>\u00a0\u0142\u0105cz\u0105cy tradycj\u0119 i nowoczesno\u015b\u0107<\/li>\n<li><strong>szyber\u00a0<\/strong>pozwalaj\u0105cy na p\u0142ynna regulacj\u0119 przep\u0142ywu spalin<\/li>\n<li><strong>wysoka jako\u015b\u0107 wykonania<\/strong><\/li>\n<\/ul>\n<\/div>\n<\/div>\n<\/div>\n\n    <div class=\"xs_social_share_widget xs_share_url after_content \t\tmain_content  wslu-style-1 wslu-share-box-shaped wslu-fill-colored wslu-none wslu-share-horizontal wslu-theme-font-no wslu-main_content\">\n\n\t\t\n        <ul>\n\t\t\t        <\/ul>\n    <\/div>","protected":false},"excerpt":{"rendered":"<div class=\"elementor-element elementor-element-2e394c9 elementor-widget elementor-widget-xts_title\" data-id=\"2e394c9\" data-element_type=\"widget\" data-widget_type=\"xts_title.default\">\n<div class=\"elementor-widget-container\">\n<div class=\"xts-section-heading xts-reset-mb-10 xts-reset-last xts-textalign-left\" data-animation-delay=\"\">\n<h4 class=\"xts-section-title title xts-design-default xts-fontsize-xs\"><span class=\"xts-section-title-text\" data-elementor-setting-key=\"title\">Profesjonalna obs\u0142uga klienta:<\/span><\/h4>\n<\/div>\n<\/div>\n<\/div>\n<div class=\"elementor-element elementor-element-4066510 elementor-icon-list--layout-traditional elementor-list-item-link-full_width elementor-widget elementor-widget-icon-list\" data-id=\"4066510\" data-element_type=\"widget\" data-widget_type=\"icon-list.default\">\n<div class=\"elementor-widget-container\">\n<ul class=\"elementor-icon-list-items\">\n<li class=\"elementor-icon-list-item\"><i class=\"fas fa-check\" aria-hidden=\"true\"><\/i><span class=\"elementor-icon-list-text\">Darmowa dostawa<\/span><\/li>\n<li class=\"elementor-icon-list-item\"><i class=\"fas fa-check\" aria-hidden=\"true\"><\/i><span class=\"elementor-icon-list-text\">Depozyt bez op\u0142at importowych i zwroty w ci\u0105gu 15 dni<\/span><\/li>\n<li class=\"elementor-icon-list-item\"><i class=\"fas fa-check\" aria-hidden=\"true\"><\/i><span class=\"elementor-icon-list-text\">Wysy\u0142ka\u00a0(3 DO 5 DNI)<\/span><\/li>\n<\/ul>\n<h5><strong><span class=\"xts-section-title-text\" data-elementor-setting-key=\"title\">Ochrona zakupu:\u00a0<\/span><\/strong><\/h5>\n<\/div>\n<\/div>\n<div class=\"elementor-element elementor-element-e8e4778 elementor-widget elementor-widget-xts_title\" data-id=\"e8e4778\" data-element_type=\"widget\" data-widget_type=\"xts_title.default\">\n<div class=\"elementor-widget-container\">\n<div class=\"xts-section-heading xts-reset-mb-10 xts-reset-last xts-textalign-left\" data-animation-delay=\"\">\n<div class=\"xts-after-add-to-cart\">\n<div class=\"elementor elementor-871\" data-elementor-type=\"wp-post\" data-elementor-id=\"871\">\n<section class=\"elementor-section elementor-top-section elementor-element elementor-element-f46d1d8 elementor-section-boxed elementor-section-height-default elementor-section-height-default xts-section-disabled\" data-id=\"f46d1d8\" data-element_type=\"section\">\n<div class=\"elementor-container elementor-column-gap-default\">\n<div class=\"elementor-column elementor-col-100 elementor-top-column elementor-element elementor-element-38daed2\" data-id=\"38daed2\" data-element_type=\"column\">\n<div class=\"elementor-widget-wrap elementor-element-populated\">\n<div class=\"elementor-element elementor-element-1a02a43 elementor-widget__width-auto elementor-widget elementor-widget-xts_image\" data-id=\"1a02a43\" data-element_type=\"widget\" data-widget_type=\"xts_image.default\">\n<div class=\"elementor-widget-container\">\n<div class=\"xts-image-single xts-textalign-left\">\n<figure class=\"xts-image\">\n<div class=\"xts-image-inner\"><img decoding=\"async\" class=\"attachment-full size-full wp-image-879\" src=\"https:\/\/drewnosprzedawca.pl\/wp-content\/uploads\/2020\/01\/vega-trust.jpg\" sizes=\"(max-width: 400px) 100vw, 400px\" srcset=\"https:\/\/drewnosprzedawca.pl\/wp-content\/uploads\/2020\/01\/vega-trust.jpg 400w, https:\/\/drewnosprzedawca.pl\/wp-content\/uploads\/2020\/01\/vega-trust-300x32.jpg 300w\" alt=\"\" width=\"400\" height=\"42\" \/><\/div>\n<\/figure>\n<\/div>\n<\/div>\n<\/div>\n<\/div>\n<\/div>\n<\/div>\n<\/section>\n<\/div>\n<\/div>\n<\/div>\n<\/div>\n<\/div>","protected":false},"featured_media":8549,"comment_status":"open","ping_status":"closed","template":"","meta":{"_uag_custom_page_level_css":""},"product_brand":[],"product_cat":[77,76],"product_tag":[],"class_list":{"0":"post-8537","1":"product","2":"type-product","3":"status-publish","4":"has-post-thumbnail","6":"product_cat-piec-kaflowy","7":"product_cat-piec-na-drewno-i-wegiel","9":"first","10":"instock","11":"sale","12":"shipping-taxable","13":"purchasable","14":"product-type-simple"},"aioseo_notices":[],"uagb_featured_image_src":{"full":["https:\/\/drewnonasprzedaz.pl\/wp-content\/uploads\/2026\/01\/Piec-kominek-kaflowy-stalowy-ceramiczny-IVALO-z-plaszczem-wodnym-kociol-CO.jpg",750,750,false],"thumbnail":["https:\/\/drewnonasprzedaz.pl\/wp-content\/uploads\/2026\/01\/Piec-kominek-kaflowy-stalowy-ceramiczny-IVALO-z-plaszczem-wodnym-kociol-CO-150x150.jpg",150,150,true],"medium":["https:\/\/drewnonasprzedaz.pl\/wp-content\/uploads\/2026\/01\/Piec-kominek-kaflowy-stalowy-ceramiczny-IVALO-z-plaszczem-wodnym-kociol-CO-300x300.jpg",300,300,true],"medium_large":["https:\/\/drewnonasprzedaz.pl\/wp-content\/uploads\/2026\/01\/Piec-kominek-kaflowy-stalowy-ceramiczny-IVALO-z-plaszczem-wodnym-kociol-CO.jpg",750,750,false],"large":["https:\/\/drewnonasprzedaz.pl\/wp-content\/uploads\/2026\/01\/Piec-kominek-kaflowy-stalowy-ceramiczny-IVALO-z-plaszczem-wodnym-kociol-CO.jpg",750,750,false],"1536x1536":["https:\/\/drewnonasprzedaz.pl\/wp-content\/uploads\/2026\/01\/Piec-kominek-kaflowy-stalowy-ceramiczny-IVALO-z-plaszczem-wodnym-kociol-CO.jpg",750,750,false],"2048x2048":["https:\/\/drewnonasprzedaz.pl\/wp-content\/uploads\/2026\/01\/Piec-kominek-kaflowy-stalowy-ceramiczny-IVALO-z-plaszczem-wodnym-kociol-CO.jpg",750,750,false],"trp-custom-language-flag":["https:\/\/drewnonasprzedaz.pl\/wp-content\/uploads\/2026\/01\/Piec-kominek-kaflowy-stalowy-ceramiczny-IVALO-z-plaszczem-wodnym-kociol-CO.jpg",12,12,false],"woodmart_shop_catalog_x2":["https:\/\/drewnonasprzedaz.pl\/wp-content\/uploads\/2026\/01\/Piec-kominek-kaflowy-stalowy-ceramiczny-IVALO-z-plaszczem-wodnym-kociol-CO.jpg",750,750,false],"woocommerce_thumbnail":["https:\/\/drewnonasprzedaz.pl\/wp-content\/uploads\/2026\/01\/Piec-kominek-kaflowy-stalowy-ceramiczny-IVALO-z-plaszczem-wodnym-kociol-CO-430x430.jpg",430,430,true],"woocommerce_single":["https:\/\/drewnonasprzedaz.pl\/wp-content\/uploads\/2026\/01\/Piec-kominek-kaflowy-stalowy-ceramiczny-IVALO-z-plaszczem-wodnym-kociol-CO-700x700.jpg",700,700,true],"woocommerce_gallery_thumbnail":["https:\/\/drewnonasprzedaz.pl\/wp-content\/uploads\/2026\/01\/Piec-kominek-kaflowy-stalowy-ceramiczny-IVALO-z-plaszczem-wodnym-kociol-CO-150x150.jpg",150,150,true],"variation_swatches_image_size":["https:\/\/drewnonasprzedaz.pl\/wp-content\/uploads\/2026\/01\/Piec-kominek-kaflowy-stalowy-ceramiczny-IVALO-z-plaszczem-wodnym-kociol-CO-50x50.jpg",50,50,true],"variation_swatches_tooltip_size":["https:\/\/drewnonasprzedaz.pl\/wp-content\/uploads\/2026\/01\/Piec-kominek-kaflowy-stalowy-ceramiczny-IVALO-z-plaszczem-wodnym-kociol-CO-100x100.jpg",100,100,true],"yith-woocompare-image":["https:\/\/drewnonasprzedaz.pl\/wp-content\/uploads\/2026\/01\/Piec-kominek-kaflowy-stalowy-ceramiczny-IVALO-z-plaszczem-wodnym-kociol-CO-220x154.jpg",220,154,true]},"uagb_author_info":{"display_name":"danwinrodolpho@gmail.com","author_link":"https:\/\/drewnonasprzedaz.pl\/pl\/author\/"},"uagb_comment_info":0,"uagb_excerpt":"Profesjonalna obs\u0142uga klienta: Darmowa dostawa Depozyt bez op\u0142at importowych i zwroty w ci\u0105gu 15 dni Wysy\u0142ka\u00a0(3 DO 5 DNI) Ochrona zakupu:\u00a0","_links":{"self":[{"href":"https:\/\/drewnonasprzedaz.pl\/pl\/wp-json\/wp\/v2\/product\/8537","targetHints":{"allow":["GET"]}}],"collection":[{"href":"https:\/\/drewnonasprzedaz.pl\/pl\/wp-json\/wp\/v2\/product"}],"about":[{"href":"https:\/\/drewnonasprzedaz.pl\/pl\/wp-json\/wp\/v2\/types\/product"}],"replies":[{"embeddable":true,"href":"https:\/\/drewnonasprzedaz.pl\/pl\/wp-json\/wp\/v2\/comments?post=8537"}],"version-history":[{"count":1,"href":"https:\/\/drewnonasprzedaz.pl\/pl\/wp-json\/wp\/v2\/product\/8537\/revisions"}],"predecessor-version":[{"id":8550,"href":"https:\/\/drewnonasprzedaz.pl\/pl\/wp-json\/wp\/v2\/product\/8537\/revisions\/8550"}],"wp:featuredmedia":[{"embeddable":true,"href":"https:\/\/drewnonasprzedaz.pl\/pl\/wp-json\/wp\/v2\/media\/8549"}],"wp:attachment":[{"href":"https:\/\/drewnonasprzedaz.pl\/pl\/wp-json\/wp\/v2\/media?parent=8537"}],"wp:term":[{"taxonomy":"product_brand","embeddable":true,"href":"https:\/\/drewnonasprzedaz.pl\/pl\/wp-json\/wp\/v2\/product_brand?post=8537"},{"taxonomy":"product_cat","embeddable":true,"href":"https:\/\/drewnonasprzedaz.pl\/pl\/wp-json\/wp\/v2\/product_cat?post=8537"},{"taxonomy":"product_tag","embeddable":true,"href":"https:\/\/drewnonasprzedaz.pl\/pl\/wp-json\/wp\/v2\/product_tag?post=8537"}],"curies":[{"name":"wp","href":"https:\/\/api.w.org\/{rel}","templated":true}]}}