{"id":8538,"date":"2026-01-22T03:47:16","date_gmt":"2026-01-22T03:47:16","guid":{"rendered":"https:\/\/drewnonasprzedaz.pl\/?post_type=product&#038;p=8538"},"modified":"2026-01-22T03:47:16","modified_gmt":"2026-01-22T03:47:16","slug":"kominek-kaflowy-piec-wklad-kominkowy-wolnostojacy-koza-eldur-olive","status":"publish","type":"product","link":"https:\/\/drewnonasprzedaz.pl\/pl\/produkt\/kominek-kaflowy-piec-wklad-kominkowy-wolnostojacy-koza-eldur-olive\/","title":{"rendered":"Kominek kaflowy piec wk\u0142ad kominkowy wolnostoj\u0105cy koza ELDUR olive"},"content":{"rendered":"<div class=\"oZHViKm\">\n<div class=\"WS1uD9J\">\n<h3>Piec kominek kaflowy, wolnostoj\u0105cy koza ELDUR o mocy maksymalnej 10 kW kolor OLIVE \/ BUTELKOWA ZIELE\u0143<\/h3>\n<p><b>\u2b50 Zgodno\u015b\u0107 z EKOPROJEKT 2022<\/b><\/p>\n<p><b>\u2b50 Maksymalna moc 10 kW<\/b><\/p>\n<p><b>\u2b50 Pi\u0119kny i stylowy<\/b><\/p>\n<p><b>\u2705 Wysokiej jako\u015bci ceramiczne kafle<\/b><\/p>\n<p><b>\u2705 Klasa energetyczna A<\/b><\/p>\n<p><b>\u2705 Wysoka efektywno\u015b\u0107 energetyczna a\u017c 78%<\/b><\/p>\n<\/div>\n<\/div>\n<div class=\"oZHViKm\"><picture class=\"WS1uD9J\"><img decoding=\"async\" class=\"YXnYpRF\" src=\"https:\/\/i.erli.pl\/c1w0dw.13e1bc.xl.webp\" alt=\"kominek-kaflowy-piec-wklad-kominkowy-wolnostojacy-koza-eldur-olive\" \/><\/picture><\/div>\n<div class=\"oZHViKm\">\n<div class=\"WS1uD9J\">\n<h3>Elegancki kominek ceramiczny ELDUR<\/h3>\n<p><b>Kominek kaflowy ELDUR<\/b>\u00a0to po\u0142\u0105czenie mocnego stalowego wk\u0142adu kominkowego znanej\u00a0<b>marki FLAMA<\/b>\u00a0oraz klasycznej zabudowy z kafli ceramicznych mocowanych na solidnym stalowym stela\u017cu.\u00a0<b>FLAMA to jeden z najlepszych wk\u0142ad\u00f3w stalowych<\/b>\u00a0dost\u0119pny obecnie na rynku pod wzgl\u0119dem jako\u015bci wykonania i parametr\u00f3w technicznych. Ponadto\u00a0spe\u0142niania on surowe wymogi\u00a0normy\u00a0<b>ECO Design 2022<\/b>\u00a0(Ekoprojekt 2022)\u00a0co znajduje potwierdzenie w dokumentacji kominka.<\/p>\n<p>Ca\u0142a zabudowa kominka jest\u00a0<b>wykonana z najwy\u017cszej jako\u015bci r\u0119cznie wyrabianych kafli ceramicznych<\/b>\u00a0pochodz\u0105cych ze s\u0142owackiej kaflarni o bardzo d\u0142ugiej tradycji.\u00a0<b>Kafle ceramiczne \u015bwietnie kumuluj\u0105 i oddaj\u0105 ciep\u0142o<\/b>\u00a0oraz podkre\u015blaj\u0105 pi\u0119kno komink\u00f3w a dzi\u0119ki szkliwionej powierzchni s\u0105 niezwykle \u0142atwe w utrzymaniu czysto\u015bci.\u00a0<b>Niepowtarzalny wygl\u0105d naszego kominka:<\/b>\u00a0w szczeg\u00f3lno\u015bci jego kszta\u0142t, bry\u0142a oraz kafle jest efektem prac oraz ci\u0105g\u0142ych udoskonale\u0144 zespo\u0142u naszych projektant\u00f3w oraz technolog\u00f3w.<\/p>\n<\/div>\n<\/div>\n<div class=\"oZHViKm\">\n<div class=\"WS1uD9J\">\n<h3>Piec zgodny z restrykcyjnymi wymogami UE &#8211; zgodno\u015b\u0107 z ECO DESIGN 2022!<\/h3>\n<p>Najnowsze normy ekologii wprowadzone przez Uni\u0119 Europejsk\u0105 wymagaj\u0105 od producent\u00f3w komink\u00f3w przedstawienia konkretnych bada\u0144 i certyfikat\u00f3w po\u015bwiadczaj\u0105cych ograniczanie emisji spalin do okre\u015blonego poziomu. Wszelkie\u00a0<b>badania i certyfikaty udost\u0119pniamy w sekcji\u00a0PLIKI DO POBRANIA<\/b>\u00a0i zach\u0119camy do zapoznania si\u0119 z wynikami bada\u0144 laboratoryjnych.\u00a0Bez obaw &#8211;\u00a0<b>piec ELDUR jest<\/b>\u00a0zgodny z wszelkimi wymogami.<\/p>\n<p>Klienci cz\u0119sto pytaj\u0105 nas, czy kupuj\u0105c piec ELDUR maj\u0105 pewno\u015b\u0107, \u017ce b\u0119d\u0105 mogli swobodnie z niego korzysta\u0107 i nie b\u0119d\u0105 nara\u017ceni na pewnego rodzaju restrykcje czy kary.\u00a0<b>ZAPEWNIAMY, \u017ce kominek ELDUR jest piecem wykonanym zgodnie z normami.<\/b><\/p>\n<\/div>\n<\/div>\n<div class=\"oZHViKm\"><picture class=\"WS1uD9J\"><img decoding=\"async\" class=\"YXnYpRF\" src=\"https:\/\/i.erli.pl\/bliagp.3508b7.xl.webp\" alt=\"kominek-kaflowy-piec-wklad-kominkowy-wolnostojacy-koza-eldur-olive\" \/><\/picture><\/div>\n<div class=\"oZHViKm\">\n<div class=\"WS1uD9J\">\n<h3>Jeden kominek dost\u0119pny a\u017c w 5 r\u00f3\u017cnych kolorach!<\/h3>\n<\/div>\n<\/div>\n<div class=\"oZHViKm\"><picture class=\"WS1uD9J\"><img decoding=\"async\" class=\"YXnYpRF\" src=\"https:\/\/i.erli.pl\/bo1s5o.ba0226.xl.webp\" alt=\"kominek-kaflowy-piec-wklad-kominkowy-wolnostojacy-koza-eldur-olive\" \/><\/picture><\/div>\n<div class=\"oZHViKm\"><picture class=\"WS1uD9J\"><img decoding=\"async\" class=\"YXnYpRF\" src=\"https:\/\/i.erli.pl\/bo1s5p.e5f986.xl.webp\" alt=\"kominek-kaflowy-piec-wklad-kominkowy-wolnostojacy-koza-eldur-olive\" \/><\/picture><\/div>\n<div class=\"oZHViKm\"><picture class=\"WS1uD9J\"><img decoding=\"async\" class=\"YXnYpRF\" src=\"https:\/\/i.erli.pl\/bo1s5w.dd9f7d.xl.webp\" alt=\"kominek-kaflowy-piec-wklad-kominkowy-wolnostojacy-koza-eldur-olive\" \/><\/picture><\/div>\n<div class=\"oZHViKm\"><picture class=\"WS1uD9J\"><img decoding=\"async\" class=\"YXnYpRF\" src=\"https:\/\/i.erli.pl\/bo1s5x.578f2a.xl.webp\" alt=\"kominek-kaflowy-piec-wklad-kominkowy-wolnostojacy-koza-eldur-olive\" \/><\/picture><\/div>\n<div class=\"oZHViKm\"><picture class=\"WS1uD9J\"><img decoding=\"async\" class=\"YXnYpRF\" src=\"https:\/\/i.erli.pl\/bo1s5y.177851.xl.webp\" alt=\"kominek-kaflowy-piec-wklad-kominkowy-wolnostojacy-koza-eldur-olive\" \/><\/picture><\/div>\n<div class=\"oZHViKm\">\n<div class=\"WS1uD9J\">\n<h3>Parametry techniczne<\/h3>\n<ul>\n<li>Nazwa:\u00a0<b>Kominek kaflowy ELDUR<\/b><\/li>\n<li>Dost\u0119pne wersje:\u00a0<b>5 modeli &#8211; Cappucino \/ Brown \/ Honey \/ Ivory \/ Olive<\/b><\/li>\n<li>Produkcja:\u00a0<b>EU (S\u0142owacja)<\/b><\/li>\n<li>Moc nominalna:\u00a0<b>ok. 6,00 kW (5,8 kW zgodnie z kart\u0105 energetyczn\u0105)<\/b><\/li>\n<li>Moc maksymalna:\u00a0<b>10,00 kW<\/b><\/li>\n<li>Maksymalna moc grzewcza:\u00a0<b>do 100 m2<\/b><\/li>\n<li>Niezb\u0119dne ci\u015bnienie w kominie:\u00a0<b>10-12 Pa<\/b><\/li>\n<li>Waga:\u00a0<b>120 kg<\/b><\/li>\n<li>Materia\u0142 wykonania:\u00a0<b>stalowy wk\u0142ad \/ obudowa z kafli ceramicznych<\/b><\/li>\n<li>Pow\u0142oka \/ malowanie:<b>\u00a0szara farba \u017caroodporna<\/b><\/li>\n<li>Powierzchnia:\u00a0<b>szkliwione g\u0142adkie kafle ceramiczne<\/b><\/li>\n<li>\u015arednica wylotu spalin:\u00a0<b>\u00d8 150 mm \/ pasuj\u0105 rury o \u015brednicy 150 mm<\/b><\/li>\n<li>Temperatura spalin:\u00a0<b>290 stopni C<\/b><\/li>\n<li>Klasa efektywno\u015bci energetycznej:\u00a0<b>A<\/b><\/li>\n<li>Sezonowa efektywno\u015b\u0107 energetyczna:\u00a0<b>78%<\/b><\/li>\n<li>Emisja cz\u0105stek sta\u0142ych (PM):\u00a0<b>&lt; 40 mg\/m3 przy 13% O2<\/b><\/li>\n<li>Emisja organicznych zwi\u0105zk\u00f3w gazowych (OGC):\u00a0<b>&lt; 120 mgC\/m3 przy 13% O2<\/b><\/li>\n<li>Emisja tlenku w\u0119gla (CO):\u00a0<b>&lt; 1500 mg\/m3 przy 13% O2<\/b><\/li>\n<li>Emisja tlenk\u00f3w azotu (NOx):\u00a0<b>&lt; 300 mg\/m3 NO2 przy 13% O2<\/b><\/li>\n<li>Ruszt:\u00a0<b>TAK (wykonany z \u017celiwa)<\/b><\/li>\n<li>Palenisko:\u00a0<b>wy\u015bcielenie z wermikulitu<\/b><\/li>\n<li>Opa\u0142:\u00a0<b>drewno, brykiety, niskokaloryczny w\u0119giel<\/b><\/li>\n<li>Maksymalne spalanie drewna:\u00a0<b>1,5 kg \/ godzin\u0119<\/b><\/li>\n<li>D\u0142ugo\u015b\u0107 polan:\u00a0<b>do 30 cm<\/b><\/li>\n<li>Zgodno\u015b\u0107 z norm\u0105 EN-13240:\u00a0<b>TAK<\/b><\/li>\n<li>Zgodno\u015b\u0107 z EKOPROJEKT 2022:\u00a0<b>TAK<\/b><\/li>\n<li>Zgodno\u015b\u0107 z norm\u0105 BImSchV:<b>\u00a0TAK<\/b><\/li>\n<li>Regulacja szybko\u015bci spalania:\u00a0<b>TAK<\/b><\/li>\n<li>Deflektor spalin:\u00a0<b>TAK<\/b><\/li>\n<li>System czysta szyba:\u00a0<b>TAK<\/b><\/li>\n<li>Szyba \u017caroodporna:\u00a0<b>SCHOTT ROBAX\u00ae<\/b><\/li>\n<li>Regulowany szyber (przepustnica):<b>\u00a0TAK<\/b><\/li>\n<li>Wyjmowany popielnik:\u00a0<b>TAK<\/b><\/li>\n<li>P\u0142yta grzewcza + fajerka (mo\u017cliwo\u015b\u0107 gotowania potraw):\u00a0<b>NIE<\/b><\/li>\n<li>Miejsce na drewno pod paleniskiem:\u00a0<b>TAK<\/b><\/li>\n<li>Wylot spalin:\u00a0<b>g\u00f3rny<\/b><\/li>\n<li>Zewn\u0119trzne doprowadzenie powietrza:\u00a0<b>NIE<\/b><\/li>\n<\/ul>\n<\/div>\n<\/div>\n<div class=\"oZHViKm\">\n<div class=\"WS1uD9J\">\n<h3>Bezpiecze\u0144stwo \/ karta energetyczna<\/h3>\n<p>Front komink\u00f3w kaflowych wyposa\u017cony jest w ceramik\u0119 \u017caroodporn\u0105 wytrzymuj\u0105c\u0105 temperatur\u0119 do 800\u00b0C. Zastosowane\u00a0<b>japo\u0144skie\u00a0szk\u0142o \u017caroodporne<\/b>\u00a0posiada\u00a0<b>certyfikat jako\u015bci i bezpiecze\u0144stwa<\/b>. Korpus i front wk\u0142adu s\u0105 odporne na dzia\u0142anie wysokich temperatur dzi\u0119ki zastosowaniu wysokogatunkowego odlewu \u017celiwnego. Zapewniaj\u0105 one tak\u017ce\u00a0stabilno\u015b\u0107 ca\u0142ej konstrukcji.\u00a0<b>Doskona\u0142a szczelno\u015b\u0107 urz\u0105dzenia<\/b>\u00a0zapewniona jest dzi\u0119ki doskona\u0142emu spasowaniu wszystkich cz\u0119\u015bci spawanych na automatycznych liniach produkcyjnych.<\/p>\n<\/div>\n<\/div>\n<div class=\"oZHViKm\"><picture class=\"WS1uD9J\"><img decoding=\"async\" class=\"YXnYpRF\" src=\"https:\/\/i.erli.pl\/nyq3s3.4b6844.xl.webp\" alt=\"kominek-kaflowy-piec-wklad-kominkowy-wolnostojacy-koza-eldur-olive\" \/><\/picture><\/div>\n<div class=\"oZHViKm\">\n<div class=\"WS1uD9J\">\n<h3>Najwa\u017cniejsze zalety<\/h3>\n<p><b>\u2705\u00a0Bardzo wysoka jako\u015b\u0107 wykonania, dzi\u0119ki zastosowaniu grubych cz\u0119\u015bci stalowych<\/b><\/p>\n<p><b>\u2705 Wysoka moc grzewcza oraz efektywno\u015b\u0107 cieplna &#8211; ponad 78%<\/b><\/p>\n<p><b>\u2705 Niskie zu\u017cycie paliwa przy zachowaniu wysokiej wydajno\u015bci energetycznej<\/b><\/p>\n<p><b>\u2705 Pi\u0119kna stylistyka &#8211; kominek jest tak\u017ce ozdob\u0105 pomieszczenia<\/b><\/p>\n<p><b>\u2705 Spe\u0142nianie wymog\u00f3w EKOPROJEKT 2022 oraz wszystkich norm dotycz\u0105cych ogrzewaczy pomieszcze\u0144<\/b><\/p>\n<p><b>\u2705 Spe\u0142nia wymogi normy EN-13240 oraz BlmSchV<\/b><\/p>\n<p><b>\u2705 Gwarancja najni\u017cszej ceny &#8211; taniej nie znajdziesz bo kupujesz bezpo\u015brednio od importera!<\/b><\/p>\n<p><b>\u2705 G\u00f3rny wylot spalin, czyli dwie mo\u017cliwo\u015bci pod\u0142\u0105czenia do systemu kominowego<\/b><\/p>\n<p><b>\u2705 Pi\u0119kne oryginalne r\u0119cznie wyrabiane kafle ceramiczne ze szkliwion\u0105 pow\u0142ok\u0105 z najlepszej s\u0142owackiej kaflarni WEKATERM<\/b><\/p>\n<\/div>\n<\/div>\n<div class=\"oZHViKm\">\n<div class=\"WS1uD9J\">\n<h3>Wymiary kominka<\/h3>\n<\/div>\n<\/div>\n<div class=\"oZHViKm\"><picture class=\"WS1uD9J\"><img decoding=\"async\" class=\"YXnYpRF\" src=\"https:\/\/i.erli.pl\/bliagj.e4515c.xl.webp\" alt=\"kominek-kaflowy-piec-wklad-kominkowy-wolnostojacy-koza-eldur-olive\" \/><\/picture><\/div>\n<div class=\"oZHViKm\">\n<div class=\"WS1uD9J\">\n<ul>\n<li>wysoko\u015b\u0107 ca\u0142kowita:\u00a0<b>A1 &#8211; 970 mm<\/b><\/li>\n<li>g\u0142\u0119boko\u015b\u0107 ca\u0142kowita:\u00a0<b>A2 &#8211; 390 mm<\/b><\/li>\n<li>szeroko\u015b\u0107 ca\u0142kowita:\u00a0<b>A3 &#8211; 730 mm<\/b><\/li>\n<li>wysoko\u015b\u0107 paleniska:<b>\u00a0B1 &#8211; 395 mm<\/b><\/li>\n<li>szeroko\u015b\u0107 paleniska:\u00a0<b>B2 &#8211; 355 mm<\/b><\/li>\n<li>g\u0142\u0119boko\u015b\u0107 paleniska:\u00a0<b>B3 &#8211; 265 mm<\/b><\/li>\n<li>wysoko\u015b\u0107 szyby w drzwiczkach:\u00a0<b>C1 &#8211; 385 mm<\/b><\/li>\n<li>szeroko\u015b\u0107 szyby w drzwiczkach:<b>\u00a0C2 &#8211; 310 mm<\/b><\/li>\n<li>wysoko\u015b\u0107 dolnej p\u00f3\u0142ki na drewno:\u00a0<b>E1 &#8211; 400 mm<\/b><\/li>\n<li>szeroko\u015b\u0107 dolnej p\u00f3\u0142ki na drewno:\u00a0<b>E2 &#8211; 400 mm<\/b><\/li>\n<li>g\u0142\u0119boko\u015b\u0107 dolnej p\u00f3\u0142ki na drewno:\u00a0<b>E3 &#8211; 330 mm<\/b><\/li>\n<li>wymiary rusztu \u017celiwnego:\u00a0<b>szeroko\u015b\u0107 &#8211; 230mm x g\u0142\u0119boko\u015b\u0107 &#8211; 120 mm<\/b><\/li>\n<li>\u015brednica wylotu spalin:\u00a0<b>\u00d8 150 mm<\/b><\/li>\n<li>polana drewna:\u00a0<b>max. 30 cm<\/b><\/li>\n<\/ul>\n<\/div>\n<\/div>\n<div class=\"oZHViKm\">\n<div class=\"WS1uD9J\">\n<h3>Kominek kaflowy ELDUR &#8211; schemat budowy<\/h3>\n<\/div>\n<\/div>\n<div class=\"oZHViKm\"><picture class=\"WS1uD9J\"><img decoding=\"async\" class=\"YXnYpRF\" src=\"https:\/\/i.erli.pl\/bliagh.1a33e3.xl.webp\" alt=\"kominek-kaflowy-piec-wklad-kominkowy-wolnostojacy-koza-eldur-olive\" \/><\/picture><\/div>\n<div class=\"oZHViKm\">\n<div class=\"WS1uD9J\">\n<p><b>1.\u00a0<\/b>G\u00f3rna du\u017ca monolityczna ceramiczna p\u0142yta grzewcza z otworem na rur\u0119 dymow\u0105<\/p>\n<p><b>2.\u00a0<\/b>Wylot spalin o \u015brednicy 150 mm<\/p>\n<p><b>3.<\/b>\u00a0Deflektor czyli p\u00f3\u0142ka dymowa zwi\u0119kszaj\u0105ca wydajno\u015b\u0107 kominka<\/p>\n<p><b>4.<\/b>\u00a0Doprowadzenie tercjalnego powietrza do paleniska<\/p>\n<p><b>5.<\/b>\u00a0\u015aciany paleniska z oryginalnego wermikulitu<\/p>\n<p><b>6.\u00a0<\/b>\u017beliwny ruszt<\/p>\n<p><b>7.<\/b>\u00a0Stalowa p\u00f3\u0142ka chroni\u0105ca szyb\u0119<\/p>\n<p><b>8.\u00a0<\/b>Wyjowany popielnik<\/p>\n<p><b>9.\u00a0<\/b>P\u00f3\u0142ka na drewno pod paleniskiem<\/p>\n<p><b>10.<\/b>\u00a0Stalowe drzwi z uszczelk\u0105 ze sznura \u017caroodpornego i systemem doprowadzenia powietrza<\/p>\n<p><b>11.\u00a0<\/b>Stalowa klamka z systemem mocnego docisku<\/p>\n<\/div>\n<\/div>\n\n    <div class=\"xs_social_share_widget xs_share_url after_content \t\tmain_content  wslu-style-1 wslu-share-box-shaped wslu-fill-colored wslu-none wslu-share-horizontal wslu-theme-font-no wslu-main_content\">\n\n\t\t\n        <ul>\n\t\t\t        <\/ul>\n    <\/div>","protected":false},"excerpt":{"rendered":"<div class=\"elementor-element elementor-element-2e394c9 elementor-widget elementor-widget-xts_title\" data-id=\"2e394c9\" data-element_type=\"widget\" data-widget_type=\"xts_title.default\">\n<div class=\"elementor-widget-container\">\n<div class=\"xts-section-heading xts-reset-mb-10 xts-reset-last xts-textalign-left\" data-animation-delay=\"\">\n<h4 class=\"xts-section-title title xts-design-default xts-fontsize-xs\"><span class=\"xts-section-title-text\" data-elementor-setting-key=\"title\">Profesjonalna obs\u0142uga klienta:<\/span><\/h4>\n<\/div>\n<\/div>\n<\/div>\n<div class=\"elementor-element elementor-element-4066510 elementor-icon-list--layout-traditional elementor-list-item-link-full_width elementor-widget elementor-widget-icon-list\" data-id=\"4066510\" data-element_type=\"widget\" data-widget_type=\"icon-list.default\">\n<div class=\"elementor-widget-container\">\n<ul class=\"elementor-icon-list-items\">\n<li class=\"elementor-icon-list-item\"><i class=\"fas fa-check\" aria-hidden=\"true\"><\/i><span class=\"elementor-icon-list-text\">Darmowa dostawa<\/span><\/li>\n<li class=\"elementor-icon-list-item\"><i class=\"fas fa-check\" aria-hidden=\"true\"><\/i><span class=\"elementor-icon-list-text\">Depozyt bez op\u0142at importowych i zwroty w ci\u0105gu 15 dni<\/span><\/li>\n<li class=\"elementor-icon-list-item\"><i class=\"fas fa-check\" aria-hidden=\"true\"><\/i><span class=\"elementor-icon-list-text\">Wysy\u0142ka\u00a0(3 DO 5 DNI)<\/span><\/li>\n<\/ul>\n<h5><strong><span class=\"xts-section-title-text\" data-elementor-setting-key=\"title\">Ochrona zakupu:\u00a0<\/span><\/strong><\/h5>\n<\/div>\n<\/div>\n<div class=\"elementor-element elementor-element-e8e4778 elementor-widget elementor-widget-xts_title\" data-id=\"e8e4778\" data-element_type=\"widget\" data-widget_type=\"xts_title.default\">\n<div class=\"elementor-widget-container\">\n<div class=\"xts-section-heading xts-reset-mb-10 xts-reset-last xts-textalign-left\" data-animation-delay=\"\">\n<div class=\"xts-after-add-to-cart\">\n<div class=\"elementor elementor-871\" data-elementor-type=\"wp-post\" data-elementor-id=\"871\">\n<section class=\"elementor-section elementor-top-section elementor-element elementor-element-f46d1d8 elementor-section-boxed elementor-section-height-default elementor-section-height-default xts-section-disabled\" data-id=\"f46d1d8\" data-element_type=\"section\">\n<div class=\"elementor-container elementor-column-gap-default\">\n<div class=\"elementor-column elementor-col-100 elementor-top-column elementor-element elementor-element-38daed2\" data-id=\"38daed2\" data-element_type=\"column\">\n<div class=\"elementor-widget-wrap elementor-element-populated\">\n<div class=\"elementor-element elementor-element-1a02a43 elementor-widget__width-auto elementor-widget elementor-widget-xts_image\" data-id=\"1a02a43\" data-element_type=\"widget\" data-widget_type=\"xts_image.default\">\n<div class=\"elementor-widget-container\">\n<div class=\"xts-image-single xts-textalign-left\">\n<figure class=\"xts-image\">\n<div class=\"xts-image-inner\"><img decoding=\"async\" class=\"attachment-full size-full wp-image-879\" src=\"https:\/\/drewnosprzedawca.pl\/wp-content\/uploads\/2020\/01\/vega-trust.jpg\" sizes=\"(max-width: 400px) 100vw, 400px\" srcset=\"https:\/\/drewnosprzedawca.pl\/wp-content\/uploads\/2020\/01\/vega-trust.jpg 400w, https:\/\/drewnosprzedawca.pl\/wp-content\/uploads\/2020\/01\/vega-trust-300x32.jpg 300w\" alt=\"\" width=\"400\" height=\"42\" \/><\/div>\n<\/figure>\n<\/div>\n<\/div>\n<\/div>\n<\/div>\n<\/div>\n<\/div>\n<\/section>\n<\/div>\n<\/div>\n<\/div>\n<\/div>\n<\/div>","protected":false},"featured_media":8552,"comment_status":"open","ping_status":"closed","template":"","meta":{"_uag_custom_page_level_css":""},"product_brand":[],"product_cat":[77,76],"product_tag":[],"class_list":{"0":"post-8538","1":"product","2":"type-product","3":"status-publish","4":"has-post-thumbnail","6":"product_cat-piec-kaflowy","7":"product_cat-piec-na-drewno-i-wegiel","9":"first","10":"instock","11":"sale","12":"shipping-taxable","13":"purchasable","14":"product-type-simple"},"aioseo_notices":[],"uagb_featured_image_src":{"full":["https:\/\/drewnonasprzedaz.pl\/wp-content\/uploads\/2026\/01\/Kominek-kaflowy-piec-wklad-kominkowy-wolnostojacy-koza-ELDUR-olive.webp",610,610,false],"thumbnail":["https:\/\/drewnonasprzedaz.pl\/wp-content\/uploads\/2026\/01\/Kominek-kaflowy-piec-wklad-kominkowy-wolnostojacy-koza-ELDUR-olive-150x150.webp",150,150,true],"medium":["https:\/\/drewnonasprzedaz.pl\/wp-content\/uploads\/2026\/01\/Kominek-kaflowy-piec-wklad-kominkowy-wolnostojacy-koza-ELDUR-olive-300x300.webp",300,300,true],"medium_large":["https:\/\/drewnonasprzedaz.pl\/wp-content\/uploads\/2026\/01\/Kominek-kaflowy-piec-wklad-kominkowy-wolnostojacy-koza-ELDUR-olive.webp",610,610,false],"large":["https:\/\/drewnonasprzedaz.pl\/wp-content\/uploads\/2026\/01\/Kominek-kaflowy-piec-wklad-kominkowy-wolnostojacy-koza-ELDUR-olive.webp",610,610,false],"1536x1536":["https:\/\/drewnonasprzedaz.pl\/wp-content\/uploads\/2026\/01\/Kominek-kaflowy-piec-wklad-kominkowy-wolnostojacy-koza-ELDUR-olive.webp",610,610,false],"2048x2048":["https:\/\/drewnonasprzedaz.pl\/wp-content\/uploads\/2026\/01\/Kominek-kaflowy-piec-wklad-kominkowy-wolnostojacy-koza-ELDUR-olive.webp",610,610,false],"trp-custom-language-flag":["https:\/\/drewnonasprzedaz.pl\/wp-content\/uploads\/2026\/01\/Kominek-kaflowy-piec-wklad-kominkowy-wolnostojacy-koza-ELDUR-olive.webp",12,12,false],"woodmart_shop_catalog_x2":["https:\/\/drewnonasprzedaz.pl\/wp-content\/uploads\/2026\/01\/Kominek-kaflowy-piec-wklad-kominkowy-wolnostojacy-koza-ELDUR-olive.webp",610,610,false],"woocommerce_thumbnail":["https:\/\/drewnonasprzedaz.pl\/wp-content\/uploads\/2026\/01\/Kominek-kaflowy-piec-wklad-kominkowy-wolnostojacy-koza-ELDUR-olive-430x430.webp",430,430,true],"woocommerce_single":["https:\/\/drewnonasprzedaz.pl\/wp-content\/uploads\/2026\/01\/Kominek-kaflowy-piec-wklad-kominkowy-wolnostojacy-koza-ELDUR-olive.webp",610,610,false],"woocommerce_gallery_thumbnail":["https:\/\/drewnonasprzedaz.pl\/wp-content\/uploads\/2026\/01\/Kominek-kaflowy-piec-wklad-kominkowy-wolnostojacy-koza-ELDUR-olive-150x150.webp",150,150,true],"variation_swatches_image_size":["https:\/\/drewnonasprzedaz.pl\/wp-content\/uploads\/2026\/01\/Kominek-kaflowy-piec-wklad-kominkowy-wolnostojacy-koza-ELDUR-olive-50x50.webp",50,50,true],"variation_swatches_tooltip_size":["https:\/\/drewnonasprzedaz.pl\/wp-content\/uploads\/2026\/01\/Kominek-kaflowy-piec-wklad-kominkowy-wolnostojacy-koza-ELDUR-olive-100x100.webp",100,100,true],"yith-woocompare-image":["https:\/\/drewnonasprzedaz.pl\/wp-content\/uploads\/2026\/01\/Kominek-kaflowy-piec-wklad-kominkowy-wolnostojacy-koza-ELDUR-olive-220x154.webp",220,154,true]},"uagb_author_info":{"display_name":"danwinrodolpho@gmail.com","author_link":"https:\/\/drewnonasprzedaz.pl\/pl\/author\/"},"uagb_comment_info":0,"uagb_excerpt":"Profesjonalna obs\u0142uga klienta: Darmowa dostawa Depozyt bez op\u0142at importowych i zwroty w ci\u0105gu 15 dni Wysy\u0142ka\u00a0(3 DO 5 DNI) Ochrona zakupu:\u00a0","_links":{"self":[{"href":"https:\/\/drewnonasprzedaz.pl\/pl\/wp-json\/wp\/v2\/product\/8538","targetHints":{"allow":["GET"]}}],"collection":[{"href":"https:\/\/drewnonasprzedaz.pl\/pl\/wp-json\/wp\/v2\/product"}],"about":[{"href":"https:\/\/drewnonasprzedaz.pl\/pl\/wp-json\/wp\/v2\/types\/product"}],"replies":[{"embeddable":true,"href":"https:\/\/drewnonasprzedaz.pl\/pl\/wp-json\/wp\/v2\/comments?post=8538"}],"version-history":[{"count":1,"href":"https:\/\/drewnonasprzedaz.pl\/pl\/wp-json\/wp\/v2\/product\/8538\/revisions"}],"predecessor-version":[{"id":8555,"href":"https:\/\/drewnonasprzedaz.pl\/pl\/wp-json\/wp\/v2\/product\/8538\/revisions\/8555"}],"wp:featuredmedia":[{"embeddable":true,"href":"https:\/\/drewnonasprzedaz.pl\/pl\/wp-json\/wp\/v2\/media\/8552"}],"wp:attachment":[{"href":"https:\/\/drewnonasprzedaz.pl\/pl\/wp-json\/wp\/v2\/media?parent=8538"}],"wp:term":[{"taxonomy":"product_brand","embeddable":true,"href":"https:\/\/drewnonasprzedaz.pl\/pl\/wp-json\/wp\/v2\/product_brand?post=8538"},{"taxonomy":"product_cat","embeddable":true,"href":"https:\/\/drewnonasprzedaz.pl\/pl\/wp-json\/wp\/v2\/product_cat?post=8538"},{"taxonomy":"product_tag","embeddable":true,"href":"https:\/\/drewnonasprzedaz.pl\/pl\/wp-json\/wp\/v2\/product_tag?post=8538"}],"curies":[{"name":"wp","href":"https:\/\/api.w.org\/{rel}","templated":true}]}}