{"id":8565,"date":"2026-01-22T17:39:40","date_gmt":"2026-01-22T17:39:40","guid":{"rendered":"https:\/\/drewnonasprzedaz.pl\/?post_type=product&#038;p=8565"},"modified":"2026-01-22T17:39:40","modified_gmt":"2026-01-22T17:39:40","slug":"balia-ogrodowa-akrylowa-z-hydromasazem-2-osobowa","status":"publish","type":"product","link":"https:\/\/drewnonasprzedaz.pl\/pl\/produkt\/balia-ogrodowa-akrylowa-z-hydromasazem-2-osobowa\/","title":{"rendered":"Balia ogrodowa, akrylowa z hydromasa\u017cem 2-osobowa"},"content":{"rendered":"<p><strong>Szukasz relaksu i odpr\u0119\u017cenia w zaciszu w\u0142asnego ogrodu?<\/strong><\/p>\n<h4>Balia ogrodowa z hydromasa\u017cem akrylowa 2-osobowa to idealne rozwi\u0105zanie dla Ciebie!<\/h4>\n<p>Zanurz si\u0119 w ciep\u0142ej, b\u0105belkowej wodzie i poczuj, jak stres znika. To w\u0142a\u015bnie mo\u017ce zapewni\u0107 Ci balia ogrodowa \u2013 idealne rozwi\u0105zanie nawet dla niewielkich ogrod\u00f3w!<\/p>\n<h4>Dlaczego warto wybra\u0107 bali\u0119 ogrodow\u0105 z hydromasa\u017cem akrylow\u0105 2-osobowa?<\/h4>\n<ul>\n<li>Wykonana z wysokiej jako\u015bci akrylu, co zapewnia \u0142atwe czyszczenie i trwa\u0142o\u015b\u0107.<\/li>\n<li>System hydromasa\u017cu zapewnia relaksuj\u0105cy masa\u017c ca\u0142ego cia\u0142a.<\/li>\n<li>Idealnie nadaje si\u0119 do mniejszych ogrod\u00f3w i taras\u00f3w.<\/li>\n<\/ul>\n<h2>Specyfikacja techniczna balii ogrodowej z hydromasa\u017cem akrylowej 2-osobowej przy wyposa\u017ceniu standardowym:<\/h2>\n<p>\u2013 10 dysz wodno-powietrznych z regulacj\u0105 mocy 0,56 kW<br \/>\n\u2013 6 punkt\u00f3w \u015bwietlnych z mo\u017cliwo\u015bci\u0105 zmiany koloru oraz tryb automatyczny,<br \/>\n\u2013 sterowanie pneumatyczne ( najmniej awaryjne i odporne na warunki atmosferyczne oraz odporne na uszkodzenia )<br \/>\n\u2013 pokrywa termiczna wykonana ze sk\u00f3ry odpornej na warunki atmosferyczne, wype\u0142nienie to styrodur 10cm z wysokim wsp\u00f3\u0142czynnikiem izolacji cieplnej,<br \/>\n\u2013 wysokiej jako\u015bci wk\u0142ad z akrylu,<br \/>\n\u2013 obicie z termo drewna,<br \/>\n\u2013 zaw\u00f3r do spuszczania wody,<br \/>\n\u2013 schodki drewniane wykonane z termodrewna,<br \/>\n\u2013 grza\u0142ka elektryczna 3 kW.<\/p>\n<p><strong>Wymiary zewn\u0119trzna:<\/strong><br \/>\n189 cm x 120 cm<\/p>\n<p><strong>Wymiary wewn\u0119trzna:<\/strong><br \/>\n169 cm x 100 cm<\/p>\n<p><strong>Wysoko\u015b\u0107 zewn\u0119trzna:<\/strong><br \/>\n98 cm<\/p>\n<p><strong>Wysoko\u015b\u0107 wewn\u0119trzna:<\/strong><br \/>\n88 cm<\/p>\n<p><strong>Liczba os\u00f3b:<\/strong><br \/>\n2<\/p>\n<p><strong>Pojemno\u015b\u0107:<\/strong><br \/>\n600 l<\/p>\n<p><strong>Waga:<\/strong><br \/>\n100 \u2013 150 kg<\/p>\n<p><strong>Informacje dodatkowe:<\/strong><br \/>\n\u2013 na miejscu klient musi zorganizowa\u0107 roz\u0142adunek,<br \/>\n\u2013 balia ogrodowa z hydromasa\u017cem mo\u017ce by\u0107 dostarczona w wersji niemalowanej lub dwukrotnie pomalowanej zgodnie z wybran\u0105 konfiguracj\u0105 za dodatkow\u0105 op\u0142at\u0105, co oznacza, \u017ce po zakupie nie trzeba wykonywa\u0107 dodatkowych prac,<br \/>\n\u2013 przygotowanie pod\u0142o\u017ca pod produkt nale\u017cy do Zamawiaj\u0105cego, w celu uzyskania wi\u0119kszej ilo\u015bci informacji prosimy o kontakt.<\/p>\n\n    <div class=\"xs_social_share_widget xs_share_url after_content \t\tmain_content  wslu-style-1 wslu-share-box-shaped wslu-fill-colored wslu-none wslu-share-horizontal wslu-theme-font-no wslu-main_content\">\n\n\t\t\n        <ul>\n\t\t\t        <\/ul>\n    <\/div>","protected":false},"excerpt":{"rendered":"<div class=\"elementor-element elementor-element-2e394c9 elementor-widget elementor-widget-xts_title\" data-id=\"2e394c9\" data-element_type=\"widget\" data-widget_type=\"xts_title.default\">\n<div class=\"elementor-widget-container\">\n<div class=\"xts-section-heading xts-reset-mb-10 xts-reset-last xts-textalign-left\" data-animation-delay=\"\">\n<h4 class=\"xts-section-title title xts-design-default xts-fontsize-xs\"><span class=\"xts-section-title-text\" data-elementor-setting-key=\"title\">Profesjonalna obs\u0142uga klienta:<\/span><\/h4>\n<\/div>\n<\/div>\n<\/div>\n<div class=\"elementor-element elementor-element-4066510 elementor-icon-list--layout-traditional elementor-list-item-link-full_width elementor-widget elementor-widget-icon-list\" data-id=\"4066510\" data-element_type=\"widget\" data-widget_type=\"icon-list.default\">\n<div class=\"elementor-widget-container\">\n<ul class=\"elementor-icon-list-items\">\n<li class=\"elementor-icon-list-item\"><i class=\"fas fa-check\" aria-hidden=\"true\"><\/i><span class=\"elementor-icon-list-text\">Darmowa dostawa<\/span><\/li>\n<li class=\"elementor-icon-list-item\"><i class=\"fas fa-check\" aria-hidden=\"true\"><\/i><span class=\"elementor-icon-list-text\">Depozyt bez op\u0142at importowych i zwroty w ci\u0105gu 15 dni<\/span><\/li>\n<li class=\"elementor-icon-list-item\"><i class=\"fas fa-check\" aria-hidden=\"true\"><\/i><span class=\"elementor-icon-list-text\">Wysy\u0142ka\u00a0(3 DO 5 DNI)<\/span><\/li>\n<\/ul>\n<h5><strong><span class=\"xts-section-title-text\" data-elementor-setting-key=\"title\">Ochrona zakupu:\u00a0<\/span><\/strong><\/h5>\n<\/div>\n<\/div>\n<div class=\"elementor-element elementor-element-e8e4778 elementor-widget elementor-widget-xts_title\" data-id=\"e8e4778\" data-element_type=\"widget\" data-widget_type=\"xts_title.default\">\n<div class=\"elementor-widget-container\">\n<div class=\"xts-section-heading xts-reset-mb-10 xts-reset-last xts-textalign-left\" data-animation-delay=\"\">\n<div class=\"xts-after-add-to-cart\">\n<div class=\"elementor elementor-871\" data-elementor-type=\"wp-post\" data-elementor-id=\"871\">\n<section class=\"elementor-section elementor-top-section elementor-element elementor-element-f46d1d8 elementor-section-boxed elementor-section-height-default elementor-section-height-default xts-section-disabled\" data-id=\"f46d1d8\" data-element_type=\"section\">\n<div class=\"elementor-container elementor-column-gap-default\">\n<div class=\"elementor-column elementor-col-100 elementor-top-column elementor-element elementor-element-38daed2\" data-id=\"38daed2\" data-element_type=\"column\">\n<div class=\"elementor-widget-wrap elementor-element-populated\">\n<div class=\"elementor-element elementor-element-1a02a43 elementor-widget__width-auto elementor-widget elementor-widget-xts_image\" data-id=\"1a02a43\" data-element_type=\"widget\" data-widget_type=\"xts_image.default\">\n<div class=\"elementor-widget-container\">\n<div class=\"xts-image-single xts-textalign-left\">\n<figure class=\"xts-image\">\n<div class=\"xts-image-inner\"><img decoding=\"async\" class=\"attachment-full size-full wp-image-879\" src=\"https:\/\/drewnosprzedawca.pl\/wp-content\/uploads\/2020\/01\/vega-trust.jpg\" sizes=\"(max-width: 400px) 100vw, 400px\" srcset=\"https:\/\/drewnosprzedawca.pl\/wp-content\/uploads\/2020\/01\/vega-trust.jpg 400w, https:\/\/drewnosprzedawca.pl\/wp-content\/uploads\/2020\/01\/vega-trust-300x32.jpg 300w\" alt=\"\" width=\"400\" height=\"42\" \/><\/div>\n<\/figure>\n<\/div>\n<\/div>\n<\/div>\n<\/div>\n<\/div>\n<\/div>\n<\/section>\n<\/div>\n<\/div>\n<\/div>\n<\/div>\n<\/div>","protected":false},"featured_media":8575,"comment_status":"open","ping_status":"closed","template":"","meta":{"_uag_custom_page_level_css":""},"product_brand":[],"product_cat":[78],"product_tag":[],"class_list":{"0":"post-8565","1":"product","2":"type-product","3":"status-publish","4":"has-post-thumbnail","6":"product_cat-jacuzzi-ogrodowe","8":"first","9":"instock","10":"sale","11":"shipping-taxable","12":"purchasable","13":"product-type-simple"},"aioseo_notices":[],"uagb_featured_image_src":{"full":["https:\/\/drewnonasprzedaz.pl\/wp-content\/uploads\/2026\/01\/Balia-ogrodowa-akrylowa-z-hydromasazem-2-osobowa-2.jpg",1536,1013,false],"thumbnail":["https:\/\/drewnonasprzedaz.pl\/wp-content\/uploads\/2026\/01\/Balia-ogrodowa-akrylowa-z-hydromasazem-2-osobowa-2-150x150.jpg",150,150,true],"medium":["https:\/\/drewnonasprzedaz.pl\/wp-content\/uploads\/2026\/01\/Balia-ogrodowa-akrylowa-z-hydromasazem-2-osobowa-2-400x264.jpg",400,264,true],"medium_large":["https:\/\/drewnonasprzedaz.pl\/wp-content\/uploads\/2026\/01\/Balia-ogrodowa-akrylowa-z-hydromasazem-2-osobowa-2-768x507.jpg",768,507,true],"large":["https:\/\/drewnonasprzedaz.pl\/wp-content\/uploads\/2026\/01\/Balia-ogrodowa-akrylowa-z-hydromasazem-2-osobowa-2-1213x800.jpg",1213,800,true],"1536x1536":["https:\/\/drewnonasprzedaz.pl\/wp-content\/uploads\/2026\/01\/Balia-ogrodowa-akrylowa-z-hydromasazem-2-osobowa-2.jpg",1536,1013,false],"2048x2048":["https:\/\/drewnonasprzedaz.pl\/wp-content\/uploads\/2026\/01\/Balia-ogrodowa-akrylowa-z-hydromasazem-2-osobowa-2.jpg",1536,1013,false],"trp-custom-language-flag":["https:\/\/drewnonasprzedaz.pl\/wp-content\/uploads\/2026\/01\/Balia-ogrodowa-akrylowa-z-hydromasazem-2-osobowa-2.jpg",18,12,false],"woodmart_shop_catalog_x2":["https:\/\/drewnonasprzedaz.pl\/wp-content\/uploads\/2026\/01\/Balia-ogrodowa-akrylowa-z-hydromasazem-2-osobowa-2-860x567.jpg",860,567,true],"woocommerce_thumbnail":["https:\/\/drewnonasprzedaz.pl\/wp-content\/uploads\/2026\/01\/Balia-ogrodowa-akrylowa-z-hydromasazem-2-osobowa-2-430x284.jpg",430,284,true],"woocommerce_single":["https:\/\/drewnonasprzedaz.pl\/wp-content\/uploads\/2026\/01\/Balia-ogrodowa-akrylowa-z-hydromasazem-2-osobowa-2-700x462.jpg",700,462,true],"woocommerce_gallery_thumbnail":["https:\/\/drewnonasprzedaz.pl\/wp-content\/uploads\/2026\/01\/Balia-ogrodowa-akrylowa-z-hydromasazem-2-osobowa-2-150x99.jpg",150,99,true],"variation_swatches_image_size":["https:\/\/drewnonasprzedaz.pl\/wp-content\/uploads\/2026\/01\/Balia-ogrodowa-akrylowa-z-hydromasazem-2-osobowa-2-50x50.jpg",50,50,true],"variation_swatches_tooltip_size":["https:\/\/drewnonasprzedaz.pl\/wp-content\/uploads\/2026\/01\/Balia-ogrodowa-akrylowa-z-hydromasazem-2-osobowa-2-100x100.jpg",100,100,true],"yith-woocompare-image":["https:\/\/drewnonasprzedaz.pl\/wp-content\/uploads\/2026\/01\/Balia-ogrodowa-akrylowa-z-hydromasazem-2-osobowa-2-220x154.jpg",220,154,true]},"uagb_author_info":{"display_name":"danwinrodolpho@gmail.com","author_link":"https:\/\/drewnonasprzedaz.pl\/pl\/author\/"},"uagb_comment_info":0,"uagb_excerpt":"Profesjonalna obs\u0142uga klienta: Darmowa dostawa Depozyt bez op\u0142at importowych i zwroty w ci\u0105gu 15 dni Wysy\u0142ka\u00a0(3 DO 5 DNI) Ochrona zakupu:\u00a0","_links":{"self":[{"href":"https:\/\/drewnonasprzedaz.pl\/pl\/wp-json\/wp\/v2\/product\/8565","targetHints":{"allow":["GET"]}}],"collection":[{"href":"https:\/\/drewnonasprzedaz.pl\/pl\/wp-json\/wp\/v2\/product"}],"about":[{"href":"https:\/\/drewnonasprzedaz.pl\/pl\/wp-json\/wp\/v2\/types\/product"}],"replies":[{"embeddable":true,"href":"https:\/\/drewnonasprzedaz.pl\/pl\/wp-json\/wp\/v2\/comments?post=8565"}],"version-history":[{"count":1,"href":"https:\/\/drewnonasprzedaz.pl\/pl\/wp-json\/wp\/v2\/product\/8565\/revisions"}],"predecessor-version":[{"id":8577,"href":"https:\/\/drewnonasprzedaz.pl\/pl\/wp-json\/wp\/v2\/product\/8565\/revisions\/8577"}],"wp:featuredmedia":[{"embeddable":true,"href":"https:\/\/drewnonasprzedaz.pl\/pl\/wp-json\/wp\/v2\/media\/8575"}],"wp:attachment":[{"href":"https:\/\/drewnonasprzedaz.pl\/pl\/wp-json\/wp\/v2\/media?parent=8565"}],"wp:term":[{"taxonomy":"product_brand","embeddable":true,"href":"https:\/\/drewnonasprzedaz.pl\/pl\/wp-json\/wp\/v2\/product_brand?post=8565"},{"taxonomy":"product_cat","embeddable":true,"href":"https:\/\/drewnonasprzedaz.pl\/pl\/wp-json\/wp\/v2\/product_cat?post=8565"},{"taxonomy":"product_tag","embeddable":true,"href":"https:\/\/drewnonasprzedaz.pl\/pl\/wp-json\/wp\/v2\/product_tag?post=8565"}],"curies":[{"name":"wp","href":"https:\/\/api.w.org\/{rel}","templated":true}]}}