{"id":8568,"date":"2026-01-22T18:21:35","date_gmt":"2026-01-22T18:21:35","guid":{"rendered":"https:\/\/drewnonasprzedaz.pl\/?post_type=product&#038;p=8568"},"modified":"2026-01-22T18:21:35","modified_gmt":"2026-01-22T18:21:35","slug":"led-jacuzzi-z-hydromasazem-6-osobowe-akryl-ce-spa-zewnetrzne-wanna-spa-na-zewnatrz","status":"publish","type":"product","link":"https:\/\/drewnonasprzedaz.pl\/pl\/produkt\/led-jacuzzi-z-hydromasazem-6-osobowe-akryl-ce-spa-zewnetrzne-wanna-spa-na-zewnatrz\/","title":{"rendered":"LED Jacuzzi z Hydromasa\u017cem 6-osobowe \u2013 Akryl CE, Spa Zewn\u0119trzne, Wanna SPA na Zewn\u0105trz"},"content":{"rendered":"<h1>Jacuzzi SPA na zewn\u0105trz \u2014 6 os\u00f3b (1 le\u017canka &amp; 5 miejsc siedz\u0105cych)<\/h1>\n<p><span class=\"badge\">2000 \u00d7 2000 \u00d7 820 mm<\/span><\/p>\n<div class=\"media-wrap\"><a class=\"media-link\" href=\"https:\/\/quality-spa.eu\/data\/include\/cms\/\/jacuzzi_lovia.png\" target=\"_blank\" rel=\"noopener\"><img fetchpriority=\"high\" decoding=\"async\" class=\"media-center\" src=\"https:\/\/quality-spa.eu\/data\/include\/cms\/\/jacuzzi_lovia.png\" alt=\"Jacuzzi na zewn\u0105trz dla 6 os\u00f3b \u2014 karta produktu\" width=\"1000\" height=\"1000\" border=\"0\" \/><\/a><\/div>\n<p class=\"lead\">Rodzinne, kwadratowe spa wykonane z akrylu\u00a0<strong>US Aristech<\/strong>. Sterowane przez\u00a0<strong>Balboa BP200G2 + TP500S<\/strong>\u00a0(grza\u0142ka 3 kW), wykorzystuje cich\u0105 pomp\u0119 cyrkulacyjn\u0105\u00a0<strong>0,5 HP<\/strong>\u00a0oraz pomp\u0119 strumieniow\u0105\u00a0<strong>3 HP<\/strong>, aby nap\u0119dza\u0107 zr\u00f3wnowa\u017cony system hydroterapii z\u00a0<strong>35 dyszami<\/strong>.<\/p>\n<section>\n<h2>Najwa\u017cniejsze cechy<\/h2>\n<ul class=\"highlight-list\">\n<li><strong>35 dysz w sumie<\/strong>\u2014 po\u0142\u0105czenie dysz 4\u2033 \/ 3,5\u2033 \/ 2\u2033 \/ 1\u2033 do masa\u017cu plec\u00f3w, ramion i \u0142ydek.<\/li>\n<li><strong>Trwa\u0142y kabinet<\/strong>\u2014 drewniana rama no\u015bna, podstawa ABS i nowa os\u0142ona PS.<\/li>\n<li><strong>Utrzymywanie ciep\u0142a<\/strong>\u2014 2 cm izolacji skorupy pomaga d\u0142u\u017cej utrzyma\u0107 temperatur\u0119 wody.<\/li>\n<\/ul>\n<\/section>\n<div class=\"grid\"><\/div>\n<p class=\"foot\">\n\n    <div class=\"xs_social_share_widget xs_share_url after_content \t\tmain_content  wslu-style-1 wslu-share-box-shaped wslu-fill-colored wslu-none wslu-share-horizontal wslu-theme-font-no wslu-main_content\">\n\n\t\t\n        <ul>\n\t\t\t        <\/ul>\n    <\/div>","protected":false},"excerpt":{"rendered":"<div class=\"elementor-element elementor-element-2e394c9 elementor-widget elementor-widget-xts_title\" data-id=\"2e394c9\" data-element_type=\"widget\" data-widget_type=\"xts_title.default\">\n<div class=\"elementor-widget-container\">\n<div class=\"xts-section-heading xts-reset-mb-10 xts-reset-last xts-textalign-left\" data-animation-delay=\"\">\n<h4 class=\"xts-section-title title xts-design-default xts-fontsize-xs\"><span class=\"xts-section-title-text\" data-elementor-setting-key=\"title\">Profesjonalna obs\u0142uga klienta:<\/span><\/h4>\n<\/div>\n<\/div>\n<\/div>\n<div class=\"elementor-element elementor-element-4066510 elementor-icon-list--layout-traditional elementor-list-item-link-full_width elementor-widget elementor-widget-icon-list\" data-id=\"4066510\" data-element_type=\"widget\" data-widget_type=\"icon-list.default\">\n<div class=\"elementor-widget-container\">\n<ul class=\"elementor-icon-list-items\">\n<li class=\"elementor-icon-list-item\"><i class=\"fas fa-check\" aria-hidden=\"true\"><\/i><span class=\"elementor-icon-list-text\">Darmowa dostawa<\/span><\/li>\n<li class=\"elementor-icon-list-item\"><i class=\"fas fa-check\" aria-hidden=\"true\"><\/i><span class=\"elementor-icon-list-text\">Depozyt bez op\u0142at importowych i zwroty w ci\u0105gu 15 dni<\/span><\/li>\n<li class=\"elementor-icon-list-item\"><i class=\"fas fa-check\" aria-hidden=\"true\"><\/i><span class=\"elementor-icon-list-text\">Wysy\u0142ka\u00a0(3 DO 5 DNI)<\/span><\/li>\n<\/ul>\n<h5><strong><span class=\"xts-section-title-text\" data-elementor-setting-key=\"title\">Ochrona zakupu:\u00a0<\/span><\/strong><\/h5>\n<\/div>\n<\/div>\n<div class=\"elementor-element elementor-element-e8e4778 elementor-widget elementor-widget-xts_title\" data-id=\"e8e4778\" data-element_type=\"widget\" data-widget_type=\"xts_title.default\">\n<div class=\"elementor-widget-container\">\n<div class=\"xts-section-heading xts-reset-mb-10 xts-reset-last xts-textalign-left\" data-animation-delay=\"\">\n<div class=\"xts-after-add-to-cart\">\n<div class=\"elementor elementor-871\" data-elementor-type=\"wp-post\" data-elementor-id=\"871\">\n<section class=\"elementor-section elementor-top-section elementor-element elementor-element-f46d1d8 elementor-section-boxed elementor-section-height-default elementor-section-height-default xts-section-disabled\" data-id=\"f46d1d8\" data-element_type=\"section\">\n<div class=\"elementor-container elementor-column-gap-default\">\n<div class=\"elementor-column elementor-col-100 elementor-top-column elementor-element elementor-element-38daed2\" data-id=\"38daed2\" data-element_type=\"column\">\n<div class=\"elementor-widget-wrap elementor-element-populated\">\n<div class=\"elementor-element elementor-element-1a02a43 elementor-widget__width-auto elementor-widget elementor-widget-xts_image\" data-id=\"1a02a43\" data-element_type=\"widget\" data-widget_type=\"xts_image.default\">\n<div class=\"elementor-widget-container\">\n<div class=\"xts-image-single xts-textalign-left\">\n<figure class=\"xts-image\">\n<div class=\"xts-image-inner\"><img decoding=\"async\" class=\"attachment-full size-full wp-image-879\" src=\"https:\/\/drewnosprzedawca.pl\/wp-content\/uploads\/2020\/01\/vega-trust.jpg\" sizes=\"(max-width: 400px) 100vw, 400px\" srcset=\"https:\/\/drewnosprzedawca.pl\/wp-content\/uploads\/2020\/01\/vega-trust.jpg 400w, https:\/\/drewnosprzedawca.pl\/wp-content\/uploads\/2020\/01\/vega-trust-300x32.jpg 300w\" alt=\"\" width=\"400\" height=\"42\" \/><\/div>\n<\/figure>\n<\/div>\n<\/div>\n<\/div>\n<\/div>\n<\/div>\n<\/div>\n<\/section>\n<\/div>\n<\/div>\n<\/div>\n<\/div>\n<\/div>","protected":false},"featured_media":8591,"comment_status":"open","ping_status":"closed","template":"","meta":{"_uag_custom_page_level_css":""},"product_brand":[],"product_cat":[78],"product_tag":[],"class_list":{"0":"post-8568","1":"product","2":"type-product","3":"status-publish","4":"has-post-thumbnail","6":"product_cat-jacuzzi-ogrodowe","8":"first","9":"instock","10":"sale","11":"shipping-taxable","12":"purchasable","13":"product-type-simple"},"aioseo_notices":[],"uagb_featured_image_src":{"full":["https:\/\/drewnonasprzedaz.pl\/wp-content\/uploads\/2026\/01\/LED-Jacuzzi-z-Hydromasazem-6-osobowe-\u2013-Akryl-CE-Spa-Zewnetrzne-Wanna-SPA-na-Zewnatrz.png",450,450,false],"thumbnail":["https:\/\/drewnonasprzedaz.pl\/wp-content\/uploads\/2026\/01\/LED-Jacuzzi-z-Hydromasazem-6-osobowe-\u2013-Akryl-CE-Spa-Zewnetrzne-Wanna-SPA-na-Zewnatrz-150x150.png",150,150,true],"medium":["https:\/\/drewnonasprzedaz.pl\/wp-content\/uploads\/2026\/01\/LED-Jacuzzi-z-Hydromasazem-6-osobowe-\u2013-Akryl-CE-Spa-Zewnetrzne-Wanna-SPA-na-Zewnatrz-300x300.png",300,300,true],"medium_large":["https:\/\/drewnonasprzedaz.pl\/wp-content\/uploads\/2026\/01\/LED-Jacuzzi-z-Hydromasazem-6-osobowe-\u2013-Akryl-CE-Spa-Zewnetrzne-Wanna-SPA-na-Zewnatrz.png",450,450,false],"large":["https:\/\/drewnonasprzedaz.pl\/wp-content\/uploads\/2026\/01\/LED-Jacuzzi-z-Hydromasazem-6-osobowe-\u2013-Akryl-CE-Spa-Zewnetrzne-Wanna-SPA-na-Zewnatrz.png",450,450,false],"1536x1536":["https:\/\/drewnonasprzedaz.pl\/wp-content\/uploads\/2026\/01\/LED-Jacuzzi-z-Hydromasazem-6-osobowe-\u2013-Akryl-CE-Spa-Zewnetrzne-Wanna-SPA-na-Zewnatrz.png",450,450,false],"2048x2048":["https:\/\/drewnonasprzedaz.pl\/wp-content\/uploads\/2026\/01\/LED-Jacuzzi-z-Hydromasazem-6-osobowe-\u2013-Akryl-CE-Spa-Zewnetrzne-Wanna-SPA-na-Zewnatrz.png",450,450,false],"trp-custom-language-flag":["https:\/\/drewnonasprzedaz.pl\/wp-content\/uploads\/2026\/01\/LED-Jacuzzi-z-Hydromasazem-6-osobowe-\u2013-Akryl-CE-Spa-Zewnetrzne-Wanna-SPA-na-Zewnatrz.png",12,12,false],"woodmart_shop_catalog_x2":["https:\/\/drewnonasprzedaz.pl\/wp-content\/uploads\/2026\/01\/LED-Jacuzzi-z-Hydromasazem-6-osobowe-\u2013-Akryl-CE-Spa-Zewnetrzne-Wanna-SPA-na-Zewnatrz.png",450,450,false],"woocommerce_thumbnail":["https:\/\/drewnonasprzedaz.pl\/wp-content\/uploads\/2026\/01\/LED-Jacuzzi-z-Hydromasazem-6-osobowe-\u2013-Akryl-CE-Spa-Zewnetrzne-Wanna-SPA-na-Zewnatrz-430x430.png",430,430,true],"woocommerce_single":["https:\/\/drewnonasprzedaz.pl\/wp-content\/uploads\/2026\/01\/LED-Jacuzzi-z-Hydromasazem-6-osobowe-\u2013-Akryl-CE-Spa-Zewnetrzne-Wanna-SPA-na-Zewnatrz.png",450,450,false],"woocommerce_gallery_thumbnail":["https:\/\/drewnonasprzedaz.pl\/wp-content\/uploads\/2026\/01\/LED-Jacuzzi-z-Hydromasazem-6-osobowe-\u2013-Akryl-CE-Spa-Zewnetrzne-Wanna-SPA-na-Zewnatrz-150x150.png",150,150,true],"variation_swatches_image_size":["https:\/\/drewnonasprzedaz.pl\/wp-content\/uploads\/2026\/01\/LED-Jacuzzi-z-Hydromasazem-6-osobowe-\u2013-Akryl-CE-Spa-Zewnetrzne-Wanna-SPA-na-Zewnatrz-50x50.png",50,50,true],"variation_swatches_tooltip_size":["https:\/\/drewnonasprzedaz.pl\/wp-content\/uploads\/2026\/01\/LED-Jacuzzi-z-Hydromasazem-6-osobowe-\u2013-Akryl-CE-Spa-Zewnetrzne-Wanna-SPA-na-Zewnatrz-100x100.png",100,100,true],"yith-woocompare-image":["https:\/\/drewnonasprzedaz.pl\/wp-content\/uploads\/2026\/01\/LED-Jacuzzi-z-Hydromasazem-6-osobowe-\u2013-Akryl-CE-Spa-Zewnetrzne-Wanna-SPA-na-Zewnatrz-220x154.png",220,154,true]},"uagb_author_info":{"display_name":"danwinrodolpho@gmail.com","author_link":"https:\/\/drewnonasprzedaz.pl\/pl\/author\/"},"uagb_comment_info":0,"uagb_excerpt":"Profesjonalna obs\u0142uga klienta: Darmowa dostawa Depozyt bez op\u0142at importowych i zwroty w ci\u0105gu 15 dni Wysy\u0142ka\u00a0(3 DO 5 DNI) Ochrona zakupu:\u00a0","_links":{"self":[{"href":"https:\/\/drewnonasprzedaz.pl\/pl\/wp-json\/wp\/v2\/product\/8568","targetHints":{"allow":["GET"]}}],"collection":[{"href":"https:\/\/drewnonasprzedaz.pl\/pl\/wp-json\/wp\/v2\/product"}],"about":[{"href":"https:\/\/drewnonasprzedaz.pl\/pl\/wp-json\/wp\/v2\/types\/product"}],"replies":[{"embeddable":true,"href":"https:\/\/drewnonasprzedaz.pl\/pl\/wp-json\/wp\/v2\/comments?post=8568"}],"version-history":[{"count":1,"href":"https:\/\/drewnonasprzedaz.pl\/pl\/wp-json\/wp\/v2\/product\/8568\/revisions"}],"predecessor-version":[{"id":8594,"href":"https:\/\/drewnonasprzedaz.pl\/pl\/wp-json\/wp\/v2\/product\/8568\/revisions\/8594"}],"wp:featuredmedia":[{"embeddable":true,"href":"https:\/\/drewnonasprzedaz.pl\/pl\/wp-json\/wp\/v2\/media\/8591"}],"wp:attachment":[{"href":"https:\/\/drewnonasprzedaz.pl\/pl\/wp-json\/wp\/v2\/media?parent=8568"}],"wp:term":[{"taxonomy":"product_brand","embeddable":true,"href":"https:\/\/drewnonasprzedaz.pl\/pl\/wp-json\/wp\/v2\/product_brand?post=8568"},{"taxonomy":"product_cat","embeddable":true,"href":"https:\/\/drewnonasprzedaz.pl\/pl\/wp-json\/wp\/v2\/product_cat?post=8568"},{"taxonomy":"product_tag","embeddable":true,"href":"https:\/\/drewnonasprzedaz.pl\/pl\/wp-json\/wp\/v2\/product_tag?post=8568"}],"curies":[{"name":"wp","href":"https:\/\/api.w.org\/{rel}","templated":true}]}}