{"id":8578,"date":"2026-01-22T17:51:46","date_gmt":"2026-01-22T17:51:46","guid":{"rendered":"https:\/\/drewnonasprzedaz.pl\/?post_type=product&#038;p=8578"},"modified":"2026-01-22T17:51:46","modified_gmt":"2026-01-22T17:51:46","slug":"dmuchane-spa-ogrodowe-mspa-mono-eco-wifi-6-osobowe","status":"publish","type":"product","link":"https:\/\/drewnonasprzedaz.pl\/pl\/produkt\/dmuchane-spa-ogrodowe-mspa-mono-eco-wifi-6-osobowe\/","title":{"rendered":"Dmuchane spa ogrodowe MSpa MONO ECO WIFI 6-osobowe"},"content":{"rendered":"<h1>Dmuchane spa ogrodowe MSpa MONO ECO WiFi 6-osobowe<\/h1>\n<p><img decoding=\"async\" src=\"https:\/\/4fizjo.pl\/hpeciai\/24a0b9998c66e443130925a28f38d611\/838_4.webp?55523\" alt=\"jacuzzi mspa mono\" width=\"700\" border=\"0\" \/><\/p>\n<h2 class=\"ql-align-justify\">Ogrodowe spa\u00a0MONO dla 6 os\u00f3b \u2013 zasi\u0119gnij luksusu w swoim domu<\/h2>\n<p class=\"ql-align-justify\">Marzysz o chwili wytchnienia po d\u0142ugim dniu? A mo\u017ce o wsp\u00f3lnych wieczorach pod go\u0142ym niebem? W takim razie mamy co\u015b dla Ciebie!\u00a0<strong>MSpa MONO 6-osobowe<\/strong>\u00a0to idealne ogrodowe spa\u00a0dla ka\u017cdego, kto ceni nie tylko jako\u015b\u0107, ale te\u017c i estetyk\u0119. Niebanalny nadruk \u0142\u0105czy w sobie elegancj\u0119, a\u00a0<strong>grubo\u015b\u0107 i kszta\u0142t dmuchanej wanny nawi\u0105zuje do tradycyjnych ciep\u0142ych k\u0105pieli za\u017cywanych w beczkach<\/strong>. MSpa MONO \u0142\u0105czy estetyczny wygl\u0105d z funkcjonalno\u015bci\u0105, zapewniaj\u0105c niezapomniane chwile podczas odpr\u0119\u017caj\u0105cych k\u0105pieli.<\/p>\n<h2 class=\"ql-align-justify\"><img decoding=\"async\" src=\"https:\/\/4fizjo.pl\/hpeciai\/ba531d5e5c31657e2e2e383def2b056c\/838_10.webp?35540\" alt=\"jacuzzi 6osobwe z wifi do domu\" width=\"700\" border=\"0\" \/><\/h2>\n<h2 class=\"ql-align-justify\">MSpa MONO \u2013 luksus w Twoim ogrodzie<\/h2>\n<p class=\"ql-align-justify\">Chcesz zmieni\u0107 sw\u00f3j ogr\u00f3d w prywatne spa? Zapoznaj si\u0119 z cechami\u00a0<strong>6-osobowego spa dmuchanego MONO<\/strong>, aby mie\u0107 pewno\u015b\u0107, \u017ce spe\u0142nia twoje oczekiwania.<\/p>\n<h3 class=\"ql-align-justify\">Parametry:<\/h3>\n<p class=\"ql-align-justify\"><strong>\u2714\ufe0f Marka:<\/strong>\u00a0MSpa<\/p>\n<p class=\"ql-align-justify\"><strong>\u2714\ufe0f Kszta\u0142t<\/strong>: okr\u0105g\u0142y<\/p>\n<p class=\"ql-align-justify\"><strong>\u2714\ufe0f Miejsca siedz\u0105ce<\/strong>: 6<\/p>\n<p class=\"ql-align-justify\"><strong>\u2714\ufe0f Kolor<\/strong>: br\u0105zowo-czarny<\/p>\n<p class=\"ql-align-justify\"><strong>\u2714\ufe0f<\/strong>\u00a0<strong>Materia\u0142 zewn\u0119trzny<\/strong>: DWF<\/p>\n<p class=\"ql-align-justify\"><strong>\u2714\ufe0f \u015arednica wewn\u0119trzna<\/strong>: 163 cm<\/p>\n<p class=\"ql-align-justify\"><strong>\u2714\ufe0f \u015arednica zewn\u0119trzna<\/strong>:\u00a0173 cm<\/p>\n<p class=\"ql-align-justify\"><strong>\u2714\ufe0f Wysoko\u015b\u0107<\/strong>:\u00a065 cm<\/p>\n<p class=\"ql-align-justify\"><strong>\u2714\ufe0f Pojemno\u015b\u0107<\/strong>: 930 litr\u00f3w<\/p>\n<p class=\"ql-align-justify\"><strong>\u2714\ufe0f Liczba dysz powietrznych<\/strong>: 138<\/p>\n<p class=\"ql-align-justify\"><strong>\u2714\ufe0f Waga netto<\/strong>: ok. 37 kg<\/p>\n<p class=\"ql-align-justify\"><img decoding=\"async\" src=\"https:\/\/4fizjo.pl\/data\/include\/cms\/.product\/8\/3\/838\/21854217959712598215_7.webp\" alt=\"jacuzzi smartfon wifi\" width=\"700\" border=\"0\" \/><\/p>\n<h2 class=\"ql-align-justify\">Dodatkowe funkcje basenu z hydromasa\u017cem<\/h2>\n<p class=\"ql-align-justify\"><strong>Basen spa dmuchany MONO dla 6 os\u00f3b\u00a0<\/strong>oferuje liczne udogodnienia, kt\u00f3re podnosz\u0105 komfort u\u017cytkowania i zapewniaj\u0105 maksymaln\u0105 funkcjonalno\u015b\u0107.<\/p>\n<p class=\"ql-align-justify\"><strong>\u2714\ufe0f Szybko\u015b\u0107 zwi\u0119kszania temperatury<\/strong>: 1,5-2,0\u00b0C\/h<\/p>\n<p class=\"ql-align-justify\"><strong>\u2714\ufe0f System sterowania<\/strong>: 220-240 V \/ 50 Hz<\/p>\n<p class=\"ql-align-justify\"><strong>\u2714\ufe0f Nagrzewnica<\/strong>: 2200 W<\/p>\n<p class=\"ql-align-justify\"><strong>\u2714\ufe0f Dmuchawa powietrzna do masa\u017cu<\/strong>: 720 W<\/p>\n<p class=\"ql-align-justify\">\u2714\ufe0f\u00a0<strong>Masa\u017c powietrzno-b\u0105belkowy z regulacj\u0105 mocy:\u00a0<\/strong>3 poziomy (300 W, 500 W, 720 W)<\/p>\n<p class=\"ql-align-justify\"><strong>\u2714\ufe0f Pompa filtruj\u0105ca<\/strong>: 1800 l\/h<\/p>\n<p class=\"ql-align-justify\">\u2714\ufe0f Dezynfekcja \u015bwiat\u0142em UVC<\/p>\n<p class=\"ql-align-justify\">\u2714\ufe0f Timer oszcz\u0119dzania energii<\/p>\n<p class=\"ql-align-justify\">\u2714\ufe0f WiFi<\/p>\n<p class=\"ql-align-justify\">\u2714\ufe0f Inteligentna filtracja<\/p>\n<p class=\"ql-align-justify\">\u2714\ufe0f Zabezpieczenie przed dzie\u0107mi z funkcj\u0105 blokady<\/p>\n<h2 class=\"ql-align-justify\"><img decoding=\"async\" src=\"https:\/\/4fizjo.pl\/data\/include\/cms\/.product\/8\/3\/838\/21854217959712598215_1.webp\" alt=\"jacuzzi generator ozonu\" width=\"700\" border=\"0\" \/><\/h2>\n<h2 class=\"ql-align-justify\"><strong>Ulepszony panel i sterowanie z poziomu aplikacji WiFi<\/strong><\/h2>\n<p class=\"ql-align-justify\">MSpa MONO zosta\u0142o wyposa\u017cone w\u00a0<strong>nowoczesny sterownik \u201ewszystko w jednym\u201d<\/strong>, kt\u00f3ry zapewnia jeszcze wi\u0119ksz\u0105 wygod\u0119 podczas obs\u0142ugi.\u00a0<strong>Powi\u0119kszony ekran i lekko pochylony k\u0105t wy\u015bwietlacza\u00a0<\/strong>u\u0142atwiaj\u0105 korzystanie z panelu, a tak\u017ce umo\u017cliwiaj\u0105 \u0142atwe sterowanie funkcjami spa podczas siedzenia w wannie.\u00a0<strong>Obudowa skrzynki kontrolnej jest idealnie zintegrowana z panelem wy\u015bwietlacza<\/strong>, co eliminuje ryzyko przedostawania si\u0119 wody i wilgoci. Dodatkowo ciemnoszary kolor ekranu sprawia, \u017ce wszystkie warto\u015bci i ustawienia s\u0105 doskonale widoczne, nawet w pe\u0142nym s\u0142o\u0144cu.<\/p>\n<p class=\"ql-align-justify\"><strong>Aplikacja mobilna MSpa Link<\/strong>\u00a0pozwala zmienia\u0107 ustawienia z poziomu smartfona, oferuje intuicyjny interfejs i powiadomienia, kt\u00f3re u\u0142atwiaj\u0105 kontrol\u0119 nad prac\u0105 urz\u0105dzenia.<\/p>\n<p class=\"ql-align-justify\"><img decoding=\"async\" src=\"https:\/\/4fizjo.pl\/hpeciai\/a6496b26e8422b543352d6e1465e7c14\/838_9.webp?70119\" alt=\"jacuzzi sterownik\" width=\"700\" border=\"0\" \/><\/p>\n<h2 class=\"ql-align-justify\">System przeciwoblodzeniowy \u2013 ciesz si\u0119 k\u0105piel\u0105 niezale\u017cnie od pogody<\/h2>\n<p class=\"ql-align-justify\"><strong>W 6-osobowym spa MONO\u00a0<\/strong>zastosowano\u00a0<strong>technologi\u0119 PTC<\/strong>\u00a0(dodatni wsp\u00f3\u0142czynnik temperaturowy), kt\u00f3ra zapewnia\u00a0<strong>szybkie nagrzewanie wody\u00a0<\/strong>i wy\u017csz\u0105 wydajno\u015b\u0107 ciepln\u0105. PTC gwarantuje\u00a0<strong>oszcz\u0119dno\u015b\u0107 energii, niskie koszty eksploatacji<\/strong>, a tak\u017ce\u00a0<strong>d\u0142u\u017csz\u0105 \u017cywotno\u015b\u0107 spa ogrodowego<\/strong>.<\/p>\n<p class=\"ql-align-justify\">Dodatkowo MSpa MONO wyposa\u017cono w\u00a0<strong>funkcj\u0119 przeciwoblodzeniow\u0105<\/strong>\u00a0\u2013 system, kt\u00f3ry\u00a0<strong>automatycznie w\u0142\u0105cza grza\u0142k\u0119, gdy temperatura spadnie poni\u017cej 4\u00b0C<\/strong>, zabezpieczaj\u0105c wod\u0119, pomp\u0119 i rury przed zamarzni\u0119ciem. Dzi\u0119ki temu mo\u017cesz korzysta\u0107 z ogrodowego spa\u00a0o ka\u017cdej porze roku, niezale\u017cnie od warunk\u00f3w pogodowych.<\/p>\n<p class=\"ql-align-justify\"><img decoding=\"async\" src=\"https:\/\/4fizjo.pl\/hpeciai\/7ff4f6b59ca2aafabca30faa91343bcf\/838_6.webp?64551\" alt=\"pompowane podgrzewane jacuzzi do relaksu\" width=\"700\" border=\"0\" \/><\/p>\n<h2 class=\"ql-align-justify\">Inteligentna filtracja w ogrodowym spa MONO<\/h2>\n<p class=\"ql-align-justify\"><strong>Wanna ogrodowa MSpa MONO\u00a0<\/strong>zosta\u0142a wyposa\u017cona w\u00a0<strong>zaawansowany system inteligentnej filtracji<\/strong>, kt\u00f3ry automatycznie oczyszcza wod\u0119. Wk\u0142ad filtracyjny o powierzchni 0,3 m\u00b2, sk\u0142adaj\u0105cy si\u0119 z 90 plis, jest jednym z najbardziej wydajnych system\u00f3w na rynku.\u00a0<strong>W trybie czuwania filtracja w\u0142\u0105cza si\u0119 automatycznie na 60 minut co 4 godziny<\/strong>. Gwarantuje to czysto\u015b\u0107 wody nawet wtedy, gdy wanna z hydromasa\u017cem nie jest u\u017cywana.\u00a0<strong>Sterownik spa przypomina o konieczno\u015bci wymiany filtra po 150 godzinach pracy<\/strong>.<\/p>\n<p class=\"ql-align-justify\"><img decoding=\"async\" src=\"https:\/\/4fizjo.pl\/hpeciai\/d3e818ae1a53a0a8e505cd8fe2fd861b\/838_13.webp?73836\" alt=\"pompowane podgrzewane jacuzzi do relaksu\" width=\"700\" border=\"0\" \/><\/p>\n<h2 class=\"ql-align-justify\">M<\/h2>\n\n    <div class=\"xs_social_share_widget xs_share_url after_content \t\tmain_content  wslu-style-1 wslu-share-box-shaped wslu-fill-colored wslu-none wslu-share-horizontal wslu-theme-font-no wslu-main_content\">\n\n\t\t\n        <ul>\n\t\t\t        <\/ul>\n    <\/div>","protected":false},"excerpt":{"rendered":"<div class=\"elementor-element elementor-element-2e394c9 elementor-widget elementor-widget-xts_title\" data-id=\"2e394c9\" data-element_type=\"widget\" data-widget_type=\"xts_title.default\">\n<div class=\"elementor-widget-container\">\n<div class=\"xts-section-heading xts-reset-mb-10 xts-reset-last xts-textalign-left\" data-animation-delay=\"\">\n<h4 class=\"xts-section-title title xts-design-default xts-fontsize-xs\"><span class=\"xts-section-title-text\" data-elementor-setting-key=\"title\">Profesjonalna obs\u0142uga klienta:<\/span><\/h4>\n<\/div>\n<\/div>\n<\/div>\n<div class=\"elementor-element elementor-element-4066510 elementor-icon-list--layout-traditional elementor-list-item-link-full_width elementor-widget elementor-widget-icon-list\" data-id=\"4066510\" data-element_type=\"widget\" data-widget_type=\"icon-list.default\">\n<div class=\"elementor-widget-container\">\n<ul class=\"elementor-icon-list-items\">\n<li class=\"elementor-icon-list-item\"><i class=\"fas fa-check\" aria-hidden=\"true\"><\/i><span class=\"elementor-icon-list-text\">Darmowa dostawa<\/span><\/li>\n<li class=\"elementor-icon-list-item\"><i class=\"fas fa-check\" aria-hidden=\"true\"><\/i><span class=\"elementor-icon-list-text\">Depozyt bez op\u0142at importowych i zwroty w ci\u0105gu 15 dni<\/span><\/li>\n<li class=\"elementor-icon-list-item\"><i class=\"fas fa-check\" aria-hidden=\"true\"><\/i><span class=\"elementor-icon-list-text\">Wysy\u0142ka\u00a0(3 DO 5 DNI)<\/span><\/li>\n<\/ul>\n<h5><strong><span class=\"xts-section-title-text\" data-elementor-setting-key=\"title\">Ochrona zakupu:\u00a0<\/span><\/strong><\/h5>\n<\/div>\n<\/div>\n<div class=\"elementor-element elementor-element-e8e4778 elementor-widget elementor-widget-xts_title\" data-id=\"e8e4778\" data-element_type=\"widget\" data-widget_type=\"xts_title.default\">\n<div class=\"elementor-widget-container\">\n<div class=\"xts-section-heading xts-reset-mb-10 xts-reset-last xts-textalign-left\" data-animation-delay=\"\">\n<div class=\"xts-after-add-to-cart\">\n<div class=\"elementor elementor-871\" data-elementor-type=\"wp-post\" data-elementor-id=\"871\">\n<section class=\"elementor-section elementor-top-section elementor-element elementor-element-f46d1d8 elementor-section-boxed elementor-section-height-default elementor-section-height-default xts-section-disabled\" data-id=\"f46d1d8\" data-element_type=\"section\">\n<div class=\"elementor-container elementor-column-gap-default\">\n<div class=\"elementor-column elementor-col-100 elementor-top-column elementor-element elementor-element-38daed2\" data-id=\"38daed2\" data-element_type=\"column\">\n<div class=\"elementor-widget-wrap elementor-element-populated\">\n<div class=\"elementor-element elementor-element-1a02a43 elementor-widget__width-auto elementor-widget elementor-widget-xts_image\" data-id=\"1a02a43\" data-element_type=\"widget\" data-widget_type=\"xts_image.default\">\n<div class=\"elementor-widget-container\">\n<div class=\"xts-image-single xts-textalign-left\">\n<figure class=\"xts-image\">\n<div class=\"xts-image-inner\"><img decoding=\"async\" class=\"attachment-full size-full wp-image-879\" src=\"https:\/\/drewnosprzedawca.pl\/wp-content\/uploads\/2020\/01\/vega-trust.jpg\" sizes=\"(max-width: 400px) 100vw, 400px\" srcset=\"https:\/\/drewnosprzedawca.pl\/wp-content\/uploads\/2020\/01\/vega-trust.jpg 400w, https:\/\/drewnosprzedawca.pl\/wp-content\/uploads\/2020\/01\/vega-trust-300x32.jpg 300w\" alt=\"\" width=\"400\" height=\"42\" \/><\/div>\n<\/figure>\n<\/div>\n<\/div>\n<\/div>\n<\/div>\n<\/div>\n<\/div>\n<\/section>\n<\/div>\n<\/div>\n<\/div>\n<\/div>\n<\/div>","protected":false},"featured_media":8581,"comment_status":"open","ping_status":"closed","template":"","meta":{"_uag_custom_page_level_css":""},"product_brand":[],"product_cat":[78],"product_tag":[],"class_list":{"0":"post-8578","1":"product","2":"type-product","3":"status-publish","4":"has-post-thumbnail","6":"product_cat-jacuzzi-ogrodowe","8":"first","9":"instock","10":"sale","11":"shipping-taxable","12":"purchasable","13":"product-type-simple"},"aioseo_notices":[],"uagb_featured_image_src":{"full":["https:\/\/drewnonasprzedaz.pl\/wp-content\/uploads\/2026\/01\/Dmuchane-spa-ogrodowe-MSpa-MONO-ECO-WIFI-6-osobowe-2.webp",431,470,false],"thumbnail":["https:\/\/drewnonasprzedaz.pl\/wp-content\/uploads\/2026\/01\/Dmuchane-spa-ogrodowe-MSpa-MONO-ECO-WIFI-6-osobowe-2-150x150.webp",150,150,true],"medium":["https:\/\/drewnonasprzedaz.pl\/wp-content\/uploads\/2026\/01\/Dmuchane-spa-ogrodowe-MSpa-MONO-ECO-WIFI-6-osobowe-2-275x300.webp",275,300,true],"medium_large":["https:\/\/drewnonasprzedaz.pl\/wp-content\/uploads\/2026\/01\/Dmuchane-spa-ogrodowe-MSpa-MONO-ECO-WIFI-6-osobowe-2.webp",431,470,false],"large":["https:\/\/drewnonasprzedaz.pl\/wp-content\/uploads\/2026\/01\/Dmuchane-spa-ogrodowe-MSpa-MONO-ECO-WIFI-6-osobowe-2.webp",431,470,false],"1536x1536":["https:\/\/drewnonasprzedaz.pl\/wp-content\/uploads\/2026\/01\/Dmuchane-spa-ogrodowe-MSpa-MONO-ECO-WIFI-6-osobowe-2.webp",431,470,false],"2048x2048":["https:\/\/drewnonasprzedaz.pl\/wp-content\/uploads\/2026\/01\/Dmuchane-spa-ogrodowe-MSpa-MONO-ECO-WIFI-6-osobowe-2.webp",431,470,false],"trp-custom-language-flag":["https:\/\/drewnonasprzedaz.pl\/wp-content\/uploads\/2026\/01\/Dmuchane-spa-ogrodowe-MSpa-MONO-ECO-WIFI-6-osobowe-2.webp",11,12,false],"woodmart_shop_catalog_x2":["https:\/\/drewnonasprzedaz.pl\/wp-content\/uploads\/2026\/01\/Dmuchane-spa-ogrodowe-MSpa-MONO-ECO-WIFI-6-osobowe-2.webp",431,470,false],"woocommerce_thumbnail":["https:\/\/drewnonasprzedaz.pl\/wp-content\/uploads\/2026\/01\/Dmuchane-spa-ogrodowe-MSpa-MONO-ECO-WIFI-6-osobowe-2.webp",430,469,false],"woocommerce_single":["https:\/\/drewnonasprzedaz.pl\/wp-content\/uploads\/2026\/01\/Dmuchane-spa-ogrodowe-MSpa-MONO-ECO-WIFI-6-osobowe-2.webp",431,470,false],"woocommerce_gallery_thumbnail":["https:\/\/drewnonasprzedaz.pl\/wp-content\/uploads\/2026\/01\/Dmuchane-spa-ogrodowe-MSpa-MONO-ECO-WIFI-6-osobowe-2-150x164.webp",150,164,true],"variation_swatches_image_size":["https:\/\/drewnonasprzedaz.pl\/wp-content\/uploads\/2026\/01\/Dmuchane-spa-ogrodowe-MSpa-MONO-ECO-WIFI-6-osobowe-2-50x50.webp",50,50,true],"variation_swatches_tooltip_size":["https:\/\/drewnonasprzedaz.pl\/wp-content\/uploads\/2026\/01\/Dmuchane-spa-ogrodowe-MSpa-MONO-ECO-WIFI-6-osobowe-2-100x100.webp",100,100,true],"yith-woocompare-image":["https:\/\/drewnonasprzedaz.pl\/wp-content\/uploads\/2026\/01\/Dmuchane-spa-ogrodowe-MSpa-MONO-ECO-WIFI-6-osobowe-2-220x154.webp",220,154,true]},"uagb_author_info":{"display_name":"danwinrodolpho@gmail.com","author_link":"https:\/\/drewnonasprzedaz.pl\/pl\/author\/"},"uagb_comment_info":0,"uagb_excerpt":"Profesjonalna obs\u0142uga klienta: Darmowa dostawa Depozyt bez op\u0142at importowych i zwroty w ci\u0105gu 15 dni Wysy\u0142ka\u00a0(3 DO 5 DNI) Ochrona zakupu:\u00a0","_links":{"self":[{"href":"https:\/\/drewnonasprzedaz.pl\/pl\/wp-json\/wp\/v2\/product\/8578","targetHints":{"allow":["GET"]}}],"collection":[{"href":"https:\/\/drewnonasprzedaz.pl\/pl\/wp-json\/wp\/v2\/product"}],"about":[{"href":"https:\/\/drewnonasprzedaz.pl\/pl\/wp-json\/wp\/v2\/types\/product"}],"replies":[{"embeddable":true,"href":"https:\/\/drewnonasprzedaz.pl\/pl\/wp-json\/wp\/v2\/comments?post=8578"}],"version-history":[{"count":1,"href":"https:\/\/drewnonasprzedaz.pl\/pl\/wp-json\/wp\/v2\/product\/8578\/revisions"}],"predecessor-version":[{"id":8585,"href":"https:\/\/drewnonasprzedaz.pl\/pl\/wp-json\/wp\/v2\/product\/8578\/revisions\/8585"}],"wp:featuredmedia":[{"embeddable":true,"href":"https:\/\/drewnonasprzedaz.pl\/pl\/wp-json\/wp\/v2\/media\/8581"}],"wp:attachment":[{"href":"https:\/\/drewnonasprzedaz.pl\/pl\/wp-json\/wp\/v2\/media?parent=8578"}],"wp:term":[{"taxonomy":"product_brand","embeddable":true,"href":"https:\/\/drewnonasprzedaz.pl\/pl\/wp-json\/wp\/v2\/product_brand?post=8578"},{"taxonomy":"product_cat","embeddable":true,"href":"https:\/\/drewnonasprzedaz.pl\/pl\/wp-json\/wp\/v2\/product_cat?post=8578"},{"taxonomy":"product_tag","embeddable":true,"href":"https:\/\/drewnonasprzedaz.pl\/pl\/wp-json\/wp\/v2\/product_tag?post=8578"}],"curies":[{"name":"wp","href":"https:\/\/api.w.org\/{rel}","templated":true}]}}